{"id":255697,"date":"2022-09-10T00:01:03","date_gmt":"2022-09-09T22:01:03","guid":{"rendered":"https:\/\/maetpets.com\/product\/grisoeron-foer-hundar\/"},"modified":"2024-08-25T03:47:11","modified_gmt":"2024-08-25T01:47:11","slug":"grisoeron-foer-hundar","status":"publish","type":"product","link":"https:\/\/maetpets.com\/sv\/produkt\/grisoeron-foer-hundar\/","title":{"rendered":"Fl\u00e4sk\u00f6ron (5 st)"},"content":{"rendered":"<div class=\"wpb-content-wrapper\"><p>[vc_row][vc_column][vc_column_text]<\/p>\n<h2>M\u00c6T Gris\u00f6ron f\u00f6r hundar<\/h2>\n<ul>\n<li><strong>00% Naturligt:<\/strong> V\u00e5ra gris\u00f6ron \u00e4r tillverkade utan tillsatser eller konserveringsmedel, vilket ger din hund en ren och naturlig tuggupplevelse.<\/li>\n<li><strong>Delikat och v\u00e4lsmakande:<\/strong> Pig Ears erbjuder en delikat smakupplevelse som \u00e4ven den mest kr\u00e4sna hund kommer att gilla.<\/li>\n<li><strong>Tandreng\u00f6ring:<\/strong> Tuggprocessen hj\u00e4lper till att reducera plack och tandsten, vilket fr\u00e4mjar god munh\u00e4lsa och frisk andedr\u00e4kt.<\/li>\n<li><strong>Kvalitetss\u00e4krad:<\/strong> V\u00e5ra produkter genomg\u00e5r strikta kvalitetskontroller f\u00f6r att s\u00e4kerst\u00e4lla att du bara ger din hund det b\u00e4sta.<\/li>\n<\/ul>\n<p>Gris\u00f6ron kan vara ett bra alternativ f\u00f6r hund\u00e4gare som vill ha ett h\u00e4lsosamt och l\u00e5ngvarigt tuggbart mellanm\u00e5l till sina b\u00e4sta v\u00e4nner. Gris\u00f6ron passar dock inte alla hundar, s\u00e5 det \u00e4r viktigt att t\u00e4nka p\u00e5 alla faktorer innan du ger din hund ett gris\u00f6ra att tugga p\u00e5.<\/p>\n<h2>F\u00f6rdelarna med att utfodra gris\u00f6ron<\/h2>\n<p>Gris\u00f6ron \u00e4r en godisbit med en enda ingrediens, vilket inneb\u00e4r att de \u00e4r idealiska f\u00f6r hundar med dietrestriktioner eller f\u00f6do\u00e4mnes\u00f6verk\u00e4nslighet. Det \u00e4r l\u00e4tt att veta exakt vad du ger din \u00e4lskade f\u00f6ljeslagare n\u00e4r det bara finns en ingrediens att oroa sig f\u00f6r.<\/p>\n<p>Om du k\u00f6per gris\u00f6ron av h\u00f6g kvalitet fr\u00e5n en v\u00e4lrenommerad k\u00e4lla kan du vara s\u00e4ker p\u00e5 att de \u00e4r fria fr\u00e5n kemikalier och tillsatser som kan orsaka matsm\u00e4ltningsst\u00f6rningar.<\/p>\n<p>&nbsp;<\/p>\n<h3>N\u00e4ringsm\u00e4ssiga f\u00f6rdelar<\/h3>\n<p>Gris\u00f6ron \u00e4r gjorda av brosk, vilket inneb\u00e4r att de \u00e4r mjukare och passar de flesta hundar. Oavsett om du har en valp, en \u00e4ldre hund eller en hund med tandproblem \u00e4r gris\u00f6ron l\u00e5ngvariga men l\u00e4tta att tugga.<\/p>\n<p>Gris\u00f6ron \u00e4r ocks\u00e5 en utm\u00e4rkt k\u00e4lla till glukosamin och kondroitin, som kan hj\u00e4lpa till att lindra sm\u00e4rtsamma ledbesv\u00e4r som artros. Dessa ingredienser bidrar ocks\u00e5 till friska t\u00e4nder, tandk\u00f6tt och hud.<\/p>\n<p>Det h\u00f6ga proteininneh\u00e5llet i gris\u00f6ron, cirka 69 %, hj\u00e4lper din hund att utveckla starka muskler och en frisk p\u00e4ls och hud. De \u00e4r ocks\u00e5 en bra k\u00e4lla till essentiella aminosyror.<\/p>\n<p>&nbsp;<\/p>\n<h3>Beteendef\u00f6rdelar<\/h3>\n<p>Att tugga p\u00e5 en produkt som gris\u00f6ra ger din hund m\u00e5nga f\u00f6rdelar. Beroende p\u00e5 din hunds storlek och f\u00f6rm\u00e5ga att tugga kan ett gris\u00f6ra vara fr\u00e5n n\u00e5gra minuter till flera timmar.<\/p>\n<p>Vissa f\u00f6retag s\u00e4ljer ocks\u00e5 gris\u00f6ron som har skurits i mindre bitar eller skivor f\u00f6r att passa s\u00e4rskilt sm\u00e5 hundar, \u00e4ldre hundar, valpar eller andra hundar med begr\u00e4nsad tuggf\u00f6rm\u00e5ga.<\/p>\n<p>Att tugga \u00e4r inte bara ett bra s\u00e4tt att h\u00e5lla din hund borta fr\u00e5n problem, utan ocks\u00e5 mentalt stimulerande. Mental stimulering \u00e4r nyckeln till att f\u00f6rhindra att tr\u00e5kighet skapar d\u00e5liga vanor, s\u00e4rskilt n\u00e4r den kombineras med l\u00e4mplig fysisk tr\u00e4ning.<\/p>\n<p>Mental stimulering \u00e4r s\u00e4rskilt viktigt f\u00f6r hundar med begr\u00e4nsad r\u00f6rlighet, t.ex. unga valpar, \u00e4ldre hundar och hundar med fysiska begr\u00e4nsningar. Deras kroppar kanske inte klarar av anstr\u00e4ngande fysiska aktiviteter, men genom att tugga kan de h\u00e5lla sinne och kropp sysselsatta utan obehag.<\/p>\n<p>&nbsp;<\/p>\n<h3>H\u00e4lsof\u00f6rdelar<\/h3>\n<p>F\u00f6rutom att det \u00e4r sk\u00f6nt att tugga kan gris\u00f6ron hj\u00e4lpa till att skrapa bort plack och tandsten. Tillsammans med regelbunden tandv\u00e5rd kan gris\u00f6ron hj\u00e4lpa till att h\u00e5lla hundens t\u00e4nder rena och f\u00f6rebygga tandsjukdomar.<\/p>\n<p>Slutligen \u00e4r gris\u00f6ron ocks\u00e5 relativt billigt j\u00e4mf\u00f6rt med andra h\u00f6gkvalitativa tuggben, t.ex. v\u00e4lling eller ko\u00f6ron, s\u00e4rskilt om du kan k\u00f6pa dem i stora m\u00e4ngder.<\/p>\n<p>&nbsp;<\/p>\n<h2>Nackdelar med att utfodra hundar med gris\u00f6ron<\/h2>\n<h3>H\u00f6gre fetthalt \u00e4n t.ex. kycklingsnacks<\/h3>\n<p>En av de st\u00f6rsta nackdelarna med att ge din hund gris\u00f6ron \u00e4r kaloriinneh\u00e5llet. Gris\u00f6ron \u00e4r en ganska stor godisbit med en ganska h\u00f6g fetthalt. Uppf\u00f6rande \u00e4r viktigt n\u00e4r det g\u00e4ller denna typ av godis.<\/p>\n<p>Ett genomsnittligt gris\u00f6ra inneh\u00e5ller cirka 70 kalorier. \u00c4ven om det kanske inte verkar vara s\u00e5 mycket kan det utg\u00f6ra en stor del av en liten hunds dagliga kaloriintag. F\u00f6r att f\u00f6rhindra vikt\u00f6kning rekommenderas att du endast matar gris\u00f6ron en eller tv\u00e5 g\u00e5nger i veckan, beroende p\u00e5 hundens storlek.<\/p>\n<p>Det h\u00f6gre fettinneh\u00e5llet kan ocks\u00e5 vara ett problem f\u00f6r hundar som beh\u00f6ver en fettsn\u00e5l kost. Grisk\u00f6tt anses inte generellt sett vara ett fettsn\u00e5lt foder, s\u00e5 om din hund av n\u00e5gon anledning beh\u00f6ver minimalt med fett i sin kost kan det vara b\u00e4st att v\u00e4lja ett tuggben som \u00e4r tillverkat av en annan typ av protein.<\/p>\n<h2>K\u00f6p naturliga gris\u00f6ron f\u00f6r hundar idag<\/h2>\n<p>Bjud din hund p\u00e5 ren och naturlig tugggl\u00e4dje. K\u00f6p M\u00c6T&#8217;s Natural Pig Ears for Dogs idag och ge din b\u00e4sta v\u00e4n en smakrik och h\u00e4lsosam tuggupplevelse.[\/vc_column_text][\/vc_column][\/vc_row]<\/p>\n<\/div>","protected":false},"excerpt":{"rendered":"<p>Natural Pig Ears For Dogs &#8211; ett oemotst\u00e5ndligt, naturligt tuggben som tillfredsst\u00e4ller din hunds tuggbehov p\u00e5 ett h\u00e4lsosamt och gott s\u00e4tt. V\u00e5ra gris\u00f6ron \u00e4r noggrant utvalda och torkade f\u00f6r att bevara den saftiga smaken och den n\u00f6dv\u00e4ndiga konsistensen som din hund kommer att \u00e4lska.<\/p>\n<ul>\n<li>De reng\u00f6r hundens t\u00e4nder och st\u00e4rker dess tandk\u00f6tt, tandk\u00f6tt och k\u00e4kar.<\/li>\n<li><span style=\"font-weight: 400;\">Gris\u00f6ron av h\u00f6g kvalitet inneh\u00e5ller mycket energi.<\/span><\/li>\n<li>Ge dem n\u00e4r du vill h\u00e5lla din hund sysselsatt med n\u00e5got trevligt under en l\u00e4ngre tid.<\/li>\n<li>M\u00c6T gris\u00f6ron f\u00f6r hundar \u00e4r rena naturprodukter. Naturligtvis utan tillsatser och utan konserveringsmedel.<\/li>\n<li>Alla produkter reng\u00f6rs, torkas och v\u00e4rmebehandlas naturligtvis.<\/li>\n<\/ul>\n<div class=\"short-description\">\n<div class=\"std\">\n<p>Gris\u00f6ron \u00e4r en stor gl\u00e4dje f\u00f6r m\u00e5nga hundar och \u00e4r ofta hundarnas favorit. L\u00e5t din hund smaka p\u00e5 v\u00e5ra gris\u00f6ron &#8211; han kommer att \u00e4lska dem alla. Garanterat.<\/p>\n<p><b>Inneh\u00e5ll: <\/b>5 st. torkade gris\u00f6ron fr\u00e5n Polen<\/p>\n<\/div>\n<\/div>\n","protected":false},"featured_media":258095,"comment_status":"open","ping_status":"closed","template":"","meta":{"inline_featured_image":false},"product_brand":[],"product_cat":[926,297],"product_tag":[829],"class_list":{"0":"post-255697","1":"product","2":"type-product","3":"status-publish","4":"has-post-thumbnail","6":"product_cat-naturligt-hundgodis","7":"product_cat-hundsnacks-och-godsaker","8":"product_tag-hundsnacks-med-gris","9":"product_shipping_class-torrvaror","11":"first","12":"outofstock","13":"taxable","14":"shipping-taxable","15":"purchasable","16":"product-type-simple"},"composite_virtual":false,"composite_layout":"","composite_add_to_cart_form_location":"","composite_editable_in_cart":false,"composite_sold_individually_context":"","composite_shop_price_calc":"","composite_components":[],"composite_scenarios":[],"bundled_by":["254830"],"bundle_stock_status":"outofstock","bundle_stock_quantity":-4,"bundle_virtual":false,"bundle_layout":"","bundle_add_to_cart_form_location":"","bundle_editable_in_cart":false,"bundle_sold_individually_context":"","bundle_item_grouping":"","bundle_min_size":"","bundle_max_size":"","bundle_price":[],"bundled_items":[],"bundle_sell_ids":[],"_links":{"self":[{"href":"https:\/\/maetpets.com\/sv\/wp-json\/wp\/v2\/product\/255697","targetHints":{"allow":["GET"]}}],"collection":[{"href":"https:\/\/maetpets.com\/sv\/wp-json\/wp\/v2\/product"}],"about":[{"href":"https:\/\/maetpets.com\/sv\/wp-json\/wp\/v2\/types\/product"}],"replies":[{"embeddable":true,"href":"https:\/\/maetpets.com\/sv\/wp-json\/wp\/v2\/comments?post=255697"}],"wp:featuredmedia":[{"embeddable":true,"href":"https:\/\/maetpets.com\/sv\/wp-json\/wp\/v2\/media\/258095"}],"wp:attachment":[{"href":"https:\/\/maetpets.com\/sv\/wp-json\/wp\/v2\/media?parent=255697"}],"wp:term":[{"taxonomy":"product_brand","embeddable":true,"href":"https:\/\/maetpets.com\/sv\/wp-json\/wp\/v2\/product_brand?post=255697"},{"taxonomy":"product_cat","embeddable":true,"href":"https:\/\/maetpets.com\/sv\/wp-json\/wp\/v2\/product_cat?post=255697"},{"taxonomy":"product_tag","embeddable":true,"href":"https:\/\/maetpets.com\/sv\/wp-json\/wp\/v2\/product_tag?post=255697"}],"curies":[{"name":"wp","href":"https:\/\/api.w.org\/{rel}","templated":true}]}}