{"id":255160,"date":"2022-09-10T12:57:51","date_gmt":"2022-09-10T10:57:51","guid":{"rendered":"https:\/\/maetpets.com\/product\/vita-petz-kosttillskott-for-valpar\/"},"modified":"2023-09-14T15:42:37","modified_gmt":"2023-09-14T13:42:37","slug":"vita-petz-kosttillskott-foer-valpar","status":"publish","type":"product","link":"https:\/\/maetpets.com\/sv\/produkt\/vita-petz-kosttillskott-foer-valpar\/","title":{"rendered":"Vita Petz &#8211; Kosttillskott f\u00f6r valpar"},"content":{"rendered":"<div class=\"wpb-content-wrapper\"><p>[vc_row][vc_column][vc_column_text]<\/p>\n<h2>Rekommenderad daglig dos<\/h2>\n<p>Under de f\u00f6rsta 2 veckorna ska du tills\u00e4tta 5 % BARF BALANCE &#8211; PUPPY av m\u00e5ltidsinneh\u00e5llet till alla m\u00e5ltider. Ex. 100 g f\u00e4rskt hundfoder tills\u00e4tt 1 m\u00e5ttsked. Du kan d\u00e5 halvera doseringen. Medf\u00f6ljande m\u00e5ttsked inneh\u00e5ller 5 gram (r\u00e4knat) Rekommenderas i valpstadiet, s\u00e4rskilt under de f\u00f6rsta 3 m\u00e5naderna.<\/p>\n<p>F\u00f6r att st\u00f6dja valpens mag-tarmsystem under \u00f6verg\u00e5ngsfasen till BARF kan du tills\u00e4tta symbiotiska<strong> <\/strong>under 2-4 veckor, eller under 2 veckor efter den f\u00f6rsta vaccinationen.[\/vc_column_text][vc_column_text]<\/p>\n<h2><strong>N\u00e4ringsinneh\u00e5ll<\/strong><\/h2>\n<p><strong>Inneh\u00e5ll<\/strong>: Fr\u00f6blandning (linfr\u00f6, nigella, psyllium, mj\u00f6lktistel, f\u00e4nk\u00e5l, bockhornskl\u00f6ver, anis), bladgr\u00f6nsaker (spenat, persilja, vetegr\u00e4s, moringa, basilika) algblandning (kelp, spirulina, chlorella), korallkalk, \u00f6rtblandning (alfalfa, vitl\u00f6k, gullris, taggiga p\u00e4ron, sting persilja, br\u00e4nn\u00e4ssla, maskros, olivblad, r\u00f6llika, h\u00e4stsvans, pr\u00e4stkrage, groblad, groblad, kamomill, oregano, timjan, rosmarin, ginseng, paprika) rotfrukter (morot, gurkmeja, kardborrerot, cikoriarot, ingef\u00e4ra), kokos, fermenterad n\u00e4ringsj\u00e4st, b\u00e4rblandning (nypon, schisandra, hagtornsb\u00e4r, aroniab\u00e4r), solroslecitin, gr\u00f6nl\u00e4ppad mussla, Bio MSM, kolostrum (r\u00e5 komj\u00f6lk), kiseldioxid, montmorillonit, beta-glukan, FOS\/MOS och naturliga matsm\u00e4ltningsenzymer.<\/p>\n<p>Alla ingredienser \u00e4r av livsmedelskvalitet. <strong>Utvecklad och producerad i Danmark<\/strong> \ud83c\udde9\ud83c\uddf0 med fokus p\u00e5 ekologi och bra ingredienser.<\/p>\n<p><strong>Analys<\/strong>: Kostfiber 18%, mineraler 25,5%, protein 13%, fett 6,5%, kalcium 8,5%. Fosfor 0,45%. Ca\/P 19:1<\/p>\n<p><strong>N\u00e4rings\u00e4mnen<\/strong>: Vitaminerna A, B, C, D, E, K, mineraler, sp\u00e5r\u00e4mnen, aminosyror, Omega-3, Omega-6, Omega-9, EPA\/DHA\/GLA, klorofyll, astaxantin, lutein, betaglukan, FOS, MOS och naturliga matsm\u00e4ltningsenzymer.<\/p>\n<p><strong>Tillsatser<\/strong>: Inga konstgjorda vitaminer eller mineraler.<\/p>\n<p><strong>Fysisk form<\/strong>: Pulver<\/p>\n<p><strong>F\u00f6rpackning<\/strong>: 400 g i livsmedelsgodk\u00e4nd f\u00f6rpackning.<\/p>\n<p><strong>Lagring<\/strong>: Torrt och vid rumstemperatur eller l\u00e4gre i sluten f\u00f6rpackning.<\/p>\n<p><strong>Indikationer<\/strong>: Inga k\u00e4nda<\/p>\n<p>Produkten \u00e4r ett kosttillskott f\u00f6r hundar &#8211; inte ett l\u00e4kemedel. Om du \u00e4r os\u00e4ker p\u00e5 din hunds h\u00e4lsa ska du kontakta din veterin\u00e4r eller v\u00e5rdgivare.[\/vc_column_text][\/vc_column][\/vc_row]<\/p>\n<\/div>","protected":false},"excerpt":{"rendered":"<p>Vita Petz har utvecklat BARF BALANCE &#8211; PUPPY som ett skr\u00e4ddarsytt kosttillskott som kompletterar v\u00e5rt f\u00e4rska hundfoder med kostfibrer, vitaminer, mineraler och sp\u00e5r\u00e4mnen.<\/p>\n<p>Under hundens f\u00f6rsta och avg\u00f6rande livstid \u00e4r det viktigt att ge n\u00e4rings\u00e4mnen som st\u00f6der utvecklingen av organ, ben, sinnen, nerver och, inte minst, immunf\u00f6rsvaret.<\/p>\n<p>BARF BALANCE-PUPPY inneh\u00e5ller n\u00e4rings\u00e4mnen som din valp beh\u00f6ver. Avspeglar hundens naturliga kost av \u00f6rter, b\u00e4r, fr\u00f6n och gr\u00f6nsaker som den ocks\u00e5 skulle f\u00e5 naturligt.<\/p>\n<ul>\n<li>Naturliga \u00f6rter, fr\u00f6n, alger, rotfrukter och bladgr\u00f6nsaker.<\/li>\n<li>100% naturlig och med viltsk\u00f6rdade och ekologiska ingredienser.<\/li>\n<\/ul>\n","protected":false},"featured_media":246582,"comment_status":"open","ping_status":"closed","template":"","meta":{"inline_featured_image":false},"product_brand":[],"product_cat":[1045],"product_tag":[],"class_list":{"0":"post-255160","1":"product","2":"type-product","3":"status-publish","4":"has-post-thumbnail","6":"product_cat-kosttillskott-for-hundar","7":"product_shipping_class-torrvaror","9":"first","10":"instock","11":"taxable","12":"shipping-taxable","13":"purchasable","14":"product-type-simple"},"composite_virtual":false,"composite_layout":"","composite_add_to_cart_form_location":"","composite_editable_in_cart":false,"composite_sold_individually_context":"","composite_shop_price_calc":"","composite_components":[],"composite_scenarios":[],"bundled_by":["254836"],"bundle_stock_status":"instock","bundle_stock_quantity":6,"bundle_virtual":false,"bundle_layout":"","bundle_add_to_cart_form_location":"","bundle_editable_in_cart":false,"bundle_sold_individually_context":"","bundle_item_grouping":"","bundle_min_size":"","bundle_max_size":"","bundle_price":[],"bundled_items":[],"bundle_sell_ids":[],"_links":{"self":[{"href":"https:\/\/maetpets.com\/sv\/wp-json\/wp\/v2\/product\/255160","targetHints":{"allow":["GET"]}}],"collection":[{"href":"https:\/\/maetpets.com\/sv\/wp-json\/wp\/v2\/product"}],"about":[{"href":"https:\/\/maetpets.com\/sv\/wp-json\/wp\/v2\/types\/product"}],"replies":[{"embeddable":true,"href":"https:\/\/maetpets.com\/sv\/wp-json\/wp\/v2\/comments?post=255160"}],"wp:featuredmedia":[{"embeddable":true,"href":"https:\/\/maetpets.com\/sv\/wp-json\/wp\/v2\/media\/246582"}],"wp:attachment":[{"href":"https:\/\/maetpets.com\/sv\/wp-json\/wp\/v2\/media?parent=255160"}],"wp:term":[{"taxonomy":"product_brand","embeddable":true,"href":"https:\/\/maetpets.com\/sv\/wp-json\/wp\/v2\/product_brand?post=255160"},{"taxonomy":"product_cat","embeddable":true,"href":"https:\/\/maetpets.com\/sv\/wp-json\/wp\/v2\/product_cat?post=255160"},{"taxonomy":"product_tag","embeddable":true,"href":"https:\/\/maetpets.com\/sv\/wp-json\/wp\/v2\/product_tag?post=255160"}],"curies":[{"name":"wp","href":"https:\/\/api.w.org\/{rel}","templated":true}]}}