{"id":255155,"date":"2023-08-03T15:18:57","date_gmt":"2023-08-03T13:18:57","guid":{"rendered":"https:\/\/maetpets.com\/product\/stjarna-bit-bit-bit-lader-hampa-rep\/"},"modified":"2023-09-04T20:36:26","modified_gmt":"2023-09-04T18:36:26","slug":"stjarna-bit-bit-bit-lader-hampa-rep","status":"publish","type":"product","link":"https:\/\/maetpets.com\/sv\/produkt\/stjarna-bit-bit-bit-lader-hampa-rep\/","title":{"rendered":"Star bites &#8211; En naturlig bitleksak"},"content":{"rendered":"<div class=\"wpb-content-wrapper\"><p>[vc_row][vc_column][vc_column_text]<\/p>\n<h2><strong>Varf\u00f6r bitleksaker av l\u00e4der och hamprep?<\/strong><\/h2>\n<ol>\n<li><strong>Slitstarkt naturl\u00e4der<\/strong>: V\u00e5ra bitleksaker \u00e4r tillverkade av h\u00f6gkvalitativt naturl\u00e4der som t\u00e5l \u00e4ven de mest entusiastiska bett.<\/li>\n<li><strong>Robust hamparep<\/strong>: Det intrikata morgonstj\u00e4rnem\u00f6nstret \u00e4r v\u00e4vt med starkt hamparep f\u00f6r extra h\u00e5llbarhet.<\/li>\n<li><strong>Stimulerande tuggupplevelse<\/strong>: Den unika morgonstj\u00e4rnformen och texturerna stimulerar din hunds tugginstinkter och hj\u00e4lper till att minska tr\u00e5kigt beteende.<\/li>\n<li><strong>Naturlig tandreng\u00f6ringseffekt<\/strong>: L\u00e4dret och hamparepet fungerar i harmoni f\u00f6r att fr\u00e4mja en sund tandhygien och hj\u00e4lpa till att minska tandsten och plack.<\/li>\n<\/ol>\n<h2><strong>Varf\u00f6r v\u00e5ra leksaker f\u00f6r tandv\u00e5rd \u00e4r ett m\u00e5ste<\/strong><\/h2>\n<ol>\n<li><strong>\u00c4lskade av hundar och \u00e4gare<\/strong>: V\u00e5ra Morning Star tuggleksaker har vunnit hj\u00e4rtan hos otaliga hundar och deras \u00e4gare, som forts\u00e4tter att komma tillbaka f\u00f6r det roliga och lugnande tugg\u00e4ventyret.<\/li>\n<li><strong>100 % naturmaterial<\/strong>: Vi prioriterar din hunds s\u00e4kerhet och h\u00e4lsa. D\u00e4rf\u00f6r \u00e4r v\u00e5ra bitleksaker tillverkade av ofarligt naturl\u00e4der och hamprep utan skadliga kemikalier.<\/li>\n<li><strong>Unik design<\/strong>: Din hund f\u00f6rtj\u00e4nar det b\u00e4sta, och v\u00e5ra Morning Star bitleksaker skiljer sig fr\u00e5n traditionella produkter f\u00f6r en rolig och unik upplevelse.<\/li>\n<li><strong>L\u00e5ngvarig h\u00e5llbarhet<\/strong>: Tack vare den solida konstruktionen och materialen \u00e4r v\u00e5ra bitleksaker utformade f\u00f6r att t\u00e5la intensiv lek och tuggning under l\u00e5ng tid.<\/li>\n<\/ol>\n<h2><strong>S\u00e4ker lek med hundar<\/strong><\/h2>\n<ol>\n<li><strong>\u00c4r det s\u00e4kert f\u00f6r min hund att tugga p\u00e5 l\u00e4der- och hamprep?<\/strong>Absolut! V\u00e5ra naturmaterial \u00e4r 100 % s\u00e4kra och giftfria f\u00f6r din hund att tugga p\u00e5.<\/li>\n<\/ol>\n<p>[\/vc_column_text][\/vc_column][\/vc_row][vc_row full_width=&#8221;stretch_row&#8221; css=&#8221;.vc_custom_1679780434563{padding-bottom: 30px !important;}&#8221;][vc_column]<p class=\"konte-button-wrapper text-center\"><a href=\"#topp\" class=\"konte-button button-normal text-default align-center large   button square\">Best\u00e4ll nu<\/a><\/p>[\/vc_column][\/vc_row][vc_row full_width=&#8221;stretch_row&#8221; css=&#8221;.vc_custom_1679780606362{padding-top: 30px !important;}&#8221;][vc_column width=&#8221;1\/12&#8243; css=&#8221;.vc_custom_1605784949857{background-color: #fff9f7 !important;}&#8221;][\/vc_column][vc_column width=&#8221;10\/12&#8243;][vc_custom_heading text=&#8221;Fr\u00e5gor och svar&#8221; font_container=&#8221;tag:h2|text_align:center&#8221; use_theme_fonts=&#8221;yes&#8221;][vc_toggle title=&#8221;\u00c4r naturl\u00e4der och hamprep s\u00e4kra f\u00f6r min hund?&#8221;]Ja, v\u00e5ra tuggleksaker \u00e4r tillverkade av naturliga, giftfria material som \u00e4r helt s\u00e4kra f\u00f6r din hund att tugga p\u00e5.<\/p>\n<p>[\/vc_toggle][vc_toggle title=&#8221;Kan jag tv\u00e4tta bitleksakerna?&#8221;]Vi rekommenderar att du inte tv\u00e4ttar leksaken eftersom det kan p\u00e5verka h\u00e5llbarheten. Vid behov kan den reng\u00f6ras med en fuktig trasa.[\/vc_toggle][\/vc_column][vc_column width=&#8221;1\/12&#8243;][\/vc_column][\/vc_row]<\/p>\n<\/div>","protected":false},"excerpt":{"rendered":"<p>Naturliga och \u00e4tbara bitleksaker av naturl\u00e4der och hamprep i stj\u00e4rndesign! Den \u00e4r perfekt f\u00f6r hundar som \u00e4lskar att tugga och \u00e4r tillverkad av naturmaterial som fr\u00e4mjar en sund tandhygien och aktiverar hundens tugginstinkt. L\u00e4gg vantarna p\u00e5 denna fantastiska bitleksak idag och sk\u00e4m bort din h\u00e5riga v\u00e4n.<\/p>\n<p><strong>Tips<\/strong>: Kl\u00e4m in en godisbit mellan l\u00e4derplattorna f\u00f6r extra rolig lek.<br \/>\n<strong>Design<\/strong>: 15 rep med 4 l\u00e4derplattor i 4 x 4 cm.<\/p>\n","protected":false},"featured_media":254684,"comment_status":"open","ping_status":"closed","template":"","meta":{"inline_featured_image":false},"product_brand":[],"product_cat":[973,519],"product_tag":[1049,1048],"class_list":{"0":"post-255155","1":"product","2":"type-product","3":"status-publish","4":"has-post-thumbnail","6":"product_cat-repleksaker","7":"product_cat-aktivitetslek","8":"product_tag-hampa","9":"product_tag-lader","10":"product_shipping_class-torrvaror","12":"first","13":"instock","14":"sale","15":"taxable","16":"shipping-taxable","17":"purchasable","18":"product-type-simple"},"composite_virtual":false,"composite_layout":"","composite_add_to_cart_form_location":"","composite_editable_in_cart":false,"composite_sold_individually_context":"","composite_shop_price_calc":"","composite_components":[],"composite_scenarios":[],"bundled_by":[],"bundle_stock_status":"instock","bundle_stock_quantity":7,"bundle_virtual":false,"bundle_layout":"","bundle_add_to_cart_form_location":"","bundle_editable_in_cart":false,"bundle_sold_individually_context":"","bundle_item_grouping":"","bundle_min_size":"","bundle_max_size":"","bundle_price":[],"bundled_items":[],"bundle_sell_ids":[],"_links":{"self":[{"href":"https:\/\/maetpets.com\/sv\/wp-json\/wp\/v2\/product\/255155","targetHints":{"allow":["GET"]}}],"collection":[{"href":"https:\/\/maetpets.com\/sv\/wp-json\/wp\/v2\/product"}],"about":[{"href":"https:\/\/maetpets.com\/sv\/wp-json\/wp\/v2\/types\/product"}],"replies":[{"embeddable":true,"href":"https:\/\/maetpets.com\/sv\/wp-json\/wp\/v2\/comments?post=255155"}],"wp:featuredmedia":[{"embeddable":true,"href":"https:\/\/maetpets.com\/sv\/wp-json\/wp\/v2\/media\/254684"}],"wp:attachment":[{"href":"https:\/\/maetpets.com\/sv\/wp-json\/wp\/v2\/media?parent=255155"}],"wp:term":[{"taxonomy":"product_brand","embeddable":true,"href":"https:\/\/maetpets.com\/sv\/wp-json\/wp\/v2\/product_brand?post=255155"},{"taxonomy":"product_cat","embeddable":true,"href":"https:\/\/maetpets.com\/sv\/wp-json\/wp\/v2\/product_cat?post=255155"},{"taxonomy":"product_tag","embeddable":true,"href":"https:\/\/maetpets.com\/sv\/wp-json\/wp\/v2\/product_tag?post=255155"}],"curies":[{"name":"wp","href":"https:\/\/api.w.org\/{rel}","templated":true}]}}