{"id":255154,"date":"2023-08-29T12:07:31","date_gmt":"2023-08-29T10:07:31","guid":{"rendered":"https:\/\/maetpets.com\/product\/bett-fran-hjortdjur-bett-fran-hjorthorn\/"},"modified":"2025-02-18T09:13:29","modified_gmt":"2025-02-18T08:13:29","slug":"bett-fran-hjortdjur-bett-fran-hjorthorn","status":"publish","type":"product","link":"https:\/\/maetpets.com\/sv\/produkt\/bett-fran-hjortdjur-bett-fran-hjorthorn\/","title":{"rendered":"Hjortbett &#8211; En naturlig bitleksak"},"content":{"rendered":"<div class=\"wpb-content-wrapper\"><p>[vc_row][vc_column][vc_column_text]<\/p>\n<h2>Varf\u00f6r bettleksaker av hjorthorn och hamprep?<\/h2>\n<ul>\n<li><strong>Naturligt hjorthorn:<\/strong> V\u00e5ra Antler Bites \u00e4r tillverkade av riktiga hjorthorn, vilket ger din hund en autentisk konsistens och smak att bita i.<\/li>\n<li><strong>H\u00e5llbart h<\/strong> amparep<strong>:<\/strong> Det extra hamparepet ger en extra dimension av skoj och h\u00e5llbarhet som stimulerar din hunds bitinstinkt.<\/li>\n<li><strong>Tandreng\u00f6ring:<\/strong> Tuggprocessen hj\u00e4lper till att reducera plack och tandsten, vilket fr\u00e4mjar god munh\u00e4lsa och frisk andedr\u00e4kt.<\/li>\n<li><strong>Naturinspirerad design:<\/strong> V\u00e5ra Antler Bites har en design som p\u00e5minner om naturens skatter och tilltalar din hunds naturliga instinkter.<\/li>\n<\/ul>\n<h2>Varf\u00f6r v\u00e4lja bett av hjortdjur som bitleksaker<\/h2>\n<ul>\n<li><strong>Tillfredsst\u00e4ller bitinstinkten:<\/strong> Gevirbett tillfredsst\u00e4ller din hunds naturliga behov av att bita och tugga.<\/li>\n<li><strong>H\u00e5llbar konstruktion:<\/strong> Kombinationen av hjorthorn och hamprep g\u00f6r att denna bitleksak t\u00e5l intensiv lek.<\/li>\n<li><strong>Berikande lekupplevelse:<\/strong> Den unika designen och texturen hos Antler Bite ger din hund en berikande och engagerande lekupplevelse.<\/li>\n<li><strong>Fr\u00e4mjar tandh\u00e4lsan:<\/strong> Den mekaniska effekten av att tugga hj\u00e4lper till att h\u00e5lla t\u00e4nderna och tandk\u00f6ttet friska.<\/li>\n<\/ul>\n<h2>Hur man anv\u00e4nder hornbett som bitleksaker<\/h2>\n<ol>\n<li><strong>Uppstart<\/strong>: Om din hund \u00e4r lite tveksam n\u00e4r den f\u00e5r hornen rekommenderar vi att du doppar hornen i vatten f\u00f6r att g\u00f6ra dem fuktigare och fr\u00e4schare att tugga p\u00e5 och f\u00f6r att f\u00f6rst\u00e4rka doften.<\/li>\n<li><strong>\u00d6vervakad lek:<\/strong> L\u00e5t din hund leka med Gevirbid under uppsikt f\u00f6r att s\u00e4kerst\u00e4lla att den anv\u00e4nds p\u00e5 ett s\u00e4kert s\u00e4tt.<\/li>\n<li><strong>Bel\u00f6ningar och tandv\u00e5rd:<\/strong> Anv\u00e4nd Antler Bites som bel\u00f6ning under tr\u00e4ning eller som ett naturligt s\u00e4tt att fr\u00e4mja tandh\u00e4lsan.<\/li>\n<\/ol>\n<h2>M\u00c6T Naturliga bitleksaker<\/h2>\n<p>Hundar \u00e4lskar naturliga bitleksaker och h\u00e4r \u00e4r 3 sk\u00e4l till varf\u00f6r du ocks\u00e5 kommer att g\u00f6ra det.<\/p>\n<ul>\n<li>Inga gnissel, \u00f6ron\/\u00f6gon eller tyg som kan g\u00e5 s\u00f6nder och sv\u00e4ljas.<\/li>\n<li>00% naturlig produkt som \u00e4r s\u00e4ker att \u00e4ta.<\/li>\n<li>Den h\u00e5ller l\u00e4nge!<\/li>\n<\/ul>\n<p>[\/vc_column_text][\/vc_column][\/vc_row][vc_row full_width=&#8221;stretch_row&#8221; css=&#8221;.vc_custom_1679780434563{padding-bottom: 30px !important;}&#8221;][vc_column]<p class=\"konte-button-wrapper text-center\"><a href=\"#topp\" class=\"konte-button button-normal text-default align-center large   button square\">Best\u00e4ll nu<\/a><\/p>[\/vc_column][\/vc_row][vc_row full_width=&#8221;stretch_row&#8221; css=&#8221;.vc_custom_1679780606362{padding-top: 30px !important;}&#8221;][vc_column width=&#8221;1\/12&#8243; css=&#8221;.vc_custom_1605784949857{background-color: #fff9f7 !important;}&#8221;][\/vc_column][vc_column width=&#8221;10\/12&#8243;][vc_custom_heading text=&#8221;Fr\u00e5gor och svar&#8221; font_container=&#8221;tag:h2|text_align:center&#8221; use_theme_fonts=&#8221;yes&#8221;][vc_toggle title=&#8221;\u00c4r hjorthorn och rep av hampa s\u00e4kra f\u00f6r min hund?&#8221;]Ja, v\u00e5ra tuggleksaker \u00e4r tillverkade av naturliga, giftfria material som \u00e4r helt s\u00e4kra f\u00f6r din hund att tugga p\u00e5.[\/vc_toggle][vc_toggle title=&#8221;Kan jag tv\u00e4tta bitleksakerna?&#8221;]Vi rekommenderar att du inte tv\u00e4ttar leksaken eftersom det kan p\u00e5verka h\u00e5llbarheten. Vid behov kan den reng\u00f6ras med en fuktig trasa.[\/vc_toggle][\/vc_column][vc_column width=&#8221;1\/12&#8243;][\/vc_column][\/vc_row]<\/p>\n<\/div>","protected":false},"excerpt":{"rendered":"<p>Helt naturliga bitleksaker f\u00f6r din hund tillverkade av hjorthorn och hamprep. V\u00e5ra Antler Bites har skapats med omsorg och kvalitet i \u00e5tanke och kombinerar \u00e4kta hjorthorn med slitstarkt hamprep f\u00f6r att ge din hund en f\u00f6rtrollande lekupplevelse.<\/p>\n<p>Ett naturligt tuggben med l\u00e5ng tuggtid. Hjorthorn \u00e4r ett av de h\u00e5rdaste benen du kan ge din hund, vilket garanterar en l\u00e5ng tuggtid.<\/p>\n<p><strong>Material<\/strong>: Hjorthornshorn.<br \/>\n<strong>Inneh\u00e5ll<\/strong>: 41,5% protein<br \/>\n<strong>Storlek<\/strong>: Leksaken \u00e4r ca 35 cm l\u00e5ng<\/p>\n","protected":false},"featured_media":254679,"comment_status":"open","ping_status":"closed","template":"","meta":{"inline_featured_image":false},"product_brand":[],"product_cat":[973,519],"product_tag":[1049,1048],"class_list":{"0":"post-255154","1":"product","2":"type-product","3":"status-publish","4":"has-post-thumbnail","6":"product_cat-repleksaker","7":"product_cat-aktivitetslek","8":"product_tag-hampa","9":"product_tag-lader","10":"product_shipping_class-torrvaror","12":"first","13":"instock","14":"sale","15":"taxable","16":"shipping-taxable","17":"purchasable","18":"product-type-simple"},"composite_virtual":false,"composite_layout":"","composite_add_to_cart_form_location":"","composite_editable_in_cart":false,"composite_sold_individually_context":"","composite_shop_price_calc":"","composite_components":[],"composite_scenarios":[],"bundled_by":[],"bundle_stock_status":"instock","bundle_stock_quantity":4,"bundle_virtual":false,"bundle_layout":"","bundle_add_to_cart_form_location":"","bundle_editable_in_cart":false,"bundle_sold_individually_context":"","bundle_item_grouping":"","bundle_min_size":"","bundle_max_size":"","bundle_price":[],"bundled_items":[],"bundle_sell_ids":[],"_links":{"self":[{"href":"https:\/\/maetpets.com\/sv\/wp-json\/wp\/v2\/product\/255154","targetHints":{"allow":["GET"]}}],"collection":[{"href":"https:\/\/maetpets.com\/sv\/wp-json\/wp\/v2\/product"}],"about":[{"href":"https:\/\/maetpets.com\/sv\/wp-json\/wp\/v2\/types\/product"}],"replies":[{"embeddable":true,"href":"https:\/\/maetpets.com\/sv\/wp-json\/wp\/v2\/comments?post=255154"}],"wp:featuredmedia":[{"embeddable":true,"href":"https:\/\/maetpets.com\/sv\/wp-json\/wp\/v2\/media\/254679"}],"wp:attachment":[{"href":"https:\/\/maetpets.com\/sv\/wp-json\/wp\/v2\/media?parent=255154"}],"wp:term":[{"taxonomy":"product_brand","embeddable":true,"href":"https:\/\/maetpets.com\/sv\/wp-json\/wp\/v2\/product_brand?post=255154"},{"taxonomy":"product_cat","embeddable":true,"href":"https:\/\/maetpets.com\/sv\/wp-json\/wp\/v2\/product_cat?post=255154"},{"taxonomy":"product_tag","embeddable":true,"href":"https:\/\/maetpets.com\/sv\/wp-json\/wp\/v2\/product_tag?post=255154"}],"curies":[{"name":"wp","href":"https:\/\/api.w.org\/{rel}","templated":true}]}}