{"id":255149,"date":"2023-09-04T20:35:58","date_gmt":"2023-09-04T18:35:58","guid":{"rendered":"https:\/\/maetpets.com\/product\/tandhala-i-horntand\/"},"modified":"2023-09-04T20:36:19","modified_gmt":"2023-09-04T18:36:19","slug":"tandhala-i-horntand","status":"publish","type":"product","link":"https:\/\/maetpets.com\/sv\/produkt\/tandhala-i-horntand\/","title":{"rendered":"Tandborste f\u00f6r hund"},"content":{"rendered":"<div class=\"wpb-content-wrapper\"><p>[vc_row][vc_column][vc_column_text]<\/p>\n<h2>Tandborste f\u00f6r hund<\/h2>\n<p>Denna tandborste \u00e4r utformad f\u00f6r att underl\u00e4tta tandhygienen f\u00f6r b\u00e5de hundar och deras \u00e4gare. Tandborsten \u00e4r tillverkad av mjuka, h\u00e5llbara borststr\u00e5n och \u00e4r perfekt f\u00f6r reng\u00f6ring av valpens t\u00e4nder och tandk\u00f6tt. Den ergonomiska designen ligger bekv\u00e4mt i handen och ger ett s\u00e4kert grepp. Den har \u00e4ven en inbyggd fingerborste p\u00e5 sidan som hj\u00e4lper dig att komma \u00e5t p\u00e5 sv\u00e5r\u00e5tkomliga st\u00e4llen.<\/p>\n<p>Hundtandborsten \u00e4r dessutom l\u00e4tt att reng\u00f6ra och levereras med en praktisk f\u00f6rvaringsp\u00e5se. H\u00e5ll din fyrbenta v\u00e4ns t\u00e4nder rena och friska med en hundtandborste idag![\/vc_column_text][vc_column_text]<\/p>\n<h2>Ska jag k\u00f6pa en tandborste till min hund?<\/h2>\n<p>Det rekommenderas generellt att k\u00f6pa en tandborste till din hund. Korrekt tandhygien \u00e4r viktigt f\u00f6r din hunds allm\u00e4nna h\u00e4lsa och kan hj\u00e4lpa till att f\u00f6rebygga problem som tandk\u00f6ttssjukdomar och karies. Det finns tandborstar som \u00e4r s\u00e4rskilt utformade f\u00f6r hundar och som har mindre borst och ett mjukare huvud f\u00f6r att vara skonsammare mot deras t\u00e4nder och tandk\u00f6tt. Det \u00e4r viktigt att r\u00e5dg\u00f6ra med din veterin\u00e4r f\u00f6r specifika rekommendationer och v\u00e4gledning om hur du borstar din hunds t\u00e4nder p\u00e5 r\u00e4tt s\u00e4tt.[\/vc_column_text][\/vc_column][\/vc_row]<\/p>\n<\/div>","protected":false},"excerpt":{"rendered":"<p>Hundtandborste: Denna allt-i-ett-tandborste f\u00f6r hundar \u00e4r den perfekta l\u00f6sningen f\u00f6r att h\u00e5lla din valps t\u00e4nder rena och friska! Med sina mjuka, vinklade borststr\u00e5n n\u00e5r den l\u00e4tt sv\u00e5r\u00e5tkomliga t\u00e4nder och tandk\u00f6tt. Det ergonomiska handtaget g\u00f6r att du enkelt kan borsta ditt husdjurs t\u00e4nder, medan fingerborsten i andra \u00e4nden hj\u00e4lper dig att komma \u00e5t de sv\u00e5r\u00e5tkomliga st\u00e4llena. H\u00e5ll din vovves t\u00e4nder i toppform med denna l\u00e4ttanv\u00e4nda hundtandborste!<\/p>\n","protected":false},"featured_media":249386,"comment_status":"open","ping_status":"closed","template":"","meta":{"inline_featured_image":false},"product_brand":[],"product_cat":[828],"product_tag":[],"class_list":{"0":"post-255149","1":"product","2":"type-product","3":"status-publish","4":"has-post-thumbnail","6":"product_cat-hundutrustning","7":"product_shipping_class-torrvaror","9":"first","10":"instock","11":"taxable","12":"shipping-taxable","13":"purchasable","14":"product-type-simple"},"composite_virtual":false,"composite_layout":"","composite_add_to_cart_form_location":"","composite_editable_in_cart":false,"composite_sold_individually_context":"","composite_shop_price_calc":"","composite_components":[],"composite_scenarios":[],"bundled_by":[],"bundle_stock_status":"instock","bundle_stock_quantity":null,"bundle_virtual":false,"bundle_layout":"","bundle_add_to_cart_form_location":"","bundle_editable_in_cart":false,"bundle_sold_individually_context":"","bundle_item_grouping":"","bundle_min_size":"","bundle_max_size":"","bundle_price":[],"bundled_items":[],"bundle_sell_ids":[],"_links":{"self":[{"href":"https:\/\/maetpets.com\/sv\/wp-json\/wp\/v2\/product\/255149","targetHints":{"allow":["GET"]}}],"collection":[{"href":"https:\/\/maetpets.com\/sv\/wp-json\/wp\/v2\/product"}],"about":[{"href":"https:\/\/maetpets.com\/sv\/wp-json\/wp\/v2\/types\/product"}],"replies":[{"embeddable":true,"href":"https:\/\/maetpets.com\/sv\/wp-json\/wp\/v2\/comments?post=255149"}],"wp:featuredmedia":[{"embeddable":true,"href":"https:\/\/maetpets.com\/sv\/wp-json\/wp\/v2\/media\/249386"}],"wp:attachment":[{"href":"https:\/\/maetpets.com\/sv\/wp-json\/wp\/v2\/media?parent=255149"}],"wp:term":[{"taxonomy":"product_brand","embeddable":true,"href":"https:\/\/maetpets.com\/sv\/wp-json\/wp\/v2\/product_brand?post=255149"},{"taxonomy":"product_cat","embeddable":true,"href":"https:\/\/maetpets.com\/sv\/wp-json\/wp\/v2\/product_cat?post=255149"},{"taxonomy":"product_tag","embeddable":true,"href":"https:\/\/maetpets.com\/sv\/wp-json\/wp\/v2\/product_tag?post=255149"}],"curies":[{"name":"wp","href":"https:\/\/api.w.org\/{rel}","templated":true}]}}