{"id":255148,"date":"2023-08-22T14:37:44","date_gmt":"2023-08-22T12:37:44","guid":{"rendered":"https:\/\/maetpets.com\/product\/kosttillskott-for-hundar-med-ledproblem\/"},"modified":"2023-09-04T20:36:19","modified_gmt":"2023-09-04T18:36:19","slug":"kosttillskott-for-hundar-med-ledproblem","status":"publish","type":"product","link":"https:\/\/maetpets.com\/sv\/produkt\/kosttillskott-for-hundar-med-ledproblem\/","title":{"rendered":"Kosttillskott f\u00f6r \u00e4ldre hundar &#8211; st\u00e4rker leder, p\u00e4ls och v\u00e4lbefinnande (Vita Petz Superflex Senior)"},"content":{"rendered":"<div class=\"wpb-content-wrapper\"><p>[vc_row][vc_column][vc_column_text]<\/p>\n<h2>Seniortillskott f\u00f6r hundar med ledproblem<\/h2>\n<p>V\u00e5ra utvalda kosttillskott f\u00f6r \u00e4ldre hundar. Under \u00e5rens lopp har din hunds behov f\u00f6r\u00e4ndrats och v\u00e5rt m\u00e5l \u00e4r att ge optimal v\u00e5rd. V\u00e5ra kosttillskott \u00e4r utformade f\u00f6r att st\u00f6dja \u00e4ldre hundars leder, p\u00e4ls och allm\u00e4nna v\u00e4lbefinnande, s\u00e5 att din fyrbenta v\u00e4n kan njuta av en aktiv och bekv\u00e4m \u00e5lderdom.<\/p>\n<p><strong>Utvalda funktioner:<\/strong><\/p>\n<ul>\n<li><strong>St\u00e4rker lederna:<\/strong> V\u00e5ra kosttillskott inneh\u00e5ller noggrant utvalda ingredienser som st\u00f6der lederna och hj\u00e4lper till att lindra obehag i samband med ledproblem och artrit.<\/li>\n<li><strong>Gl\u00e4nsande p\u00e4ls:<\/strong> Med viktiga n\u00e4rings\u00e4mnen som fr\u00e4mjar en frisk p\u00e4ls kan du f\u00f6rv\u00e4nta dig en synligt gl\u00e4nsande och v\u00e4lsk\u00f6tt p\u00e4ls.<\/li>\n<li><strong>Allm\u00e4nt v\u00e4lbefinnande:<\/strong> V\u00e5r unika blandning av vitaminer och mineraler fr\u00e4mjar en h\u00e4lsosam \u00e5ldringsprocess, vilket resulterar i \u00f6kad vitalitet och livskvalitet f\u00f6r din \u00e4ldre hund.<\/li>\n<\/ul>\n<p>[\/vc_column_text][\/vc_column][\/vc_row][vc_row][vc_column][vc_column_text]<\/p>\n<h2>Rekommenderad daglig dos<\/h2>\n<p>\u00bd doseringssked f\u00f6r varje 10 kg kroppsvikt (eventuellt tv\u00e5 g\u00e5nger dagligen) Den bifogade doseringsskeden inneh\u00e5ller ca 3,5 g. Grannskapet. Tills\u00e4tt i maten eller i n\u00e5got annat medium som din hund f\u00f6redrar.[\/vc_column_text][vc_column_text]<\/p>\n<h2><strong>N\u00e4ringsinneh\u00e5ll<\/strong><\/h2>\n<p><strong>S\u00e5 h\u00e4r \u00e4r inneh\u00e5llet sammansatt f\u00f6r Senior: <\/strong>MSM, Gurkmeja, Gr\u00f6nl\u00e4ppad mussla (frystorkad), Bioaktiv kollagenpeptid (marin), Vassleprotein, Mariatistel, Poppel, Silverbj\u00f6rk, Boswellia Serrata, Galium, Terminalia, Gotu Kola, Ginseng, Verbena, Ginkgo, Bacopa, Hawthorn, Shield Dragon, Chrysanthemum, Smilax, Vild selleri, Silica, Pippali.<\/p>\n<p><strong>Fermenterade probiotika: <\/strong>150mio CFU\/g. (S. Cerevisiae)<\/p>\n<p><strong>Fysiologiska hj\u00e4lpmedel: <\/strong>Vitamin C (50mg\/g), Taurin (20mg\/g)<\/p>\n<p><strong>Naturliga n\u00e4rings\u00e4mnen och ingredienser:<\/strong> Protein, aminosyror, vitaminer, mineraler och antioxidanter.<\/p>\n<p><strong>Alla ingredienser \u00e4r livsmedelsgodk\u00e4nda. Danska <img loading=\"lazy\" decoding=\"async\" src=\"https:\/\/vitapetz.dk\/\/img\/cms\/DK.jpg\" alt=\"\" width=\"13\" height=\"9\"> hantverk med fokus p\u00e5 ekologi och bra r\u00e5varor.  <\/strong><\/p>\n<p><strong>Indikationer:<\/strong> Inneh\u00e5ller skaldjur. Rekommenderas inte f\u00f6r dr\u00e4ktiga hundar.<\/p>\n<p><strong>Fysisk form: <\/strong>Pulver.<\/p>\n<p><strong>F\u00f6rpackning: <\/strong>150 g i livsmedelsgodk\u00e4nd f\u00f6rpackning.<\/p>\n<p><strong>Lagring: <\/strong>Torrt och vid rumstemperatur eller l\u00e4gre i sluten f\u00f6rpackning.<\/p>\n<p><strong>Indikationer: <\/strong>Inga k\u00e4nda[\/vc_column_text][\/vc_column][\/vc_row][vc_row][vc_column][vc_column_text]<\/p>\n<h2>Vanliga fr\u00e5gor om kosttillskott f\u00f6r \u00e4ldre hundar<\/h2>\n<ol>\n<li><strong>N\u00e4r \u00e4r det l\u00e4mpligt att b\u00f6rja ge min hund detta tillskott?<\/strong>V\u00e5ra kosttillskott \u00e4r l\u00e4mpliga f\u00f6r hundar som \u00e4r 7 \u00e5r eller \u00e4ldre, eller f\u00f6r hundar som visar tecken p\u00e5 ledproblem, artrit eller p\u00e4lsproblem.<\/li>\n<li><strong>N\u00e4r kan jag f\u00f6rv\u00e4nta mig att se resultat p\u00e5 min hunds p\u00e4ls?<\/strong>  Resultaten kan variera, men m\u00e5nga \u00e4gare har m\u00e4rkt en f\u00f6rb\u00e4ttring av p\u00e4lskvaliteten inom de f\u00f6rsta 4-6 veckorna av regelbunden anv\u00e4ndning.<\/li>\n<li><strong>\u00c4r denna produkt l\u00e4mplig f\u00f6r alla raser?<\/strong>  Ja, v\u00e5ra kosttillskott \u00e4r utformade f\u00f6r att passa hundar av alla raser och storlekar. Var uppm\u00e4rksam p\u00e5 doseringsanvisningarna enligt din hunds vikt.<\/li>\n<\/ol>\n<p>Investera i din \u00e4ldre hunds v\u00e4lbefinnande med v\u00e5ra skr\u00e4ddarsydda kosttillskott. Ge din hund den omv\u00e5rdnad den f\u00f6rtj\u00e4nar och se hur den forts\u00e4tter att gl\u00e4nsa under sina gyllene \u00e5r.[\/vc_column_text][\/vc_column][\/vc_row]<\/p>\n<\/div>","protected":false},"excerpt":{"rendered":"<p>Ge din \u00e4ldre hund den b\u00e4sta v\u00e5rden med v\u00e5ra speciellt utvalda kosttillskott. St\u00e4rk lederna, p\u00e4lsen och det allm\u00e4nna v\u00e4lbefinnandet med v\u00e5r naturliga l\u00f6sning.<\/p>\n<p>Vita Petz har utvecklat Superflex Senior som ett skr\u00e4ddarsytt kosttillskott som kompletterar v\u00e5rt f\u00e4rska hundfoder med kostfibrer, vitaminer, mineraler och sp\u00e5r\u00e4mnen. Rekommenderas f\u00f6r hundar fr\u00e5n 6-7 \u00e5rs \u00e5lder<\/p>\n<ul>\n<li>Naturliga \u00f6rter, fr\u00f6n, alger, rotfrukter och bladgr\u00f6nsaker.<\/li>\n<li>100% naturlig och med viltsk\u00f6rdade och ekologiska ingredienser.<\/li>\n<\/ul>\n<p><strong>Inneh\u00e5ll<\/strong>: 150 g<\/p>\n","protected":false},"featured_media":254486,"comment_status":"open","ping_status":"closed","template":"","meta":{"inline_featured_image":false},"product_brand":[],"product_cat":[1045],"product_tag":[],"class_list":{"0":"post-255148","1":"product","2":"type-product","3":"status-publish","4":"has-post-thumbnail","6":"product_cat-kosttillskott-for-hundar","7":"product_shipping_class-torrvaror","9":"first","10":"outofstock","11":"sale","12":"taxable","13":"shipping-taxable","14":"purchasable","15":"product-type-simple"},"composite_virtual":false,"composite_layout":"","composite_add_to_cart_form_location":"","composite_editable_in_cart":false,"composite_sold_individually_context":"","composite_shop_price_calc":"","composite_components":[],"composite_scenarios":[],"bundled_by":["254836"],"bundle_stock_status":"outofstock","bundle_stock_quantity":5,"bundle_virtual":false,"bundle_layout":"","bundle_add_to_cart_form_location":"","bundle_editable_in_cart":false,"bundle_sold_individually_context":"","bundle_item_grouping":"","bundle_min_size":"","bundle_max_size":"","bundle_price":[],"bundled_items":[],"bundle_sell_ids":[],"_links":{"self":[{"href":"https:\/\/maetpets.com\/sv\/wp-json\/wp\/v2\/product\/255148","targetHints":{"allow":["GET"]}}],"collection":[{"href":"https:\/\/maetpets.com\/sv\/wp-json\/wp\/v2\/product"}],"about":[{"href":"https:\/\/maetpets.com\/sv\/wp-json\/wp\/v2\/types\/product"}],"replies":[{"embeddable":true,"href":"https:\/\/maetpets.com\/sv\/wp-json\/wp\/v2\/comments?post=255148"}],"wp:featuredmedia":[{"embeddable":true,"href":"https:\/\/maetpets.com\/sv\/wp-json\/wp\/v2\/media\/254486"}],"wp:attachment":[{"href":"https:\/\/maetpets.com\/sv\/wp-json\/wp\/v2\/media?parent=255148"}],"wp:term":[{"taxonomy":"product_brand","embeddable":true,"href":"https:\/\/maetpets.com\/sv\/wp-json\/wp\/v2\/product_brand?post=255148"},{"taxonomy":"product_cat","embeddable":true,"href":"https:\/\/maetpets.com\/sv\/wp-json\/wp\/v2\/product_cat?post=255148"},{"taxonomy":"product_tag","embeddable":true,"href":"https:\/\/maetpets.com\/sv\/wp-json\/wp\/v2\/product_tag?post=255148"}],"curies":[{"name":"wp","href":"https:\/\/api.w.org\/{rel}","templated":true}]}}