{"id":254852,"date":"2022-09-25T21:37:14","date_gmt":"2022-09-25T19:37:14","guid":{"rendered":"https:\/\/maetpets.com\/product\/repdeg-foer-hundar-dumbell-i-bomull\/"},"modified":"2023-09-18T14:10:08","modified_gmt":"2023-09-18T12:10:08","slug":"repdeg-for-hundar-dumbell-i-bomull","status":"publish","type":"product","link":"https:\/\/maetpets.com\/sv\/produkt\/repdeg-for-hundar-dumbell-i-bomull\/","title":{"rendered":"Hantel &#8211; Repleksaker"},"content":{"rendered":"<div class=\"wpb-content-wrapper\"><p>[vc_row][vc_column][vc_column_text]<\/p>\n<h2>Repleksaker f\u00f6r hundar<\/h2>\n<p>Om du letar efter en tuggleksak som ger din hund b\u00e5de motion och underh\u00e5llning kan du \u00f6verv\u00e4ga att k\u00f6pa en tuggleksak gjord av rep. Repleksaker \u00e4r l\u00e4tta att reng\u00f6ra efter att hunden har tuggat klart p\u00e5 dem, och de tenderar ocks\u00e5 att h\u00e5lla l\u00e4ngre \u00e4n andra tuggleksaker.<\/p>\n<h2>Repdragning med din hund<\/h2>\n<p class=\"editor-paragraph\" dir=\"ltr\">Letar du efter ett s\u00e4tt att h\u00e5lla din p\u00e4lskl\u00e4dda v\u00e4n underh\u00e5llen och glad? D\u00e5 \u00e4r repleksaker f\u00f6r hundar precis vad du beh\u00f6ver! Dessa tassliknande lekkamrater \u00e4r inte bara ett n\u00f6je f\u00f6r din hund, utan har ocks\u00e5 m\u00e5nga f\u00f6rdelar f\u00f6r dess allm\u00e4nna v\u00e4lbefinnande. Repleksaker st\u00e4rker deras t\u00e4nder och tandk\u00f6tt och stimulerar deras sinnen, och ger o\u00e4ndliga timmar av skoj och sp\u00e4nning.<\/p>\n<p>[\/vc_column_text][\/vc_column][\/vc_row]<\/p>\n<\/div>","protected":false},"excerpt":{"rendered":"<p>En rolig variant av en repleksak f\u00f6r hundar som \u00e4r formad som hantlar. Slitstarkt rep i bomulls- och juteblandning med fl\u00e4tade kulor i b\u00e5da \u00e4ndarna. Perfekt motivationsleksak f\u00f6r medelstora och stora hundar.<\/p>\n<p><strong>M\u00e5tt <\/strong>L\u00e4ngd 50 cm<\/p>\n","protected":false},"featured_media":256427,"comment_status":"open","ping_status":"closed","template":"","meta":{"inline_featured_image":false},"product_brand":[],"product_cat":[973,519],"product_tag":[],"class_list":{"0":"post-254852","1":"product","2":"type-product","3":"status-publish","4":"has-post-thumbnail","6":"product_cat-repleksaker","7":"product_cat-aktivitetslek","8":"product_shipping_class-torrvaror","10":"first","11":"instock","12":"taxable","13":"shipping-taxable","14":"purchasable","15":"product-type-simple"},"composite_virtual":false,"composite_layout":"","composite_add_to_cart_form_location":"","composite_editable_in_cart":false,"composite_sold_individually_context":"","composite_shop_price_calc":"","composite_components":[],"composite_scenarios":[],"bundled_by":["254829"],"bundle_stock_status":"instock","bundle_stock_quantity":62,"bundle_virtual":false,"bundle_layout":"","bundle_add_to_cart_form_location":"","bundle_editable_in_cart":false,"bundle_sold_individually_context":"","bundle_item_grouping":"","bundle_min_size":"","bundle_max_size":"","bundle_price":[],"bundled_items":[],"bundle_sell_ids":[],"_links":{"self":[{"href":"https:\/\/maetpets.com\/sv\/wp-json\/wp\/v2\/product\/254852","targetHints":{"allow":["GET"]}}],"collection":[{"href":"https:\/\/maetpets.com\/sv\/wp-json\/wp\/v2\/product"}],"about":[{"href":"https:\/\/maetpets.com\/sv\/wp-json\/wp\/v2\/types\/product"}],"replies":[{"embeddable":true,"href":"https:\/\/maetpets.com\/sv\/wp-json\/wp\/v2\/comments?post=254852"}],"wp:featuredmedia":[{"embeddable":true,"href":"https:\/\/maetpets.com\/sv\/wp-json\/wp\/v2\/media\/256427"}],"wp:attachment":[{"href":"https:\/\/maetpets.com\/sv\/wp-json\/wp\/v2\/media?parent=254852"}],"wp:term":[{"taxonomy":"product_brand","embeddable":true,"href":"https:\/\/maetpets.com\/sv\/wp-json\/wp\/v2\/product_brand?post=254852"},{"taxonomy":"product_cat","embeddable":true,"href":"https:\/\/maetpets.com\/sv\/wp-json\/wp\/v2\/product_cat?post=254852"},{"taxonomy":"product_tag","embeddable":true,"href":"https:\/\/maetpets.com\/sv\/wp-json\/wp\/v2\/product_tag?post=254852"}],"curies":[{"name":"wp","href":"https:\/\/api.w.org\/{rel}","templated":true}]}}