{"id":254818,"date":"2023-08-21T12:12:41","date_gmt":"2023-08-21T10:12:41","guid":{"rendered":"https:\/\/maetpets.com\/product\/naturlig-assist-med-ben\/"},"modified":"2025-02-22T16:47:05","modified_gmt":"2025-02-22T15:47:05","slug":"naturlig-assist-med-ben","status":"publish","type":"product","link":"https:\/\/maetpets.com\/sv\/produkt\/naturlig-assist-med-ben\/","title":{"rendered":"Naturlig bitleksak med ben"},"content":{"rendered":"<div class=\"wpb-content-wrapper\"><p>[vc_row][vc_column][vc_column_text]<\/p>\n<h2>Bitleksaker f\u00f6r hundar<\/h2>\n<p>Att bita \u00e4r en naturlig instinkt hos hundar som hj\u00e4lper dem att bibeh\u00e5lla starka t\u00e4nder och ett starkt tandk\u00f6tt. Det h\u00e5ller dem ocks\u00e5 mentalt stimulerade och i fysisk form.<br \/>\nDenna leksak \u00e4r perfekt f\u00f6r hundar som gillar att leka apport eller dragkamp. De hj\u00e4lper ocks\u00e5 till att h\u00e5lla sina t\u00e4nder friska genom att tugga p\u00e5 dem.<\/p>\n<h2>Hundleksaker med l\u00e5ng livsl\u00e4ngd<\/h2>\n<p>Bitleksakerna \u00e4r tillverkade av h\u00e5llbara material som inte g\u00e5r s\u00f6nder s\u00e5 l\u00e4tt.<\/p>\n<h3>Den b\u00e4sta tuggleksaken f\u00f6r sm\u00e5 raser.<\/h3>\n<p>Om du har en liten hundras, hitta en tuggleksak som \u00e4r r\u00e4tt storlek f\u00f6r honom. Mindre hundar f\u00f6redrar leksaker med mindre h\u00e5l, medan st\u00f6rre hundar gillar leksaker med st\u00f6rre h\u00e5l. Du b\u00f6r ocks\u00e5 t\u00e4nka p\u00e5 hur mycket din hund leker med sina leksaker. En lekfull hund kanske inte har n\u00e5got emot att leka med en leksak i bara 5 minuter innan den g\u00e5r vidare till n\u00e5got annat, medan en inaktiv hund kanske tycker om att tillbringa mer tid med en leksak.<\/p>\n<h3>De b\u00e4sta tuggleksakerna f\u00f6r medelstora raser<\/h3>\n<p>Det finns flera olika typer av tuggben f\u00f6r hundar, s\u00e5 det \u00e4r viktigt att v\u00e4lja ett som passar dina behov. H\u00e4r \u00e4r n\u00e5gra saker du b\u00f6r t\u00e4nka p\u00e5 n\u00e4r du v\u00e4ljer en tuggleksak till din hund:<\/p>\n<ul>\n<li><strong>Storlek<\/strong> &#8211; V\u00e4lj en storlek som passar din hunds mun. Leksaker som \u00e4r f\u00f6r stora kan orsaka kv\u00e4vningsrisk, medan leksaker som \u00e4r f\u00f6r sm\u00e5 inte klarar hundens t\u00e4nder s\u00e5 bra.<\/li>\n<li><strong>H\u00e5llbarhet<\/strong> &#8211; Leta efter leksaker som \u00e4r tillverkade av h\u00e5llbara material som plast, gummi eller nylon. Undvik leksaker av tr\u00e4 eftersom de l\u00e4tt spricker.<\/li>\n<li><strong>Form<\/strong> &#8211; T\u00e4nk p\u00e5 leksakens form. Runda leksaker \u00e4r l\u00e4ttare f\u00f6r hundar att ta tag i \u00e4n fyrkantiga leksaker.<\/li>\n<\/ul>\n<p>[\/vc_column_text][\/vc_column][\/vc_row][vc_row][vc_column width=&#8221;7\/12&#8243;][vc_single_image image=&#8221;254511&#8243; img_size=&#8221;&#8221;][\/vc_column][vc_column width=&#8221;5\/12&#8243;][vc_column_text]<\/p>\n<h2><span style=\"font-family: 'Bebas Neue';font-size: 40px\">De b\u00e4sta tuggleksakerna f\u00f6r hundar \u00e4r tillverkade av naturmaterial<\/span><\/h2>\n<p>Naturliga tuggben f\u00f6r hundar \u00e4r vanligtvis s\u00e4kra f\u00f6r ditt husdjur att \u00e4ta. Det finns dock vissa ingredienser som b\u00f6r undvikas. R\u00e5hudsgodis inneh\u00e5ller till exempel kemikalier som kan irritera din hunds hud. Undvik ocks\u00e5 att anv\u00e4nda n\u00e5gon form av livsmedelsf\u00e4rg\u00e4mnen i din hunds tuggleksaker. Detta kan leda till gastrointestinala st\u00f6rningar.[\/vc_column_text][\/vc_column][\/vc_row]<\/p>\n<\/div>","protected":false},"excerpt":{"rendered":"<p>En naturlig tuggleksak som hundar inte kan f\u00e5 nog av. I mocka f\u00f6r medelstora och stora hundar. 100% naturlig och tv\u00e4ttbar.<br \/>\n<strong><br \/>\nMaterial: <\/strong>Rep: Jute och bomull, Ben: \u00c4kta mockal\u00e4der, kraftigt jutev\u00e4v.<\/p>\n<p><strong>M\u00e5tt: <\/strong>40\u00d79\u00d72 cm<\/p>\n<p>&nbsp;<\/p>\n","protected":false},"featured_media":256432,"comment_status":"open","ping_status":"closed","template":"","meta":{"inline_featured_image":false},"product_brand":[],"product_cat":[973,519],"product_tag":[1116],"class_list":{"0":"post-254818","1":"product","2":"type-product","3":"status-publish","4":"has-post-thumbnail","6":"product_cat-repleksaker","7":"product_cat-aktivitetslek","8":"product_tag-utvalda","9":"product_shipping_class-torrvaror","11":"first","12":"instock","13":"taxable","14":"shipping-taxable","15":"purchasable","16":"product-type-simple"},"composite_virtual":false,"composite_layout":"","composite_add_to_cart_form_location":"","composite_editable_in_cart":false,"composite_sold_individually_context":"","composite_shop_price_calc":"","composite_components":[],"composite_scenarios":[],"bundled_by":["254829","255156"],"bundle_stock_status":"instock","bundle_stock_quantity":47,"bundle_virtual":false,"bundle_layout":"","bundle_add_to_cart_form_location":"","bundle_editable_in_cart":false,"bundle_sold_individually_context":"","bundle_item_grouping":"","bundle_min_size":"","bundle_max_size":"","bundle_price":[],"bundled_items":[],"bundle_sell_ids":[],"_links":{"self":[{"href":"https:\/\/maetpets.com\/sv\/wp-json\/wp\/v2\/product\/254818","targetHints":{"allow":["GET"]}}],"collection":[{"href":"https:\/\/maetpets.com\/sv\/wp-json\/wp\/v2\/product"}],"about":[{"href":"https:\/\/maetpets.com\/sv\/wp-json\/wp\/v2\/types\/product"}],"replies":[{"embeddable":true,"href":"https:\/\/maetpets.com\/sv\/wp-json\/wp\/v2\/comments?post=254818"}],"wp:featuredmedia":[{"embeddable":true,"href":"https:\/\/maetpets.com\/sv\/wp-json\/wp\/v2\/media\/256432"}],"wp:attachment":[{"href":"https:\/\/maetpets.com\/sv\/wp-json\/wp\/v2\/media?parent=254818"}],"wp:term":[{"taxonomy":"product_brand","embeddable":true,"href":"https:\/\/maetpets.com\/sv\/wp-json\/wp\/v2\/product_brand?post=254818"},{"taxonomy":"product_cat","embeddable":true,"href":"https:\/\/maetpets.com\/sv\/wp-json\/wp\/v2\/product_cat?post=254818"},{"taxonomy":"product_tag","embeddable":true,"href":"https:\/\/maetpets.com\/sv\/wp-json\/wp\/v2\/product_tag?post=254818"}],"curies":[{"name":"wp","href":"https:\/\/api.w.org\/{rel}","templated":true}]}}