{"id":247269,"date":"2022-09-05T22:29:56","date_gmt":"2022-09-05T20:29:56","guid":{"rendered":"https:\/\/maetpets.com\/product\/hundbaedd\/"},"modified":"2022-10-16T21:23:39","modified_gmt":"2022-10-16T19:23:39","slug":"hundbaedd","status":"publish","type":"product","link":"https:\/\/maetpets.com\/sv\/produkt\/hundbaedd\/","title":{"rendered":"Hundb\u00e4dd"},"content":{"rendered":"<div class=\"wpb-content-wrapper\"><p>[vc_row][vc_column][vc_column_text]Hundar \u00e4lskar att sova p\u00e5 mysiga platser, s\u00e5 varf\u00f6r inte ge dem ett eget personligt utrymme?<\/p>\n<h2>Hundb\u00e4dd<\/h2>\n<p>Har du en hund som \u00e4lskar att krypa ihop i soffan eller under t\u00e4cket? Varf\u00f6r inte l\u00e5ta honom njuta av sin favoritplats genom att ge honom en egen hunds\u00e4ng?[\/vc_column_text][\/vc_column][\/vc_row]<\/p>\n<\/div>","protected":false},"excerpt":{"rendered":"<p>Hundb\u00e4dd \u00e4r tillverkad av 100 % v\u00e4vd polyester, fukt- och smutsavvisande &#8211; b\u00e4dden kan anv\u00e4ndas utomhus (inte i direkt kontakt med jord och regn).<\/p>\n","protected":false},"featured_media":246464,"comment_status":"open","ping_status":"closed","template":"","meta":{"inline_featured_image":false},"product_brand":[],"product_cat":[857,828],"product_tag":[],"class_list":{"0":"post-247269","1":"product","2":"type-product","3":"status-publish","4":"has-post-thumbnail","6":"product_cat-hundbaeddar","7":"product_cat-hundutrustning","8":"product_shipping_class-torrvaror","10":"first","11":"outofstock","12":"taxable","13":"shipping-taxable","14":"purchasable","15":"product-type-simple"},"composite_virtual":false,"composite_layout":"","composite_add_to_cart_form_location":"","composite_editable_in_cart":false,"composite_sold_individually_context":"","composite_shop_price_calc":"","composite_components":[],"composite_scenarios":[],"bundled_by":[],"bundle_stock_status":"outofstock","bundle_stock_quantity":null,"bundle_virtual":false,"bundle_layout":"","bundle_add_to_cart_form_location":"","bundle_editable_in_cart":false,"bundle_sold_individually_context":"","bundle_item_grouping":"","bundle_min_size":"","bundle_max_size":"","bundle_price":[],"bundled_items":[],"bundle_sell_ids":[],"_links":{"self":[{"href":"https:\/\/maetpets.com\/sv\/wp-json\/wp\/v2\/product\/247269","targetHints":{"allow":["GET"]}}],"collection":[{"href":"https:\/\/maetpets.com\/sv\/wp-json\/wp\/v2\/product"}],"about":[{"href":"https:\/\/maetpets.com\/sv\/wp-json\/wp\/v2\/types\/product"}],"replies":[{"embeddable":true,"href":"https:\/\/maetpets.com\/sv\/wp-json\/wp\/v2\/comments?post=247269"}],"wp:featuredmedia":[{"embeddable":true,"href":"https:\/\/maetpets.com\/sv\/wp-json\/wp\/v2\/media\/246464"}],"wp:attachment":[{"href":"https:\/\/maetpets.com\/sv\/wp-json\/wp\/v2\/media?parent=247269"}],"wp:term":[{"taxonomy":"product_brand","embeddable":true,"href":"https:\/\/maetpets.com\/sv\/wp-json\/wp\/v2\/product_brand?post=247269"},{"taxonomy":"product_cat","embeddable":true,"href":"https:\/\/maetpets.com\/sv\/wp-json\/wp\/v2\/product_cat?post=247269"},{"taxonomy":"product_tag","embeddable":true,"href":"https:\/\/maetpets.com\/sv\/wp-json\/wp\/v2\/product_tag?post=247269"}],"curies":[{"name":"wp","href":"https:\/\/api.w.org\/{rel}","templated":true}]}}