{"id":247268,"date":"2022-09-10T09:39:49","date_gmt":"2022-09-10T07:39:49","guid":{"rendered":"https:\/\/maetpets.com\/product\/keramik-hundskaal-paastaand\/"},"modified":"2022-10-16T21:23:29","modified_gmt":"2022-10-16T19:23:29","slug":"keramik-hundskaal-paastaand","status":"publish","type":"product","link":"https:\/\/maetpets.com\/sv\/produkt\/keramik-hundskaal-paastaand\/","title":{"rendered":"Hundsk\u00e5l i keramik p\u00e5 stativ eller matta"},"content":{"rendered":"<div class=\"wpb-content-wrapper\"><p>[vc_row][vc_column][vc_custom_heading text=&#8221;Hundsk\u00e5l&#8221; font_container=&#8221;tag:h2|font_size:50|text_align:center&#8221; use_theme_fonts=&#8221;yes&#8221;][\/vc_column][\/vc_row][vc_row][vc_column][vc_single_image image=&#8221;246552&#8243; img_size=&#8221;full&#8221;][vc_single_image image=&#8221;246542&#8243; img_size=&#8221;full&#8221;][vc_single_image image=&#8221;246547&#8243; img_size=&#8221;full&#8221;][\/vc_column][\/vc_row]<\/p>\n<\/div>","protected":false},"excerpt":{"rendered":"<p>En fin hundsk\u00e5l i keramik med tr\u00e4st\u00e4llning och halkfri botten imponerar med sin enkla design och h\u00f6ga kvalitet. Bra f\u00f6r hunden och en fr\u00f6jd f\u00f6r \u00f6gonen.<\/p>\n<p>Hundsk\u00e5len har en fin matt yta. K\u00f6p tv\u00e5 och du har ett perfekt kit f\u00f6r b\u00e5de (f\u00e4rsk) hundmat och vatten.<\/p>\n<ul>\n<li>L\u00e4tt att reng\u00f6ra<\/li>\n<li>H\u00f6g kvalitet<\/li>\n<li>Vacker modern design<\/li>\n<\/ul>\n<p><strong>Storlek: <\/strong>diameter: 15 cm, 700 ml<\/p>\n","protected":false},"featured_media":246537,"comment_status":"open","ping_status":"closed","template":"","meta":{"inline_featured_image":false},"product_brand":[],"product_cat":[800],"product_tag":[],"class_list":{"0":"post-247268","1":"product","2":"type-product","3":"status-publish","4":"has-post-thumbnail","6":"product_cat-skaalar-foer-hundar","7":"product_shipping_class-torrvaror","9":"first","10":"outofstock","11":"taxable","12":"shipping-taxable","13":"purchasable","14":"product-type-simple"},"composite_virtual":false,"composite_layout":"","composite_add_to_cart_form_location":"","composite_editable_in_cart":false,"composite_sold_individually_context":"","composite_shop_price_calc":"","composite_components":[],"composite_scenarios":[],"bundled_by":[],"bundle_stock_status":"outofstock","bundle_stock_quantity":null,"bundle_virtual":false,"bundle_layout":"","bundle_add_to_cart_form_location":"","bundle_editable_in_cart":false,"bundle_sold_individually_context":"","bundle_item_grouping":"","bundle_min_size":"","bundle_max_size":"","bundle_price":[],"bundled_items":[],"bundle_sell_ids":[244536,244553],"_links":{"self":[{"href":"https:\/\/maetpets.com\/sv\/wp-json\/wp\/v2\/product\/247268","targetHints":{"allow":["GET"]}}],"collection":[{"href":"https:\/\/maetpets.com\/sv\/wp-json\/wp\/v2\/product"}],"about":[{"href":"https:\/\/maetpets.com\/sv\/wp-json\/wp\/v2\/types\/product"}],"replies":[{"embeddable":true,"href":"https:\/\/maetpets.com\/sv\/wp-json\/wp\/v2\/comments?post=247268"}],"wp:featuredmedia":[{"embeddable":true,"href":"https:\/\/maetpets.com\/sv\/wp-json\/wp\/v2\/media\/246537"}],"wp:attachment":[{"href":"https:\/\/maetpets.com\/sv\/wp-json\/wp\/v2\/media?parent=247268"}],"wp:term":[{"taxonomy":"product_brand","embeddable":true,"href":"https:\/\/maetpets.com\/sv\/wp-json\/wp\/v2\/product_brand?post=247268"},{"taxonomy":"product_cat","embeddable":true,"href":"https:\/\/maetpets.com\/sv\/wp-json\/wp\/v2\/product_cat?post=247268"},{"taxonomy":"product_tag","embeddable":true,"href":"https:\/\/maetpets.com\/sv\/wp-json\/wp\/v2\/product_tag?post=247268"}],"curies":[{"name":"wp","href":"https:\/\/api.w.org\/{rel}","templated":true}]}}