{"id":244536,"date":"2021-01-21T16:46:48","date_gmt":"2021-01-21T15:46:48","guid":{"rendered":"https:\/\/maetpets.com\/product\/lax-risotto-hundmat-med-lax\/"},"modified":"2023-11-09T16:28:04","modified_gmt":"2023-11-09T15:28:04","slug":"hundfoder-med-lax-lax-risotto","status":"publish","type":"product","link":"https:\/\/maetpets.com\/sv\/produkt\/hundfoder-med-lax-lax-risotto\/","title":{"rendered":"Lax Risotto &#8211; Hundfoder med lax"},"content":{"rendered":"<div class=\"wpb-content-wrapper\"><p>[vc_row full_width=&#8221;stretch_row&#8221; css=&#8221;.vc_custom_1640684961874{padding-top: 60px !important;padding-bottom: 30px !important;background-color: #fff9f7 !important;}&#8221;][vc_column width=&#8221;6\/12&#8243;][vc_single_image image=&#8221;246999&#8243; img_size=&#8221;full&#8221;][\/vc_column][vc_column width=&#8221;6\/12&#8243;][vc_column_text]<\/p>\n<h2>M\u00c6T F\u00e4rskt hundfoder med lax<\/h2>\n<p>F\u00e4rskt hundfoder med lax \u00e4r ett enkelt s\u00e4tt att ge din hund en n\u00e4ringsrik m\u00e5ltid som h\u00e5ller den glad och frisk. Fodret inneh\u00e5ller inte majs, vete, soja eller konstgjorda smak\u00e4mnen, f\u00e4rg\u00e4mnen eller konserveringsmedel.[\/vc_column_text][\/vc_column][\/vc_row][vc_row full_width=&#8221;stretch_row&#8221; content_placement=&#8221;middle&#8221; css=&#8221;.vc_custom_1661444386762{padding-top: 100px !important;padding-bottom: 140px !important;background-color: #2a2412 !important;background-position: center !important;background-repeat: no-repeat !important;background-size: cover !important;}&#8221;][vc_column][vc_custom_heading text=&#8221;F\u00c4RSKA NORDISKA INGREDIENSER&#8221; font_container=&#8221;tag:h3|text_align:center|color:%23fff9f7&#8243; use_theme_fonts=&#8221;yes&#8221; css=&#8221;.vc_custom_1606317911272{padding-top: 50px !important;}&#8221;][vc_custom_heading text=&#8221;lax (46 %), ris (13 %), \u00e4rtor, b\u00f6nor, sj\u00f6gr\u00e4s, dill&#8221; font_container=&#8221;tag:h3|font_size:56|text_align:center|color:%2342a98a&#8221; use_theme_fonts=&#8221;yes&#8221;][\/vc_column][\/vc_row][vc_row full_width=&#8221;stretch_row&#8221; css=&#8221;.vc_custom_1658507900364{padding-top: 60px !important;padding-bottom: 60px !important;background-color: #fff9f7 !important;}&#8221;][vc_column width=&#8221;5\/12&#8243;][vc_single_image image=&#8221;234748&#8243; img_size=&#8221;360&#215;360&#8243; alignment=&#8221;center&#8221;][\/vc_column][vc_column width=&#8221;7\/12&#8243;][vc_custom_heading text=&#8221;Daglig dosering&#8221; use_theme_fonts=&#8221;yes&#8221; css=&#8221;.vc_custom_1605879989446{padding-bottom: 30px !important;}&#8221;][vc_column_text]Vid dosering, ta h\u00e4nsyn till hundens aktivitet, tr\u00e4ning, annan n\u00e4ring och mellanm\u00e5l.<\/p>\n<p><b>Rekommenderad daglig dos:<\/b> 2,5% av hundens kroppsvikt.<\/p>\n<p><b>Vikt \/ Rekommenderad daglig ranson (ca.)<\/b><br \/>\n5 kg: 125-150g<br \/>\n10 kg: 250-300g<br \/>\n20 kg: 500 (motsvarande ca 1 korv)<br \/>\n30 kg: 750g<br \/>\n35 kg: 875g<br \/>\n40 kg: 1 000g (motsvarande ca 2 korvar)[\/vc_column_text][\/vc_column][\/vc_row][vc_row full_width=&#8221;stretch_row&#8221; css=&#8221;.vc_custom_1640684961874{padding-top: 60px !important;padding-bottom: 30px !important;background-color: #fff9f7 !important;}&#8221;][vc_column width=&#8221;6\/12&#8243;][vc_single_image image=&#8221;250782&#8243; img_size=&#8221;full&#8221;][\/vc_column][vc_column width=&#8221;6\/12&#8243;][vc_column_text]<\/p>\n<h2>Hundfoder med lax fullproppat med omega 3<\/h2>\n<p>V\u00e5rt f\u00e4rska hundfoder med lax \u00e4r tillverkat av ingredienser av h\u00f6gsta kvalitet f\u00f6r att ge en komplett och balanserad n\u00e4ring. Lax \u00e4r den huvudsakliga ingrediensen med 46%.<\/p>\n<p>Lax \u00e4r en naturlig k\u00e4lla till vitaminrik fiskolja som inneh\u00e5ller omega-3-fettsyror f\u00f6r en glansig p\u00e4ls och frisk hud.<\/p>\n<ul>\n<li>Inga konstgjorda tillsatser, aromer, f\u00e4rg\u00e4mnen eller fyllmedel.<\/li>\n<li>Tillverkad med en unik antioxidantblandning som inneh\u00e5ller E-vitamin f\u00f6r att hj\u00e4lpa till att f\u00f6rl\u00e4nga din hunds liv.<\/li>\n<li>Inneh\u00e5ller naturliga k\u00e4llor till vitaminer, mineraler och proteiner.<\/li>\n<li>Ett komplett foder f\u00f6r vuxna hundar av alla raser med en naturlig k\u00e4lla till vitaminer, mineraler och proteiner.<\/li>\n<\/ul>\n<p>[\/vc_column_text][\/vc_column][\/vc_row][vc_row full_width=&#8221;stretch_row&#8221; css=&#8221;.vc_custom_1666187232652{padding-top: 60px !important;padding-bottom: 60px !important;background-position: center !important;background-repeat: no-repeat !important;background-size: contain !important;}&#8221; el_id=&#8221;n\u00e4ring&#8221;][vc_column][vc_custom_heading text=&#8221;N\u00e4ringsinformation&#8221; use_theme_fonts=&#8221;yes&#8221; css=&#8221;.vc_custom_1606297081281{padding-bottom: 15px !important;}&#8221;][\/vc_column][vc_column width=&#8221;1\/2&#8243;][vc_column_text]<\/p>\n<p class=\"p2\"><strong>N\u00c4RINGSINNEH\u00c5LL <\/strong><\/p>\n<p class=\"p2\">Energi\/Energi 7,7 MJ\/kg 1839 kcal\/kg<br \/>\nProtein &#8230;&#8230;&#8230;&#8230;&#8230;&#8230;&#8230;&#8230;&#8230;..9.3<br \/>\nFett\/Fett &#8230;&#8230;&#8230;&#8230;&#8230;&#8230;&#8230;&#8230;&#8230;.11.9<br \/>\nFiber &#8230;&#8230;&#8230;&#8230;&#8230;&#8230;&#8230;&#8230;&#8230;&#8230;.. 0,7 %<br \/>\nAska &#8230;&#8230;&#8230;&#8230;&#8230;&#8230;&#8230;&#8230; 1,6 %<br \/>\nKalcium 000,4% Kalcium<br \/>\nFosfor\/Fosfor &#8230;&#8230;&#8230;..003%.<\/p>\n<p class=\"p2\">V\u00e4tskeinneh\u00e5ll: 64,5%.<br \/>\nK\u00f6ttinneh\u00e5ll: 46% k\u00f6ttinneh\u00e5ll<\/p>\n<p>[\/vc_column_text][\/vc_column][vc_column width=&#8221;1\/2&#8243;][vc_column_text]<b>Naturligt inneh\u00e5llande n\u00e4rings\u00e4mnen:<\/b><\/p>\n<p>Vitamin A 1103 IU\/kg, vitamin D 1376 IU\/kg, vitamin E 45 IU\/kg, vitamin C 31 mg\/kg, vitamin B1 1,8 mg\/kg, vitamin B2 0,7 mg\/kg, vitamin B6 3,1 mg\/kg, vitamin B12 12,5 \u03bcg\/kg, biotin 5,4 \u03bcg\/kg, niacin 39 mg\/kg, pantotensyra 7,1 mg\/kg, folsyra 0,06 mg\/kg, zink 70 mg\/kg, magnesium 520 mg\/kg, natrium 2 300 mg\/kg, j\u00e4rn 28 mg\/kg, koppar 5 mg\/kg, mangan 4 mg\/kg, kalium 1,6 g\/kg, jod 430 \u03bcg\/kg.[\/vc_column_text][vc_column_text]<b>Varav tillsatta n\u00e4ringstillsatser:<\/b><\/p>\n<p>Vitamin D 450 IE \/ kg, Vitamin E 40 IE \/ kg, zink 60 mg \/ kg, magnesium 320 mg \/ kg, koppar 5 mg \/ kg, mangan 1,8 mg \/ kg, jod 430 \u03bcg \/ kg.[\/vc_column_text][\/vc_column][\/vc_row][vc_row full_width=&#8221;stretch_row_content_no_spaces&#8221; css=&#8221;.vc_custom_1658507887513{padding-top: 60px !important;padding-right: 20px !important;padding-bottom: 60px !important;padding-left: 20px !important;background-color: #2a2412 !important;background-position: center !important;background-repeat: no-repeat !important;background-size: cover !important;}&#8221;][vc_column width=&#8221;1\/3&#8243; css=&#8221;.vc_custom_1605610677798{padding-right: 30px !important;padding-left: 30px !important;}&#8221;][\/vc_column][vc_column width=&#8221;1\/3&#8243;][vc_custom_heading text=&#8221;\u201dMin lilla shih tzu har en ganska k\u00e4nslig mage och t\u00e5l inte all hundmat. Men med M\u00c6T Pets hundmat m\u00e5r min hunds mage riktigt bra.&#8221; font_container=&#8221;tag:p|font_size:30|text_align:center|color:%23fff9f7&#8243; use_theme_fonts=&#8221;yes&#8221; css=&#8221;.vc_custom_1607504642445{padding-bottom: 20px !important;}&#8221;][vc_custom_heading text=&#8221;Det \u00e4r dagens h\u00f6jdpunkt f\u00f6r Kenzo n\u00e4r vi hittar M\u00c6T f\u00e4rska hundmat med Chicken Deli.\u201d&#8221; font_container=&#8221;tag:p|font_size:30|text_align:center|color:%23fff9f7&#8243; use_theme_fonts=&#8221;yes&#8221; css=&#8221;.vc_custom_1663323963478{padding-bottom: 20px !important;}&#8221;][vc_single_image image=&#8221;234868&#8243; alignment=&#8221;center&#8221;][vc_custom_heading text=&#8221;Heidi och hennes 3-\u00e5riga shih tzu Kenzo&#8221; font_container=&#8221;tag:h4|text_align:center|color:%23fdda39&#8243; use_theme_fonts=&#8221;yes&#8221; css=&#8221;.vc_custom_1607534625912{padding-bottom: 50px !important;}&#8221; link=&#8221;url:https%3A%2F%2Fwww.instagram.com%2Fkenzo_shih_tzu%2F|target:_blank|&#8221;][\/vc_column][vc_column width=&#8221;1\/3&#8243;][\/vc_column][\/vc_row][vc_row][vc_column css=&#8221;.vc_custom_1658507060885{padding-top: 60px !important;padding-bottom: 30px !important;}&#8221;][vc_column_text]<\/p>\n<h2>Vad best\u00e5r laxrisotto av?<\/h2>\n<p>Maten \u00e4r gjord p\u00e5 f\u00e4rsk lax tillsammans med andra naturliga ingredienser. Den inneh\u00e5ller inget tillsatt socker, salt eller fett. Vi anv\u00e4nder k\u00f6ttet fr\u00e5n hela laxen och inte bara fiskmj\u00f6l, som kanske \u00e4r mer baserat p\u00e5 ben som m\u00e5nga billiga m\u00e4rken tenderar att g\u00f6ra.<\/p>\n<h2>Har lax n\u00e5gra h\u00e4lsof\u00f6rdelar?<\/h2>\n<p>F\u00e4rsk hundmat med lax \u00e4r en utm\u00e4rkt k\u00e4lla till protein, vitaminer, mineraler, omega-fettsyror och antioxidanter. Den inneh\u00e5ller ocks\u00e5 h\u00f6ga halter av vitamin D3, som hj\u00e4lper till att st\u00f6dja benens tillv\u00e4xt och utveckling.<\/p>\n<h2>Varf\u00f6r ska jag ge min hund f\u00e4rsk lax?<\/h2>\n<p>Om du letar efter ett h\u00e4lsosammare alternativ \u00e4n torrfoder kan du \u00f6verv\u00e4ga att ge din vovve hundfoder med f\u00e4rsk lax ist\u00e4llet. Detta n\u00e4ringsrika godis \u00e4r fullproppat med n\u00e4rings\u00e4mnen och inneh\u00e5ller inga tillsatta konserveringsmedel, fyllnadsmedel eller konstgjorda ingredienser.[\/vc_column_text][\/vc_column][\/vc_row]<\/p>\n<\/div>","protected":false},"excerpt":{"rendered":"<p>Laxrisotto med uts\u00f6kt lax, nyttiga gr\u00f6nsaker och ris. En glutenfri m\u00e5ltid f\u00f6r din hund.<\/p>\n<p>Hundfoder med lax \u00e4r en naturlig k\u00e4lla till vitaminer och de nyttiga omega-3-fettsyrorna fr\u00e4mjar p\u00e4lsens och ledernas h\u00e4lsa. Laxrisotto inneh\u00e5ller mycket energi och \u00e4r d\u00e4rf\u00f6r l\u00e4mplig som foder till aktiva hundar eller hundar som beh\u00f6ver mer energi.<\/p>\n<p><strong>NETTOVIKT: 500 g<\/strong><\/p>\n<p><strong>INNEH\u00c5LL:<\/strong> lax (46 %), ris (13 %), vatten, \u00e4rter, b\u00f6nor, emulgeringsmedel (E464, lecitin E322), salt, t\u00e5ng, dill, vitaminer och mineraler.<\/p>\n<p><span style=\"text-decoration: underline;\"><a href=\"#nutrition\"><strong>Se n\u00e4ringsinneh\u00e5ll<\/strong><\/a><\/span><\/p>\n","protected":false},"featured_media":244543,"comment_status":"open","ping_status":"closed","template":"","meta":{"inline_featured_image":false},"product_brand":[],"product_cat":[271],"product_tag":[784,540],"class_list":{"0":"post-244536","1":"product","2":"type-product","3":"status-publish","4":"has-post-thumbnail","6":"product_cat-hundmat","7":"product_tag-hundfoder-med-lax","8":"product_tag-risotto-sv","9":"product_shipping_class-faersk-mat","11":"first","12":"outofstock","13":"taxable","14":"shipping-taxable","15":"purchasable","16":"product-type-simple"},"composite_virtual":false,"composite_layout":"","composite_add_to_cart_form_location":"","composite_editable_in_cart":false,"composite_sold_individually_context":"","composite_shop_price_calc":"","composite_components":[],"composite_scenarios":[],"bundled_by":["254849","263555"],"bundle_stock_status":"outofstock","bundle_stock_quantity":null,"bundle_virtual":false,"bundle_layout":"","bundle_add_to_cart_form_location":"","bundle_editable_in_cart":false,"bundle_sold_individually_context":"","bundle_item_grouping":"","bundle_min_size":"","bundle_max_size":"","bundle_price":[],"bundled_items":[],"bundle_sell_ids":[],"_links":{"self":[{"href":"https:\/\/maetpets.com\/sv\/wp-json\/wp\/v2\/product\/244536","targetHints":{"allow":["GET"]}}],"collection":[{"href":"https:\/\/maetpets.com\/sv\/wp-json\/wp\/v2\/product"}],"about":[{"href":"https:\/\/maetpets.com\/sv\/wp-json\/wp\/v2\/types\/product"}],"replies":[{"embeddable":true,"href":"https:\/\/maetpets.com\/sv\/wp-json\/wp\/v2\/comments?post=244536"}],"wp:featuredmedia":[{"embeddable":true,"href":"https:\/\/maetpets.com\/sv\/wp-json\/wp\/v2\/media\/244543"}],"wp:attachment":[{"href":"https:\/\/maetpets.com\/sv\/wp-json\/wp\/v2\/media?parent=244536"}],"wp:term":[{"taxonomy":"product_brand","embeddable":true,"href":"https:\/\/maetpets.com\/sv\/wp-json\/wp\/v2\/product_brand?post=244536"},{"taxonomy":"product_cat","embeddable":true,"href":"https:\/\/maetpets.com\/sv\/wp-json\/wp\/v2\/product_cat?post=244536"},{"taxonomy":"product_tag","embeddable":true,"href":"https:\/\/maetpets.com\/sv\/wp-json\/wp\/v2\/product_tag?post=244536"}],"curies":[{"name":"wp","href":"https:\/\/api.w.org\/{rel}","templated":true}]}}