{"id":242004,"date":"2022-05-19T20:30:31","date_gmt":"2022-05-19T18:30:31","guid":{"rendered":"https:\/\/maetpets.com\/product\/biologiskt-nedbrytbara-hundpaasar\/"},"modified":"2023-10-29T02:08:15","modified_gmt":"2023-10-29T01:08:15","slug":"biologiskt-nedbrytbara-hundpaasar","status":"publish","type":"product","link":"https:\/\/maetpets.com\/sv\/produkt\/biologiskt-nedbrytbara-hundpaasar\/","title":{"rendered":"Biologiskt nedbrytbara hundp\u00e5sar &#8211; 112 st"},"content":{"rendered":"<div class=\"wpb-content-wrapper\"><p>[vc_row full_width=&#8221;stretch_row&#8221; css=&#8221;.vc_custom_1652985314434{padding-top: 30px !important;padding-bottom: 60px !important;background-color: #193119 !important;}&#8221;][vc_column width=&#8221;1\/6&#8243;][\/vc_column][vc_column width=&#8221;4\/6&#8243;][vc_custom_heading text=&#8221;100 % biologiskt nedbrytbara hundp\u00e5sar&#8221; font_container=&#8221;tag:h2|font_size:50|text_align:center|color:%23ec5f43&#8243; use_theme_fonts=&#8221;yes&#8221; css=&#8221;.vc_custom_1652985584429{padding-bottom: 20px !important;}&#8221;][vc_column_text]<span style=\"color: #fff9f7;\">100 % biologiskt nedbrytbara hundp\u00e5sar<\/span><br \/>\n<span style=\"color: #fff9f7;\">Vi k\u00e4nner alla till synen av en hundv\u00e4ska som kastas i naturen. En vanlig plastp\u00e5se bryts ner i naturen efter 10-20 \u00e5r, men med biologiskt nedbrytbara hundp\u00e5sar bryts p\u00e5sen ner i n\u00e4stan samma takt som inneh\u00e5llet. Det betyder ocks\u00e5 att du enkelt kan sl\u00e4nga hundp\u00e5sen i ditt gr\u00f6na papperskorg. Har du kompost s\u00e5 finns det s\u00e5klart \u00e4ven komposterbara hundp\u00e5sar.<\/span><\/p>\n<p><span style=\"color: #fff9f7;\">V\u00e5ra hundv\u00e4skor \u00e4r 100% gratis<\/span><br \/>\n<span style=\"color: #fff9f7;\">\u2705 GMO<\/span><br \/>\n<span style=\"color: #fff9f7;\">\u2705 Plast<\/span><br \/>\n<span style=\"color: #fff9f7;\">\u2705 Polyeten<\/span><\/p>\n<p><span style=\"color: #fff9f7;\">Och hundp\u00e5sarna \u00e4r kompostcertifierade<\/span>[\/vc_column_text][\/vc_column][vc_column width=&#8221;1\/6&#8243;][\/vc_column][\/vc_row][vc_row full_width=&#8221;stretch_row&#8221; css=&#8221;.vc_custom_1640684961874{padding-top: 60px !important;padding-bottom: 30px !important;background-color: #fff9f7 !important;}&#8221;][vc_column width=&#8221;6\/12&#8243;][vc_single_image image=&#8221;241385&#8243; img_size=&#8221;full&#8221;][\/vc_column][vc_column width=&#8221;6\/12&#8243;][vc_column_text]<\/p>\n<h2>En milj\u00f6v\u00e4nlig hundv\u00e4ska<\/h2>\n<p>&#8211; Rivs\u00e4ker, ogenomskinlig och fukts\u00e4ker<br \/>\n&#8211; Bekv\u00e4m k\u00e4nsla, utm\u00e4rkt avrivningsperforering, l\u00e4tt att \u00f6ppna<br \/>\n&#8211; Extra stor version<br \/>\n&#8211; Toppmoderna plastmaterial<br \/>\n&#8211; Enkel och s\u00e4ker hantering av hundavfall<br \/>\n\u2013 M\u00e5nga \u00e5rs erfarenhet och utvecklingsarbete<br \/>\nL\u00e5dor av FSC-certifierat material[\/vc_column_text]<a href=\"#topp\" class=\"konte-button button-normal text-default align-inline large   button square\">K\u00f6p<\/a>[\/vc_column][\/vc_row][vc_row full_width=&#8221;stretch_row&#8221; css=&#8221;.vc_custom_1640175618733{padding-top: 30px !important;padding-bottom: 30px !important;}&#8221;][vc_column width=&#8221;6\/12&#8243;][vc_column_text]<\/p>\n<h2>f\u00e5lla v\u00e4skor med gott samvete<\/h2>\n<p>Som vi vet genom v\u00e5ra regelbundna sanerings\u00e5tg\u00e4rder, men ocks\u00e5 genom utbyten med m\u00e5nga st\u00e4der och kommuner, hamnar fortfarande ett stort antal hundavfallsp\u00e5sar i milj\u00f6n. Eftersom dessa, till skillnad fr\u00e5n hundar, inte i sig \u00e4r biologiskt nedbrytbara, kan de representera ett stort plastavfallsproblem i \u00e5rtionden eller till och med \u00e5rhundraden.<\/p>\n<p>Det \u00e4r d\u00e4rf\u00f6r avg\u00f6rande f\u00f6r oss att s\u00e5 m\u00e5nga hundavfallsp\u00e5sar som m\u00f6jligt ers\u00e4tts med nedbrytbart material. Med v\u00e5ra biologiskt nedbrytbara hundavfallsp\u00e5sar erbjuder vi dig den perfekta l\u00f6sningen:<\/p>\n<p>&#8211; Tillverkad av den modernaste generationen av bioplaster<br \/>\n&#8211; OK kompost HOME certifierad (testad vid 20 &#8211; 30 \u00b0 C) av T\u00dcV \u00d6sterrike<br \/>\nNedbryts till minst 90 % under hemkompostf\u00f6rh\u00e5llanden senast inom 12 m\u00e5nader<br \/>\n&#8211; Under goda nedbrytningsf\u00f6rh\u00e5llanden \u00e4r n\u00e4stan fullst\u00e4ndig nedbrytning m\u00f6jlig efter bara 3 m\u00e5nader<br \/>\n&#8211; St\u00e4rkelseblandning gjord av 30 % f\u00f6rnybara r\u00e5varor (majsst\u00e4rkelse, avfall) och biologiskt nedbrytbar sampolymer<br \/>\n&#8211; Fri fr\u00e5n mjukg\u00f6rare, polyeten och genetiskt modifierade \u00e4mnen<br \/>\n&#8211; Rullk\u00e4rnorna av kartong[\/vc_column_text][\/vc_column][vc_column width=&#8221;6\/12&#8243;][vc_single_image image=&#8221;241375&#8243; img_size=&#8221;full&#8221;][\/vc_column][\/vc_row][vc_row full_width=&#8221;stretch_row&#8221; css=&#8221;.vc_custom_1640175610054{padding-top: 30px !important;padding-bottom: 30px !important;}&#8221;][vc_column width=&#8221;5\/12&#8243;][vc_single_image image=&#8221;241380&#8243; img_size=&#8221;full&#8221;][\/vc_column][vc_column width=&#8221;7\/12&#8243;][vc_column_text]<\/p>\n<h2>Vad betyder &#8220;biologiskt nedbrytbar&#8221; plast?<\/h2>\n<p>Termen &#8220;bio&#8221; anv\u00e4nds i plast om material som antingen \u00e4r biobaserade (inneh\u00e5ller en andel f\u00f6rnybara r\u00e5varor, oavsett andelens m\u00e4ngd), \u00e4r biologiskt nedbrytbara eller uppfyller b\u00e5da kriterierna.<\/p>\n<p>En biologiskt nedbrytbar plast som \u00e4r 100 % petroleumbaserad kallas d\u00e4rf\u00f6r ocks\u00e5 f\u00f6r bioplast eller bioplast, precis som en plast som \u00e4r gjord av 100 % vegetabiliska komponenter men inte \u00e4r nedbrytbar. Plastens kemiska struktur \u00e4r avg\u00f6rande. Till skillnad fr\u00e5n livsmedel betyder termen &#8220;bio&#8221; i plast inte den ekologiska produktionen av de f\u00f6rnybara r\u00e5varorna som anv\u00e4nds.[\/vc_column_text]<a href=\"#topp\" class=\"konte-button button-normal text-default align-inline large   button square\">K\u00f6p<\/a>[\/vc_column][\/vc_row][vc_row full_width=&#8221;stretch_row_content_no_spaces&#8221;][vc_column][vc_single_image image=&#8221;241370&#8243; img_size=&#8221;full&#8221;][\/vc_column][\/vc_row][vc_row][vc_column width=&#8221;2\/12&#8243;][\/vc_column][vc_column width=&#8221;8\/12&#8243;][vc_column_text]Vi hund\u00e4gare \u00e4lskar att g\u00e5 i gr\u00f6nomr\u00e5den eller vid vattnet \u2013 med andra ord d\u00e4r det g\u00f6r extra ont n\u00e4r plast l\u00e4mnas i naturen. Ofta l\u00e4mnas dock hundp\u00e5sar i naturen. Dessutom kasseras m\u00e5nga papperskorgar till och med avsiktligt f\u00f6r att spara pengar.<\/p>\n<h3>Den enkla l\u00f6sningen<\/h3>\n<p>Det \u00e4r d\u00e4rf\u00f6r avg\u00f6rande f\u00f6r oss att s\u00e5 m\u00e5nga hundp\u00e5sar som m\u00f6jligt byts ut mot biologiskt nedbrytbart material. F\u00f6r att s\u00e4kerst\u00e4lla att biologisk nedbrytning \u00e4ven i grunden \u00e4r m\u00f6jlig vid omgivningstemperaturer \u00e4r hemkomposterbarhet (OK compost HOME-certifiering) den b\u00e4sta indikatorn ur v\u00e5r synvinkel, eftersom testning h\u00e4r utf\u00f6rs vid 20 &#8211; 30 \u00b0 C, dock under definierade f\u00f6rh\u00e5llanden. I j\u00e4mf\u00f6relse med industriell komposterbarhet, vid temperaturer ibland \u00f6ver 60 \u00b0 C samt oxo bajsp\u00e5sar (ca 98 % PE + 2 % tillsatser som EPI eller d2w), \u00e4r hemkomposterbarhet d\u00e4rf\u00f6r ett viktigt merv\u00e4rde f\u00f6r oss.<\/p>\n<p>Biologiskt nedbrytbara hundavfallsp\u00e5sar fr\u00e5n The Sustainable People \u00e4r gjorda av senaste generationens bioplast och \u00e4r OK compost HOME certifierade, dvs. minst 90 % nedbruten under hemkompostf\u00f6rh\u00e5llanden senast inom 12 m\u00e5nader. Under goda nedbrytningsf\u00f6rh\u00e5llanden i Hamburgs natur (tillr\u00e4cklig n\u00e4rvaro av mikroorganismer, solstr\u00e5lning, fukt) fanns bara en del av kn\u00f6len kvar efter tre m\u00e5nader i ett av deras tester under v\u00e5ren.[\/vc_column_text]<p class=\"konte-button-wrapper text-center\"><a href=\"#topp\" class=\"konte-button button-normal text-default align-center large   button square\">K\u00f6p<\/a><\/p>[\/vc_column][vc_column width=&#8221;2\/12&#8243;][\/vc_column][\/vc_row][vc_row][vc_column width=&#8221;2\/12&#8243;][\/vc_column][vc_column width=&#8221;8\/12&#8243;][vc_custom_heading text=&#8221;Fr\u00e5gor och svar&#8221; font_container=&#8221;tag:h2|text_align:center&#8221; use_theme_fonts=&#8221;yes&#8221;][vc_toggle title=&#8221;Vad betyder bio i bioplast?&#8221;]Termen &#8220;bio&#8221; anv\u00e4nds i plast om material som antingen \u00e4r biobaserade (inneh\u00e5ller en andel f\u00f6rnybara r\u00e5varor, oavsett andelens m\u00e4ngd), \u00e4r biologiskt nedbrytbara eller uppfyller b\u00e5da kriterierna.<\/p>\n<p>En plast som \u00e4r 100% gjord av petroleum kallas d\u00e4rf\u00f6r ocks\u00e5 f\u00f6r bioplast eller bioplast, precis som en plast som \u00e4r gjord av 100% vegetabiliska komponenter, men som inte \u00e4r nedbrytbar. Till skillnad fr\u00e5n livsmedel betyder termen &#8220;bio&#8221; i plast inte den ekologiska produktionen av de f\u00f6rnybara r\u00e5varorna som anv\u00e4nds.[\/vc_toggle][\/vc_column][vc_column width=&#8221;2\/12&#8243;][\/vc_column][\/vc_row]<\/p>\n<\/div>","protected":false},"excerpt":{"rendered":"<p>Biologiskt nedbrytbara hundp\u00e5sar \u00e4r det h\u00e5llbara valet. Hundp\u00e5sarna \u00e4r tillverkade av ett tjockt och slitstarkt material och \u00e4r l\u00e4tta att ta bort. Sustainable Peoples prisbel\u00f6nta biologiskt nedbrytbara hundp\u00e5sar \u00e4r tillverkade av 90 % f\u00f6rnybara resurser, vilket g\u00f6r dem till en naturlig del av en milj\u00f6medveten hunds vardag.<\/p>\n<p><strong>Inneh\u00e5ll<\/strong>: 8 rullar 23 x 35 cm &#8211; 112 st<\/p>\n","protected":false},"featured_media":241399,"comment_status":"open","ping_status":"closed","template":"","meta":{"inline_featured_image":false},"product_brand":[],"product_cat":[828,712],"product_tag":[1116],"class_list":{"0":"post-242004","1":"product","2":"type-product","3":"status-publish","4":"has-post-thumbnail","6":"product_cat-hundutrustning","7":"product_cat-hundpaasar","8":"product_tag-utvalda","9":"product_shipping_class-torrvaror","11":"first","12":"instock","13":"sale","14":"taxable","15":"shipping-taxable","16":"purchasable","17":"product-type-simple"},"composite_virtual":false,"composite_layout":"","composite_add_to_cart_form_location":"","composite_editable_in_cart":false,"composite_sold_individually_context":"","composite_shop_price_calc":"","composite_components":[],"composite_scenarios":[],"bundled_by":["254836"],"bundle_stock_status":"instock","bundle_stock_quantity":37,"bundle_virtual":false,"bundle_layout":"","bundle_add_to_cart_form_location":"","bundle_editable_in_cart":false,"bundle_sold_individually_context":"","bundle_item_grouping":"","bundle_min_size":"","bundle_max_size":"","bundle_price":[],"bundled_items":[],"bundle_sell_ids":[],"_links":{"self":[{"href":"https:\/\/maetpets.com\/sv\/wp-json\/wp\/v2\/product\/242004","targetHints":{"allow":["GET"]}}],"collection":[{"href":"https:\/\/maetpets.com\/sv\/wp-json\/wp\/v2\/product"}],"about":[{"href":"https:\/\/maetpets.com\/sv\/wp-json\/wp\/v2\/types\/product"}],"replies":[{"embeddable":true,"href":"https:\/\/maetpets.com\/sv\/wp-json\/wp\/v2\/comments?post=242004"}],"wp:featuredmedia":[{"embeddable":true,"href":"https:\/\/maetpets.com\/sv\/wp-json\/wp\/v2\/media\/241399"}],"wp:attachment":[{"href":"https:\/\/maetpets.com\/sv\/wp-json\/wp\/v2\/media?parent=242004"}],"wp:term":[{"taxonomy":"product_brand","embeddable":true,"href":"https:\/\/maetpets.com\/sv\/wp-json\/wp\/v2\/product_brand?post=242004"},{"taxonomy":"product_cat","embeddable":true,"href":"https:\/\/maetpets.com\/sv\/wp-json\/wp\/v2\/product_cat?post=242004"},{"taxonomy":"product_tag","embeddable":true,"href":"https:\/\/maetpets.com\/sv\/wp-json\/wp\/v2\/product_tag?post=242004"}],"curies":[{"name":"wp","href":"https:\/\/api.w.org\/{rel}","templated":true}]}}