{"id":242002,"date":"2022-05-13T17:41:07","date_gmt":"2022-05-13T15:41:07","guid":{"rendered":"https:\/\/maetpets.com\/product\/darth-duck\/"},"modified":"2025-03-05T14:46:21","modified_gmt":"2025-03-05T13:46:21","slug":"hundleksaker-och-darth-and","status":"publish","type":"product","link":"https:\/\/maetpets.com\/sv\/produkt\/hundleksaker-och-darth-and\/","title":{"rendered":"Darth Duck"},"content":{"rendered":"","protected":false},"excerpt":{"rendered":"<p>I ett parallellt universum d\u00e4r Star Wars utspelar sig med ankor, tar den onde Darth Duck \u00f6ver det k\u00e4nda universum. Bara din hunni kan ta upp kampen!<\/p>\n<p>Den andra \u00e4r gjord av slitstarkt material och t\u00e4ckt med \u00e4kta mjukt mockal\u00e4der som \u00e4r ofarligt f\u00f6r husdjurs tandk\u00f6tt och matsm\u00e4ltning. Inneh\u00e5llet \u00e4r gjort av kokosfibrer.<\/p>\n<p>Plyschsanden \u00e4r l\u00e4mplig f\u00f6r medelstora och stora hundar. Leksaker \u00e4r hypoallergena.<\/p>\n","protected":false},"featured_media":256442,"comment_status":"open","ping_status":"closed","template":"","meta":{"inline_featured_image":false},"product_brand":[],"product_cat":[707,298],"product_tag":[],"class_list":{"0":"post-242002","1":"product","2":"type-product","3":"status-publish","4":"has-post-thumbnail","6":"product_cat-plysch","7":"product_cat-hundleksaker","8":"product_shipping_class-torrvaror","10":"first","11":"outofstock","12":"taxable","13":"shipping-taxable","14":"purchasable","15":"product-type-simple"},"composite_virtual":false,"composite_layout":"","composite_add_to_cart_form_location":"","composite_editable_in_cart":false,"composite_sold_individually_context":"","composite_shop_price_calc":"","composite_components":[],"composite_scenarios":[],"bundled_by":["254829"],"bundle_stock_status":"outofstock","bundle_stock_quantity":0,"bundle_virtual":false,"bundle_layout":"","bundle_add_to_cart_form_location":"","bundle_editable_in_cart":false,"bundle_sold_individually_context":"","bundle_item_grouping":"","bundle_min_size":"","bundle_max_size":"","bundle_price":[],"bundled_items":[],"bundle_sell_ids":[],"_links":{"self":[{"href":"https:\/\/maetpets.com\/sv\/wp-json\/wp\/v2\/product\/242002","targetHints":{"allow":["GET"]}}],"collection":[{"href":"https:\/\/maetpets.com\/sv\/wp-json\/wp\/v2\/product"}],"about":[{"href":"https:\/\/maetpets.com\/sv\/wp-json\/wp\/v2\/types\/product"}],"replies":[{"embeddable":true,"href":"https:\/\/maetpets.com\/sv\/wp-json\/wp\/v2\/comments?post=242002"}],"wp:featuredmedia":[{"embeddable":true,"href":"https:\/\/maetpets.com\/sv\/wp-json\/wp\/v2\/media\/256442"}],"wp:attachment":[{"href":"https:\/\/maetpets.com\/sv\/wp-json\/wp\/v2\/media?parent=242002"}],"wp:term":[{"taxonomy":"product_brand","embeddable":true,"href":"https:\/\/maetpets.com\/sv\/wp-json\/wp\/v2\/product_brand?post=242002"},{"taxonomy":"product_cat","embeddable":true,"href":"https:\/\/maetpets.com\/sv\/wp-json\/wp\/v2\/product_cat?post=242002"},{"taxonomy":"product_tag","embeddable":true,"href":"https:\/\/maetpets.com\/sv\/wp-json\/wp\/v2\/product_tag?post=242002"}],"curies":[{"name":"wp","href":"https:\/\/api.w.org\/{rel}","templated":true}]}}