{"id":241997,"date":"2022-05-13T16:58:02","date_gmt":"2022-05-13T14:58:02","guid":{"rendered":"https:\/\/maetpets.com\/product\/foxy-bonden\/"},"modified":"2022-05-20T20:49:35","modified_gmt":"2022-05-20T18:49:35","slug":"foxy-bonden","status":"publish","type":"product","link":"https:\/\/maetpets.com\/sv\/produkt\/foxy-bonden\/","title":{"rendered":"Foxy bonden"},"content":{"rendered":"<div class=\"wpb-content-wrapper\"><p>[vc_row][vc_column][vc_single_image image=&#8221;241221&#8243; img_size=&#8221;full&#8221;][vc_single_image image=&#8221;241226&#8243; img_size=&#8221;full&#8221;][vc_single_image image=&#8221;241231&#8243; img_size=&#8221;full&#8221;][\/vc_column][\/vc_row]<\/p>\n<\/div>","protected":false},"excerpt":{"rendered":"<p>Foxy \u00e4r en riktig ekor\u00e4v. Han \u00e4r gjord av organiska material och har ett l\u00e5gt klimatavtryck.<\/p>\n<p>R\u00e4ven \u00e4r ett av de mest k\u00e4nda d\u00e4ggdjuren i Danmark. R\u00e4ven \u00e4r utbredd i hela landet d\u00e4r den lever b\u00e5de i st\u00e4derna, p\u00e5 landsbygden och i naturen. Han \u00e4r d\u00e4rf\u00f6r en sj\u00e4lvklar lekkamrat f\u00f6r din hunni.<\/p>\n<p>Bra f\u00f6r valpar d\u00e5 det inte \u00e4r n\u00e5gra h\u00e5rda element i och fyllningen \u00e4r mjuk. Rekommenderas f\u00f6r inomhusbruk och kan anv\u00e4ndas f\u00f6r tr\u00e4ning n\u00e4r hunden beh\u00f6ver l\u00e4ra sig att sl\u00e4ppa taget.<\/p>\n","protected":false},"featured_media":241216,"comment_status":"open","ping_status":"closed","template":"","meta":{"inline_featured_image":false},"product_brand":[],"product_cat":[707],"product_tag":[],"class_list":{"0":"post-241997","1":"product","2":"type-product","3":"status-publish","4":"has-post-thumbnail","6":"product_cat-plysch","7":"product_shipping_class-torrvaror","9":"first","10":"outofstock","11":"taxable","12":"shipping-taxable","13":"purchasable","14":"product-type-simple"},"composite_virtual":false,"composite_layout":"","composite_add_to_cart_form_location":"","composite_editable_in_cart":false,"composite_sold_individually_context":"","composite_shop_price_calc":"","composite_components":[],"composite_scenarios":[],"bundled_by":[],"bundle_stock_status":"outofstock","bundle_stock_quantity":0,"bundle_virtual":false,"bundle_layout":"","bundle_add_to_cart_form_location":"","bundle_editable_in_cart":false,"bundle_sold_individually_context":"","bundle_item_grouping":"","bundle_min_size":"","bundle_max_size":"","bundle_price":[],"bundled_items":[],"bundle_sell_ids":[],"_links":{"self":[{"href":"https:\/\/maetpets.com\/sv\/wp-json\/wp\/v2\/product\/241997","targetHints":{"allow":["GET"]}}],"collection":[{"href":"https:\/\/maetpets.com\/sv\/wp-json\/wp\/v2\/product"}],"about":[{"href":"https:\/\/maetpets.com\/sv\/wp-json\/wp\/v2\/types\/product"}],"replies":[{"embeddable":true,"href":"https:\/\/maetpets.com\/sv\/wp-json\/wp\/v2\/comments?post=241997"}],"wp:featuredmedia":[{"embeddable":true,"href":"https:\/\/maetpets.com\/sv\/wp-json\/wp\/v2\/media\/241216"}],"wp:attachment":[{"href":"https:\/\/maetpets.com\/sv\/wp-json\/wp\/v2\/media?parent=241997"}],"wp:term":[{"taxonomy":"product_brand","embeddable":true,"href":"https:\/\/maetpets.com\/sv\/wp-json\/wp\/v2\/product_brand?post=241997"},{"taxonomy":"product_cat","embeddable":true,"href":"https:\/\/maetpets.com\/sv\/wp-json\/wp\/v2\/product_cat?post=241997"},{"taxonomy":"product_tag","embeddable":true,"href":"https:\/\/maetpets.com\/sv\/wp-json\/wp\/v2\/product_tag?post=241997"}],"curies":[{"name":"wp","href":"https:\/\/api.w.org\/{rel}","templated":true}]}}