{"id":241985,"date":"2022-05-13T17:54:44","date_gmt":"2022-05-13T15:54:44","guid":{"rendered":"https:\/\/maetpets.com\/product\/una-den-urbana-enhoerningen\/"},"modified":"2025-02-22T16:47:04","modified_gmt":"2025-02-22T15:47:04","slug":"enhorning-hund-leksak-una","status":"publish","type":"product","link":"https:\/\/maetpets.com\/sv\/produkt\/enhorning-hund-leksak-una\/","title":{"rendered":"Enh\u00f6rningen Evi"},"content":{"rendered":"<div class=\"wpb-content-wrapper\"><p>[vc_row][vc_column][vc_column_text]<\/p>\n<h2>Hundleksaker med enh\u00f6rning<\/h2>\n<p>V\u00e5ra hundleksaker \u00e4r utformade f\u00f6r att ge o\u00f6vertr\u00e4ffad h\u00e5llbarhet och roligt inneh\u00e5ll som kommer att h\u00e5lla \u00e4ven den mest lekfulla enh\u00f6rningen underh\u00e5llen i timmar. Med v\u00e5r skr\u00e4ddarsydda kombination av slitstarkt l\u00e4der och naturliga kokosfiberfyllningar \u00e4r den h\u00e4r leksaken det perfekta valet f\u00f6r aktiva hundar som \u00e4lskar att bita och leka.<\/p>\n<h2>Produktens egenskaper<\/h2>\n<ul>\n<li><strong>Extremt slitstarkt mockal\u00e4der:<\/strong> V\u00e5ra hundleksaker \u00e4r tillverkade av h\u00f6gkvalitativt l\u00e4der som \u00e4r gjort f\u00f6r att t\u00e5la starka bett och drag. Detta g\u00f6r att ditt husdjur kan leka och tugga under l\u00e5ng tid utan att beh\u00f6va oroa sig f\u00f6r att det ska f\u00f6rst\u00f6ras.<\/li>\n<li><strong>Fyllning av naturliga kokosfibrer:<\/strong> Insidan av v\u00e5ra leksaker \u00e4r fylld med naturliga kokosfibrer, vilket ger en extra stimulerande konsistens och doft som din hund kommer att \u00e4lska. Den naturliga doften av kokosfibrer drar till sig din hunds uppm\u00e4rksamhet och ger en extra dimension till lekupplevelsen.<\/li>\n<li><strong>Rolig enh\u00f6rningsdesign:<\/strong> Med v\u00e5r enh\u00f6rningsdesign \u00e4r denna leksak inte bara rolig f\u00f6r hunden, utan ocks\u00e5 behaglig f\u00f6r \u00f6gat. Det ger dig ett leende p\u00e5 l\u00e4pparna och en oemotst\u00e5ndlig lust att leka med din hund.<\/li>\n<li><strong>L\u00e4tt att reng\u00f6ra:<\/strong> l\u00e4tt att reng\u00f6ra. Du kan enkelt torka av den med en fuktig trasa f\u00f6r att avl\u00e4gsna smuts och skr\u00e4p, vilket g\u00f6r den till en praktisk l\u00f6sning f\u00f6r vardagslek.<\/li>\n<\/ul>\n<h2><strong>Varf\u00f6r v\u00e4lja v\u00e5ra hundleksaker?<\/strong><\/h2>\n<ul>\n<li><strong>H\u00e5llbarhet i toppklass:<\/strong> V\u00e5rt fokus p\u00e5 slitstarka material som mockal\u00e4der och kokosfiberfyllning inneb\u00e4r att du f\u00e5r en produkt som \u00e4r byggd f\u00f6r att h\u00e5lla l\u00e4nge. Denna leksak t\u00e5l \u00e4ven de mest intensiva tuggvanorna.<\/li>\n<li><strong>Aktivt<\/strong> n\u00f6je<strong>:<\/strong> Med denna hundleksak kan din hund tr\u00e4na och underh\u00e5lla sig sj\u00e4lv p\u00e5 samma g\u00e5ng. Den h\u00e5llbara konstruktionen och de sp\u00e4nnande texturerna stimulerar din hunds naturliga instinkter och hj\u00e4lper den att h\u00e5lla sig aktiv och glad.<\/li>\n<li><strong>Inspirerande design:<\/strong> Den unika enh\u00f6rningsdesignen ger en rolig och kreativ dimension till din hunds lek. Det \u00e4r inte bara en leksak, det \u00e4r en del av upplevelsen.<\/li>\n<\/ul>\n<p>Ge din hund den b\u00e4sta lekupplevelsen med v\u00e5ra hundleksaker. V\u00e5rt fokus p\u00e5 h\u00e5llbarhet, innovation och skoj garanterar att din fyrbenta v\u00e4n kommer att \u00e4lska varje \u00f6gonblick med denna fantastiska leksak.[\/vc_column_text][\/vc_column][\/vc_row]<\/p>\n<\/div>","protected":false},"excerpt":{"rendered":"<p>Evi \u00e4r en enh\u00f6rningsformad hundleksak tillverkad av slitstarkt material och t\u00e4ckt med \u00e4kta mjukt mockal\u00e4der som \u00e4r skonsamt mot ditt husdjurs t\u00e4nder och matsm\u00e4ltning. Kokosfibern g\u00f6mmer sig inuti och ger en sp\u00e4nnande konsistens.<span class=\"Apple-converted-space\"> <\/span><\/p>\n<p>V\u00e5r enh\u00f6rning uppmuntrar inte bara till lek och skoj, den \u00e4r ocks\u00e5 ett skonsamt s\u00e4tt att ta hand om din hunds tandh\u00e4lsa. Med fokus p\u00e5 allergiv\u00e4nlighet och kvalitet \u00e4r denna leksak en investering i din hunds v\u00e4lbefinnande.<\/p>\n<p><strong>M\u00e5tt: <span style=\"font-weight: 400\">20\u00d717\u00d73,5<\/span><\/strong> cm<\/p>\n<p>&nbsp;<\/p>\n","protected":false},"featured_media":256100,"comment_status":"open","ping_status":"closed","template":"","meta":{"inline_featured_image":false},"product_brand":[],"product_cat":[707],"product_tag":[],"class_list":{"0":"post-241985","1":"product","2":"type-product","3":"status-publish","4":"has-post-thumbnail","6":"product_cat-plysch","7":"product_shipping_class-torrvaror","9":"first","10":"instock","11":"taxable","12":"shipping-taxable","13":"purchasable","14":"product-type-simple"},"composite_virtual":false,"composite_layout":"","composite_add_to_cart_form_location":"","composite_editable_in_cart":false,"composite_sold_individually_context":"","composite_shop_price_calc":"","composite_components":[],"composite_scenarios":[],"bundled_by":["254829"],"bundle_stock_status":"instock","bundle_stock_quantity":34,"bundle_virtual":false,"bundle_layout":"","bundle_add_to_cart_form_location":"","bundle_editable_in_cart":false,"bundle_sold_individually_context":"","bundle_item_grouping":"","bundle_min_size":"","bundle_max_size":"","bundle_price":[],"bundled_items":[],"bundle_sell_ids":[],"_links":{"self":[{"href":"https:\/\/maetpets.com\/sv\/wp-json\/wp\/v2\/product\/241985","targetHints":{"allow":["GET"]}}],"collection":[{"href":"https:\/\/maetpets.com\/sv\/wp-json\/wp\/v2\/product"}],"about":[{"href":"https:\/\/maetpets.com\/sv\/wp-json\/wp\/v2\/types\/product"}],"replies":[{"embeddable":true,"href":"https:\/\/maetpets.com\/sv\/wp-json\/wp\/v2\/comments?post=241985"}],"wp:featuredmedia":[{"embeddable":true,"href":"https:\/\/maetpets.com\/sv\/wp-json\/wp\/v2\/media\/256100"}],"wp:attachment":[{"href":"https:\/\/maetpets.com\/sv\/wp-json\/wp\/v2\/media?parent=241985"}],"wp:term":[{"taxonomy":"product_brand","embeddable":true,"href":"https:\/\/maetpets.com\/sv\/wp-json\/wp\/v2\/product_brand?post=241985"},{"taxonomy":"product_cat","embeddable":true,"href":"https:\/\/maetpets.com\/sv\/wp-json\/wp\/v2\/product_cat?post=241985"},{"taxonomy":"product_tag","embeddable":true,"href":"https:\/\/maetpets.com\/sv\/wp-json\/wp\/v2\/product_tag?post=241985"}],"curies":[{"name":"wp","href":"https:\/\/api.w.org\/{rel}","templated":true}]}}