{"id":241123,"date":"2021-11-29T17:12:18","date_gmt":"2022-05-11T21:29:10","guid":{"rendered":"https:\/\/maetpets.com\/product\/maet-presentkort\/"},"modified":"2022-05-20T20:41:01","modified_gmt":"2022-05-20T18:41:01","slug":"maet-presentkort","status":"publish","type":"product","link":"https:\/\/maetpets.com\/sv\/produkt\/maet-presentkort\/","title":{"rendered":"M\u00c6T Presentkort"},"content":{"rendered":"<div class=\"wpb-content-wrapper\"><p>[vc_row][vc_column][vc_column_text]<\/p>\n<h2><span style=\"font-weight: 400;\">S\u00e5 h\u00e4r fungerar v\u00e5r hundpresent <\/span><\/h2>\n<p><span style=\"font-weight: 400;\">Med ett M\u00c6T -presentkort kan det inte bli enklare. Du v\u00e4ljer belopp, s\u00e5 skickar vi presentkortet till mottagarens mejl direkt. Du kan \u00e4ven ange din egen mailadress ist\u00e4llet f\u00f6r mottagarens, s\u00e5 att mejlet med presentkortet skickas till dig ist\u00e4llet f\u00f6r mottagaren. P\u00e5 s\u00e5 s\u00e4tt kan du t.ex. skriv ut mejlet och ge det som en fysisk present.<\/span><\/p>\n<p><span style=\"font-weight: 400;\">Den lyckliga mottagaren av presentkortet m\u00e5ste helt enkelt best\u00e4lla p\u00e5 maetpets.com och ange koden fr\u00e5n presentkortet, s\u00e5 f\u00e5r de sin l\u00e4ckra hundpresent levererad direkt till din d\u00f6rr. <\/span><\/p>\n<p><span style=\"font-weight: 400;\">Ge en s\u00f6t hund g\u00e5van framf\u00f6r dem alla: Ett friskt och lyckligt hundliv. <\/span>[\/vc_column_text][\/vc_column][\/vc_row]<\/p>\n<\/div>","protected":false},"excerpt":{"rendered":"<p><span style=\"font-weight: 400;\">Saknar du en hundpresent? Ge ett M\u00c6T -presentkort till en fyrbent (eller tv\u00e5bent) v\u00e4n s\u00e5 att de kan prova det friska hundlivet. <\/span><span style=\"font-weight: 400;\">F\u00f6r den b\u00e4sta g\u00e5van vi kan ge v\u00e5ra hundar \u00e4r ett h\u00e4lsosamt och lyckligt liv. Och h\u00e4r betyder maten mycket. <\/span><span style=\"font-weight: 400;\"><br \/>\n<\/span><span style=\"font-weight: 400;\"><br \/>\n<\/span><span style=\"font-weight: 400;\">Ett digitalt M\u00c6T -presentkort passar perfekt till en lycklig julhund p\u00e5 julafton. Med v\u00e5rt fr\u00e4scha hundfoder och naturliga snacks kan du ge en god, h\u00e4lsosam och l\u00e4cker present till dem du \u00e4lskar \u2764\ufe0f<\/span><\/p>\n<ul>\n<li style=\"font-weight: 400;\"><span style=\"font-weight: 400;\">Naturligt och spannm\u00e5lsfritt hundfoder tillverkat av nordiska r\u00e5varor<\/span><\/li>\n<li style=\"font-weight: 400;\"><span style=\"font-weight: 400;\">En fr\u00e4sch och uts\u00f6kt smakupplevelse <\/span><\/li>\n<li style=\"font-weight: 400;\"><span style=\"font-weight: 400;\">F\u00e5 en friskare och gladare hund med b\u00e4ttre matsm\u00e4ltning<\/span><\/li>\n<\/ul>\n","protected":false},"featured_media":235681,"comment_status":"open","ping_status":"closed","template":"","meta":{"inline_featured_image":false},"product_brand":[],"product_cat":[272],"product_tag":[],"class_list":{"0":"post-241123","1":"product","2":"type-product","3":"status-publish","4":"has-post-thumbnail","6":"product_cat-hundmatslaada","8":"first","9":"instock","10":"virtual","11":"taxable","12":"purchasable","13":"product-type-simple"},"composite_virtual":false,"composite_layout":"","composite_add_to_cart_form_location":"","composite_editable_in_cart":false,"composite_sold_individually_context":"","composite_shop_price_calc":"","composite_components":[],"composite_scenarios":[],"bundled_by":[],"bundle_stock_status":"instock","bundle_stock_quantity":null,"bundle_virtual":false,"bundle_layout":"","bundle_add_to_cart_form_location":"","bundle_editable_in_cart":false,"bundle_sold_individually_context":"","bundle_item_grouping":"","bundle_min_size":"","bundle_max_size":"","bundle_price":[],"bundled_items":[],"bundle_sell_ids":[],"_links":{"self":[{"href":"https:\/\/maetpets.com\/sv\/wp-json\/wp\/v2\/product\/241123","targetHints":{"allow":["GET"]}}],"collection":[{"href":"https:\/\/maetpets.com\/sv\/wp-json\/wp\/v2\/product"}],"about":[{"href":"https:\/\/maetpets.com\/sv\/wp-json\/wp\/v2\/types\/product"}],"replies":[{"embeddable":true,"href":"https:\/\/maetpets.com\/sv\/wp-json\/wp\/v2\/comments?post=241123"}],"wp:featuredmedia":[{"embeddable":true,"href":"https:\/\/maetpets.com\/sv\/wp-json\/wp\/v2\/media\/235681"}],"wp:attachment":[{"href":"https:\/\/maetpets.com\/sv\/wp-json\/wp\/v2\/media?parent=241123"}],"wp:term":[{"taxonomy":"product_brand","embeddable":true,"href":"https:\/\/maetpets.com\/sv\/wp-json\/wp\/v2\/product_brand?post=241123"},{"taxonomy":"product_cat","embeddable":true,"href":"https:\/\/maetpets.com\/sv\/wp-json\/wp\/v2\/product_cat?post=241123"},{"taxonomy":"product_tag","embeddable":true,"href":"https:\/\/maetpets.com\/sv\/wp-json\/wp\/v2\/product_tag?post=241123"}],"curies":[{"name":"wp","href":"https:\/\/api.w.org\/{rel}","templated":true}]}}