{"id":240884,"date":"2022-02-13T13:29:53","date_gmt":"2022-05-11T20:59:01","guid":{"rendered":"https:\/\/maetpets.com\/product\/pate-pate-haelsosam-kattmat\/"},"modified":"2023-08-30T19:07:12","modified_gmt":"2023-08-30T17:07:12","slug":"pate-pate-kattmat-foder","status":"publish","type":"product","link":"https:\/\/maetpets.com\/sv\/produkt\/pate-pate-kattmat-foder\/","title":{"rendered":"Pate Pate &#8211; H\u00e4lsosam kattmat"},"content":{"rendered":"<div class=\"wpb-content-wrapper\"><p>[vc_row][vc_column][vc_column_text]<\/p>\n<h2>V\u00e5r filosofi \u00e4r enkel: f\u00e4rskt \u00e4r b\u00e4st<\/h2>\n<p>Vi p\u00e5 M\u00c6T anser att katter och hundar f\u00f6rtj\u00e4nar riktig, f\u00e4rsk mat som g\u00f6r skillnad i deras liv. Det \u00e4r d\u00e4rf\u00f6r vi tillverkar kattmat med de f\u00e4rskaste, renaste och mest h\u00f6gkvalitativa ingredienserna.<\/p>\n<p><strong>De h\u00f6gkvalitativa ingredienserna inneb\u00e4r att vi kan tillverka h\u00e4lsosam, l\u00e4cker och f\u00e4rsk mat som din katt inte kan motst\u00e5!<\/strong>[\/vc_column_text][\/vc_column][\/vc_row][vc_row full_width=&#8221;stretch_row&#8221; equal_height=&#8221;yes&#8221; content_placement=&#8221;middle&#8221; css=&#8221;.vc_custom_1661444228438{padding-top: 100px !important;padding-bottom: 140px !important;background-color: #0b2945 !important;background-position: center !important;background-repeat: no-repeat !important;background-size: cover !important;}&#8221;][vc_column][vc_custom_heading text=&#8221;F\u00c4RSKA NORDISKA INGREDIENSER&#8221; font_container=&#8221;tag:h3|text_align:center|color:%23fff9f7&#8243; use_theme_fonts=&#8221;yes&#8221; css=&#8221;.vc_custom_1606475029737{padding-top: 50px !important;}&#8221;][vc_custom_heading text=&#8221;FL\u00c4SKK\u00d6TT, VATTEN, SOJAMJ\u00d6L, GRAHAMSMJ\u00d6L, SILL, LIME, SALT.&#8221; font_container=&#8221;tag:h3|font_size:64|text_align:center|color:%23d54966&#8243; use_theme_fonts=&#8221;yes&#8221;][\/vc_column][\/vc_row][vc_row full_width=&#8221;stretch_row&#8221; css=&#8221;.vc_custom_1644854123365{padding-top: 60px !important;padding-bottom: 0px !important;}&#8221;][vc_column width=&#8221;6\/12&#8243;][vc_column_text]<\/p>\n<h2>V\u00e5ra katter f\u00f6rtj\u00e4nar riktig, f\u00e4rsk kattmat.<\/h2>\n<p>I geng\u00e4ld f\u00f6r all den gl\u00e4dje de ger oss vill vi se till att v\u00e5ra katter \u00e4r lyckliga och friska. D\u00e4rf\u00f6r har vi skapat f\u00e4rska m\u00e5ltider som \u00e4r l\u00e4tta att servera.<\/p>\n<p>V\u00e5rt kattfoder inneh\u00e5ller \u00e4kta k\u00f6tt och fisk av h\u00f6g kvalitet som huvudingrediens. Detta inneb\u00e4r b\u00e4ttre n\u00e4ring och naturlig v\u00e4tskebalans. Vi anv\u00e4nder ingredienser fr\u00e5n norr och \u00e5ngkokar noggrant all v\u00e5r kattmat s\u00e5 att den \u00e4r redo att serveras.<\/p>\n<p>\u2705 God smak och doft &#8211; katterna \u00e4lskar det!<br \/>\n\u2705 Med alla n\u00f6dv\u00e4ndiga vitaminer och mineraler<br \/>\n\u2705 Inga konserveringsmedel, smaker eller f\u00e4rg\u00e4mnen[\/vc_column_text]<a href=\"#topp\" class=\"konte-button button-normal text-default align-inline medium   button square\">Best\u00e4ll<\/a><div class=\"konte-empty-space \" style=\"height: 60px\"><\/div>[\/vc_column][vc_column width=&#8221;6\/12&#8243;][vc_single_image image=&#8221;246117&#8243; img_size=&#8221;full&#8221; add_caption=&#8221;yes&#8221;][\/vc_column][\/vc_row][vc_row full_width=&#8221;stretch_row&#8221; css=&#8221;.vc_custom_1644854123365{padding-top: 60px !important;padding-bottom: 0px !important;}&#8221;][vc_column width=&#8221;6\/12&#8243;][vc_single_image image=&#8221;246122&#8243; img_size=&#8221;full&#8221; add_caption=&#8221;yes&#8221;][\/vc_column][vc_column width=&#8221;6\/12&#8243;][vc_column_text]<\/p>\n<h2>Det \u00e4r dags f\u00f6r en ny typ av kattfoder, b\u00e5de v\u00e5tt och torrt &#8211; v\u00e5ra katter f\u00f6rtj\u00e4nar b\u00e4ttre!<\/h2>\n<p>Utbudet av torrpiller och v\u00e5tmat i burk \u00e4r stort, men vi tyckte att det var dags att erbjuda v\u00e5ra katter b\u00e4ttre mat! D\u00e4rf\u00f6r har vi skapat kattmat som \u00e4r s\u00e5 fr\u00e4sch att du bara hittar den i kylsk\u00e5pet!<\/p>\n<p> M\u00c6T f\u00e4rskt kattfoder \u00e4r fullmatat med n\u00e4ring och ger din katt allt den vill ha och beh\u00f6ver &#8211; och ingenting som den inte beh\u00f6ver. Vi har inga fyllmedel, inga tillsatser, inga &#8220;k\u00f6ttpulver&#8221; eller konserveringsmedel. Bara det allra b\u00e4sta f\u00f6r din lilla v\u00e4n.[\/vc_column_text]<a href=\"#topp\" class=\"konte-button button-normal text-default align-inline medium   button square\">Best\u00e4ll<\/a>[\/vc_column][\/vc_row][vc_row full_width=&#8221;stretch_row&#8221; css=&#8221;.vc_custom_1646078561649{padding-top: 60px !important;padding-bottom: 0px !important;}&#8221;][vc_column width=&#8221;6\/12&#8243;][vc_column_text]<\/p>\n<h2>En h\u00e4lsosammare och l\u00e4ttare vardag<\/h2>\n<p>Livet som katt\u00e4gare \u00e4r hektiskt &#8211; vi vill g\u00f6ra det l\u00e4ttare f\u00f6r dig. L\u00e5t oss leverera f\u00e4rskt och h\u00e4lsosamt kattfoder direkt till din d\u00f6rr. Samtidigt som du har roligt sk\u00f6ter vi allt det praktiska.<\/p>\n<p>N\u00e4r du ger din katt f\u00e4rskt kattfoder fr\u00e5n M\u00c6T kan du vara s\u00e4ker p\u00e5 att den f\u00e5r de vitaminer, mineraler, fibrer och proteiner den beh\u00f6ver. L\u00e4gg dina bekymmer \u00e5t sidan och f\u00e5 mer tid f\u00f6r m\u00e5nga underbara upplevelser med din lilla fyrbenta v\u00e4n \u2764\ufe0f[\/vc_column_text]<a href=\"#topp\" class=\"konte-button button-normal text-default align-inline medium   button square\">Best\u00e4ll<\/a><div class=\"konte-empty-space \" style=\"height: 30px\"><\/div>[\/vc_column][vc_column width=&#8221;6\/12&#8243;][vc_single_image image=&#8221;246127&#8243; img_size=&#8221;full&#8221; add_caption=&#8221;yes&#8221;][\/vc_column][\/vc_row][vc_row full_width=&#8221;stretch_row&#8221; css=&#8221;.vc_custom_1606474520510{padding-top: 40px !important;padding-bottom: 40px !important;background-position: center !important;background-repeat: no-repeat !important;background-size: contain !important;}&#8221;][vc_column][vc_custom_heading text=&#8221;N\u00e4ringsinformation&#8221; use_theme_fonts=&#8221;yes&#8221; css=&#8221;.vc_custom_1606297081281{padding-bottom: 15px !important;}&#8221;][\/vc_column][vc_column width=&#8221;1\/2&#8243;][vc_column_text]<\/p>\n<p class=\"p2\"><strong>N\u00c4RINGSINNEH\u00c5LL <\/strong><\/p>\n<p class=\"p2\">Energi 5,2 MJ\/kg<br \/>\nProtein &#8230;&#8230;&#8230;&#8230;&#8230;&#8230;&#8230;&#8230;&#8230;. 11,0%<br \/>\nFed\/Fat &#8230;&#8230;&#8230;&#8230;&#8230;&#8230;&#8230;&#8230;&#8230; 6,5 %<br \/>\nRester fr\u00e5n gl\u00f6dgning &#8230;&#8230;&#8230; 2,0 %.<br \/>\nKalk &#8230;&#8230;&#8230;&#8230;&#8230;&#8230;&#8230;&#8230;&#8230;&#8230;&#8230; 0,4%<br \/>\nFosfor &#8230;&#8230;&#8230;&#8230;&#8230;&#8230;&#8230;&#8230;&#8230;&#8230; 0,3 %<\/p>\n<p class=\"p2\">Vattenhalt: 71,0 %.<br \/>\nK\u00f6ttinneh\u00e5ll: 32 %.<\/p>\n<p>[\/vc_column_text][\/vc_column][vc_column width=&#8221;1\/2&#8243;][\/vc_column][\/vc_row][vc_row][vc_column width=&#8221;2\/12&#8243;][\/vc_column][vc_column width=&#8221;8\/12&#8243;][vc_custom_heading text=&#8221;N\u00e4ringsinformation&#8221; use_theme_fonts=&#8221;yes&#8221; css=&#8221;.vc_custom_1606297081281{padding-bottom: 15px !important;}&#8221;][vc_toggle title=&#8221;F\u00f6rdelar med sill i kattfoder&#8221;]Sill inneh\u00e5ller de ber\u00f6mda omega-3- och 6-fettsyrorna, som \u00e4r viktiga f\u00f6r en l\u00e5ng rad biologiska funktioner: hudkvalitet, ledflexibilitet, neuronal funktion och skydd av hj\u00e4rt-k\u00e4rlsystemet. Dessa omega-3-fettsyror skulle ocks\u00e5 ha antiinflammatoriska effekter, vilket \u00e4r anv\u00e4ndbart vid behandling av sjukdomar som astma, artrit, psoriasis och inflammatoriska tarmsjukdomar.<\/p>\n<p>Sill inneh\u00e5ller ocks\u00e5 vitaminerna A och D. Vitamin A \u00e4r s\u00e4rskilt viktigt f\u00f6r synen och fertiliteten. N\u00e4r det g\u00e4ller D-vitamin \u00e4r det extremt viktigt; det tillskrivs till och med hormonella egenskaper. Det \u00e4r involverat i m\u00e5nga fysiologiska funktioner (immunitet, fertilitet, f\u00f6rbening etc.).<\/p>\n<p>Sill inneh\u00e5ller en h\u00f6g koncentration av selen, ett sp\u00e5r\u00e4mne vars antioxidativa egenskaper \u00e4r v\u00e4ldokumenterade. P\u00e5 s\u00e5 s\u00e4tt kan den bidra till att f\u00f6rhindra f\u00f6r tidigt \u00e5ldrande av celler som orsakas av fria radikaler.[\/vc_toggle][vc_toggle title=&#8221;Vilka \u00e4r f\u00f6rdelarna med f\u00e4rskt fl\u00e4skk\u00f6tt?&#8221;]Fl\u00e4skk\u00f6tt f\u00f6rser din katt med animaliskt protein och vitaminer. Det \u00e4r en k\u00e4lla till taurin, som \u00e4r viktigt f\u00f6r utvecklingen av ditt husdjurs muskler, hj\u00e4rna och n\u00e4thinna. Dessutom inneh\u00e5ller fl\u00e4skk\u00f6tt vitamin B, som hj\u00e4lper till att st\u00e4rka din katts immunf\u00f6rsvar. Faktum \u00e4r att vitamin B1 eller tiamin spelar en viktig funktion i mekanismen f\u00f6r djurets nervsystem. Fl\u00e4skk\u00f6tt har ocks\u00e5 en h\u00f6g koncentration av mineraler som j\u00e4rn, koppar, magnesium, fosfor och zink.<\/p>\n<p>Organ ing\u00e5r ocks\u00e5 i denna diet, som har f\u00f6ljande f\u00f6rdelar:<br \/>\n<strong>Lever: <\/strong>En bra k\u00e4lla till protein, koppar, folsyra och j\u00e4rn: Lever f\u00f6rb\u00e4ttrar uth\u00e5lligheten och styrkan hos v\u00e5ra hundar och katter.<\/p>\n<p><strong>Njurar<\/strong>: En riktig vitamin B12-kur som \u00e4r n\u00f6dv\u00e4ndig f\u00f6r att nervsystemet och hj\u00e4rnan ska fungera korrekt hos v\u00e5ra sm\u00e5 v\u00e4nner. De \u00e4r rika p\u00e5 riboflavin och j\u00e4rn och inneh\u00e5ller \u00e4ven B6, som \u00e4r superviktigt f\u00f6r att st\u00e4rka immunf\u00f6rsvaret!<\/p>\n<p><strong>Hj\u00e4rta: <\/strong>Det \u00e4r rikt p\u00e5 aminosyror och mineraler som selen, fosfor och zink. Tillr\u00e4ckligt f\u00f6r att st\u00e4rka musklerna och f\u00f6rb\u00e4ttra metabolismen hos v\u00e5ra m\u00e4stare![\/vc_toggle][vc_toggle title=&#8221;F\u00f6rdelar med sojas\u00e5s i kattmat&#8221;]Sojas\u00e5s har ett h\u00f6gt v\u00e4rde av mineralsalter och \u00e4r beroendeframkallande, s\u00e5 en diet som inneh\u00e5ller sojas\u00e5s blir l\u00e4ttare att ge till dina katter. Finns i m\u00e5ttlig m\u00e4ngd i kattmat, ja, sojas\u00e5s \u00e4r bra f\u00f6r din katts h\u00e4lsa! Det har flera positiva effekter:<\/p>\n<ul>\n<li>Det underl\u00e4ttar matsm\u00e4ltningen genom att stimulera uts\u00f6ndringen av magsaft;<\/li>\n<li>Mj\u00f6lksyrakoncentrationen i den st\u00e4rker tarmfloran och assimileringen av n\u00e4rings\u00e4mnen;<\/li>\n<li>Havssaltet tillf\u00f6r viktiga mineraler och sp\u00e5r\u00e4mnen.<\/li>\n<\/ul>\n<p>[\/vc_toggle][vc_toggle title=&#8221;F\u00f6rdelar med kalk&#8221;]Kalk ger din katt C-vitamin, vilket ocks\u00e5 hj\u00e4lper till att minska stress. Det skyddar oss mot virus- och bakterieinfektioner, hj\u00e4lper oss att absorbera j\u00e4rn och dess antioxidativa verkan hj\u00e4lper oss att bek\u00e4mpa fria radikaler.<\/p>\n<p>Kalk k\u00e4nnetecknas som en leverant\u00f6r av mineraler, s\u00e4rskilt magnesium, kalcium och kalium, men \u00e4ven flavonoider och karotenoider. F\u00f6rutom att neutralisera fria radikaler spelar dessa antioxidanter en f\u00f6rebyggande roll mot inflammatoriska sjukdomar, vissa cancerformer och hj\u00e4rt-k\u00e4rlsjukdomar. Den inneh\u00e5ller ocks\u00e5 viktiga fibrer f\u00f6r en bra matsm\u00e4ltning. Lime hj\u00e4lper till att avgifta levern. Genom att stimulera magsaften underl\u00e4ttar den matsm\u00e4ltningen och fr\u00e4mjar elimineringen av toxiner samtidigt som den \u00e5terst\u00e4ller kroppens syra-bas.[\/vc_toggle][vc_toggle title=&#8221;F\u00f6rdelarna med h\u00f6ga v\u00e4tskeniv\u00e5er&#8221;]Det \u00e4r viktigt att din katt f\u00e5r i sig tillr\u00e4ckligt med v\u00e4tska f\u00f6r att f\u00f6rhindra att njursten bildas. Vatten hj\u00e4lper till att eliminera toxiner och p\u00e5skyndar celldelning och f\u00f6rnyelse, vilket \u00f6kar blodcirkulationen och goda utbyten i kroppen.[\/vc_toggle][\/vc_column][vc_column width=&#8221;2\/12&#8243;][\/vc_column][\/vc_row]<\/p>\n<\/div>","protected":false},"excerpt":{"rendered":"<p><span style=\"font-weight: 400;\">Ett unikt f\u00e4rskt kattfoder, som \u00e4r ett bra val f\u00f6r att st\u00f6dja p\u00e4lsens och ledernas v\u00e4lbefinnande tack vare dess goda omega-3-fettsyror. En f\u00f6rb\u00e4ttring j\u00e4mf\u00f6rt med vanlig v\u00e5tmat f\u00f6r katter. L\u00e4mplig f\u00f6r daglig utfodring av katter av alla raser.<\/span><\/p>\n<p><span style=\"font-weight: 400;\">Pate Pate \u00e4r ett gourmetrecept med grisk\u00f6tt och sill som ger din katt mycket protein och viktiga aminosyror. Sill \u00e4r en utm\u00e4rkt k\u00e4lla till protein och vitamin D och Omega-3 fettsyror. <\/span><\/p>\n<p><span style=\"font-weight: 400;\">F\u00e4rsk mat av h\u00f6g kvalitet f\u00f6rvaras i kylen. F\u00e4rskt foder tillagas f\u00f6rsiktigt genom sous vide &#8211; en tillagningsmetod som f\u00f6rb\u00e4ttrar utnyttjandet av r\u00e5varan i kattens matsm\u00e4ltningssystem. Alla M\u00c6T\u00e4r fria fr\u00e5n konserveringsmedel och inneh\u00e5ller inga skadliga tillsatser.  <\/span><\/p>\n<p><strong>NETTOVIKT: 500 g<\/strong><br \/>\n <strong>K\u00d6TTINNEH\u00c5LL: 32 %<\/strong><br \/>\n <strong>FETTINNEH\u00c5LL: 6,5 %<\/strong><\/p>\n<p><span style=\"font-weight: 400;\"><strong>INGREDIENSER<\/strong> : Finskt fl\u00e4sk och organ, vatten, sojamj\u00f6l, grahamsmj\u00f6l, sill, lime, salt.<\/span><\/p>\n<div class=\"klaviyo-form-YwZvnx\"><\/div>\n","protected":false},"featured_media":234370,"comment_status":"open","ping_status":"closed","template":"","meta":{"inline_featured_image":false},"product_brand":[],"product_cat":[566],"product_tag":[],"class_list":{"0":"post-240884","1":"product","2":"type-product","3":"status-publish","4":"has-post-thumbnail","6":"product_cat-kattmat","7":"product_shipping_class-faersk-mat","9":"first","10":"outofstock","11":"taxable","12":"shipping-taxable","13":"purchasable","14":"product-type-simple"},"composite_virtual":false,"composite_layout":"","composite_add_to_cart_form_location":"","composite_editable_in_cart":false,"composite_sold_individually_context":"","composite_shop_price_calc":"","composite_components":[],"composite_scenarios":[],"bundled_by":[],"bundle_stock_status":"outofstock","bundle_stock_quantity":null,"bundle_virtual":false,"bundle_layout":"","bundle_add_to_cart_form_location":"","bundle_editable_in_cart":false,"bundle_sold_individually_context":"","bundle_item_grouping":"","bundle_min_size":"","bundle_max_size":"","bundle_price":[],"bundled_items":[],"bundle_sell_ids":[],"_links":{"self":[{"href":"https:\/\/maetpets.com\/sv\/wp-json\/wp\/v2\/product\/240884","targetHints":{"allow":["GET"]}}],"collection":[{"href":"https:\/\/maetpets.com\/sv\/wp-json\/wp\/v2\/product"}],"about":[{"href":"https:\/\/maetpets.com\/sv\/wp-json\/wp\/v2\/types\/product"}],"replies":[{"embeddable":true,"href":"https:\/\/maetpets.com\/sv\/wp-json\/wp\/v2\/comments?post=240884"}],"wp:featuredmedia":[{"embeddable":true,"href":"https:\/\/maetpets.com\/sv\/wp-json\/wp\/v2\/media\/234370"}],"wp:attachment":[{"href":"https:\/\/maetpets.com\/sv\/wp-json\/wp\/v2\/media?parent=240884"}],"wp:term":[{"taxonomy":"product_brand","embeddable":true,"href":"https:\/\/maetpets.com\/sv\/wp-json\/wp\/v2\/product_brand?post=240884"},{"taxonomy":"product_cat","embeddable":true,"href":"https:\/\/maetpets.com\/sv\/wp-json\/wp\/v2\/product_cat?post=240884"},{"taxonomy":"product_tag","embeddable":true,"href":"https:\/\/maetpets.com\/sv\/wp-json\/wp\/v2\/product_tag?post=240884"}],"curies":[{"name":"wp","href":"https:\/\/api.w.org\/{rel}","templated":true}]}}