{"id":240121,"date":"2020-11-13T15:05:17","date_gmt":"2020-11-13T14:05:17","guid":{"rendered":"https:\/\/maetpets.com\/product\/risotto-med-kycklingfest\/"},"modified":"2023-11-09T12:50:15","modified_gmt":"2023-11-09T11:50:15","slug":"chicken-risotto-faersk-hund-mat","status":"publish","type":"product","link":"https:\/\/maetpets.com\/sv\/produkt\/chicken-risotto-faersk-hund-mat\/","title":{"rendered":"Chicken Risotto"},"content":{"rendered":"<div class=\"wpb-content-wrapper\"><p>[vc_row full_width=&#8221;stretch_row&#8221; equal_height=&#8221;yes&#8221; content_placement=&#8221;middle&#8221; css=&#8221;.vc_custom_1658507998377{padding-top: 60px !important;padding-bottom: 60px !important;background-color: #2a2412 !important;background-position: center !important;background-repeat: no-repeat !important;background-size: cover !important;}&#8221;][vc_column][vc_custom_heading text=&#8221;F\u00c4RSKA NORDISKA INGREDIENSER&#8221; font_container=&#8221;tag:h3|text_align:center|color:%23fff9f7&#8243; use_theme_fonts=&#8221;yes&#8221; css=&#8221;.vc_custom_1606317911272{padding-top: 50px !important;}&#8221;][vc_custom_heading text=&#8221;KYCKLING, ORGEL, \u00c4GG, \u00c4RTER, MOROTTER, RIS&#8221; font_container=&#8221;tag:h3|font_size:56|text_align:center|color:%2342a98a&#8221; use_theme_fonts=&#8221;yes&#8221;][vc_single_image image=&#8221;234769&#8243; img_size=&#8221;full&#8221;][\/vc_column][\/vc_row][vc_row full_width=&#8221;stretch_row&#8221; css=&#8221;.vc_custom_1658508007583{padding-top: 60px !important;padding-bottom: 60px !important;background-color: #fff9f7 !important;}&#8221;][vc_column width=&#8221;5\/12&#8243;][vc_single_image image=&#8221;243075&#8243; img_size=&#8221;360&#215;360&#8243; alignment=&#8221;center&#8221;][\/vc_column][vc_column width=&#8221;7\/12&#8243;][vc_custom_heading text=&#8221;Daglig dosering&#8221; use_theme_fonts=&#8221;yes&#8221; css=&#8221;.vc_custom_1605879989446{padding-bottom: 30px !important;}&#8221;][vc_column_text]Vid dosering, ta h\u00e4nsyn till hundens aktivitet, tr\u00e4ning, annan n\u00e4ring och mellanm\u00e5l.<\/p>\n<p><b>Rekommenderad daglig dos:<\/b> 2,5% av hundens kroppsvikt.<\/p>\n<p><b>Vikt \/ Rekommenderad daglig ranson (ca.)<\/b><br \/>\n5 kg: 125-150g<br \/>\n10 kg: 250-300g<br \/>\n20 kg: 500 (motsvarande ca 1 korv)<br \/>\n30 kg: 750g<br \/>\n35 kg: 875g<br \/>\n40 kg: 1 000g (motsvarande ca 2 korvar)[\/vc_column_text][\/vc_column][\/vc_row][vc_row full_width=&#8221;stretch_row_content_no_spaces&#8221; css=&#8221;.vc_custom_1658508014362{padding-top: 100px !important;padding-right: 20px !important;padding-bottom: 100px !important;padding-left: 20px !important;background-color: #2a2412 !important;background-position: center !important;background-repeat: no-repeat !important;background-size: cover !important;}&#8221;][vc_column width=&#8221;1\/3&#8243; css=&#8221;.vc_custom_1605610677798{padding-right: 30px !important;padding-left: 30px !important;}&#8221;][\/vc_column][vc_column width=&#8221;1\/3&#8243;][vc_custom_heading text=&#8221;\u201dMin lilla shih tzu har en ganska k\u00e4nslig mage och t\u00e5l inte all hundmat. Men med M\u00c6T Pets hundmat m\u00e5r min hunds mage riktigt bra.&#8221; font_container=&#8221;tag:p|font_size:30|text_align:center|color:%23fff9f7&#8243; use_theme_fonts=&#8221;yes&#8221; css=&#8221;.vc_custom_1607504642445{padding-bottom: 20px !important;}&#8221;][vc_custom_heading text=&#8221;Det \u00e4r dagens h\u00f6jdpunkt f\u00f6r Kenzo n\u00e4r vi hittar M\u00c6T f\u00e4rska hundmat med Chicken Deli.\u201d&#8221; font_container=&#8221;tag:p|font_size:30|text_align:center|color:%23fff9f7&#8243; use_theme_fonts=&#8221;yes&#8221; css=&#8221;.vc_custom_1684529099019{padding-bottom: 20px !important;}&#8221;][vc_single_image image=&#8221;234868&#8243; alignment=&#8221;center&#8221;][vc_custom_heading text=&#8221;Heidi och hennes 3-\u00e5riga shih tzu Kenzo&#8221; font_container=&#8221;tag:h4|text_align:center|color:%23fdda39&#8243; use_theme_fonts=&#8221;yes&#8221; css=&#8221;.vc_custom_1607534625912{padding-bottom: 50px !important;}&#8221; link=&#8221;url:https%3A%2F%2Fwww.instagram.com%2Fkenzo_shih_tzu%2F|target:_blank|&#8221;][\/vc_column][vc_column width=&#8221;1\/3&#8243;][\/vc_column][\/vc_row][vc_row full_width=&#8221;stretch_row&#8221; css=&#8221;.vc_custom_1640684961874{padding-top: 60px !important;padding-bottom: 30px !important;background-color: #fff9f7 !important;}&#8221;][vc_column width=&#8221;6\/12&#8243;][vc_single_image image=&#8221;236682&#8243; img_size=&#8221;full&#8221;][\/vc_column][vc_column width=&#8221;6\/12&#8243;][vc_column_text]<\/p>\n<h2>Hundfoder med kyckling och ris &#8211; En kalorisn\u00e5l klassiker f\u00f6r alla hundar<\/h2>\n<p><span style=\"font-weight: 400;\">F\u00e4rskt hundfoder med kyckling, ris, mor\u00f6tter, \u00e4rtor och \u00e4gg.  <\/span><\/p>\n<p><span style=\"font-weight: 400;\">Chicken Risotto \u00e4r en komplett, balanserad och glutenfri hundmat som din hund kommer att \u00e4lska. Risotto \u00e4r s\u00e4rskilt bra f\u00f6r hundar med k\u00e4nslig mage och\/eller allergier, eftersom hundfoder med kyckling och ris skapar en naturlig balans i din hunds mage.<\/span><\/p>\n<p><span style=\"font-weight: 400;\">Kyckling \u00e4r en mager k\u00e4lla till h\u00e4lsosamma proteiner, mor\u00f6tter och inneh\u00e5ller vitamin A och fibrer, som kan bidra till att s\u00e4nka kolesterolniv\u00e5erna. \u00c4rter \u00e4r en utm\u00e4rkt k\u00e4lla till protein och fibrer, och inneh\u00e5ller vitaminerna A, B, C och K samt \u00e4r rika p\u00e5 n\u00e4rings\u00e4mnen.<\/span>[\/vc_column_text][\/vc_column][\/vc_row][vc_row full_width=&#8221;stretch_row&#8221; css=&#8221;.vc_custom_1658508024740{padding-top: 60px !important;padding-bottom: 60px !important;background-position: center !important;background-repeat: no-repeat !important;background-size: contain !important;}&#8221; el_id=&#8221;n\u00e4ring&#8221;][vc_column][vc_custom_heading text=&#8221;N\u00e4ringsinformation&#8221; use_theme_fonts=&#8221;yes&#8221; css=&#8221;.vc_custom_1663860011762{padding-bottom: 15px !important;}&#8221;][\/vc_column][vc_column width=&#8221;1\/2&#8243;][vc_column_text]<\/p>\n<p class=\"p2\"><strong>N\u00c4RINGSINNEH\u00c5LL <\/strong><\/p>\n<p class=\"p2\">Energi\/Energi 6,4 MJ\/kg 1528 kcal\/kg<br \/>\nProtein &#8230;&#8230;&#8230;&#8230;&#8230;&#8230;&#8230;&#8230;&#8230;&#8230;.. 10,2 %<br \/>\nFett\/Fett 007,7% Fett\/Fett<br \/>\nFiber &#8230;&#8230;&#8230;&#8230;&#8230;&#8230;&#8230;&#8230;&#8230;&#8230;.. 0,3 %<br \/>\nAska \/ Aska &#8230;&#8230;&#8230;&#8230;&#8230;&#8230;&#8230;&#8230;&#8230; 0,9 %<br \/>\nKalcium &#8230;&#8230;&#8230;&#8230;&#8230;&#8230;&#8230;&#8230;&#8230; 0,25 %<br \/>\nFosfor &#8230;&#8230;&#8230;. 0,17 %<\/p>\n<p class=\"p2\">V\u00e4tskeinneh\u00e5ll: 68,5 procent<br \/>\nInneh\u00e5ll av k\u00f6tt: 59%.<\/p>\n<p>[\/vc_column_text][\/vc_column][vc_column width=&#8221;1\/2&#8243;][vc_column_text]<b>Naturligt inneh\u00e5llande n\u00e4rings\u00e4mnen:<\/b><\/p>\n<p>Vitamin A 3360 IE \/ kg, Vitamin D 605 IE \/ kg, Vitamin E 45 IE \/ kg, Vitamin C 3,4 mg \/ kg, Vitamin B1 0,5 mg \/ kg, Vitamin B2 1 mg \/ kg, vitamin B6 2,8 mg \/ kg, vitamin B12 0,9 \u03bcg\/kg, biotin 8,7 \u03bcg\/kg, niacin 39 mg\/kg, pantotensyra 2,3 mg\/kg, folsyra 0,081 mg\/kg, zink 70 mg\/kg, magnesium 520 mg\/kg, natrium 1200 mg\/kg, j\u00e4rn 12 mg \/ kg, koppar 5 mg \/ kg, mangan 4 mg \/ kg, kalium 1,6 g \/ kg, jod 430 \u03bcg \/ kg, jod 430 \u03bcg \/ kg.[\/vc_column_text][vc_column_text]<b>Varav tillsatta n\u00e4ringstillsatser:<\/b><\/p>\n<p>Vitamin D 450 IE \/ kg, Vitamin E 40 IE \/ kg, zink 60 mg \/ kg, magnesium 320 mg \/ kg, koppar 5 mg \/ kg, mangan 1,8 mg \/ kg, jod 430 \u03bcg \/ kg.[\/vc_column_text][\/vc_column][\/vc_row][vc_row full_width=&#8221;stretch_row&#8221; equal_height=&#8221;yes&#8221; content_placement=&#8221;middle&#8221; css=&#8221;.vc_custom_1658508035016{padding-top: 60px !important;padding-bottom: 30px !important;background: #173b30 url(https:\/\/shop.maetpets.com\/wp-content\/uploads\/test-3-scaled.jpg?id=230640) !important;background-position: center !important;background-repeat: no-repeat !important;background-size: cover !important;}&#8221;][vc_column][vc_custom_heading text=&#8221;F\u00c4RSK \u00c4R B\u00c4ST&#8221; font_container=&#8221;tag:h2|font_size:70|text_align:center|color:%23fdda39&#8243; use_theme_fonts=&#8221;yes&#8221; css=&#8221;.vc_custom_1608807627321{padding-bottom: 80px !important;}&#8221;][\/vc_column][vc_column width=&#8221;1\/4&#8243;][vc_custom_heading text=&#8221;Nordiska r\u00e5varor&#8221; font_container=&#8221;tag:h3|text_align:center|color:%23fff9f7&#8243; use_theme_fonts=&#8221;yes&#8221; css=&#8221;.vc_custom_1606317789090{padding-bottom: 15px !important;}&#8221;][vc_custom_heading text=&#8221;F\u00e4rsk k\u00f6tt och gr\u00f6nsaker&#8221; font_container=&#8221;tag:h3|text_align:center|color:%23fff9f7&#8243; use_theme_fonts=&#8221;yes&#8221; css=&#8221;.vc_custom_1615975309524{padding-bottom: 15px !important;}&#8221;][vc_custom_heading text=&#8221;Fylld med vitaminer&#8221; font_container=&#8221;tag:h3|text_align:center|color:%23fff9f7&#8243; use_theme_fonts=&#8221;yes&#8221; css=&#8221;.vc_custom_1606317813265{padding-bottom: 15px !important;}&#8221;][\/vc_column][vc_column width=&#8221;2\/4&#8243;][vc_single_image image=&#8221;234745&#8243; img_size=&#8221;full&#8221; alignment=&#8221;center&#8221;][\/vc_column][vc_column width=&#8221;1\/4&#8243;][vc_custom_heading text=&#8221;Enkelt protein&#8221; font_container=&#8221;tag:h3|text_align:center|color:%23fff9f7&#8243; use_theme_fonts=&#8221;yes&#8221; css=&#8221;.vc_custom_1606317825946{padding-bottom: 15px !important;}&#8221;][vc_custom_heading text=&#8221;H\u00f6g sm\u00e4ltbarhet&#8221; font_container=&#8221;tag:h3|text_align:center|color:%23fff9f7&#8243; use_theme_fonts=&#8221;yes&#8221; css=&#8221;.vc_custom_1606317833751{padding-bottom: 15px !important;}&#8221;][vc_custom_heading text=&#8221;Inga konserveringsmedel&#8221; font_container=&#8221;tag:h3|text_align:center|color:%23fff9f7&#8243; use_theme_fonts=&#8221;yes&#8221; css=&#8221;.vc_custom_1614337846851{padding-bottom: 15px !important;}&#8221;][\/vc_column][\/vc_row][vc_row full_width=&#8221;stretch_row&#8221; css=&#8221;.vc_custom_1658508042015{padding-top: 30px !important;background-color: #fff9f7 !important;}&#8221;][vc_column width=&#8221;1\/12&#8243; css=&#8221;.vc_custom_1605784949857{background-color: #fff9f7 !important;}&#8221;][\/vc_column][vc_column width=&#8221;10\/12&#8243;][vc_custom_heading text=&#8221;Fr\u00e5gor och svar&#8221; font_container=&#8221;tag:h2|text_align:center&#8221; use_theme_fonts=&#8221;yes&#8221;][vc_toggle title=&#8221;Vad best\u00e5r Chicken Feast Risotto fr\u00e5n M\u00c6T av?&#8221;]<span style=\"font-weight: 400;\">M\u00c6T Chicken Risotto \u00e4r ett hundfoder med kyckling (59 %), ris, \u00e4gg och gr\u00f6nsaker. Dessutom \u00e4r den kompletterad med extra vitaminer och mineraler. Det finns inga tillsatta konserveringsmedel, f\u00e4rg\u00e4mnen eller smak\u00e4mnen i. <\/span>[\/vc_toggle][vc_toggle title=&#8221;Varf\u00f6r ska jag v\u00e4lja f\u00e4rsk hundmat?&#8221;]<span style=\"font-weight: 400;\">M\u00c6Ts f\u00e4rska hundfoder g\u00f6rs p\u00e5 de b\u00e4sta nordiska r\u00e5varorna. Det finns inga konserveringsmedel eller tillsatta f\u00e4rg\u00e4mnen och smak\u00e4mnen. F\u00e4rsk hundmat tillagas enkelt med sous vide, vilket \u00f6kar din hunds upptag av matens n\u00e4rings\u00e4mnen.  <\/span><\/p>\n<p><span style=\"font-weight: 400;\">F\u00e4rskt hundfoder har ett mycket h\u00f6gre upptag \u00e4n andra typer av hundmat. Om du tycker att din hund f\u00f6rtj\u00e4nar f\u00e4rsk, h\u00e4lsosam och v\u00e4lsmakande mat ska du prova f\u00e4rsk hundmat.<\/span>[\/vc_toggle][vc_toggle title=&#8221;Vad \u00e4r skillnaden mellan Deli och Risotto hundmat?&#8221;]<span style=\"font-weight: 400;\">Det finns inget spannm\u00e5l eller gluten i M\u00c6Ts Deli-recept. De har en l\u00e5g fettprocent, och \u00e4r s\u00e4rskilt l\u00e4mpliga f\u00f6r hundar som beh\u00f6ver ta hand om sin vikt. <\/span><\/p>\n<p><span style=\"font-weight: 400;\">M\u00c6Ts Risottorecept inneh\u00e5ller ris, men de \u00e4r fortfarande glutenfria. Ris \u00e4r bra f\u00f6r att skapa en bra och h\u00e4lsosam balans i hundarnas mag-tarmsystem. <\/span><\/p>\n<p><span style=\"font-weight: 400;\">B\u00e5de Deli och Risotto \u00e4r gjorda av f\u00e4rska nordiska r\u00e5varor. De \u00e4r fria fr\u00e5n konserveringsmedel, f\u00e4rg\u00e4mnen och smak\u00e4mnen. Endast extra vitaminer och mineraler har tillsatts.<\/span>[\/vc_toggle][\/vc_column][vc_column width=&#8221;1\/12&#8243;][\/vc_column][\/vc_row]<\/p>\n<\/div>","protected":false},"excerpt":{"rendered":"<p><span style=\"font-weight: 400;\">Chicken Risotto \u00e4r ett uts\u00f6kt f\u00e4rskt hundfoder med kyckling, krispiga mor\u00f6tter, socker\u00e4rtor, \u00e4gg och ris. Ris och kyckling \u00e4r ett klassiskt recept och \u00e4r s\u00e4rskilt bra f\u00f6r hundar med tendens till k\u00e4nslig mage och\/eller allergier, eftersom det skapar en naturlig balans i hundens mage.<\/span><\/p>\n<p><span style=\"font-weight: 400;\">Maten \u00e4r glutenfri.  <\/span><\/p>\n<p><strong>NETTOVIKT: 500 g<\/strong><\/p>\n<p><strong>INNEH\u00c5LL<\/strong>: Kyckling (59%) (k\u00f6tt, skinn, organ), ris, vatten, morot, \u00e4gg, \u00e4rtor, vitaminer och mineral\u00e4mnen.<\/p>\n<p><strong><span style=\"text-decoration: underline;\"><a href=\"#nutrition\">Se n\u00e4ringsinneh\u00e5ll<\/a><\/span><\/strong><\/p>\n","protected":false},"featured_media":234703,"comment_status":"open","ping_status":"closed","template":"","meta":{"inline_featured_image":false},"product_brand":[],"product_cat":[271],"product_tag":[551,544,540],"class_list":{"0":"post-240121","1":"product","2":"type-product","3":"status-publish","4":"has-post-thumbnail","6":"product_cat-hundmat","7":"product_tag-aegg","8":"product_tag-hundmat-med-kyckling","9":"product_tag-risotto-sv","10":"product_shipping_class-faersk-mat","12":"first","13":"outofstock","14":"taxable","15":"shipping-taxable","16":"purchasable","17":"product-type-simple"},"composite_virtual":false,"composite_layout":"","composite_add_to_cart_form_location":"","composite_editable_in_cart":false,"composite_sold_individually_context":"","composite_shop_price_calc":"","composite_components":[],"composite_scenarios":[],"bundled_by":["254849","263555"],"bundle_stock_status":"outofstock","bundle_stock_quantity":null,"bundle_virtual":false,"bundle_layout":"","bundle_add_to_cart_form_location":"","bundle_editable_in_cart":false,"bundle_sold_individually_context":"","bundle_item_grouping":"","bundle_min_size":"","bundle_max_size":"","bundle_price":[],"bundled_items":[],"bundle_sell_ids":[],"_links":{"self":[{"href":"https:\/\/maetpets.com\/sv\/wp-json\/wp\/v2\/product\/240121","targetHints":{"allow":["GET"]}}],"collection":[{"href":"https:\/\/maetpets.com\/sv\/wp-json\/wp\/v2\/product"}],"about":[{"href":"https:\/\/maetpets.com\/sv\/wp-json\/wp\/v2\/types\/product"}],"replies":[{"embeddable":true,"href":"https:\/\/maetpets.com\/sv\/wp-json\/wp\/v2\/comments?post=240121"}],"wp:featuredmedia":[{"embeddable":true,"href":"https:\/\/maetpets.com\/sv\/wp-json\/wp\/v2\/media\/234703"}],"wp:attachment":[{"href":"https:\/\/maetpets.com\/sv\/wp-json\/wp\/v2\/media?parent=240121"}],"wp:term":[{"taxonomy":"product_brand","embeddable":true,"href":"https:\/\/maetpets.com\/sv\/wp-json\/wp\/v2\/product_brand?post=240121"},{"taxonomy":"product_cat","embeddable":true,"href":"https:\/\/maetpets.com\/sv\/wp-json\/wp\/v2\/product_cat?post=240121"},{"taxonomy":"product_tag","embeddable":true,"href":"https:\/\/maetpets.com\/sv\/wp-json\/wp\/v2\/product_tag?post=240121"}],"curies":[{"name":"wp","href":"https:\/\/api.w.org\/{rel}","templated":true}]}}