{"id":240098,"date":"2020-11-10T16:30:04","date_gmt":"2020-11-10T15:30:04","guid":{"rendered":"https:\/\/maetpets.com\/product\/flaesk-deli\/"},"modified":"2024-09-09T07:41:50","modified_gmt":"2024-09-09T05:41:50","slug":"flaesk-deli-hundmat-utan-spannmaal","status":"publish","type":"product","link":"https:\/\/maetpets.com\/sv\/produkt\/flaesk-deli-hundmat-utan-spannmaal\/","title":{"rendered":"Fl\u00e4sk Deli"},"content":{"rendered":"<div class=\"wpb-content-wrapper\"><p>[vc_row full_width=&#8221;stretch_row&#8221; full_height=&#8221;yes&#8221; equal_height=&#8221;yes&#8221; content_placement=&#8221;middle&#8221; css=&#8221;.vc_custom_1606473802017{padding-top: 30px !important;padding-bottom: 30px !important;background-color: #41121b !important;background-position: center !important;background-repeat: no-repeat !important;background-size: cover !important;}&#8221;][vc_column][vc_custom_heading text=&#8221;F\u00c4RSKA NORDISKA INGREDIENSER&#8221; font_container=&#8221;tag:h3|text_align:center|color:%23fff9f7&#8243; use_theme_fonts=&#8221;yes&#8221; css=&#8221;.vc_custom_1606318653647{padding-top: 50px !important;}&#8221;][vc_custom_heading text=&#8221;GRIS, ORGEL, SPENAT, TANG&#8221; font_container=&#8221;tag:h3|font_size:64|text_align:center|color:%232063a5&#8243; use_theme_fonts=&#8221;yes&#8221;][vc_single_image image=&#8221;234781&#8243; img_size=&#8221;full&#8221; alignment=&#8221;center&#8221;][\/vc_column][\/vc_row][vc_row full_width=&#8221;stretch_row&#8221; css=&#8221;.vc_custom_1606474482573{padding-top: 60px !important;padding-bottom: 60px !important;background-color: #fff9f7 !important;}&#8221;][vc_column width=&#8221;5\/12&#8243;][vc_single_image image=&#8221;237619&#8243; img_size=&#8221;360X360&#8243;][\/vc_column][vc_column width=&#8221;7\/12&#8243;][vc_custom_heading text=&#8221;Daglig dosering&#8221; use_theme_fonts=&#8221;yes&#8221; css=&#8221;.vc_custom_1605879989446{padding-bottom: 30px !important;}&#8221;][vc_column_text]<b>Rekommenderad daglig dos:<\/b> 3 % av hundens vikt.<\/p>\n<p><b>Vikt \/ Rekommenderad daglig ranson (ca.)<\/b><br \/>\n5 kg: 150-170g<br \/>\n10 kg: 300-350g<br \/>\n15 kg: 450-500 (motsvarande ca 1 korv)<br \/>\n20 kg: 600 g<br \/>\n30 kg: 900g<br \/>\n35 kg: 1000g (motsvarande ca 2 korvar)<br \/>\n40 kg: 1 200 g<\/p>\n<p>Vid dosering, ta h\u00e4nsyn till hundens aktivitet, tr\u00e4ning, annan n\u00e4ring och mellanm\u00e5l.[\/vc_column_text][\/vc_column][\/vc_row][vc_row full_width=&#8221;stretch_row_content_no_spaces&#8221; css=&#8221;.vc_custom_1606474400052{padding-top: 100px !important;padding-right: 20px !important;padding-bottom: 100px !important;padding-left: 20px !important;background-color: #0b2945 !important;background-position: center !important;background-repeat: no-repeat !important;background-size: cover !important;}&#8221;][vc_column width=&#8221;1\/3&#8243; css=&#8221;.vc_custom_1605610677798{padding-right: 30px !important;padding-left: 30px !important;}&#8221;][\/vc_column][vc_column width=&#8221;1\/3&#8243;][vc_custom_heading text=&#8221;\u201dN\u00f6jd \u00e4r n\u00e5got alla borde testa, jag har en V\u00c4LDIGT kr\u00e4sen hund och ibland kan han sluta \u00e4ta i upp till 3 dagar, efter att jag provat M\u00c6T har han \u00e4tit varje dag \ud83d\ude42 och dessutom \u00e4r den superh\u00e4lsosam och n\u00e4rande f\u00f6r hunden.&#8221; font_container=&#8221;tag:p|font_size:30|text_align:center|color:%23fff9f7&#8243; use_theme_fonts=&#8221;yes&#8221; css=&#8221;.vc_custom_1607535751003{padding-bottom: 20px !important;}&#8221;][vc_custom_heading text=&#8221;Jag vill ge de varmaste rekommendationerna till alla mina v\u00e4nner \/ familj.\u201d&#8221; font_container=&#8221;tag:p|font_size:30|text_align:center|color:%23fff9f7&#8243; use_theme_fonts=&#8221;yes&#8221; css=&#8221;.vc_custom_1606474445930{padding-bottom: 20px !important;}&#8221;][vc_custom_heading text=&#8221;Regitze, och Saxo vid 2 \u00e5r&#8221; font_container=&#8221;tag:h4|text_align:center|color:%23d54966&#8243; use_theme_fonts=&#8221;yes&#8221; css=&#8221;.vc_custom_1606474059924{padding-bottom: 50px !important;}&#8221;][vc_single_image image=&#8221;234871&#8243; alignment=&#8221;center&#8221;][\/vc_column][vc_column width=&#8221;1\/3&#8243;][\/vc_column][\/vc_row][vc_row full_width=&#8221;stretch_row&#8221; css=&#8221;.vc_custom_1663786700684{padding-top: 60px !important;padding-bottom: 30px !important;background-color: #fff9f7 !important;}&#8221;][vc_column width=&#8221;6\/12&#8243;][vc_single_image image=&#8221;239732&#8243; img_size=&#8221;full&#8221;][\/vc_column][vc_column width=&#8221;6\/12&#8243;][vc_column_text]<\/p>\n<h2>En naturlig bantningskur med fl\u00e4skk\u00f6tt och h\u00e4lsosamma gr\u00f6nsaker<\/h2>\n<p><span style=\"font-weight: 400;\">Fl\u00e4sk \u00e4r packat med nyttiga proteiner och essentiella fettsyror och spenat inneh\u00e5ller b\u00e5de vitaminer som K och E och mineralet magnesium. T\u00e5ng \u00e4r en naturlig k\u00e4lla till jod, som st\u00f6djer sk\u00f6ldk\u00f6rteln och fr\u00e4mjar p\u00e4ls och tarmh\u00e4lsa. <\/span><\/p>\n<p><span style=\"font-weight: 400;\">Pork Deli \u00e4r f\u00e4rskt hundfoder, som \u00e4r s\u00e4rskilt bra f\u00f6r hundar som beh\u00f6ver ta hand om vikten, d\u00e5 m\u00e5ltiden \u00e4r fylld med h\u00e4lsosamma proteiner och noggrant utvalda kolhydrater i kontrollerad m\u00e4ngd. <\/span>[\/vc_column_text][\/vc_column][\/vc_row][vc_row full_width=&#8221;stretch_row&#8221; css=&#8221;.vc_custom_1653896601552{padding-top: 40px !important;padding-bottom: 40px !important;background-position: center !important;background-repeat: no-repeat !important;background-size: contain !important;}&#8221; el_id=&#8221;n\u00e4ring&#8221;][vc_column][vc_custom_heading text=&#8221;N\u00e4ringsinformation&#8221; use_theme_fonts=&#8221;yes&#8221; css=&#8221;.vc_custom_1606297081281{padding-bottom: 15px !important;}&#8221;][vc_column_text css=&#8221;.vc_custom_1615461224761{padding-bottom: 30px !important;}&#8221;]Pork Deli \u00e4r hundmat utan spannm\u00e5l, men med f\u00e4rskt k\u00f6tt och gr\u00f6nsaker.<br \/>\nInneh\u00e5ller alla n\u00e4rings\u00e4mnen, vitaminer och mineraler<br \/>\nsom din hund beh\u00f6ver.[\/vc_column_text][\/vc_column][vc_column width=&#8221;1\/2&#8243;][vc_column_text]<\/p>\n<p class=\"p2\"><strong>N\u00c4RINGSINNEH\u00c5LL <\/strong><\/p>\n<p class=\"p2\">Energi\/Energi 4,8 MJ\/kg 1146 kcal\/kg<br \/>\nProtein &#8230;&#8230;&#8230;&#8230;&#8230;&#8230;&#8230;&#8230;&#8230;. 14,0 %<br \/>\nFett\/Fett &#8230;&#8230;&#8230;&#8230;&#8230;&#8230;&#8230;&#8230;&#8230;..003%.<br \/>\nFiber &#8230;&#8230;&#8230;&#8230;&#8230;&#8230;&#8230;&#8230;&#8230;&#8230;&#8230;.. 0,8 %<br \/>\nAska &#8230;&#8230;&#8230;&#8230;&#8230;&#8230;&#8230;&#8230; 1,6 %<br \/>\nKalcium &#8230;&#8230;&#8230;&#8230;&#8230;&#8230;&#8230;&#8230;&#8230; 0,2 %<br \/>\nFosfor\/Fosfor 000,2%.<\/p>\n<p class=\"p2\">Fukthalt: 77,4%.<br \/>\nInneh\u00e5ll av k\u00f6tt: 80<\/p>\n<p>[\/vc_column_text][\/vc_column][vc_column width=&#8221;1\/2&#8243;][vc_column_text]<b>Naturligt inneh\u00e5llande n\u00e4rings\u00e4mnen:<\/b><\/p>\n<p>Vitamin A 330 IU\/kg, Vitamin D 358 IU\/kg, Vitamin E 42 IU\/kg, Vitamin C 69 mg\/kg, Vitamin B1 0,6 mg\/kg, Vitamin B2 3,4 mg\/kg, Vitamin B6 0,9 mg\/kg, Vitamin B12 19 \u03bcg\/kg, Biotin 801 \u03bcg\/kg, niacin 12 mg\/kg, pantotensyra 6 mg\/kg, folsyra 0,08 mg\/kg, zink 68 mg\/kg, magnesium 0,1 mg\/kg, natrium 1200 mg\/kg, j\u00e4rn 70 mg\/kg, koppar 50 mg\/kg, mangan 2 mg\/kg, kalium 1,8 g\/kg, jod 430 \u03bcg\/kg.[\/vc_column_text][vc_column_text]<b>Varav tillsatta n\u00e4ringstillsatser:<\/b><\/p>\n<p>Vitamin D 450 IE \/ kg, Vitamin E 40 IE \/ kg, zink 60 mg \/ kg, magnesium 320 mg \/ kg, koppar 5 mg \/ kg, mangan 1,8 mg \/ kg, jod 430 \u03bcg \/ kg.[\/vc_column_text][\/vc_column][\/vc_row][vc_row full_width=&#8221;stretch_row&#8221; content_placement=&#8221;middle&#8221; css=&#8221;.vc_custom_1663786694020{padding-top: 80px !important;padding-bottom: 80px !important;background-color: #0b2945 !important;background-position: center !important;background-repeat: no-repeat !important;background-size: cover !important;}&#8221;][vc_column][vc_custom_heading text=&#8221;F\u00c4RSK \u00c4R B\u00c4ST&#8221; font_container=&#8221;tag:h2|font_size:70|text_align:center|color:%23d54966&#8243; use_theme_fonts=&#8221;yes&#8221; css=&#8221;.vc_custom_1606473919224{padding-bottom: 20px !important;}&#8221;][\/vc_column][vc_column width=&#8221;1\/4&#8243;][vc_custom_heading text=&#8221;Nordiska r\u00e5varor&#8221; font_container=&#8221;tag:h3|text_align:center|color:%23fff9f7&#8243; use_theme_fonts=&#8221;yes&#8221; css=&#8221;.vc_custom_1606318546594{padding-bottom: 15px !important;}&#8221;][vc_custom_heading text=&#8221;F\u00e4rsk k\u00f6tt och gr\u00f6nsaker&#8221; font_container=&#8221;tag:h3|text_align:center|color:%23fff9f7&#8243; use_theme_fonts=&#8221;yes&#8221; css=&#8221;.vc_custom_1615975915568{padding-bottom: 15px !important;}&#8221;][vc_custom_heading text=&#8221;Fylld med vitaminer&#8221; font_container=&#8221;tag:h3|text_align:center|color:%23fff9f7&#8243; use_theme_fonts=&#8221;yes&#8221; css=&#8221;.vc_custom_1606318560001{padding-bottom: 15px !important;}&#8221;][\/vc_column][vc_column width=&#8221;2\/4&#8243;][vc_single_image image=&#8221;234775&#8243; img_size=&#8221;full&#8221; alignment=&#8221;center&#8221;][\/vc_column][vc_column width=&#8221;1\/4&#8243;][vc_custom_heading text=&#8221;Enkelt protein&#8221; font_container=&#8221;tag:h3|text_align:center|color:%23fff9f7&#8243; use_theme_fonts=&#8221;yes&#8221; css=&#8221;.vc_custom_1606473729928{padding-bottom: 15px !important;}&#8221;][vc_custom_heading text=&#8221;H\u00f6g sm\u00e4ltbarhet&#8221; font_container=&#8221;tag:h3|text_align:center|color:%23fff9f7&#8243; use_theme_fonts=&#8221;yes&#8221; css=&#8221;.vc_custom_1606473737418{padding-bottom: 15px !important;}&#8221;][vc_custom_heading text=&#8221;Inga konserveringsmedel&#8221; font_container=&#8221;tag:h3|text_align:center|color:%23fff9f7&#8243; use_theme_fonts=&#8221;yes&#8221; css=&#8221;.vc_custom_1614338316606{padding-bottom: 15px !important;}&#8221;][\/vc_column][\/vc_row][vc_row full_width=&#8221;stretch_row&#8221; css=&#8221;.vc_custom_1606295919975{padding-top: 30px !important;background-color: #fff9f7 !important;}&#8221;][vc_column width=&#8221;1\/12&#8243; css=&#8221;.vc_custom_1605784949857{background-color: #fff9f7 !important;}&#8221;][\/vc_column][vc_column width=&#8221;10\/12&#8243;][vc_custom_heading text=&#8221;Fr\u00e5gor och svar&#8221; font_container=&#8221;tag:h2|text_align:center&#8221; use_theme_fonts=&#8221;yes&#8221;][vc_toggle title=&#8221;Vad inneh\u00e5ller M\u00c6T Pork Deli?&#8221;]<span style=\"font-weight: 400;\">M\u00c6T s Pork Deli best\u00e5r av f\u00e4rska nordiska r\u00e5varor. Det finns s\u00e5 mycket som 80 % fl\u00e4sk i Pork Deli. Dessutom finns det vitaminrik spenat och t\u00e5ng i. I Pork Deli har man tillsatt extra vitaminer och mineraler men inga konserveringsmedel, f\u00e4rger eller smak\u00e4mnen. <\/span>[\/vc_toggle][vc_toggle title=&#8221;Varf\u00f6r ska jag v\u00e4lja f\u00e4rsk hundmat?&#8221;]<span style=\"font-weight: 400;\">M\u00c6Ts f\u00e4rska hundfoder g\u00f6rs p\u00e5 de b\u00e4sta nordiska r\u00e5varorna. Det finns inga konserveringsmedel eller tillsatta f\u00e4rg\u00e4mnen och smak\u00e4mnen. F\u00e4rsk hundmat tillagas enkelt med sous vide, vilket \u00f6kar din hunds upptag av matens n\u00e4rings\u00e4mnen. <\/span><\/p>\n<p><span style=\"font-weight: 400;\">F\u00e4rskt hundfoder har ett mycket h\u00f6gre upptag \u00e4n andra typer av hundmat. Om du tycker att din hund f\u00f6rtj\u00e4nar f\u00e4rsk, h\u00e4lsosam och v\u00e4lsmakande mat ska du prova f\u00e4rsk hundmat.<\/span>[\/vc_toggle][vc_toggle title=&#8221;Vad \u00e4r skillnaden mellan Deli och Risotto hundmat?&#8221;]<span style=\"font-weight: 400;\">Det finns inget spannm\u00e5l eller gluten i M\u00c6Ts Deli-recept. De har en l\u00e5g fettprocent, och \u00e4r s\u00e4rskilt l\u00e4mpliga f\u00f6r hundar som beh\u00f6ver ta hand om sin vikt. <\/span><\/p>\n<p><span style=\"font-weight: 400;\">M\u00c6Ts Risottorecept inneh\u00e5ller ris, men de \u00e4r fortfarande glutenfria. Ris \u00e4r bra f\u00f6r att skapa en bra och h\u00e4lsosam balans i hundarnas mag-tarmsystem. <\/span><\/p>\n<p><span style=\"font-weight: 400;\">B\u00e5de Deli och Risotto \u00e4r gjorda av f\u00e4rska nordiska r\u00e5varor. De \u00e4r fria fr\u00e5n konserveringsmedel, f\u00e4rg\u00e4mnen och smak\u00e4mnen. Endast extra vitaminer och mineraler har tillsatts.<\/span>[\/vc_toggle][\/vc_column][vc_column width=&#8221;1\/12&#8243;][\/vc_column][\/vc_row]<\/p>\n<\/div>","protected":false},"excerpt":{"rendered":"<p>Pork Deli med 80% fl\u00e4skk\u00f6tt, kompletterat med n\u00e4ringsrik spenat och h\u00e4lsosam t\u00e5ng. En festm\u00e5ltid med f\u00e4rskt k\u00f6tt som ocks\u00e5 \u00e4r l\u00e4mplig f\u00f6r hundar som beh\u00f6ver h\u00e5lla koll p\u00e5 sin vikt, eftersom m\u00e5ltiden \u00e4r fullproppad med h\u00e4lsosamma proteiner men inneh\u00e5ller en m\u00e5ttlig m\u00e4ngd fett.<\/p>\n<p>Gluten- och spannm\u00e5lsfria.<\/p>\n<p><strong>NETTOVIKT: 500 g<\/strong><\/p>\n<p><strong>Inneh\u00e5ll<\/strong>: Fl\u00e4skk\u00f6tt (80%) (k\u00f6tt och organ), vatten, spenat (5%), gelatin fr\u00e5n fl\u00e4skk\u00f6tt, sj\u00f6gr\u00e4s (1%), vitaminer och mineraler.<\/p>\n<p><strong><span style=\"text-decoration: underline;\"><a href=\"#nutrition\">Se n\u00e4ringsinneh\u00e5ll<\/a><\/span><\/strong><\/p>\n","protected":false},"featured_media":234799,"comment_status":"open","ping_status":"closed","template":"","meta":{"inline_featured_image":false},"product_brand":[],"product_cat":[271],"product_tag":[543,539],"class_list":{"0":"post-240098","1":"product","2":"type-product","3":"status-publish","4":"has-post-thumbnail","6":"product_cat-hundmat","7":"product_tag-deli-sv","8":"product_tag-hundmat-med-gris","9":"product_shipping_class-faersk-mat","11":"first","12":"outofstock","13":"taxable","14":"shipping-taxable","15":"purchasable","16":"product-type-simple"},"composite_virtual":false,"composite_layout":"","composite_add_to_cart_form_location":"","composite_editable_in_cart":false,"composite_sold_individually_context":"","composite_shop_price_calc":"","composite_components":[],"composite_scenarios":[],"bundled_by":["254849","255156","263555"],"bundle_stock_status":"outofstock","bundle_stock_quantity":null,"bundle_virtual":false,"bundle_layout":"","bundle_add_to_cart_form_location":"","bundle_editable_in_cart":false,"bundle_sold_individually_context":"","bundle_item_grouping":"","bundle_min_size":"","bundle_max_size":"","bundle_price":[],"bundled_items":[],"bundle_sell_ids":[],"_links":{"self":[{"href":"https:\/\/maetpets.com\/sv\/wp-json\/wp\/v2\/product\/240098","targetHints":{"allow":["GET"]}}],"collection":[{"href":"https:\/\/maetpets.com\/sv\/wp-json\/wp\/v2\/product"}],"about":[{"href":"https:\/\/maetpets.com\/sv\/wp-json\/wp\/v2\/types\/product"}],"replies":[{"embeddable":true,"href":"https:\/\/maetpets.com\/sv\/wp-json\/wp\/v2\/comments?post=240098"}],"wp:featuredmedia":[{"embeddable":true,"href":"https:\/\/maetpets.com\/sv\/wp-json\/wp\/v2\/media\/234799"}],"wp:attachment":[{"href":"https:\/\/maetpets.com\/sv\/wp-json\/wp\/v2\/media?parent=240098"}],"wp:term":[{"taxonomy":"product_brand","embeddable":true,"href":"https:\/\/maetpets.com\/sv\/wp-json\/wp\/v2\/product_brand?post=240098"},{"taxonomy":"product_cat","embeddable":true,"href":"https:\/\/maetpets.com\/sv\/wp-json\/wp\/v2\/product_cat?post=240098"},{"taxonomy":"product_tag","embeddable":true,"href":"https:\/\/maetpets.com\/sv\/wp-json\/wp\/v2\/product_tag?post=240098"}],"curies":[{"name":"wp","href":"https:\/\/api.w.org\/{rel}","templated":true}]}}