{"id":240095,"date":"2020-11-10T16:23:53","date_gmt":"2020-11-10T15:23:53","guid":{"rendered":"https:\/\/maetpets.com\/product\/kyckling-deli\/"},"modified":"2024-03-25T08:26:02","modified_gmt":"2024-03-25T07:26:02","slug":"kyckling-deli-spannmaalsfri-hundmat-med-kyckling","status":"publish","type":"product","link":"https:\/\/maetpets.com\/sv\/produkt\/kyckling-deli-spannmaalsfri-hundmat-med-kyckling\/","title":{"rendered":"Kyckling Deli"},"content":{"rendered":"<div class=\"wpb-content-wrapper\"><p>[vc_row full_width=&#8221;stretch_row&#8221; full_height=&#8221;yes&#8221; equal_height=&#8221;yes&#8221; content_placement=&#8221;middle&#8221; css=&#8221;.vc_custom_1606473855858{padding-top: 30px !important;padding-bottom: 30px !important;background-color: #2b1910 !important;background-position: center !important;background-repeat: no-repeat !important;background-size: cover !important;}&#8221;][vc_column][vc_custom_heading text=&#8221;F\u00c4RSKA NORDISKA INGREDIENSER&#8221; font_container=&#8221;tag:h3|text_align:center|color:%23fff9f7&#8243; use_theme_fonts=&#8221;yes&#8221; css=&#8221;.vc_custom_1606475029737{padding-top: 50px !important;}&#8221;][vc_custom_heading text=&#8221;KYCKLING, SPENAT, T\u00c4NG&#8221; font_container=&#8221;tag:h3|font_size:64|text_align:center|color:%235bba47&#8243; use_theme_fonts=&#8221;yes&#8221;][vc_single_image image=&#8221;230737&#8243; img_size=&#8221;full&#8221; alignment=&#8221;center&#8221;][\/vc_column][\/vc_row][vc_row full_width=&#8221;stretch_row&#8221; css=&#8221;.vc_custom_1606474488520{padding-top: 60px !important;padding-bottom: 60px !important;background-color: #fff9f7 !important;}&#8221;][vc_column width=&#8221;5\/12&#8243;][vc_single_image image=&#8221;243185&#8243; img_size=&#8221;350&#215;350&#8243;][\/vc_column][vc_column width=&#8221;7\/12&#8243;][vc_custom_heading text=&#8221;Daglig dosering&#8221; use_theme_fonts=&#8221;yes&#8221; css=&#8221;.vc_custom_1605879989446{padding-bottom: 30px !important;}&#8221;][vc_column_text]<b>Rekommenderad daglig dos:<\/b> 3 % av hundens vikt.<\/p>\n<p><b>Vikt \/ Rekommenderad daglig ranson (ca.)<\/b><br \/>\n5 kg: 150-170g<br \/>\n10 kg: 300-350g<br \/>\n15 kg: 450-500 (motsvarande ca 1 korv)<br \/>\n20 kg: 600 g<br \/>\n30 kg: 900g<br \/>\n35 kg: 1000g (motsvarande ca 2 korvar)<br \/>\n40 kg: 1 200 g<\/p>\n<p>Vid dosering, ta h\u00e4nsyn till hundens aktivitet, tr\u00e4ning, annan n\u00e4ring och mellanm\u00e5l.[\/vc_column_text][\/vc_column][\/vc_row][vc_row full_width=&#8221;stretch_row_content_no_spaces&#8221; css=&#8221;.vc_custom_1606474433047{padding-top: 100px !important;padding-right: 20px !important;padding-bottom: 100px !important;padding-left: 20px !important;background-color: #193119 !important;background-position: center !important;background-repeat: no-repeat !important;background-size: cover !important;}&#8221;][vc_column width=&#8221;1\/4&#8243; css=&#8221;.vc_custom_1605610677798{padding-right: 30px !important;padding-left: 30px !important;}&#8221;][\/vc_column][vc_column width=&#8221;2\/4&#8243;][vc_custom_heading text=&#8221;&#8220; N\u00e4r vi fick chansen att prova ett nytt alternativt hundfoder blev vi glada! Vi uppskattar valet av r\u00e5varor, d\u00e5 fodret inte bearbetas och d\u00e4rf\u00f6r n\u00e4stan inte blir mer f\u00e4rskt.<br \/>\nDet \u00e4r fantastiskt att g\u00f6ra honom glad med l\u00e4cker, n\u00e4ringsrik hundmat n\u00e4r vi kommer hem. Vi kan inte rekommendera M\u00c6T tillr\u00e4ckligt.&#8221; font_container=&#8221;tag:p|font_size:30|text_align:center|color:%23fff9f7&#8243; use_theme_fonts=&#8221;yes&#8221; css=&#8221;.vc_custom_1607505026429{padding-bottom: 20px !important;}&#8221;][vc_custom_heading text=&#8221;Nu har vi kompletterat med M\u00c6T i 2 veckor och vi tror att vi kan k\u00e4nna att hans hum\u00f6r \u00e4r balanserat. Han sover igenom, och tror att det beror p\u00e5 att han \u00e4r m\u00e4tt p\u00e5 ett bra s\u00e4tt.&#8220;&#8221; font_container=&#8221;tag:p|font_size:30|text_align:center|color:%23fff9f7&#8243; use_theme_fonts=&#8221;yes&#8221; css=&#8221;.vc_custom_1646404104857{padding-bottom: 20px !important;}&#8221;][vc_custom_heading text=&#8221;Gavin och hans cotontzu \/ shiton Pelle p\u00e5 n\u00e4stan \u00bd \u00e5r&#8221; font_container=&#8221;tag:h4|text_align:center|color:%23ec5f43&#8243; use_theme_fonts=&#8221;yes&#8221; css=&#8221;.vc_custom_1607505907174{padding-bottom: 50px !important;}&#8221; link=&#8221;url:https%3A%2F%2Fwww.instagram.com%2Fpellenugget%2F|target:_blank|&#8221;][vc_single_image image=&#8221;230914&#8243; alignment=&#8221;center&#8221;][\/vc_column][vc_column width=&#8221;1\/4&#8243;][\/vc_column][\/vc_row][vc_row full_width=&#8221;stretch_row&#8221; css=&#8221;.vc_custom_1663786118638{padding-top: 30px !important;padding-bottom: 30px !important;background-color: #fff9f7 !important;}&#8221;][vc_column width=&#8221;6\/12&#8243;][vc_single_image image=&#8221;246763&#8243; img_size=&#8221;full&#8221;][\/vc_column][vc_column width=&#8221;6\/12&#8243;][vc_custom_heading text=&#8221;Naturligt bantningsfoder f\u00f6r hundar med 80 % k\u00f6tt och gr\u00f6nsaker&#8221; use_theme_fonts=&#8221;yes&#8221; css=&#8221;.vc_custom_1663785863683{padding-bottom: 20px !important;}&#8221;][vc_column_text]<span style=\"font-weight: 400;\">Hundfoder med kyckling \u00e4r en mager k\u00e4lla till h\u00e4lsosamma proteiner. Spenat inneh\u00e5ller vitaminer och mineraler som K- och E-vitamin och magnesium, och t\u00e5ng \u00e4r en naturlig k\u00e4lla till jod, som st\u00f6djer sk\u00f6ldk\u00f6rteln och fr\u00e4mjar h\u00e4lsan hos p\u00e4ls och tarm.<\/span>[\/vc_column_text][\/vc_column][\/vc_row][vc_row full_width=&#8221;stretch_row&#8221; css=&#8221;.vc_custom_1653897548563{padding-top: 40px !important;padding-bottom: 40px !important;background-position: center !important;background-repeat: no-repeat !important;background-size: contain !important;}&#8221; el_id=&#8221;n\u00e4ring&#8221;][vc_column][vc_custom_heading text=&#8221;N\u00e4ringsinformation&#8221; use_theme_fonts=&#8221;yes&#8221; css=&#8221;.vc_custom_1606297081281{padding-bottom: 15px !important;}&#8221;][vc_column_text css=&#8221;.vc_custom_1646404152325{padding-bottom: 30px !important;}&#8221;]Chicken Deli \u00e4r uts\u00f6kt spannm\u00e5lsfritt hundmat som best\u00e5r av 80 % k\u00f6tt och nyttiga gr\u00f6nsaker.<br \/>\nInneh\u00e5ller alla n\u00e4rings\u00e4mnen, vitaminer och mineraler som din hund beh\u00f6ver.[\/vc_column_text][\/vc_column][vc_column width=&#8221;1\/2&#8243;][vc_column_text]<\/p>\n<p class=\"p2\"><strong>N\u00c4RINGSINNEH\u00c5LL <\/strong><\/p>\n<p class=\"p2\">Energi\/Energi 4,2 MJ\/kg 1003 kcal\/kg<br \/>\nProtein &#8230;&#8230;&#8230;&#8230;&#8230;&#8230;&#8230;&#8230;&#8230;&#8230;.. 15,5 %<br \/>\nFett\/Fett &#8230;&#8230;&#8230;&#8230;&#8230;&#8230;&#8230;&#8230;&#8230;..8%.<br \/>\nFiber &#8230;&#8230;&#8230;&#8230;&#8230;&#8230;&#8230;&#8230;&#8230;&#8230;&#8230;.. 0,8 %<br \/>\nAska &#8230;&#8230;&#8230;&#8230;&#8230;&#8230;&#8230;&#8230; 1,5 %<br \/>\nKalcium &#8230;&#8230;&#8230;&#8230;&#8230;&#8230;&#8230;&#8230;&#8230; 0,21 %<br \/>\nFosfor &#8230;&#8230;&#8230;. 0,11 %<\/p>\n<p class=\"p2\">Fukthalt: 78,4%.<br \/>\nInneh\u00e5ll av k\u00f6tt: 80<\/p>\n<p>[\/vc_column_text][\/vc_column][vc_column width=&#8221;1\/2&#8243;][vc_column_text]<b>Naturligt inneh\u00e5llande n\u00e4rings\u00e4mnen:<\/b><\/p>\n<p>Vitamin A 3360 IE \/ kg, Vitamin D 605 IE \/ kg, Vitamin E 45 IE \/ kg, Vitamin C 3,4 mg \/ kg, Vitamin B1 0,5 mg \/ kg, Vitamin B2 1 mg \/ kg, vitamin B6 2,8 mg \/ kg, vitamin B12 0,9 \u03bcg\/kg, biotin 8,7 \u03bcg\/kg, niacin 39 mg\/kg, pantotensyra 2,3 mg\/kg, folsyra 0,081 mg\/kg, zink 70 mg\/kg, magnesium 520 mg\/kg, natrium 1200 mg\/kg, j\u00e4rn 12 mg \/ kg, koppar 5 mg \/ kg, mangan 4 mg \/ kg, kalium 1,6 g \/ kg, jod 430 \u03bcg \/ kg, jod 430 \u03bcg \/ kg.[\/vc_column_text][vc_column_text]<b>Varav tillsatta n\u00e4ringstillsatser:<\/b><\/p>\n<p>Vitamin D 450 IE \/ kg, Vitamin E 40 IE \/ kg, zink 60 mg \/ kg, magnesium 320 mg \/ kg, koppar 5 mg \/ kg, mangan 1,8 mg \/ kg, jod 430 \u03bcg \/ kg.[\/vc_column_text][\/vc_column][\/vc_row][vc_row full_width=&#8221;stretch_row&#8221; full_height=&#8221;yes&#8221; equal_height=&#8221;yes&#8221; content_placement=&#8221;middle&#8221; css=&#8221;.vc_custom_1606474481423{padding-top: 60px !important;padding-bottom: 60px !important;background-color: #193119 !important;background-position: center !important;background-repeat: no-repeat !important;background-size: cover !important;}&#8221;][vc_column][vc_custom_heading text=&#8221;F\u00c4RSK \u00c4R B\u00c4ST&#8221; font_container=&#8221;tag:h2|font_size:70|text_align:center|color:%23ec5f43&#8243; use_theme_fonts=&#8221;yes&#8221; css=&#8221;.vc_custom_1606319018069{padding-bottom: 20px !important;}&#8221;][\/vc_column][vc_column width=&#8221;1\/4&#8243;][vc_custom_heading text=&#8221;Nordiska r\u00e5varor&#8221; font_container=&#8221;tag:h3|text_align:center|color:%23fff9f7&#8243; use_theme_fonts=&#8221;yes&#8221; css=&#8221;.vc_custom_1606473785044{padding-bottom: 15px !important;}&#8221;][vc_custom_heading text=&#8221;F\u00e4rsk k\u00f6tt och gr\u00f6nsaker&#8221; font_container=&#8221;tag:h3|text_align:center|color:%23fff9f7&#8243; use_theme_fonts=&#8221;yes&#8221; css=&#8221;.vc_custom_1615976110413{padding-bottom: 15px !important;}&#8221;][vc_custom_heading text=&#8221;Fylld med vitaminer&#8221; font_container=&#8221;tag:h3|text_align:center|color:%23fff9f7&#8243; use_theme_fonts=&#8221;yes&#8221; css=&#8221;.vc_custom_1606473801253{padding-bottom: 15px !important;}&#8221;][\/vc_column][vc_column width=&#8221;2\/4&#8243;][vc_single_image image=&#8221;230735&#8243; img_size=&#8221;full&#8221; alignment=&#8221;center&#8221;][\/vc_column][vc_column width=&#8221;1\/4&#8243;][vc_custom_heading text=&#8221;Enkelt protein&#8221; font_container=&#8221;tag:h3|text_align:center|color:%23fff9f7&#8243; use_theme_fonts=&#8221;yes&#8221; css=&#8221;.vc_custom_1606473808097{padding-bottom: 15px !important;}&#8221;][vc_custom_heading text=&#8221;H\u00f6g sm\u00e4ltbarhet&#8221; font_container=&#8221;tag:h3|text_align:center|color:%23fff9f7&#8243; use_theme_fonts=&#8221;yes&#8221; css=&#8221;.vc_custom_1606473815845{padding-bottom: 15px !important;}&#8221;][vc_custom_heading text=&#8221;Inga konserveringsmedel&#8221; font_container=&#8221;tag:h3|text_align:center|color:%23fff9f7&#8243; use_theme_fonts=&#8221;yes&#8221; css=&#8221;.vc_custom_1614338366512{padding-bottom: 15px !important;}&#8221;][\/vc_column][\/vc_row][vc_row full_width=&#8221;stretch_row&#8221; css=&#8221;.vc_custom_1606295919975{padding-top: 30px !important;background-color: #fff9f7 !important;}&#8221;][vc_column width=&#8221;1\/12&#8243; css=&#8221;.vc_custom_1605784949857{background-color: #fff9f7 !important;}&#8221;][\/vc_column][vc_column width=&#8221;10\/12&#8243;][vc_custom_heading text=&#8221;Fr\u00e5gor och svar&#8221; font_container=&#8221;tag:h2|text_align:center&#8221; use_theme_fonts=&#8221;yes&#8221;][vc_toggle title=&#8221;Vad finns i Chicken Deli?&#8221;]<span style=\"font-weight: 400;\">Chicken Deli fr\u00e5n M\u00c6T \u00e4r hundmat med kyckling (80%), samt spenat och sj\u00f6gr\u00e4s. Det finns inga konserveringsmedel, f\u00e4rg\u00e4mnen eller smak\u00e4mnen i den. De enda tillsatserna i Chicken Deli \u00e4r extra vitaminer och mineraler. <\/span>[\/vc_toggle][vc_toggle title=&#8221;Varf\u00f6r ska jag v\u00e4lja f\u00e4rsk hundmat?&#8221;]<span style=\"font-weight: 400;\">M\u00c6Ts f\u00e4rska hundfoder g\u00f6rs p\u00e5 de b\u00e4sta nordiska r\u00e5varorna. Det finns inga konserveringsmedel eller tillsatta f\u00e4rg\u00e4mnen och smak\u00e4mnen. F\u00e4rskt hundfoder har tillagats l\u00e4tt med sous vide, vilket \u00f6kar din hunds upptag av fodrets n\u00e4rings\u00e4mnen.  <\/span><\/p>\n<p><span style=\"font-weight: 400;\">F\u00e4rskt hundfoder har ett mycket h\u00f6gre upptag \u00e4n andra typer av hundmat. Om du tycker att din hund f\u00f6rtj\u00e4nar f\u00e4rsk, h\u00e4lsosam och v\u00e4lsmakande mat ska du prova f\u00e4rsk hundmat.<\/span>[\/vc_toggle][vc_toggle title=&#8221;Vad \u00e4r skillnaden mellan Deli och Risotto hundmat?&#8221;]<span style=\"font-weight: 400;\">Det finns inget spannm\u00e5l eller gluten i M\u00c6Ts Deli-recept. De har en l\u00e5g fettprocent, och \u00e4r s\u00e4rskilt l\u00e4mpliga f\u00f6r hundar som beh\u00f6ver ta hand om sin vikt. <\/span><\/p>\n<p><span style=\"font-weight: 400;\">M\u00c6Ts Risottorecept inneh\u00e5ller ris, men de \u00e4r fortfarande glutenfria. Ris \u00e4r bra f\u00f6r att skapa en bra och h\u00e4lsosam balans i hundarnas mag-tarmsystem. <\/span><\/p>\n<p><span style=\"font-weight: 400;\">B\u00e5de Deli och Risotto \u00e4r gjorda av f\u00e4rska nordiska r\u00e5varor. De \u00e4r fria fr\u00e5n konserveringsmedel, f\u00e4rg\u00e4mnen och smak\u00e4mnen. Endast extra vitaminer och mineraler har tillsatts.<\/span>[\/vc_toggle][\/vc_column][vc_column width=&#8221;1\/12&#8243;][\/vc_column][\/vc_row]<\/p>\n<\/div>","protected":false},"excerpt":{"rendered":"<p>Chicken Deli inneh\u00e5ller 80 % f\u00e4rskt kycklingk\u00f6tt, spenat och sj\u00f6gr\u00e4s och \u00e4r ett naturligt och spannm\u00e5lsfritt bantningspreparat tack vare den l\u00e5ga fetthalten. En uts\u00f6kt m\u00e5ltid som \u00e4r s\u00e4rskilt l\u00e4mplig f\u00f6r hundar som beh\u00f6ver h\u00e5lla koll p\u00e5 sin vikt. Gluten- och spannm\u00e5lsfria.<\/p>\n<p><strong>NETTOVIKT: 500 g <\/strong><\/p>\n<p><strong>Inneh\u00e5ll<\/strong>: Kyckling (80%) (k\u00f6tt, skinn, organ), vatten, spenat (5%), fl\u00e4skgelatin, \u00e4rtmj\u00f6l, potatisfibrer, sj\u00f6gr\u00e4s (1%), vitaminer och mineraler.<\/p>\n<p><strong><span style=\"text-decoration: underline;\"><a href=\"#nutrition\">Se n\u00e4ringsinneh\u00e5ll<\/a><\/span><\/strong><\/p>\n","protected":false},"featured_media":234802,"comment_status":"open","ping_status":"closed","template":"","meta":{"inline_featured_image":false},"product_brand":[],"product_cat":[271],"product_tag":[543,544],"class_list":{"0":"post-240095","1":"product","2":"type-product","3":"status-publish","4":"has-post-thumbnail","6":"product_cat-hundmat","7":"product_tag-deli-sv","8":"product_tag-hundmat-med-kyckling","9":"product_shipping_class-faersk-mat","11":"first","12":"outofstock","13":"taxable","14":"shipping-taxable","15":"purchasable","16":"product-type-simple"},"composite_virtual":false,"composite_layout":"","composite_add_to_cart_form_location":"","composite_editable_in_cart":false,"composite_sold_individually_context":"","composite_shop_price_calc":"","composite_components":[],"composite_scenarios":[],"bundled_by":["254849","255156","263555"],"bundle_stock_status":"outofstock","bundle_stock_quantity":null,"bundle_virtual":false,"bundle_layout":"","bundle_add_to_cart_form_location":"","bundle_editable_in_cart":false,"bundle_sold_individually_context":"","bundle_item_grouping":"","bundle_min_size":"","bundle_max_size":"","bundle_price":[],"bundled_items":[],"bundle_sell_ids":[],"_links":{"self":[{"href":"https:\/\/maetpets.com\/sv\/wp-json\/wp\/v2\/product\/240095","targetHints":{"allow":["GET"]}}],"collection":[{"href":"https:\/\/maetpets.com\/sv\/wp-json\/wp\/v2\/product"}],"about":[{"href":"https:\/\/maetpets.com\/sv\/wp-json\/wp\/v2\/types\/product"}],"replies":[{"embeddable":true,"href":"https:\/\/maetpets.com\/sv\/wp-json\/wp\/v2\/comments?post=240095"}],"wp:featuredmedia":[{"embeddable":true,"href":"https:\/\/maetpets.com\/sv\/wp-json\/wp\/v2\/media\/234802"}],"wp:attachment":[{"href":"https:\/\/maetpets.com\/sv\/wp-json\/wp\/v2\/media?parent=240095"}],"wp:term":[{"taxonomy":"product_brand","embeddable":true,"href":"https:\/\/maetpets.com\/sv\/wp-json\/wp\/v2\/product_brand?post=240095"},{"taxonomy":"product_cat","embeddable":true,"href":"https:\/\/maetpets.com\/sv\/wp-json\/wp\/v2\/product_cat?post=240095"},{"taxonomy":"product_tag","embeddable":true,"href":"https:\/\/maetpets.com\/sv\/wp-json\/wp\/v2\/product_tag?post=240095"}],"curies":[{"name":"wp","href":"https:\/\/api.w.org\/{rel}","templated":true}]}}