{"id":240092,"date":"2020-11-10T14:44:33","date_gmt":"2020-11-10T13:44:33","guid":{"rendered":"https:\/\/maetpets.com\/product\/flaeskfest-risotto\/"},"modified":"2023-11-09T16:28:05","modified_gmt":"2023-11-09T15:28:05","slug":"flaesk-fest-risotto-faersk-hund-mat","status":"publish","type":"product","link":"https:\/\/maetpets.com\/sv\/produkt\/flaesk-fest-risotto-faersk-hund-mat\/","title":{"rendered":"Pork Risotto"},"content":{"rendered":"<div class=\"wpb-content-wrapper\"><p>[vc_row full_width=&#8221;stretch_row&#8221; full_height=&#8221;yes&#8221; equal_height=&#8221;yes&#8221; content_placement=&#8221;middle&#8221; css=&#8221;.vc_custom_1606319309148{background-color: #2e1212 !important;background-position: center !important;background-repeat: no-repeat !important;background-size: cover !important;}&#8221;][vc_column][vc_custom_heading text=&#8221;F\u00c4RSKA NORDISKA INGREDIENSER&#8221; font_container=&#8221;tag:h3|text_align:center|color:%23fff9f7&#8243; use_theme_fonts=&#8221;yes&#8221; css=&#8221;.vc_custom_1606319320202{padding-top: 50px !important;}&#8221;][vc_custom_heading text=&#8221;FL\u00c4SKK\u00d6TT &amp; ORGAN, RIS, MOR\u00d6TTER, BLOMK\u00c5L, SPENAT&#8221; font_container=&#8221;tag:h3|font_size:58|text_align:center|color:%237c5ba6&#8243; use_theme_fonts=&#8221;yes&#8221;][vc_single_image image=&#8221;230728&#8243; img_size=&#8221;full&#8221; alignment=&#8221;center&#8221;][\/vc_column][\/vc_row][vc_row full_width=&#8221;stretch_row&#8221; css=&#8221;.vc_custom_1606472585752{padding-top: 60px !important;padding-bottom: 60px !important;background-color: #fff9f7 !important;}&#8221;][vc_column width=&#8221;5\/12&#8243;][vc_single_image image=&#8221;230727&#8243; img_size=&#8221;360X360&#8243; alignment=&#8221;center&#8221;][\/vc_column][vc_column width=&#8221;7\/12&#8243;][vc_custom_heading text=&#8221;Daglig dosering&#8221; use_theme_fonts=&#8221;yes&#8221; css=&#8221;.vc_custom_1605879989446{padding-bottom: 30px !important;}&#8221;][vc_column_text]<b>Rekommenderad daglig dos:<\/b> 2,5% av hundens kroppsvikt.<\/p>\n<p><b>Vikt \/ Rekommenderad dagsranson<\/b><br \/>\n5 kg: 125-150g<br \/>\n10 kg: 250-300g<br \/>\n20 kg: 500 (motsvarande ca 1 korv)<br \/>\n30 kg: 750g<br \/>\n35 kg: 875g<br \/>\n40 kg: 1 000g (motsvarande ca 2 korvar)<\/p>\n<p>Vid dosering, ta h\u00e4nsyn till hundens aktivitet, tr\u00e4ning, annan n\u00e4ring och mellanm\u00e5l.[\/vc_column_text][\/vc_column][\/vc_row][vc_row full_width=&#8221;stretch_row_content&#8221; css=&#8221;.vc_custom_1606473333052{padding-top: 100px !important;padding-bottom: 100px !important;background-color: #1d0f32 !important;background-position: center !important;background-repeat: no-repeat !important;background-size: cover !important;}&#8221;][vc_column width=&#8221;1\/3&#8243;][\/vc_column][vc_column width=&#8221;1\/3&#8243;][vc_custom_heading text=&#8221;\u201cEigil \u00e4r en riktigt kr\u00e4sen pinne, men han smetar ut den f\u00e4rska kvalitetsmaten fr\u00e5n M\u00c6T Pets.&#8221; font_container=&#8221;tag:p|font_size:30|text_align:center|color:%23fff9f7&#8243; use_theme_fonts=&#8221;yes&#8221; css=&#8221;.vc_custom_1607534859664{padding-bottom: 50px !important;}&#8221;][vc_custom_heading text=&#8221;F\u00f6r mycket popul\u00e4rt hundfoder inneh\u00e5ller avfallsrester och s\u00e5gsp\u00e5n. Vi v\u00e4ljer ist\u00e4llet att prioritera kvalitet, d\u00e5 det absorberas l\u00e4ttare, ger b\u00e4ttre matsm\u00e4ltning och snyggare p\u00e4ls \u2013 och viktigast av allt en gladare hund.&#8221; font_container=&#8221;tag:p|font_size:30|text_align:center|color:%23fff9f7&#8243; use_theme_fonts=&#8221;yes&#8221; css=&#8221;.vc_custom_1607534867933{padding-bottom: 50px !important;}&#8221;][vc_custom_heading text=&#8221;Vem vill inte ha det f\u00f6r sin b\u00e4sta v\u00e4n, och d\u00e5 till och med utan att bli ruinerad.\u201d&#8221; font_container=&#8221;tag:p|font_size:30|text_align:center|color:%23fff9f7&#8243; use_theme_fonts=&#8221;yes&#8221; css=&#8221;.vc_custom_1606473298341{padding-bottom: 50px !important;}&#8221;][vc_custom_heading text=&#8221;Emma, och hennes 1,5 \u00e5r gamla Eigil&#8221; font_container=&#8221;tag:h4|text_align:center|color:%23d54966&#8243; use_theme_fonts=&#8221;yes&#8221; css=&#8221;.vc_custom_1607505994849{padding-bottom: 50px !important;}&#8221; link=&#8221;url:https%3A%2F%2Fwww.instagram.com%2Fbluefrenchie_eigil%2F|target:_blank|&#8221;][vc_single_image image=&#8221;230915&#8243; alignment=&#8221;center&#8221;][\/vc_column][vc_column width=&#8221;1\/3&#8243;][\/vc_column][\/vc_row][vc_row full_width=&#8221;stretch_row&#8221; css=&#8221;.vc_custom_1663785070004{padding-top: 30px !important;padding-bottom: 30px !important;background-color: #fff9f7 !important;}&#8221;][vc_column width=&#8221;6\/12&#8243;][vc_single_image image=&#8221;246757&#8243; img_size=&#8221;full&#8221;][\/vc_column][vc_column width=&#8221;6\/12&#8243;][vc_custom_heading text=&#8221;Hundfoder med fl\u00e4skk\u00f6tt och h\u00e4lsosamma gr\u00f6nsaker&#8221; use_theme_fonts=&#8221;yes&#8221; css=&#8221;.vc_custom_1663785515781{padding-bottom: 20px !important;}&#8221;][vc_column_text]<span style=\"font-weight: 400;\">Mor\u00f6tter och spenat inneh\u00e5ller vitamin A, som hj\u00e4lper till att s\u00e4nka kolesterolniv\u00e5erna. <\/span><\/p>\n<p><span style=\"font-weight: 400;\">Spenat inneh\u00e5ller \u00e4ven magnesium och zink som \u00e4r bra f\u00f6r muskler, skelett, nerver och hj\u00e4rtfunktionen. Blomk\u00e5l \u00e4r rik p\u00e5 vitamin C och K, samt mineraler som kalcium och kalium, som st\u00f6djer syn, muskler, immunf\u00f6rsvar och tjocktarmsh\u00e4lsa.<\/span><\/p>\n<p><span style=\"font-weight: 400;\">Pork Risotto med fl\u00e4skk\u00f6tt \u00e4r s\u00e4rskilt bra f\u00f6r hundar med k\u00e4nslig mage, eftersom ris hj\u00e4lper till att skapa en naturlig balans i hundens mage. Dessutom passar risottom\u00e5ltiderna som allergiv\u00e4nligt hundmat. <\/span>[\/vc_column_text][\/vc_column][\/vc_row][vc_row full_width=&#8221;stretch_row&#8221; css=&#8221;.vc_custom_1653897702983{padding-top: 40px !important;padding-bottom: 30px !important;background-position: center !important;background-repeat: no-repeat !important;background-size: contain !important;}&#8221; el_id=&#8221;n\u00e4ring&#8221;][vc_column][vc_custom_heading text=&#8221;N\u00e4ringsinformation&#8221; use_theme_fonts=&#8221;yes&#8221; css=&#8221;.vc_custom_1606297081281{padding-bottom: 15px !important;}&#8221;][vc_column_text css=&#8221;.vc_custom_1607534847476{padding-bottom: 50px !important;}&#8221;]En komplett m\u00e5ltid med k\u00f6tt, gr\u00f6nsaker och fiberrikt ris.<br \/>\nInneh\u00e5ller alla n\u00e4rings\u00e4mnen, vitaminer och mineraler<br \/>\nsom din hund beh\u00f6ver.[\/vc_column_text][\/vc_column][vc_column width=&#8221;1\/2&#8243;][vc_column_text]<\/p>\n<p class=\"p2\"><strong>N\u00c4RINGSINNEH\u00c5LL <\/strong><\/p>\n<p class=\"p2\">Energi\/Energi 6,5 MJ\/kg 1063 kcal\/kg<br \/>\nProtein &#8230;&#8230;&#8230;&#8230;&#8230;&#8230;&#8230;&#8230;&#8230;&#8230;.. 9,0 %<br \/>\nFett\/Fett &#8230;&#8230;&#8230;&#8230;&#8230;&#8230;&#8230;&#8230;&#8230;.9.3<br \/>\nFiber &#8230;&#8230;&#8230;&#8230;&#8230;&#8230;&#8230;&#8230;&#8230;&#8230;.. 0,7 %<br \/>\nAska &#8230;&#8230;&#8230;&#8230;&#8230;&#8230;&#8230;&#8230; 1,6 %<br \/>\nKalcium &#8230;&#8230;&#8230;&#8230;&#8230;&#8230;&#8230;&#8230;&#8230; 0,2 %<br \/>\nFosfor\/Fosfor 000,1%.<\/p>\n<p class=\"p2\">V\u00e4tskeinneh\u00e5ll: 68,9<br \/>\nK\u00f6ttinneh\u00e5ll: 53% k\u00f6ttinneh\u00e5ll<\/p>\n<p>[\/vc_column_text][\/vc_column][vc_column width=&#8221;1\/2&#8243;][vc_column_text]<b>Naturligt inneh\u00e5llande n\u00e4rings\u00e4mnen:<\/b><\/p>\n<p>Vitamin A 330 IU\/kg, Vitamin D 358 IU\/kg, Vitamin E 42 IU\/kg, Vitamin C 69 mg\/kg, Vitamin B1 0,6 mg\/kg, Vitamin B2 3,4 mg\/kg, Vitamin B6 0,9 mg\/kg, Vitamin B12 19 \u03bcg\/kg, biotin 801 \u03bcg\/kg, niacin 12 mg\/kg, pantotensyra 6 mg\/kg, folsyra 0,08 mg\/kg, zink 68 mg\/kg, natrium 1200 mg\/kg, j\u00e4rn 70 mg\/kg, koppar 50 mg\/kg, kalium 1,8 g\/kg, jod 430 \u03bcg\/kg.[\/vc_column_text][vc_column_text]<b>Varav tillsatta n\u00e4ringstillsatser:<\/b><\/p>\n<p>Vitamin D 450 IE \/ kg, Vitamin E 40 IE \/ kg, zink 60 mg \/ kg, magnesium 320 mg \/ kg, koppar 5 mg \/ kg, mangan 1,8 mg \/ kg, jod 430 \u03bcg \/ kg.[\/vc_column_text][\/vc_column][\/vc_row][vc_row full_width=&#8221;stretch_row&#8221; full_height=&#8221;yes&#8221; content_placement=&#8221;middle&#8221; css=&#8221;.vc_custom_1616918858935{padding-top: 60px !important;background-color: #1d0f32 !important;background-position: center !important;background-repeat: no-repeat !important;background-size: cover !important;}&#8221;][vc_column][vc_custom_heading text=&#8221;F\u00c4RSK \u00c4R B\u00c4ST&#8221; font_container=&#8221;tag:h2|font_size:70|text_align:center|color:%23ca3a3a&#8221; use_theme_fonts=&#8221;yes&#8221; css=&#8221;.vc_custom_1606407227094{padding-bottom: 100px !important;}&#8221;][\/vc_column][vc_column width=&#8221;1\/4&#8243;][vc_custom_heading text=&#8221;Nordiska r\u00e5varor&#8221; font_container=&#8221;tag:h3|text_align:center|color:%23fff9f7&#8243; use_theme_fonts=&#8221;yes&#8221; css=&#8221;.vc_custom_1606319290786{padding-bottom: 15px !important;}&#8221;][vc_custom_heading text=&#8221;F\u00e4rsk k\u00f6tt och gr\u00f6nsaker&#8221; font_container=&#8221;tag:h3|text_align:center|color:%23fff9f7&#8243; use_theme_fonts=&#8221;yes&#8221; css=&#8221;.vc_custom_1615976452854{padding-bottom: 15px !important;}&#8221;][vc_custom_heading text=&#8221;Fylld med vitaminer&#8221; font_container=&#8221;tag:h3|text_align:center|color:%23fff9f7&#8243; use_theme_fonts=&#8221;yes&#8221; css=&#8221;.vc_custom_1606471751570{padding-bottom: 15px !important;}&#8221;][\/vc_column][vc_column width=&#8221;2\/4&#8243;][vc_single_image image=&#8221;230724&#8243; img_size=&#8221;full&#8221; alignment=&#8221;center&#8221;][\/vc_column][vc_column width=&#8221;1\/4&#8243;][vc_custom_heading text=&#8221;Enkelt protein&#8221; font_container=&#8221;tag:h3|text_align:center|color:%23fff9f7&#8243; use_theme_fonts=&#8221;yes&#8221; css=&#8221;.vc_custom_1606471758195{padding-bottom: 15px !important;}&#8221;][vc_custom_heading text=&#8221;H\u00f6g sm\u00e4ltbarhet&#8221; font_container=&#8221;tag:h3|text_align:center|color:%23fff9f7&#8243; use_theme_fonts=&#8221;yes&#8221; css=&#8221;.vc_custom_1606471765389{padding-bottom: 15px !important;}&#8221;][vc_custom_heading text=&#8221;Inga konserveringsmedel&#8221; font_container=&#8221;tag:h3|text_align:center|color:%23fff9f7&#8243; use_theme_fonts=&#8221;yes&#8221; css=&#8221;.vc_custom_1614338374312{padding-bottom: 15px !important;}&#8221;][\/vc_column][\/vc_row][vc_row full_width=&#8221;stretch_row&#8221; css=&#8221;.vc_custom_1606295919975{padding-top: 30px !important;background-color: #fff9f7 !important;}&#8221;][vc_column width=&#8221;1\/12&#8243; css=&#8221;.vc_custom_1605784949857{background-color: #fff9f7 !important;}&#8221;][\/vc_column][vc_column width=&#8221;10\/12&#8243;][vc_custom_heading text=&#8221;Fr\u00e5gor och svar&#8221; font_container=&#8221;tag:h2|text_align:center&#8221; use_theme_fonts=&#8221;yes&#8221;][vc_toggle title=&#8221;Vad inneh\u00e5ller M\u00c6T Pork Party Risotto?&#8221;]<span style=\"font-weight: 400;\">M\u00c6T Pork Party Risotto best\u00e5r av f\u00e4rska och nordiska r\u00e5varor. Pork Party Risotto best\u00e5r av 53 % fl\u00e4sk och organ, samt ris och gr\u00f6nsaker. Det finns inga konserveringsmedel, f\u00e4rg\u00e4mnen eller smak\u00e4mnen i. De enda tillsatserna i Pork Party Risotto \u00e4r extra vitaminer och mineraler, som vitamin D och E, zink och magnesium.<\/span>[\/vc_toggle][vc_toggle title=&#8221;Varf\u00f6r ska jag v\u00e4lja f\u00e4rsk hundmat?&#8221;]<span style=\"font-weight: 400;\">M\u00c6Ts f\u00e4rska hundfoder g\u00f6rs p\u00e5 de b\u00e4sta nordiska r\u00e5varorna. Det finns inga konserveringsmedel eller tillsatta f\u00e4rg\u00e4mnen och smak\u00e4mnen. F\u00e4rsk hundmat tillagas enkelt med sous vide, vilket \u00f6kar din hunds upptag av matens n\u00e4rings\u00e4mnen. <\/span><\/p>\n<p><span style=\"font-weight: 400;\">F\u00e4rskt hundfoder har ett mycket h\u00f6gre upptag \u00e4n andra typer av hundmat. Om du tycker att din hund f\u00f6rtj\u00e4nar f\u00e4rsk, h\u00e4lsosam och uts\u00f6kt mat ska du prova f\u00e4rsk hundmat.<\/span>[\/vc_toggle][vc_toggle title=&#8221;Vad \u00e4r skillnaden mellan Deli och Risotto hundmat?&#8221;]<span style=\"font-weight: 400;\">Det finns inget spannm\u00e5l eller gluten i M\u00c6Ts Deli-recept. De har en l\u00e5g fettprocent, och \u00e4r s\u00e4rskilt l\u00e4mpliga f\u00f6r hundar som beh\u00f6ver ta hand om sin vikt. <\/span><\/p>\n<p><span style=\"font-weight: 400;\">M\u00c6Ts Risottorecept inneh\u00e5ller ris, men de \u00e4r fortfarande glutenfria. Ris \u00e4r bra f\u00f6r att skapa en bra och h\u00e4lsosam balans i hundarnas mag-tarmsystem. <\/span><\/p>\n<p><span style=\"font-weight: 400;\">B\u00e5de Deli och Risotto \u00e4r gjorda av f\u00e4rska nordiska r\u00e5varor. De \u00e4r fria fr\u00e5n konserveringsmedel, f\u00e4rg\u00e4mnen och smak\u00e4mnen. Endast extra vitaminer och mineraler har tillsatts.<\/span>[\/vc_toggle][\/vc_column][vc_column width=&#8221;1\/12&#8243;][\/vc_column][\/vc_row]<\/p>\n<\/div>","protected":false},"excerpt":{"rendered":"<p><span style=\"font-weight: 400;\">M\u00c6T Pork Risotto hundfoder med uts\u00f6kt fl\u00e4skk\u00f6tt, mor\u00f6tter, spenat, blomk\u00e5l och ris. Ett komplett hundfoder fyllt med h\u00e4lsosamma proteiner, vitaminer, mineraler och fibrer.  <\/span><\/p>\n<p><span style=\"font-weight: 400;\">L\u00e4mplig f\u00f6r hundar med k\u00e4nslig mage. Maten \u00e4r glutenfri.  <\/span><\/p>\n<p><strong>NETTOVIKT: 500 g<\/strong><\/p>\n<p><strong>Inneh\u00e5ll: <\/strong>Fl\u00e4skk\u00f6tt (53%) (k\u00f6tt och organ), vatten, ris, morot, blomk\u00e5l, spenat, potatis fiber, vitaminer och mineral\u00e4mnen.<\/p>\n<p><strong><span style=\"text-decoration: underline;\"><a href=\"#nutrition\">Se n\u00e4ringsinneh\u00e5ll<\/a><\/span><\/strong><\/p>\n","protected":false},"featured_media":234796,"comment_status":"open","ping_status":"closed","template":"","meta":{"inline_featured_image":false},"product_brand":[],"product_cat":[271],"product_tag":[539,540],"class_list":{"0":"post-240092","1":"product","2":"type-product","3":"status-publish","4":"has-post-thumbnail","6":"product_cat-hundmat","7":"product_tag-hundmat-med-gris","8":"product_tag-risotto-sv","9":"product_shipping_class-faersk-mat","11":"first","12":"outofstock","13":"taxable","14":"shipping-taxable","15":"purchasable","16":"product-type-simple"},"composite_virtual":false,"composite_layout":"","composite_add_to_cart_form_location":"","composite_editable_in_cart":false,"composite_sold_individually_context":"","composite_shop_price_calc":"","composite_components":[],"composite_scenarios":[],"bundled_by":["254849","263555"],"bundle_stock_status":"outofstock","bundle_stock_quantity":null,"bundle_virtual":false,"bundle_layout":"","bundle_add_to_cart_form_location":"","bundle_editable_in_cart":false,"bundle_sold_individually_context":"","bundle_item_grouping":"","bundle_min_size":"","bundle_max_size":"","bundle_price":[],"bundled_items":[],"bundle_sell_ids":[],"_links":{"self":[{"href":"https:\/\/maetpets.com\/sv\/wp-json\/wp\/v2\/product\/240092","targetHints":{"allow":["GET"]}}],"collection":[{"href":"https:\/\/maetpets.com\/sv\/wp-json\/wp\/v2\/product"}],"about":[{"href":"https:\/\/maetpets.com\/sv\/wp-json\/wp\/v2\/types\/product"}],"replies":[{"embeddable":true,"href":"https:\/\/maetpets.com\/sv\/wp-json\/wp\/v2\/comments?post=240092"}],"wp:featuredmedia":[{"embeddable":true,"href":"https:\/\/maetpets.com\/sv\/wp-json\/wp\/v2\/media\/234796"}],"wp:attachment":[{"href":"https:\/\/maetpets.com\/sv\/wp-json\/wp\/v2\/media?parent=240092"}],"wp:term":[{"taxonomy":"product_brand","embeddable":true,"href":"https:\/\/maetpets.com\/sv\/wp-json\/wp\/v2\/product_brand?post=240092"},{"taxonomy":"product_cat","embeddable":true,"href":"https:\/\/maetpets.com\/sv\/wp-json\/wp\/v2\/product_cat?post=240092"},{"taxonomy":"product_tag","embeddable":true,"href":"https:\/\/maetpets.com\/sv\/wp-json\/wp\/v2\/product_tag?post=240092"}],"curies":[{"name":"wp","href":"https:\/\/api.w.org\/{rel}","templated":true}]}}