{"id":240062,"date":"2022-03-26T13:14:50","date_gmt":"2022-03-26T12:14:50","guid":{"rendered":"https:\/\/maetpets.com\/product\/toppl\/"},"modified":"2023-09-04T20:36:22","modified_gmt":"2023-09-04T18:36:22","slug":"toppl-hundleksaker","status":"publish","type":"product","link":"https:\/\/maetpets.com\/sv\/produkt\/toppl-hundleksaker\/","title":{"rendered":"Toppl"},"content":{"rendered":"<div class=\"wpb-content-wrapper\"><p>[vc_row full_width=&#8221;stretch_row&#8221; css=&#8221;.vc_custom_1640684961874{padding-top: 60px !important;padding-bottom: 30px !important;background-color: #fff9f7 !important;}&#8221;][vc_column width=&#8221;6\/12&#8243;][vc_single_image image=&#8221;237791&#8243; img_size=&#8221;full&#8221; add_caption=&#8221;yes&#8221;][\/vc_column][vc_column width=&#8221;6\/12&#8243;][vc_column_text]<\/p>\n<h2>Toppl Hundleksaker f\u00f6r aktivering<\/h2>\n<p>Toppl West Paw \u00e4r tillverkad av extra starkt gummi, och \u00e4r speciellt l\u00e4mplig f\u00f6r tungtuggande hundar.<\/p>\n<ul>\n<li>Det \u00e4r en 100 % \u00e5tervinningsbar produkt tillverkad i USA.<\/li>\n<li>\u00c4ven f\u00f6rpackningen som Toppl \u00e4r f\u00f6rpackad i \u00e4r \u00e5tervunnet material.<\/li>\n<li>Toppar \u00e4r gjorda av Zogoflex, som \u00e4r ett ultrat\u00e5ligt material som \u00e4r speciellt framtaget f\u00f6r att t\u00e5la kraftiga bett. Zogoflex inneh\u00e5ller inga giftiga \u00e4mnen.<\/li>\n<\/ul>\n<p>[\/vc_column_text][\/vc_column][\/vc_row][vc_row full_width=&#8221;stretch_row&#8221; css=&#8221;.vc_custom_1640175618733{padding-top: 30px !important;padding-bottom: 30px !important;}&#8221;][vc_column width=&#8221;6\/12&#8243;][vc_column_text]<\/p>\n<h2>Toppl hundleksaksfyllning<\/h2>\n<p>En Toppl \u00e4r \u00e4nnu mer frestande n\u00e4r den \u00e4r fylld med M\u00c6T Deli och snacks. T\u00e5l diskmaskin f\u00f6r enkel reng\u00f6ring.<\/p>\n<p>Du kan ocks\u00e5 k\u00f6pa en av varje storlek och s\u00e4tta ihop dem, f\u00f6r en helt ny aktivitetsleksak.<\/p>\n<p><span style=\"font-weight: 400;\">Bonus: F\u00f6r en extra utmaning kan du frysa in tills maten \u00e4r halvh\u00e5rd, utmana sedan din hund p\u00e5 alla sinnen och kunskaper.<\/span>[\/vc_column_text][\/vc_column][vc_column width=&#8221;6\/12&#8243;]<div class=\"konte-product-grid konte-products  \"><div class=\"woocommerce columns-3 \"><ul class=\"products hover-slider columns-3\"><li class=\"product type-product post-244549 status-publish first outofstock product_cat-hundemad product_tag-deli product_tag-hundemad-okse has-post-thumbnail taxable shipping-taxable purchasable product-type-simple\">\n\t<div class=\"product-inner\"><span class=\"woocommerce-badges woocommerce-badges--round\"><span class=\"sold-out woocommerce-badge\"><span>Udsolgt<\/span><\/span><\/span><div class=\"product-thumbnail\"><a href=\"https:\/\/maetpets.com\/produkt\/beef-deli-hundefoder-med-okse\/\" class=\"woocommerce-LoopProduct-link woocommerce-loop-product__link\"><img loading=\"lazy\" decoding=\"async\" width=\"555\" height=\"555\" src=\"https:\/\/maetpets.com\/wp-content\/uploads\/hundefoder-med-okse-beef-deli-maet-pets.jpg\" class=\"attachment-woocommerce_thumbnail size-woocommerce_thumbnail\" alt=\"Beef Deli\" srcset=\"https:\/\/maetpets.com\/wp-content\/uploads\/hundefoder-med-okse-beef-deli-maet-pets.jpg 555w, https:\/\/maetpets.com\/wp-content\/uploads\/hundefoder-med-okse-beef-deli-maet-pets-300x300.jpg 300w, https:\/\/maetpets.com\/wp-content\/uploads\/hundefoder-med-okse-beef-deli-maet-pets-150x150.jpg 150w\" sizes=\"auto, (max-width: 555px) 100vw, 555px\" \/><\/a><\/div><div class=\"product-summary\"><h2 class=\"woocommerce-loop-product__title\"><a href=\"https:\/\/maetpets.com\/produkt\/beef-deli-hundefoder-med-okse\/\" class=\"woocommerce-LoopProduct-link woocommerce-loop-product__link\">Beef Deli<\/a><\/h2>\n\t<span class=\"price\"><span class=\"woocommerce-Price-amount amount\"><bdi>45,00&nbsp;<span class=\"woocommerce-Price-currencySymbol\">kr.<\/span><\/bdi><\/span><\/span>\n<div class=\"buttons clearfix\"><a href=\"https:\/\/maetpets.com\/produkt\/beef-deli-hundefoder-med-okse\/\" aria-describedby=\"woocommerce_loop_add_to_cart_link_describedby_244549\" data-quantity=\"1\" class=\"button product_type_simple woocommerce-loop-product__button\" data-product_id=\"244549\" data-product_sku=\"MAET203\" aria-label=\"L\u00e4s mer om \u201dBeef Deli\u201d\" rel=\"nofollow\" data-success_message=\"\">L\u00e4s mer<\/a>\t<span id=\"woocommerce_loop_add_to_cart_link_describedby_244549\" class=\"screen-reader-text\">\n\t\t\t<\/span>\n<\/div><\/div><\/div><\/li>\n<li class=\"product type-product post-241879 status-publish outofstock product_cat-hundemat product_tag-deli-no product_tag-hundemat-med-gris has-post-thumbnail taxable shipping-taxable purchasable product-type-simple\">\n\t<div class=\"product-inner\"><span class=\"woocommerce-badges woocommerce-badges--round\"><span class=\"sold-out woocommerce-badge\"><span>Udsolgt<\/span><\/span><\/span><div class=\"product-thumbnail product-thumbnails--slider\"><a href=\"https:\/\/maetpets.com\/no\/produkt\/svinekjoett-deli-hundemat-uten-korn\/\" class=\"woocommerce-LoopProduct-link woocommerce-loop-product__link\"><img loading=\"lazy\" decoding=\"async\" width=\"680\" height=\"680\" src=\"https:\/\/maetpets.com\/wp-content\/uploads\/pork_deli_tall_maet-680x680.jpg\" class=\"attachment-woocommerce_thumbnail size-woocommerce_thumbnail\" alt=\"Deli av svin\" srcset=\"https:\/\/maetpets.com\/wp-content\/uploads\/pork_deli_tall_maet-680x680.jpg 680w, https:\/\/maetpets.com\/wp-content\/uploads\/pork_deli_tall_maet-150x150.jpg 150w\" sizes=\"auto, (max-width: 680px) 100vw, 680px\" \/><\/a><a href=\"https:\/\/maetpets.com\/no\/produkt\/svinekjoett-deli-hundemat-uten-korn\/\" class=\"woocommerce-LoopProduct-link woocommerce-loop-product__link\"><img data-lazy=\"https:\/\/maetpets.com\/wp-content\/uploads\/pork-deli-maet-pets.jpg\" width=\"680\" height=\"544\" alt=\"Deli av svin\" class=\"slick-loading\"><\/a><\/div><div class=\"product-summary\"><h2 class=\"woocommerce-loop-product__title\"><a href=\"https:\/\/maetpets.com\/no\/produkt\/svinekjoett-deli-hundemat-uten-korn\/\" class=\"woocommerce-LoopProduct-link woocommerce-loop-product__link\">Deli av svin<\/a><\/h2>\n\t<span class=\"price\"><span class=\"woocommerce-Price-amount amount\"><bdi>45,00&nbsp;<span class=\"woocommerce-Price-currencySymbol\">kr.<\/span><\/bdi><\/span><\/span>\n<div class=\"buttons clearfix\"><a href=\"https:\/\/maetpets.com\/no\/produkt\/svinekjoett-deli-hundemat-uten-korn\/\" aria-describedby=\"woocommerce_loop_add_to_cart_link_describedby_241879\" data-quantity=\"1\" class=\"button product_type_simple woocommerce-loop-product__button\" data-product_id=\"241879\" data-product_sku=\"MAET202\" aria-label=\"L\u00e4s mer om \u201dDeli av svin\u201d\" rel=\"nofollow\" data-success_message=\"\">L\u00e4s mer<\/a>\t<span id=\"woocommerce_loop_add_to_cart_link_describedby_241879\" class=\"screen-reader-text\">\n\t\t\t<\/span>\n<\/div><\/div><\/div><\/li>\n<\/ul><\/div><\/div>[\/vc_column][\/vc_row][vc_row full_width=&#8221;stretch_row&#8221; css=&#8221;.vc_custom_1640684961874{padding-top: 60px !important;padding-bottom: 30px !important;background-color: #fff9f7 !important;}&#8221;][vc_column width=&#8221;6\/12&#8243;][vc_single_image image=&#8221;237795&#8243; img_size=&#8221;full&#8221;][\/vc_column][vc_column width=&#8221;6\/12&#8243;][vc_column_text]<\/p>\n<h2>Aktiveringsinspiration<\/h2>\n<p><strong>1 Kombinera en liten och stor Toppl<\/strong><br \/>\nStapla liten Toppl ovanp\u00e5 en fylld stor Toppl.<\/p>\n<p><strong>2 Tryck ihop<\/strong><br \/>\nTryck en g\u00e5ng och kombinera de tv\u00e5 Toppl till ett superroligt godispussel.<\/p>\n<p><strong>3 Vrid<\/strong><br \/>\nF\u00f6r mer av en utmaning, vrid Toppl och l\u00e5s den.<\/p>\n<p><strong>4 Var kreativ<\/strong><br \/>\nF\u00f6lj oss p\u00e5 instagram och se hur v\u00e5ra kunder aktiverar sin hund.[\/vc_column_text][\/vc_column][\/vc_row][vc_row][vc_column][vc_video link=&#8221;https:\/\/youtu.be\/xERazADC6H0&#8243;][\/vc_column][\/vc_row]<\/p>\n<\/div>","protected":false},"excerpt":{"rendered":"<p>Toppl \u00e4r en fantastisk aktiverande hundleksak. Toppl l\u00e4mpar sig v\u00e4l f\u00f6r h\u00e5rt tuggande hundar och kan fyllas med bl.a. M\u00c6T f\u00e4rsk hundmat eller v\u00e5ra naturliga godsaker.<\/p>\n<p><strong>Aktiverar middag<\/strong><\/p>\n<p>Toppl tippar och v\u00e4lter n\u00e4r din hund f\u00f6rs\u00f6ker f\u00e5 ut maten. Det kan h\u00e5lla din hund underh\u00e5llen och mentalt stimulerad. Toppl \u00e4r designad f\u00f6r hundar i alla skeden av livet.<\/p>\n<p>&nbsp;<\/p>\n<ul>\n<li>Aktivitetshundleksaker f\u00f6r M\u00c6T f\u00e4rsk hundmat och snacks<\/li>\n<li>Tillverkad av \u00e5tervinningsbart material utan latex och ftalater<\/li>\n<li>Designad f\u00f6r interaktiv \u00f6vervakad lek och hundar av alla storlekar<\/li>\n<li>Kan diskas i diskmaskin<\/li>\n<\/ul>\n<p><b>West Paw Toppl Treat Toy finns i bl\u00e5tt och gr\u00f6nt i f\u00f6ljande tv\u00e5 storlekar<\/b><\/p>\n<ul>\n<li>Toppl Small m\u00e4ter 7,5 cm &#8211; f\u00f6r valpar, sm\u00e5 och medelstora hundar<\/li>\n<li>Toppl Large m\u00e4ter 10 cm &#8211; f\u00f6r stora hundar \u00f6ver ca. 20 kg<\/li>\n<li>Small och Large kan kombineras f\u00f6r extra utmanande lek.<\/li>\n<\/ul>\n","protected":false},"featured_media":237806,"comment_status":"open","ping_status":"closed","template":"","meta":{"inline_featured_image":false},"product_brand":[],"product_cat":[1077,519,298],"product_tag":[825,520,1116,1052],"class_list":{"0":"post-240062","1":"product","2":"type-product","3":"status-publish","4":"has-post-thumbnail","6":"product_cat-aktiv-utfodring","7":"product_cat-aktivitetslek","8":"product_cat-hundleksaker","9":"product_tag-leksaker-for-valpar","10":"product_tag-toppl-sv","11":"product_tag-utvalda","12":"product_tag-west-paw-sv","13":"product_shipping_class-torrvaror","15":"first","16":"instock","17":"taxable","18":"shipping-taxable","19":"purchasable","20":"product-type-variable"},"composite_virtual":false,"composite_layout":"","composite_add_to_cart_form_location":"","composite_editable_in_cart":false,"composite_sold_individually_context":"","composite_shop_price_calc":"","composite_components":[],"composite_scenarios":[],"bundled_by":[],"bundle_stock_status":"instock","bundle_stock_quantity":null,"bundle_virtual":false,"bundle_layout":"","bundle_add_to_cart_form_location":"","bundle_editable_in_cart":false,"bundle_sold_individually_context":"","bundle_item_grouping":"","bundle_min_size":"","bundle_max_size":"","bundle_price":[],"bundled_items":[],"bundle_sell_ids":[],"_links":{"self":[{"href":"https:\/\/maetpets.com\/sv\/wp-json\/wp\/v2\/product\/240062","targetHints":{"allow":["GET"]}}],"collection":[{"href":"https:\/\/maetpets.com\/sv\/wp-json\/wp\/v2\/product"}],"about":[{"href":"https:\/\/maetpets.com\/sv\/wp-json\/wp\/v2\/types\/product"}],"replies":[{"embeddable":true,"href":"https:\/\/maetpets.com\/sv\/wp-json\/wp\/v2\/comments?post=240062"}],"wp:featuredmedia":[{"embeddable":true,"href":"https:\/\/maetpets.com\/sv\/wp-json\/wp\/v2\/media\/237806"}],"wp:attachment":[{"href":"https:\/\/maetpets.com\/sv\/wp-json\/wp\/v2\/media?parent=240062"}],"wp:term":[{"taxonomy":"product_brand","embeddable":true,"href":"https:\/\/maetpets.com\/sv\/wp-json\/wp\/v2\/product_brand?post=240062"},{"taxonomy":"product_cat","embeddable":true,"href":"https:\/\/maetpets.com\/sv\/wp-json\/wp\/v2\/product_cat?post=240062"},{"taxonomy":"product_tag","embeddable":true,"href":"https:\/\/maetpets.com\/sv\/wp-json\/wp\/v2\/product_tag?post=240062"}],"curies":[{"name":"wp","href":"https:\/\/api.w.org\/{rel}","templated":true}]}}