{"id":237760,"date":"2022-01-09T11:26:07","date_gmt":"2022-01-09T10:26:07","guid":{"rendered":"https:\/\/maetpets.com\/kong-hundleksaker\/"},"modified":"2023-09-14T15:42:41","modified_gmt":"2023-09-14T13:42:41","slug":"kung-hund-leksak-aktiv-matning","status":"publish","type":"product","link":"https:\/\/maetpets.com\/sv\/produkt\/kung-hund-leksak-aktiv-matning\/","title":{"rendered":"KONG hundleksaker (klassisk)"},"content":{"rendered":"<div class=\"wpb-content-wrapper\"><p>[vc_row full_width=&#8221;stretch_row_content_no_spaces&#8221; disable_element=&#8221;yes&#8221; css=&#8221;.vc_custom_1641723686792{padding-top: 60px !important;background-color: #f9f2ef !important;}&#8221;][vc_column offset=&#8221;vc_col-lg-offset-1 vc_col-lg-10&#8243;][vc_custom_heading text=&#8221;N\u00e4ringsrika tr\u00e4ningsgodis&#8221; font_container=&#8221;tag:h2|text_align:center&#8221; use_theme_fonts=&#8221;yes&#8221; css=&#8221;.vc_custom_1640685522448{padding-bottom: 30px !important;}&#8221;]<div class=\"konte-carousel konte-carousel--gap-40  konte-carousel--dots-center konte-carousel--arrows-center\" data-slick=\"{&quot;dots&quot;:true,&quot;arrows&quot;:true,&quot;infinite&quot;:true,&quot;slidesToShow&quot;:2,&quot;slidesToScroll&quot;:1}\" ><div class=\"konte-testimonial  \">\n\t\t\t\t<div class=\"konte-testimonial__photo\"><img decoding=\"async\" class=\"\" src=\"https:\/\/maetpets.com\/wp-content\/uploads\/alix-1-200x200.jpg\" width=\"200\" height=\"200\" alt=\"tr\u00e4ningsgodis\" title=\"tr\u00e4ningsgodis\" loading=\"lazy\" \/><\/div>\n\t\t\t\t<div class=\"konte-testimonial__entry\">\n\t\t\t\t\t<div class=\"konte-testimonial__content\"><a href=\"https:\/\/www.instagram.com\/alixandthepack\/\" target=\"_blank\" rel=\"noopener\">&#8220;Jag ger dessa Chicken Belly snacks till hundar f\u00f6r att se till att de f\u00e5r sin vanliga dos av protein, B12, j\u00e4rn och zink. N\u00e4ringsrika snacks \u00e4r en prioritet f\u00f6r mig och n\u00e4r jag ber\u00e4ttar f\u00f6r mina kunder om f\u00f6rdelarna med Chicken Belly kommer de att prova alla dessa snacks till deras hundar!&#8221;<\/a><\/div>\n\t\t\t\t\t<div class=\"konte-testimonial__author\"><span class=\"konte-testimonial__name\">Alexandra Sharp<\/span><span class=\"konte-testimonial__author-separator\">-<\/span><span class=\"konte-testimonial__company\">Hundtr\u00e4nare<\/span><\/div>\n\t\t\t\t<\/div>\n\t\t\t<\/div><\/div>[\/vc_column][\/vc_row][vc_row full_width=&#8221;stretch_row&#8221; css=&#8221;.vc_custom_1640684961874{padding-top: 60px !important;padding-bottom: 30px !important;background-color: #fff9f7 !important;}&#8221;][vc_column width=&#8221;6\/12&#8243;][vc_single_image image=&#8221;236343&#8243; img_size=&#8221;full&#8221;][\/vc_column][vc_column width=&#8221;6\/12&#8243;][vc_column_text]<\/p>\n<h2>King Hundleksaker<\/h2>\n<p>KONG Classic \u00e4r guldstandarden f\u00f6r hundleksaker och har varit grunden f\u00f6r hundar \u00f6ver hela v\u00e4rlden i \u00f6ver 40 \u00e5r. KONG Classics unika naturliga r\u00f6da gummiformel erbjuder berikning genom att hj\u00e4lpa till att tillfredsst\u00e4lla hundarnas instinktiva behov och \u00e4r extremt h\u00e5llbar med en ober\u00e4knelig studs som \u00e4r idealisk f\u00f6r hundar som gillar att tugga medan de m\u00f6ter en hunds behov av att leka.[\/vc_column_text][\/vc_column][\/vc_row][vc_row full_width=&#8221;stretch_row&#8221; css=&#8221;.vc_custom_1640684961874{padding-top: 60px !important;padding-bottom: 30px !important;background-color: #fff9f7 !important;}&#8221;][vc_column width=&#8221;6\/12&#8243;][vc_column_text]<\/p>\n<h2>Hundaktivering med M\u00c6T och KONG<\/h2>\n<p>Du kan ge din hund M\u00d6JLIG f\u00e4rsk hundmat p\u00e5 m\u00e5nga olika s\u00e4tt. Du kan anv\u00e4nda M\u00c6T som ett gott och nyttigt mellanm\u00e5l som Freja f\u00e5r h\u00e4r. EN KUNG fylld med M\u00c6T \ud83d\ude0d<\/p>\n<p>Det r\u00f6da KONG Classic-gummit hj\u00e4lper till att tillfredsst\u00e4lla hundarnas instinktiva behov.<\/p>\n<ul>\n<li>H\u00e4lsosam lek \u00e4r viktig f\u00f6r hundens fysiska och mentala utveckling, k\u00e4nslor och beteende. Genom att fr\u00e4mja h\u00e4lsosam lek och tillfredsst\u00e4lla instinktiva behov hj\u00e4lper denna leksak att l\u00f6sa tuggning, separations\u00e5ngest, t\u00e4nder, tristess, viktkontroll, boxtr\u00e4ning, gr\u00e4vning, sk\u00e4llande och mycket mer!<\/li>\n<li>Den of\u00f6ruts\u00e4gbara r\u00f6relsen hos KONG Classic m\u00f6jligg\u00f6r sp\u00e4nnande h\u00e4mtningsspel och andra interaktiva spel med ditt husdjur.<\/li>\n<li>Rekommenderas av veterin\u00e4rer: Veterin\u00e4rer och tr\u00e4nare \u00f6ver hela v\u00e4rlden rekommenderar KONG Classic. Gjord i USA<\/li>\n<\/ul>\n<p>[\/vc_column_text][\/vc_column][vc_column width=&#8221;6\/12&#8243;][vc_single_image image=&#8221;236347&#8243; img_size=&#8221;full&#8221;][\/vc_column][\/vc_row][vc_row full_width=&#8221;stretch_row&#8221; css=&#8221;.vc_custom_1640175618733{padding-top: 30px !important;padding-bottom: 30px !important;}&#8221;][vc_column width=&#8221;6\/12&#8243;][vc_column_text]<\/p>\n<h2>KONG hundleksaksfyllning<\/h2>\n<p>En KING \u00e4r \u00e4nnu mer frestande n\u00e4r den \u00e4r fylld med M\u00c6T Deli och snacks. T\u00e5l diskmaskin f\u00f6r enkel reng\u00f6ring.<\/p>\n<p><span style=\"font-weight: 400;\">Bonus: F\u00f6r en extra utmaning kan du frysa in tills maten \u00e4r halvh\u00e5rd, utmana sedan din hund p\u00e5 alla sinnen och kunskaper.<\/span>[\/vc_column_text][\/vc_column][vc_column width=&#8221;6\/12&#8243;]<div class=\"konte-product-grid konte-products  \"><div class=\"woocommerce columns-3 \"><ul class=\"products hover-slider columns-3\"><li class=\"product type-product post-244549 status-publish first outofstock product_cat-hundemad product_tag-deli product_tag-hundemad-okse has-post-thumbnail taxable shipping-taxable purchasable product-type-simple\">\n\t<div class=\"product-inner\"><span class=\"woocommerce-badges woocommerce-badges--round\"><span class=\"sold-out woocommerce-badge\"><span>Udsolgt<\/span><\/span><\/span><div class=\"product-thumbnail\"><a href=\"https:\/\/maetpets.com\/produkt\/beef-deli-hundefoder-med-okse\/\" class=\"woocommerce-LoopProduct-link woocommerce-loop-product__link\"><img loading=\"lazy\" decoding=\"async\" width=\"555\" height=\"555\" src=\"https:\/\/maetpets.com\/wp-content\/uploads\/hundefoder-med-okse-beef-deli-maet-pets.jpg\" class=\"attachment-woocommerce_thumbnail size-woocommerce_thumbnail\" alt=\"Beef Deli\" srcset=\"https:\/\/maetpets.com\/wp-content\/uploads\/hundefoder-med-okse-beef-deli-maet-pets.jpg 555w, https:\/\/maetpets.com\/wp-content\/uploads\/hundefoder-med-okse-beef-deli-maet-pets-300x300.jpg 300w, https:\/\/maetpets.com\/wp-content\/uploads\/hundefoder-med-okse-beef-deli-maet-pets-150x150.jpg 150w\" sizes=\"auto, (max-width: 555px) 100vw, 555px\" \/><\/a><\/div><div class=\"product-summary\"><h2 class=\"woocommerce-loop-product__title\"><a href=\"https:\/\/maetpets.com\/produkt\/beef-deli-hundefoder-med-okse\/\" class=\"woocommerce-LoopProduct-link woocommerce-loop-product__link\">Beef Deli<\/a><\/h2>\n\t<span class=\"price\"><span class=\"woocommerce-Price-amount amount\"><bdi>45,00&nbsp;<span class=\"woocommerce-Price-currencySymbol\">kr.<\/span><\/bdi><\/span><\/span>\n<div class=\"buttons clearfix\"><a href=\"https:\/\/maetpets.com\/produkt\/beef-deli-hundefoder-med-okse\/\" aria-describedby=\"woocommerce_loop_add_to_cart_link_describedby_244549\" data-quantity=\"1\" class=\"button product_type_simple woocommerce-loop-product__button\" data-product_id=\"244549\" data-product_sku=\"MAET203\" aria-label=\"L\u00e4s mer om \u201dBeef Deli\u201d\" rel=\"nofollow\" data-success_message=\"\">L\u00e4s mer<\/a>\t<span id=\"woocommerce_loop_add_to_cart_link_describedby_244549\" class=\"screen-reader-text\">\n\t\t\t<\/span>\n<\/div><\/div><\/div><\/li>\n<li class=\"product type-product post-241879 status-publish outofstock product_cat-hundemat product_tag-deli-no product_tag-hundemat-med-gris has-post-thumbnail taxable shipping-taxable purchasable product-type-simple\">\n\t<div class=\"product-inner\"><span class=\"woocommerce-badges woocommerce-badges--round\"><span class=\"sold-out woocommerce-badge\"><span>Udsolgt<\/span><\/span><\/span><div class=\"product-thumbnail product-thumbnails--slider\"><a href=\"https:\/\/maetpets.com\/no\/produkt\/svinekjoett-deli-hundemat-uten-korn\/\" class=\"woocommerce-LoopProduct-link woocommerce-loop-product__link\"><img loading=\"lazy\" decoding=\"async\" width=\"680\" height=\"680\" src=\"https:\/\/maetpets.com\/wp-content\/uploads\/pork_deli_tall_maet-680x680.jpg\" class=\"attachment-woocommerce_thumbnail size-woocommerce_thumbnail\" alt=\"Deli av svin\" srcset=\"https:\/\/maetpets.com\/wp-content\/uploads\/pork_deli_tall_maet-680x680.jpg 680w, https:\/\/maetpets.com\/wp-content\/uploads\/pork_deli_tall_maet-150x150.jpg 150w\" sizes=\"auto, (max-width: 680px) 100vw, 680px\" \/><\/a><a href=\"https:\/\/maetpets.com\/no\/produkt\/svinekjoett-deli-hundemat-uten-korn\/\" class=\"woocommerce-LoopProduct-link woocommerce-loop-product__link\"><img data-lazy=\"https:\/\/maetpets.com\/wp-content\/uploads\/pork-deli-maet-pets.jpg\" width=\"680\" height=\"544\" alt=\"Deli av svin\" class=\"slick-loading\"><\/a><\/div><div class=\"product-summary\"><h2 class=\"woocommerce-loop-product__title\"><a href=\"https:\/\/maetpets.com\/no\/produkt\/svinekjoett-deli-hundemat-uten-korn\/\" class=\"woocommerce-LoopProduct-link woocommerce-loop-product__link\">Deli av svin<\/a><\/h2>\n\t<span class=\"price\"><span class=\"woocommerce-Price-amount amount\"><bdi>45,00&nbsp;<span class=\"woocommerce-Price-currencySymbol\">kr.<\/span><\/bdi><\/span><\/span>\n<div class=\"buttons clearfix\"><a href=\"https:\/\/maetpets.com\/no\/produkt\/svinekjoett-deli-hundemat-uten-korn\/\" aria-describedby=\"woocommerce_loop_add_to_cart_link_describedby_241879\" data-quantity=\"1\" class=\"button product_type_simple woocommerce-loop-product__button\" data-product_id=\"241879\" data-product_sku=\"MAET202\" aria-label=\"L\u00e4s mer om \u201dDeli av svin\u201d\" rel=\"nofollow\" data-success_message=\"\">L\u00e4s mer<\/a>\t<span id=\"woocommerce_loop_add_to_cart_link_describedby_241879\" class=\"screen-reader-text\">\n\t\t\t<\/span>\n<\/div><\/div><\/div><\/li>\n<li class=\"product type-product post-241830 status-publish last outofstock product_cat-hundemat product_tag-deli-no product_tag-hundemat-med-kylling has-post-thumbnail taxable shipping-taxable purchasable product-type-simple\">\n\t<div class=\"product-inner\"><span class=\"woocommerce-badges woocommerce-badges--round\"><span class=\"sold-out woocommerce-badge\"><span>Udsolgt<\/span><\/span><\/span><div class=\"product-thumbnail\"><a href=\"https:\/\/maetpets.com\/no\/produkt\/kylling-deli-korn-fri-hundemat-med-kylling\/\" class=\"woocommerce-LoopProduct-link woocommerce-loop-product__link\"><img loading=\"lazy\" decoding=\"async\" width=\"680\" height=\"680\" src=\"https:\/\/maetpets.com\/wp-content\/uploads\/chicken_deli_tall_maet-680x680.jpg\" class=\"attachment-woocommerce_thumbnail size-woocommerce_thumbnail\" alt=\"Kylling Deli\" srcset=\"https:\/\/maetpets.com\/wp-content\/uploads\/chicken_deli_tall_maet-680x680.jpg 680w, https:\/\/maetpets.com\/wp-content\/uploads\/chicken_deli_tall_maet-150x150.jpg 150w\" sizes=\"auto, (max-width: 680px) 100vw, 680px\" \/><\/a><\/div><div class=\"product-summary\"><h2 class=\"woocommerce-loop-product__title\"><a href=\"https:\/\/maetpets.com\/no\/produkt\/kylling-deli-korn-fri-hundemat-med-kylling\/\" class=\"woocommerce-LoopProduct-link woocommerce-loop-product__link\">Kylling Deli<\/a><\/h2>\n\t<span class=\"price\"><span class=\"woocommerce-Price-amount amount\"><bdi>45,00&nbsp;<span class=\"woocommerce-Price-currencySymbol\">kr.<\/span><\/bdi><\/span><\/span>\n<div class=\"buttons clearfix\"><a href=\"https:\/\/maetpets.com\/no\/produkt\/kylling-deli-korn-fri-hundemat-med-kylling\/\" aria-describedby=\"woocommerce_loop_add_to_cart_link_describedby_241830\" data-quantity=\"1\" class=\"button product_type_simple woocommerce-loop-product__button\" data-product_id=\"241830\" data-product_sku=\"MAET201\" aria-label=\"L\u00e4s mer om \u201dKylling Deli\u201d\" rel=\"nofollow\" data-success_message=\"\">L\u00e4s mer<\/a>\t<span id=\"woocommerce_loop_add_to_cart_link_describedby_241830\" class=\"screen-reader-text\">\n\t\t\t<\/span>\n<\/div><\/div><\/div><\/li>\n<\/ul><\/div><\/div>[\/vc_column][\/vc_row]<\/p>\n<\/div>","protected":false},"excerpt":{"rendered":"<p>Med en KONG hundleksak kan du mata din hund p\u00e5 ett roligt och mer aktivt s\u00e4tt. KONG har en rolig form och ett h\u00e5l, s\u00e5 att hundleksakerna kan fyllas med till exempel M\u00c6T fresh Deli hundmat eller naturliga godsaker. KONG-leksaken hoppar och hoppar of\u00f6ruts\u00e4gbart, vilket g\u00f6r spelet roligare och g\u00f6r det perfekt att jaga.<\/p>\n","protected":false},"featured_media":239229,"comment_status":"open","ping_status":"closed","template":"","meta":{"inline_featured_image":false},"product_brand":[],"product_cat":[1077,519,298],"product_tag":[565,1116],"class_list":{"0":"post-237760","1":"product","2":"type-product","3":"status-publish","4":"has-post-thumbnail","6":"product_cat-aktiv-utfodring","7":"product_cat-aktivitetslek","8":"product_cat-hundleksaker","9":"product_tag-kong-sv","10":"product_tag-utvalda","11":"product_shipping_class-torrvaror","13":"first","14":"instock","15":"taxable","16":"shipping-taxable","17":"purchasable","18":"product-type-variable"},"composite_virtual":false,"composite_layout":"","composite_add_to_cart_form_location":"","composite_editable_in_cart":false,"composite_sold_individually_context":"","composite_shop_price_calc":"","composite_components":[],"composite_scenarios":[],"bundled_by":[],"bundle_stock_status":"instock","bundle_stock_quantity":null,"bundle_virtual":false,"bundle_layout":"","bundle_add_to_cart_form_location":"","bundle_editable_in_cart":false,"bundle_sold_individually_context":"","bundle_item_grouping":"","bundle_min_size":"","bundle_max_size":"","bundle_price":[],"bundled_items":[],"bundle_sell_ids":[],"_links":{"self":[{"href":"https:\/\/maetpets.com\/sv\/wp-json\/wp\/v2\/product\/237760","targetHints":{"allow":["GET"]}}],"collection":[{"href":"https:\/\/maetpets.com\/sv\/wp-json\/wp\/v2\/product"}],"about":[{"href":"https:\/\/maetpets.com\/sv\/wp-json\/wp\/v2\/types\/product"}],"replies":[{"embeddable":true,"href":"https:\/\/maetpets.com\/sv\/wp-json\/wp\/v2\/comments?post=237760"}],"wp:featuredmedia":[{"embeddable":true,"href":"https:\/\/maetpets.com\/sv\/wp-json\/wp\/v2\/media\/239229"}],"wp:attachment":[{"href":"https:\/\/maetpets.com\/sv\/wp-json\/wp\/v2\/media?parent=237760"}],"wp:term":[{"taxonomy":"product_brand","embeddable":true,"href":"https:\/\/maetpets.com\/sv\/wp-json\/wp\/v2\/product_brand?post=237760"},{"taxonomy":"product_cat","embeddable":true,"href":"https:\/\/maetpets.com\/sv\/wp-json\/wp\/v2\/product_cat?post=237760"},{"taxonomy":"product_tag","embeddable":true,"href":"https:\/\/maetpets.com\/sv\/wp-json\/wp\/v2\/product_tag?post=237760"}],"curies":[{"name":"wp","href":"https:\/\/api.w.org\/{rel}","templated":true}]}}