{"id":237759,"date":"2022-01-09T13:47:24","date_gmt":"2022-01-09T12:47:24","guid":{"rendered":"https:\/\/maetpets.com\/lickimat-tuff-buddy-lollipop\/"},"modified":"2023-10-08T21:05:32","modified_gmt":"2023-10-08T19:05:32","slug":"lickimat-tuff-kompis-lollipop-hund","status":"publish","type":"product","link":"https:\/\/maetpets.com\/sv\/produkt\/lickimat-tuff-kompis-lollipop-hund\/","title":{"rendered":"LickiMat Tuff Buddy Slickmatta"},"content":{"rendered":"<div class=\"wpb-content-wrapper\"><p>[vc_row full_width=&#8221;stretch_row&#8221; css=&#8221;.vc_custom_1648041732067{padding-top: 0px !important;padding-bottom: 0px !important;background-color: #fff9f7 !important;}&#8221;][vc_column width=&#8221;6\/12&#8243;][vc_single_image image=&#8221;237607&#8243; img_size=&#8221;full&#8221;][\/vc_column][vc_column width=&#8221;6\/12&#8243;][vc_column_text]<\/p>\n<h2>LickiMat &#8211; en rolig och annorlunda matsk\u00e5l<\/h2>\n<p>Med en LickiMat kan du mata din hund (eller katt) p\u00e5 ett h\u00e4lsosamt och roligt s\u00e4tt. Maten sprids p\u00e5 slickmattan och f\u00f6rdelas i de rutiga h\u00e5len, s\u00e5 att hunden verkligen m\u00e5ste anv\u00e4nda tungan, vilket g\u00f6r att \u00e4ttiden h\u00e5ller l\u00e4ngre. LickiMats \u00e4r d\u00e4rf\u00f6r s\u00e4rskilt bra f\u00f6r hundar som \u00e4ter f\u00f6r snabbt. Samtidigt f\u00f6rst\u00e4rker slickandet hundens smaksinne, s\u00e5 maten smakar \u00e4nnu b\u00e4ttre.<\/p>\n<p>Sm\u00f6rj M\u00c6T F\u00e4rsk hundmat p\u00e5 slickmattan och servera. Din hund kommer att \u00e4lska det. Du kan \u00e4ven breda ut maten p\u00e5 mattan, l\u00e4gga den i frysen i 15-20 minuter och servera som en kall f\u00f6rfriskning &#8211; t.ex. en varm sommardag.[\/vc_column_text][\/vc_column][\/vc_row][vc_row full_width=&#8221;stretch_row&#8221; css=&#8221;.vc_custom_1681469836061{padding-top: 40px !important;padding-bottom: 30px !important;background-color: #f9f2ef !important;}&#8221;][vc_column][vc_column_text]<\/p>\n<p style=\"text-align: center;\"><strong>L\u00e4gg till ett M\u00c6T i din best\u00e4llning s\u00e5 att du kan prova LickiMat tillsammans med M\u00c6T Fresh hundfoder.<\/strong><\/p>\n<p>[\/vc_column_text]<p class=\"konte-button-wrapper text-center\"><a href=\"https:\/\/maetpets.com\/en\/produkt\/starter-pack-dog-food-online\/\" class=\"konte-button button-normal text-default align-center large   button square\">Best\u00e4ll provpaket<\/a><\/p>[\/vc_column][\/vc_row][vc_row full_width=&#8221;stretch_row&#8221; css=&#8221;.vc_custom_1681469865512{padding-top: 40px !important;padding-bottom: 30px !important;background-color: #fff9f7 !important;}&#8221;][vc_column width=&#8221;6\/12&#8243;][vc_single_image image=&#8221;237619&#8243; img_size=&#8221;full&#8221;][\/vc_column][vc_column width=&#8221;6\/12&#8243;][vc_column_text]<\/p>\n<h2>Lollipopmattan som minskar tristess, rastl\u00f6shet och \u00e5ngest<\/h2>\n<p>LickiMat \u00e4r designad f\u00f6r att minska tristess, \u00e5ngest och rastl\u00f6shet hos hundar. Att slicka har en lugnande effekt p\u00e5 hunden eftersom tungan stimuleras, vilket fris\u00e4tter lugnande hormoner (endorfiner) i kroppen. Det \u00e4r d\u00e4rf\u00f6r ett effektivt s\u00e4tt att fr\u00e4mja ett lugnt beteende n\u00e4r din hund beh\u00f6ver vara ensam hemma, eller i stressiga situationer som \u00e5skv\u00e4der, fyrverkerier, nagelklippning eller veterin\u00e4rbes\u00f6k.<\/p>\n<p>Det \u00e4r en bra id\u00e9 att h\u00e5lla ett \u00f6ga p\u00e5 din hund n\u00e4r du provar LickiMat f\u00f6r f\u00f6rsta g\u00e5ngen, s\u00e5 att du \u00e4r s\u00e4ker p\u00e5 att den inte biter s\u00f6nder mattan.[\/vc_column_text][\/vc_column][\/vc_row][vc_row full_width=&#8221;stretch_row&#8221; css=&#8221;.vc_custom_1648046352800{padding-top: 0px !important;padding-bottom: 30px !important;background-color: #fff9f7 !important;}&#8221;][vc_column width=&#8221;6\/12&#8243;][vc_single_image image=&#8221;237623&#8243; img_size=&#8221;full&#8221;][\/vc_column][vc_column width=&#8221;6\/12&#8243;][vc_column_text]<\/p>\n<h2>LickiMats \u00e4r bra f\u00f6r matsm\u00e4ltning och munhygien<\/h2>\n<p>N\u00e4r hunden slickar p\u00e5 slickmattan \u00f6kar salivproduktionen vilket hj\u00e4lper till att reng\u00f6ra hundens tunga, t\u00e4nder och tandk\u00f6tt. Den \u00f6kade salivproduktionen ger ocks\u00e5 en b\u00e4ttre matsm\u00e4ltning d\u00e5 saliv inneh\u00e5ller enzymer som amylas. Samtidigt hj\u00e4lper slickandet att skrapa bort bakterier och mat fr\u00e5n tungan, vilket ger hunden en b\u00e4ttre andedr\u00e4kt.[\/vc_column_text][\/vc_column][\/vc_row][vc_row css=&#8221;.vc_custom_1648053680298{padding-bottom: 30px !important;}&#8221;][vc_column][vc_column_text]<\/p>\n<h2>En aktivitetsmatta utvecklad av veterin\u00e4rer<\/h2>\n<p><a href=\"https:\/\/lickimat.com\/\" target=\"_blank\" rel=\"noopener\">LickiMat<\/a> \u00e4r en australisk produkt skapad av veterin\u00e4rer. Produkten \u00e4r gjord f\u00f6r hundar och katter, och syftet \u00e4r att f\u00f6rb\u00e4ttra djurens mentala h\u00e4lsa, matsm\u00e4ltning och munh\u00e4lsa. \u00d6ver 8 miljoner LickiMats har s\u00e5lts \u00f6ver hela v\u00e4rlden och den popul\u00e4ra aktivitetsmattan anv\u00e4nds av hund\u00e4gare, hundtr\u00e4nare, hundfris\u00f6rer och veterin\u00e4rer. LickiMats finns i en m\u00e4ngd olika storlekar, former och f\u00e4rger. Mattan \u00e4r t\u00e5lig och h\u00e5llbar, s\u00e5 din hund kan njuta av den i m\u00e5nga \u00e5r.[\/vc_column_text][\/vc_column][\/vc_row][vc_row full_width=&#8221;stretch_row&#8221; css=&#8221;.vc_custom_1648046352800{padding-top: 0px !important;padding-bottom: 30px !important;background-color: #fff9f7 !important;}&#8221;][vc_column width=&#8221;6\/12&#8243;][vc_single_image image=&#8221;237648&#8243; img_size=&#8221;full&#8221;][\/vc_column][vc_column width=&#8221;6\/12&#8243;][vc_column_text]<\/p>\n<h2>Prova LickiMat och f\u00e4rsk hundmat<\/h2>\n<p>M\u00c6T F\u00e4rsk hundmat har en l\u00e4cker, mjuk konsistens, som \u00e4r perfekt att breda ut p\u00e5 en klubbamatta. S\u00e4rskilt v\u00e5ra Deli-varianter (<span style=\"text-decoration: underline;\"><br \/>\n  <a href=\"https:\/\/maetpets.com\/sv\/produkt\/kyckling-deli-spannmalsfri-hundmat-med-kyckling\/\">Kyckling Deli<\/a><br \/>\n<\/span>, <a href=\"https:\/\/maetpets.com\/sv\/produkt\/flaesk-deli\/\"><br \/>\n  <span style=\"text-decoration: underline;\">Deli med fl\u00e4skk\u00f6tt<\/span><br \/>\n<\/a> och <span style=\"text-decoration: underline;\"><br \/>\n  <a href=\"https:\/\/maetpets.com\/produkt\/beef-deli\/\">N\u00f6tk\u00f6tt Deli<\/a><br \/>\n<\/span>) \u00e4r utm\u00e4rkta f\u00f6r detta \u00e4ndam\u00e5l.<\/p>\n<p>Om du best\u00e4ller b\u00e5de en LickiMat och en provf\u00f6rpackning med f\u00e4rskt hundfoder kan din hund prova b\u00e5da.[\/vc_column_text]<p class=\"konte-button-wrapper text-center\"><a href=\"https:\/\/maetpets.com\/en\/produkt\/starter-pack-dog-food-online\/\" class=\"konte-button button-normal text-default align-center large   button square\">Best\u00e4ll provpaket<\/a><\/p>[\/vc_column][\/vc_row]<\/p>\n<\/div>","protected":false},"excerpt":{"rendered":"<p>LickiMat Tuff Buddy \u00e4r en smart klubbamatta i silikon som du kan anv\u00e4nda f\u00f6r att mata din hund med M\u00c6T F\u00e4rsk hundmat. Bred ut maten p\u00e5 mattan och servera direkt \u2013 eller l\u00e4gg i frysen och servera som en kall f\u00f6rfriskning, d\u00e4r maten sitter extra stadigt.<\/p>\n<p>Ist\u00e4llet f\u00f6r att sv\u00e4lja m\u00e5ltiden i en munsbit kan din hund nu njuta av sin f\u00e4rska hundmat l\u00e4ngre. Slickningen ger en b\u00e4ttre smakupplevelse och bidrar samtidigt till att minska tristess, rastl\u00f6shet och oro.<\/p>\n<p>LickiMat hj\u00e4lper till att reng\u00f6ra t\u00e4nder, tandk\u00f6tt och tunga eftersom salivproduktionen \u00f6kar n\u00e4r hunden slickar p\u00e5 mattan. Detta bidrar ocks\u00e5 till en bra matsm\u00e4ltning.<\/p>\n<p>Sk\u00e5len kan diskas i diskmaskin eller f\u00f6r hand. Den t\u00e5l b\u00e5de frys och kyl.<\/p>\n<p><strong>M\u00c5TT:<\/strong> 20&#215;20 cm<br \/>\n<strong>F\u00c4RG:<\/strong> Gr\u00e5 och gr\u00f6n<\/p>\n","protected":false},"featured_media":236377,"comment_status":"open","ping_status":"closed","template":"","meta":{"inline_featured_image":false},"product_brand":[],"product_cat":[1077,800,393,298,512],"product_tag":[514,1116],"class_list":{"0":"post-237759","1":"product","2":"type-product","3":"status-publish","4":"has-post-thumbnail","6":"product_cat-aktiv-utfodring","7":"product_cat-skaalar-foer-hundar","8":"product_cat-kattleksaker","9":"product_cat-hundleksaker","10":"product_cat-slickande-matta","11":"product_tag-lickimat-sv","12":"product_tag-utvalda","13":"product_shipping_class-torrvaror","15":"first","16":"instock","17":"sale","18":"taxable","19":"shipping-taxable","20":"purchasable","21":"product-type-simple"},"composite_virtual":false,"composite_layout":"","composite_add_to_cart_form_location":"","composite_editable_in_cart":false,"composite_sold_individually_context":"","composite_shop_price_calc":"","composite_components":[],"composite_scenarios":[],"bundled_by":["254829","263555"],"bundle_stock_status":"instock","bundle_stock_quantity":32,"bundle_virtual":false,"bundle_layout":"","bundle_add_to_cart_form_location":"","bundle_editable_in_cart":false,"bundle_sold_individually_context":"","bundle_item_grouping":"","bundle_min_size":"","bundle_max_size":"","bundle_price":[],"bundled_items":[],"bundle_sell_ids":[],"_links":{"self":[{"href":"https:\/\/maetpets.com\/sv\/wp-json\/wp\/v2\/product\/237759","targetHints":{"allow":["GET"]}}],"collection":[{"href":"https:\/\/maetpets.com\/sv\/wp-json\/wp\/v2\/product"}],"about":[{"href":"https:\/\/maetpets.com\/sv\/wp-json\/wp\/v2\/types\/product"}],"replies":[{"embeddable":true,"href":"https:\/\/maetpets.com\/sv\/wp-json\/wp\/v2\/comments?post=237759"}],"wp:featuredmedia":[{"embeddable":true,"href":"https:\/\/maetpets.com\/sv\/wp-json\/wp\/v2\/media\/236377"}],"wp:attachment":[{"href":"https:\/\/maetpets.com\/sv\/wp-json\/wp\/v2\/media?parent=237759"}],"wp:term":[{"taxonomy":"product_brand","embeddable":true,"href":"https:\/\/maetpets.com\/sv\/wp-json\/wp\/v2\/product_brand?post=237759"},{"taxonomy":"product_cat","embeddable":true,"href":"https:\/\/maetpets.com\/sv\/wp-json\/wp\/v2\/product_cat?post=237759"},{"taxonomy":"product_tag","embeddable":true,"href":"https:\/\/maetpets.com\/sv\/wp-json\/wp\/v2\/product_tag?post=237759"}],"curies":[{"name":"wp","href":"https:\/\/api.w.org\/{rel}","templated":true}]}}