{"id":250884,"date":"2023-01-27T16:45:27","date_gmt":"2023-01-27T15:45:27","guid":{"rendered":"https:\/\/maetpets.com\/matlaador\/"},"modified":"2023-08-30T19:14:18","modified_gmt":"2023-08-30T17:14:18","slug":"matlaador","status":"publish","type":"page","link":"https:\/\/maetpets.com\/sv\/matlaador\/","title":{"rendered":"Matl\u00e5dor"},"content":{"rendered":"<div class=\"wpb-content-wrapper\"><p>[vc_row full_width=&#8221;stretch_row&#8221; css=&#8221;.vc_custom_1673551402321{padding-top: 30px !important;}&#8221;][vc_column width=&#8221;1\/6&#8243;][\/vc_column][vc_column width=&#8221;4\/6&#8243;][vc_column_text]F\u00e5 M\u00c6T f\u00e4rskt hundfoder och naturliga snacks levererade direkt till din d\u00f6rr.<\/p>\n<p>V\u00e4lj en vanlig hundmj\u00f6lsl\u00e5da eller b\u00f6rja med provpaketet om din hund inte har provat M\u00c6T tidigare.[\/vc_column_text][vc_custom_heading text=&#8221;V\u00e4lj din m\u00e5ltidsl\u00e5da&#8221; font_container=&#8221;tag:h2|text_align:center&#8221; use_theme_fonts=&#8221;yes&#8221; css=&#8221;.vc_custom_1673551179067{padding-bottom: 10px !important;}&#8221;][\/vc_column][vc_column width=&#8221;1\/6&#8243;][\/vc_column][\/vc_row][vc_row full_width=&#8221;stretch_row_content_no_spaces&#8221; gap=&#8221;10&#8243; css=&#8221;.vc_custom_1675015940210{padding-right: 30px !important;padding-bottom: 40px !important;padding-left: 30px !important;}&#8221;][vc_column width=&#8221;1\/12&#8243;][\/vc_column][vc_column width=&#8221;5\/12&#8243; css=&#8221;.vc_custom_1673543228856{padding-right: 0px !important;padding-left: 0px !important;}&#8221;][konte_banner text_position=&#8221;top-left&#8221; font_container=&#8221;line_height:1&#8243; content_weight=&#8221;bold&#8221; scheme=&#8221;light&#8221; button_type=&#8221;normal&#8221; button_size=&#8221;medium&#8221; button_text=&#8221;v\u00e4lja&#8221; image=&#8221;232392&#8243; desc=&#8221;- Prova M\u00c6T<br \/>\n&#8211; Eng\u00e5ngsleverans utan abonnemang&#8221; link=&#8221;url:https%3A%2F%2Fmaetpets.com%2Fen%2Fprodukt%2Fstarter-pack-dog-food-online%2F|title:Provpaket|&#8221; tagline=&#8221;Fr\u00e5n 199,00 euro&#8221;]M\u00c6T<br \/>\nPROVPAKET[\/konte_banner]<div class=\"konte-empty-space \" style=\"height: 1px\"><\/div>[\/vc_column][vc_column width=&#8221;5\/12&#8243;][konte_banner text_position=&#8221;top-left&#8221; font_container=&#8221;line_height:1&#8243; content_weight=&#8221;bold&#8221; scheme=&#8221;light&#8221; button_type=&#8221;normal&#8221; button_size=&#8221;medium&#8221; button_text=&#8221;v\u00e4lja&#8221; image=&#8221;232391&#8243; desc=&#8221;- Prenumeration<br \/>\n&#8211; Flexibel<br \/>\n&#8211; Ingen bindning&#8221; tagline=&#8221;Fr\u00e5n \u20ac 49&#8243; link=&#8221;url:https%3A%2F%2Fmaetpets.com%2Fprodukt%2Fhundemaaltidskasse-frisk-hundefoder-abonnement%2F|title:Hundmatsl%C3%A5da|&#8221;]M\u00c6T<br \/>\nHUNDMATSL\u00c5DA [\/konte_banner][\/vc_column][vc_column width=&#8221;1\/12&#8243;][\/vc_column][\/vc_row][vc_row full_width=&#8221;stretch_row_content_no_spaces&#8221; gap=&#8221;10&#8243; disable_element=&#8221;yes&#8221; css=&#8221;.vc_custom_1673549464014{padding-right: 30px !important;padding-bottom: 30px !important;padding-left: 30px !important;}&#8221;][vc_column width=&#8221;4\/12&#8243; css=&#8221;.vc_custom_1616836957774{padding-top: 20px !important;padding-right: 20px !important;}&#8221;][vc_column_text]<strong>Best\u00e4ll v\u00e5rt provpaket eller f\u00e5 regelbundna leveranser p\u00e5 ett abonnemang<\/strong><\/p>\n<p>F\u00e5 M\u00c6Ts hundmat av de b\u00e4sta r\u00e5varorna &#8211; levererat direkt till din d\u00f6rr. Undvik besv\u00e4ret med att k\u00f6pa och h\u00e4mta hundmat.<br \/>\nVi g\u00f6r det enkelt att vara hund\u00e4gare och din hund kommer \u00e4lska dig f\u00f6r det.[\/vc_column_text][\/vc_column][vc_column width=&#8221;4\/12&#8243;][konte_banner text_position=&#8221;top-left&#8221; font_container=&#8221;line_height:1&#8243; content_weight=&#8221;bold&#8221; scheme=&#8221;light&#8221; button_type=&#8221;normal&#8221; button_size=&#8221;medium&#8221; button_text=&#8221;v\u00e4lja&#8221; image=&#8221;232392&#8243; desc=&#8221;Hitta din hunds favoritvariant genom att prova 8 korvar + 1 eller 4 mellanm\u00e5l.<br \/>\nFr\u00e5n 329 DKK&#8221; link=&#8221;url:https%3A%2F%2Fmaetpets.com%2Fstartpakke-hundefoder-online%2F|title:Provpaket|&#8221; tagline=&#8221;Eng\u00e5ngsleverans&#8221;]M\u00c6T<br \/>\nSTARTPAKET[\/konte_banner]<div class=\"konte-empty-space \" style=\"height: 20px\"><\/div>[\/vc_column][vc_column width=&#8221;4\/12&#8243;][konte_banner text_position=&#8221;top-left&#8221; font_container=&#8221;line_height:1&#8243; content_weight=&#8221;bold&#8221; scheme=&#8221;light&#8221; button_type=&#8221;normal&#8221; button_size=&#8221;medium&#8221; button_text=&#8221;v\u00e4lja&#8221; image=&#8221;232391&#8243; desc=&#8221;Prenumerera p\u00e5 din hunds favoritr\u00e4tter och f\u00e5 dem levererade direkt till din d\u00f6rr.<br \/>\nFr\u00e5n 329 DKK&#8221; tagline=&#8221;P\u00e5 prenumeration&#8221; link=&#8221;url:https%3A%2F%2Fmaetpets.com%2Fsv%2Fhundemaaltidskasse-frisk-hundefoder-abonnement-2%2F|title:Hundmatsl%C3%A5da|&#8221;]M\u00c6T<br \/>\nHUNDMATSL\u00c5DA [\/konte_banner][\/vc_column][\/vc_row][vc_row full_width=&#8221;stretch_row&#8221; css=&#8221;.vc_custom_1675015930222{padding-top: 50px !important;padding-bottom: 20px !important;background-color: #f7eeeb !important;}&#8221;][vc_column width=&#8221;6\/12&#8243;][vc_column_text]<\/p>\n<h2>F\u00e5 en frisk hund och ett enklare liv<\/h2>\n<p>Livet som hundf\u00f6r\u00e4lder \u00e4r hektiskt &#8211; l\u00e5t oss g\u00f6ra det l\u00e4ttare f\u00f6r dig. Vi levererar f\u00e4rskt och h\u00e4lsosamt hundfoder direkt till din d\u00f6rr s\u00e5 att du kan tillbringa mer tid med din hund.<\/p>\n<p>Medan du och din hund roar er tar vi hand om allt det praktiska. Allt du beh\u00f6ver g\u00f6ra \u00e4r att ta ut den uts\u00f6kta maten ur kylsk\u00e5pet n\u00e4r det \u00e4r dags f\u00f6r matning.<\/p>\n<p>N\u00e4r din hund \u00e4ter f\u00e4rskt hundfoder fr\u00e5n M\u00c6T kan du vara s\u00e4ker p\u00e5 att den f\u00e5r alla de n\u00e4rings\u00e4mnen den beh\u00f6ver f\u00f6r ett h\u00e4lsosamt hundliv.[\/vc_column_text][\/vc_column][vc_column width=&#8221;6\/12&#8243;][vc_single_image image=&#8221;248746&#8243; img_size=&#8221;full&#8221;][\/vc_column][\/vc_row][vc_row full_width=&#8221;stretch_row_content_no_spaces&#8221; css=&#8221;.vc_custom_1675015614122{padding-top: 40px !important;background-color: #2e1212 !important;}&#8221;][vc_column offset=&#8221;vc_col-lg-offset-1 vc_col-lg-10&#8243;][vc_custom_heading text=&#8221;Det \u00e4r underbart enkelt&#8221; font_container=&#8221;tag:h2|text_align:center|color:%23ca3a3a&#8221; use_theme_fonts=&#8221;yes&#8221; css=&#8221;.vc_custom_1678906260192{padding-bottom: 20px !important;}&#8221;]<div class=\"konte-carousel konte-carousel--gap-40  konte-carousel--dots-center konte-carousel--arrows-center\" data-slick=\"{&quot;dots&quot;:true,&quot;arrows&quot;:true,&quot;infinite&quot;:true,&quot;slidesToShow&quot;:2,&quot;slidesToScroll&quot;:1}\" ><div class=\"konte-testimonial  \">\n\t\t\t\t<div class=\"konte-testimonial__photo\"><img decoding=\"async\" class=\"\" src=\"https:\/\/maetpets.com\/wp-content\/uploads\/cecilie-melek-200x200.jpg\" width=\"200\" height=\"200\" alt=\"cecilie-melek\" title=\"cecilie-melek\" loading=\"lazy\" \/><\/div>\n\t\t\t\t<div class=\"konte-testimonial__entry\">\n\t\t\t\t\t<div class=\"konte-testimonial__content\">\u2b50\ufe0f\u2b50\ufe0f\u2b50\ufe0f\u2b50\ufe0f\u2b50\ufe0f<\/p>\n<p><span style=\"color: #fff9f7;\">&#8220;Vi fick en provf\u00f6rpackning fr\u00e5n M\u00c6T och Melek tyckte att det var bra att f\u00e5 f\u00e4rsk hundmat. S\u00e5 jag b\u00f6rjade ge honom det p\u00e5 en Lickimat eller i en Kong. Och nu f\u00e5r vi det levererat direkt till v\u00e5r ytterd\u00f6rr en g\u00e5ng i m\u00e5naden, och det \u00e4r verkligen enkelt.&#8221;<\/span><\/div>\n\t\t\t\t\t<div class=\"konte-testimonial__author\"><span class=\"konte-testimonial__name\">Cecilie<\/span><span class=\"konte-testimonial__author-separator\">-<\/span><span class=\"konte-testimonial__company\">\u00e4gare till Melek<\/span><\/div>\n\t\t\t\t<\/div>\n\t\t\t<\/div><\/div>[\/vc_column][\/vc_row][vc_row css=&#8221;.vc_custom_1675015536456{padding-top: 40px !important;}&#8221;][vc_column width=&#8221;2\/12&#8243;][\/vc_column][vc_column width=&#8221;8\/12&#8243;][vc_custom_heading text=&#8221;K\u00f6p M\u00c6T p\u00e5 andra s\u00e4tt&#8221; font_container=&#8221;tag:h2|text_align:center&#8221; use_theme_fonts=&#8221;yes&#8221; css=&#8221;.vc_custom_1675015425868{padding-bottom: 20px !important;}&#8221;][vc_column_text]Du kan ocks\u00e5 best\u00e4lla produkterna individuellt eller k\u00f6pa dem i en butik n\u00e4ra dig. Vi g\u00f6r det enkelt att vara hund\u00e4gare och din hund kommer \u00e4lska dig f\u00f6r det.[\/vc_column_text][\/vc_column][vc_column width=&#8221;2\/12&#8243;][\/vc_column][\/vc_row][vc_row full_width=&#8221;stretch_row_content_no_spaces&#8221; gap=&#8221;5&#8243;][vc_column width=&#8221;1\/3&#8243;][konte_banner image_size=&#8221;large&#8221; text_position=&#8221;bottom-left&#8221; font_container=&#8221;line_height:1&#8243; content_weight=&#8221;bold&#8221; scheme=&#8221;light&#8221; button_type=&#8221;normal&#8221; button_size=&#8221;medium&#8221; button_text=&#8221;K\u00f6p individuellt&#8221; el_class=&#8221;black-shadow&#8221; image=&#8221;247124&#8243; link=&#8221;url:https%3A%2F%2Fmaetpets.com%2Fsv%2Ffaersk-hundmat%2F|title:Hundmatsl%C3%A5da|&#8221;]M\u00c6T<br \/>\nF\u00c4RSK HUNDMAT[\/konte_banner][\/vc_column][vc_column width=&#8221;1\/3&#8243;][konte_banner image_size=&#8221;large&#8221; text_position=&#8221;bottom-left&#8221; font_container=&#8221;line_height:1&#8243; content_weight=&#8221;bold&#8221; scheme=&#8221;light&#8221; button_type=&#8221;normal&#8221; button_size=&#8221;medium&#8221; button_text=&#8221;K\u00f6p individuellt&#8221; el_class=&#8221;black-shadow&#8221; image=&#8221;243502&#8243; link=&#8221;url:https%3A%2F%2Fmaetpets.com%2Fsv%2Fnaturligt-hundgodis-och-hundsnacks%2F|title:Testpaket|&#8221;]M\u00c6T<br \/>\nSNACKS[\/konte_banner][\/vc_column][vc_column width=&#8221;1\/3&#8243;][konte_banner image_size=&#8221;large&#8221; text_position=&#8221;bottom-left&#8221; font_container=&#8221;line_height:1&#8243; content_weight=&#8221;bold&#8221; scheme=&#8221;light&#8221; button_type=&#8221;normal&#8221; button_size=&#8221;medium&#8221; button_text=&#8221;Se \u00e5terf\u00f6rs\u00e4ljare&#8221; el_class=&#8221;black-shadow&#8221; image=&#8221;239835&#8243; link=&#8221;url:https%3A%2F%2Fmaetpets.com%2Fforhandlere%2F|title:M%C3%86T%20%C3%85TERF%C3%96RS%C3%84LJARE|&#8221;]M\u00c6T<br \/>\n\u00c5TERF\u00d6RS\u00c4LJARE[\/konte_banner][\/vc_column][\/vc_row]<\/p>\n<\/div>","protected":false},"excerpt":{"rendered":"<p>[vc_row full_width=&#8221;stretch_row&#8221; css=&#8221;.vc_custom_1673551402321{padding-top: 30px !important;}&#8221;][vc_column width=&#8221;1\/6&#8243;][\/vc_column][vc_column width=&#8221;4\/6&#8243;][vc_column_text]F\u00e5 M\u00c6T f\u00e4rskt hundfoder och naturliga snacks levererade direkt till din d\u00f6rr. V\u00e4lj en vanlig hundmj\u00f6lsl\u00e5da eller b\u00f6rja med provpaketet om din hund inte&hellip;<\/p>\n","protected":false},"author":0,"featured_media":252223,"parent":0,"menu_order":0,"comment_status":"closed","ping_status":"closed","template":"","meta":{"inline_featured_image":false,"footnotes":""},"class_list":["post-250884","page","type-page","status-publish","has-post-thumbnail","hentry"],"_links":{"self":[{"href":"https:\/\/maetpets.com\/sv\/wp-json\/wp\/v2\/pages\/250884","targetHints":{"allow":["GET"]}}],"collection":[{"href":"https:\/\/maetpets.com\/sv\/wp-json\/wp\/v2\/pages"}],"about":[{"href":"https:\/\/maetpets.com\/sv\/wp-json\/wp\/v2\/types\/page"}],"replies":[{"embeddable":true,"href":"https:\/\/maetpets.com\/sv\/wp-json\/wp\/v2\/comments?post=250884"}],"version-history":[{"count":0,"href":"https:\/\/maetpets.com\/sv\/wp-json\/wp\/v2\/pages\/250884\/revisions"}],"wp:featuredmedia":[{"embeddable":true,"href":"https:\/\/maetpets.com\/sv\/wp-json\/wp\/v2\/media\/252223"}],"wp:attachment":[{"href":"https:\/\/maetpets.com\/sv\/wp-json\/wp\/v2\/media?parent=250884"}],"curies":[{"name":"wp","href":"https:\/\/api.w.org\/{rel}","templated":true}]}}