{"id":245099,"date":"2022-08-10T07:49:26","date_gmt":"2022-08-10T05:49:26","guid":{"rendered":"https:\/\/maetpets.com\/kontakt-maet-pets\/"},"modified":"2022-08-10T07:49:28","modified_gmt":"2022-08-10T05:49:28","slug":"kontakt-maet-pets","status":"publish","type":"page","link":"https:\/\/maetpets.com\/sv\/kontakt-maet-pets\/","title":{"rendered":"Kontakta oss"},"content":{"rendered":"<div class=\"wpb-content-wrapper\"><p>[vc_row][vc_column offset=&#8221;vc_col-lg-offset-2 vc_col-lg-8 vc_col-md-offset-2 vc_col-md-8&#8243;][vc_empty_space height=&#8221;15px&#8221;][vc_custom_heading text=&#8221;Kontaktuppgifter&#8221; use_theme_fonts=&#8221;yes&#8221; css=&#8221;.vc_custom_1530675882778{margin-bottom: 60px !important;}&#8221;]<div class=\"konte-info-list \"><ul><li class=\"\">\n\t\t\t\t\t<span class=\"info-name\">Adress<\/span>\n\t\t\t\t\t<span class=\"info-value\">\u00d8lsg\u00e5rdsvej 1, 4180 Sor\u00f8 , Danmark<\/span>\n\t\t\t\t<\/li><li class=\"\">\n\t\t\t\t\t<span class=\"info-name\">Telefon<\/span>\n\t\t\t\t\t<span class=\"info-value\">+45 8980 5155<\/span>\n\t\t\t\t<\/li><li class=\"\">\n\t\t\t\t\t<span class=\"info-name\">E-post<\/span>\n\t\t\t\t\t<span class=\"info-value\"><a href=\"mailto:wuf@maetpets.com\" class=\"konte-info-list__email-link\">wuf@maetpets.com<\/a><\/span>\n\t\t\t\t<\/li><li class=\"\">\n\t\t\t\t\t<span class=\"info-name\">Sociala<\/span>\n\t\t\t\t\t<span class=\"info-value\"><a href=\"https:\/\/www.facebook.com\/maetpets\/\" target=\"_blank\" rel=\"noopener\"><i class=\"fa fa-facebook\"><\/i><\/a> <a href=\"https:\/\/www.instagram.com\/maetpets\/\" target=\"_blank\" rel=\"noopener\"><i class=\"fa fa-instagram\"><\/i><\/a> <a href=\"https:\/\/www.pinterest.dk\/maetpets\" target=\"_blank\" rel=\"noopener\"><i class=\"fa fa-pinterest-p\"><\/i><\/a><\/span>\n\t\t\t\t<\/li><\/ul><\/div>[\/vc_column][\/vc_row][vc_row][vc_column][vc_empty_space height=&#8221;55px&#8221;]This API is not activated on your API project. You may need to enable this API in the Google Cloud Console: https:\/\/console.cloud.google.com\/apis\/library?filter=category:maps. Learn more at https:\/\/developers.google.com\/maps\/gmp-get-started#enable-api-sdk.[\/vc_column][\/vc_row][vc_row][vc_column][vc_empty_space height=&#8221;100px&#8221; css=&#8221;.vc_custom_1541661122354{margin-top: -100px !important;margin-right: 8.33333333% !important;margin-left: 8.33333333% !important;background-color: #ffffff !important;}&#8221; el_class=&#8221;map-white-brick&#8221;][\/vc_column][\/vc_row][vc_row][vc_column offset=&#8221;vc_col-lg-offset-2 vc_col-lg-8 vc_col-md-offset-2 vc_col-md-8&#8243; css=&#8221;.vc_custom_1541661114938{margin-top: -40px !important;}&#8221;][vc_custom_heading text=&#8221;Kontakta oss&#8221; use_theme_fonts=&#8221;yes&#8221; css=&#8221;.vc_custom_1530676426342{margin-bottom: 10px !important;}&#8221;][\/vc_column][\/vc_row]<\/p>\n<\/div>","protected":false},"excerpt":{"rendered":"<p>[vc_row][vc_column offset=&#8221;vc_col-lg-offset-2 vc_col-lg-8 vc_col-md-offset-2 vc_col-md-8&#8243;][vc_empty_space height=&#8221;15px&#8221;][vc_custom_heading text=&#8221;Kontaktuppgifter&#8221; use_theme_fonts=&#8221;yes&#8221; css=&#8221;.vc_custom_1530675882778{margin-bottom: 60px !important;}&#8221;][\/vc_column][\/vc_row][vc_row][vc_column][vc_empty_space height=&#8221;55px&#8221;][\/vc_column][\/vc_row][vc_row][vc_column][vc_empty_space height=&#8221;100px&#8221; css=&#8221;.vc_custom_1541661122354{margin-top: -100px !important;margin-right: 8.33333333% !important;margin-left: 8.33333333% !important;background-color: #ffffff !important;}&#8221; el_class=&#8221;map-white-brick&#8221;][\/vc_column][\/vc_row][vc_row][vc_column offset=&#8221;vc_col-lg-offset-2 vc_col-lg-8 vc_col-md-offset-2 vc_col-md-8&#8243; css=&#8221;.vc_custom_1541661114938{margin-top: -40px !important;}&#8221;][vc_custom_heading&hellip;<\/p>\n","protected":false},"author":1,"featured_media":0,"parent":0,"menu_order":0,"comment_status":"closed","ping_status":"closed","template":"","meta":{"inline_featured_image":false,"footnotes":""},"class_list":["post-245099","page","type-page","status-publish","hentry"],"_links":{"self":[{"href":"https:\/\/maetpets.com\/sv\/wp-json\/wp\/v2\/pages\/245099","targetHints":{"allow":["GET"]}}],"collection":[{"href":"https:\/\/maetpets.com\/sv\/wp-json\/wp\/v2\/pages"}],"about":[{"href":"https:\/\/maetpets.com\/sv\/wp-json\/wp\/v2\/types\/page"}],"author":[{"embeddable":true,"href":"https:\/\/maetpets.com\/sv\/wp-json\/wp\/v2\/users\/1"}],"replies":[{"embeddable":true,"href":"https:\/\/maetpets.com\/sv\/wp-json\/wp\/v2\/comments?post=245099"}],"version-history":[{"count":0,"href":"https:\/\/maetpets.com\/sv\/wp-json\/wp\/v2\/pages\/245099\/revisions"}],"wp:attachment":[{"href":"https:\/\/maetpets.com\/sv\/wp-json\/wp\/v2\/media?parent=245099"}],"curies":[{"name":"wp","href":"https:\/\/api.w.org\/{rel}","templated":true}]}}