{"id":242484,"date":"2022-05-22T12:16:57","date_gmt":"2022-05-22T10:16:57","guid":{"rendered":"https:\/\/maetpets.com\/hundvaard\/"},"modified":"2022-05-22T12:16:58","modified_gmt":"2022-05-22T10:16:58","slug":"hundvaard","status":"publish","type":"page","link":"https:\/\/maetpets.com\/sv\/hundvaard\/","title":{"rendered":"Hundv\u00e5rd"},"content":{"rendered":"\n<p>Hundv\u00e5rd med l\u00e4ckra och naturliga produkter \u00e4r avg\u00f6rande f\u00f6r dig och din hund.<\/p>\n\n<p>Se v\u00e5rt utbud av v\u00e5rdprodukter f\u00f6r bland annat p\u00e4lsv\u00e5rd, tassv\u00e5rd, \u00f6ronv\u00e5rd med mera. I utbudet av v\u00e5rdprodukter hittar du bland annat borstar, kammar, tassvax, hundtrimmers, ekologiskt schampo och balsam, p\u00e4lsverktyg med r\u00e4tt borstar och klippare, tandv\u00e5rd och hygien, groomingutrustning, tassv\u00e5rd, och valputrustning.<\/p>\n\n<p>Kvalitetsv\u00e5rd av din hund med r\u00e4tt v\u00e5rdprodukter \u00e4r viktigt \u2013 b\u00e5de i f\u00f6rh\u00e5llande till din hunds h\u00e4lsa,<br\/>v\u00e4lm\u00e5ende, hum\u00f6r och livsgl\u00e4dje.<\/p>\n\n<h2 class=\"wp-block-heading\">Hundschampo<\/h2>\n\n<p><\/p>\n","protected":false},"excerpt":{"rendered":"<p>Hundv\u00e5rd med l\u00e4ckra och naturliga produkter \u00e4r avg\u00f6rande f\u00f6r dig och din hund. Se v\u00e5rt utbud av v\u00e5rdprodukter f\u00f6r bland annat p\u00e4lsv\u00e5rd, tassv\u00e5rd, \u00f6ronv\u00e5rd med mera. I utbudet av v\u00e5rdprodukter&hellip;<\/p>\n","protected":false},"author":1,"featured_media":0,"parent":0,"menu_order":0,"comment_status":"closed","ping_status":"closed","template":"","meta":{"inline_featured_image":false,"footnotes":""},"class_list":["post-242484","page","type-page","status-publish","hentry"],"_links":{"self":[{"href":"https:\/\/maetpets.com\/sv\/wp-json\/wp\/v2\/pages\/242484","targetHints":{"allow":["GET"]}}],"collection":[{"href":"https:\/\/maetpets.com\/sv\/wp-json\/wp\/v2\/pages"}],"about":[{"href":"https:\/\/maetpets.com\/sv\/wp-json\/wp\/v2\/types\/page"}],"author":[{"embeddable":true,"href":"https:\/\/maetpets.com\/sv\/wp-json\/wp\/v2\/users\/1"}],"replies":[{"embeddable":true,"href":"https:\/\/maetpets.com\/sv\/wp-json\/wp\/v2\/comments?post=242484"}],"version-history":[{"count":0,"href":"https:\/\/maetpets.com\/sv\/wp-json\/wp\/v2\/pages\/242484\/revisions"}],"wp:attachment":[{"href":"https:\/\/maetpets.com\/sv\/wp-json\/wp\/v2\/media?parent=242484"}],"curies":[{"name":"wp","href":"https:\/\/api.w.org\/{rel}","templated":true}]}}