{"id":242036,"date":"2022-05-20T20:52:59","date_gmt":"2022-05-20T18:52:59","guid":{"rendered":"https:\/\/maetpets.com\/vegetarisk-hundmat-det-aer-bra-foer-klimatet\/"},"modified":"2022-05-20T20:53:32","modified_gmt":"2022-05-20T18:53:32","slug":"vegetarisk-hundmat-det-aer-bra-foer-klimatet","status":"publish","type":"page","link":"https:\/\/maetpets.com\/sv\/vegetarisk-hundmat-det-aer-bra-foer-klimatet\/","title":{"rendered":"Vegetarisk hundmat. Det \u00e4r bra f\u00f6r klimatet!"},"content":{"rendered":"<div class=\"wpb-content-wrapper\"><p>[vc_row full_width=&#8221;stretch_row&#8221; css=&#8221;.vc_custom_1611487500242{padding-top: 60px !important;background-color: #fff9f7 !important;}&#8221;][vc_column width=&#8221;1\/6&#8243;][\/vc_column][vc_column width=&#8221;4\/6&#8243;][vc_column_text]<strong>Hunden \u00e4r m\u00e4nniskans b\u00e4sta v\u00e4n, men precis som vi m\u00e4nniskor har \u00e4ven v\u00e5ra hundar ett stort klimatavtryck. S\u00e5 \u00e4r vegetarisk hundmat v\u00e4gen fram\u00e5t? Kan hundar leva p\u00e5 v\u00e4xtprotein?<\/strong><\/p>\n<p><span style=\"font-weight: 400;\">Hundar \u00e4r lika n\u00f6jda med k\u00f6tt som sina \u00e4gare och d\u00e4rf\u00f6r st\u00e5r de ocks\u00e5 f\u00f6r en besk\u00e4rd del av de CO2-utsl\u00e4pp som v\u00e5ra hush\u00e5ll st\u00e5r f\u00f6r. Faktum \u00e4r att en dansk ber\u00e4kning visar att en hund p\u00e5 10 kilo \u2013 t ex en dansk-svensk g\u00e5rdshund \u2013 sl\u00e4pper ut 1,1 ton CO2 \u00e5rligen.<\/span><\/p>\n<p><span style=\"font-weight: 400;\">Och<\/span> <span style=\"text-decoration: underline; color: #d54966;\"><a style=\"color: #d54966; text-decoration: underline;\" href=\"https:\/\/journals.plos.org\/plosone\/article?id=10.1371\/journal.pone.0181301\" target=\"_blank\" rel=\"noopener\">amerikansk forskning<\/a><\/span> <span style=\"font-weight: 400;\"><span style=\"text-decoration: underline; color: #d54966;\">om hundars CO2-utsl\u00e4pp<\/span> gjord vid University of California visar att amerikanska hundar och katter st\u00e5r f\u00f6r lika mycket CO2-utsl\u00e4pp som mer \u00e4n 13 miljoner bilar sl\u00e4pper ut \u00e5rligen.<\/span>[\/vc_column_text][\/vc_column][vc_column width=&#8221;1\/6&#8243;][\/vc_column][\/vc_row][vc_row full_width=&#8221;stretch_row&#8221; css=&#8221;.vc_custom_1611487530572{padding-top: 60px !important;padding-bottom: 60px !important;background-color: #fff9f7 !important;}&#8221;][vc_column width=&#8221;1\/2&#8243;][konte_banner button_type=&#8221;normal&#8221; button_size=&#8221;normal&#8221; button_text=&#8221;Bli Medlem&#8221; image=&#8221;231375&#8243; tagline=&#8221;Hj\u00e4lp till att utvecklas&#8221; link=&#8221;url:%23%20Bli%20Medlem|&#8221;]klimatv\u00e4nlig vegetarisk hundmat[\/konte_banner][\/vc_column][vc_column width=&#8221;1\/2&#8243;][konte_banner scheme=&#8221;dark&#8221; button_type=&#8221;normal&#8221; button_size=&#8221;normal&#8221; button_text=&#8221;Se produkter&#8221; image=&#8221;230902&#8243; tagline=&#8221;Byt till v\u00e5rt idag&#8221; link=&#8221;url:%23Produkter|&#8221;]mer klimatv\u00e4nlig hundmat[\/konte_banner][\/vc_column][\/vc_row][vc_row full_width=&#8221;stretch_row&#8221; css=&#8221;.vc_custom_1611516409993{padding-top: 60px !important;padding-bottom: 10px !important;background-color: #0b2945 !important;}&#8221;][vc_column width=&#8221;1\/6&#8243;][\/vc_column][vc_column width=&#8221;4\/6&#8243;][vc_custom_heading text=&#8221;S\u00e5 mycket CO2 din hund sl\u00e4pper ut&#8221; font_container=&#8221;tag:h2|text_align:center|color:%23d54966&#8243; use_theme_fonts=&#8221;yes&#8221;][vc_column_text]<\/p>\n<p style=\"text-align: center;\"><span style=\"color: #fff9f7;\">K\u00e4lla: Jannick Schmidt fr\u00e5n Centrum f\u00f6r milj\u00f6bed\u00f6mning.<\/span><\/p>\n<p>[\/vc_column_text][vc_single_image image=&#8221;235098&#8243; img_size=&#8221;large&#8221; alignment=&#8221;center&#8221; style=&#8221;vc_box_circle_2&#8243;][\/vc_column][vc_column width=&#8221;1\/6&#8243;][\/vc_column][\/vc_row][vc_row full_width=&#8221;stretch_row&#8221; css=&#8221;.vc_custom_1611516333915{padding-bottom: 60px !important;background-color: #0b2945 !important;}&#8221;][vc_column width=&#8221;1\/3&#8243;][vc_custom_heading text=&#8221;2 kg hund CO2&#8243; font_container=&#8221;tag:h3|text_align:left|color:%23d54966&#8243; use_theme_fonts=&#8221;yes&#8221; css=&#8221;.vc_custom_1611488345823{padding-bottom: 30px !important;}&#8221;][vc_column_text]<span style=\"color: #fff9f7;\"> <strong>Foder med k\u00f6tt<\/strong> : Avger 326 kg CO2 per \u00e5r. Den sl\u00e4pper ut s\u00e5 mycket som 1000 kilometers k\u00f6rning i en genomsnittlig personbil.<\/span><br \/>\n<span style=\"color: #fff9f7;\"><strong>Vegetarisk hundmat<\/strong> : Avger 4 kg CO2 per \u00e5r eller samma som 12 kilometers k\u00f6rning i en genomsnittlig bil.<\/span>[\/vc_column_text][\/vc_column][vc_column width=&#8221;1\/3&#8243;][vc_custom_heading text=&#8221;10 kg hund CO2&#8243; font_container=&#8221;tag:h3|text_align:left|color:%23d54966&#8243; use_theme_fonts=&#8221;yes&#8221; css=&#8221;.vc_custom_1611488354240{padding-bottom: 30px !important;}&#8221;][vc_column_text]<span style=\"color: #fff9f7;\"><strong>Foder med k\u00f6tt<\/strong> : Avger 1108 kg CO2 per \u00e5r. F\u00e5r s\u00e5 mycket som 3500 kilometers k\u00f6rning i en genomsnittlig bil.<\/span><br \/>\n<span style=\"color: #fff9f7;\"><strong>Vegetarisk hundmat<\/strong> : Avger 13 kg CO2 per \u00e5r eller samma som 41 kilometers k\u00f6rning i en genomsnittlig bil.<\/span>[\/vc_column_text][\/vc_column][vc_column width=&#8221;1\/3&#8243;][vc_custom_heading text=&#8221;20 kg hund CO2&#8243; font_container=&#8221;tag:h3|text_align:left|color:%23d54966&#8243; use_theme_fonts=&#8221;yes&#8221; css=&#8221;.vc_custom_1611488360827{padding-bottom: 30px !important;}&#8221;][vc_column_text]<span style=\"color: #fff9f7;\"><strong>Foder med k\u00f6tt<\/strong> : Avger 1630 kg CO2 per \u00e5r. F\u00e5r s\u00e5 mycket som 5200 kilometers k\u00f6rning i en genomsnittlig bil.<\/span><br \/>\n<span style=\"color: #fff9f7;\"><strong>Vegetarisk hundmat<\/strong> : sl\u00e4pper ut 19 kg CO2 per \u00e5r, eller samma som 61 kilometers k\u00f6rning i en genomsnittlig bil. <\/span>[\/vc_column_text][\/vc_column][\/vc_row][vc_row full_width=&#8221;stretch_row&#8221; css=&#8221;.vc_custom_1611516435098{padding-top: 60px !important;background-color: #fff9f7 !important;}&#8221; el_id=&#8221;hur mycket&#8221;][vc_column width=&#8221;1\/6&#8243;][\/vc_column][vc_column width=&#8221;4\/6&#8243;][vc_custom_heading text=&#8221;Den klimatv\u00e4nliga hunden \u00e4r vegetarian&#8221; font_container=&#8221;tag:h2|text_align:left|color:%232b1910&#8243; use_theme_fonts=&#8221;yes&#8221;][vc_column_text]Hundar kan leva p\u00e5 <span data-sheets-value=\"{\"1\":2,\"2\":\"vegetarisk hundemad\"}\" data-sheets-userformat=\"{\"2\":513,\"3\":{\"1\":0},\"12\":0}\">vegetarisk hundmat<\/span> . Om man kombinerar n\u00e5gra av dessa vegetabiliska produkter med h\u00f6gt inneh\u00e5ll av protein, som b\u00f6nor, med \u00e4gg, s\u00e5 kan man s\u00e4tta ihop en vegetarisk kost f\u00f6r djur, s\u00e4ger Charlotte Bj\u00f8rnvad, som \u00e4r professor i internmedicin f\u00f6r hund och katt. K\u00f6penhamns universitet. <span style=\"color: #d54966;\"><a style=\"color: #d54966;\" href=\"https:\/\/maetpets.com\/sv\/hur-man-kommer-igaang-med-faersk-hundmat\/\"><strong><span style=\"text-decoration: underline;\">L\u00e4s mer om vilka ingredienser hundmat ska inneh\u00e5lla<\/span><\/strong><\/a> .<\/span>[\/vc_column_text][vc_custom_heading text=&#8221;L\u00e4ttlagad hundmat \u00e4r b\u00e4st&#8221; font_container=&#8221;tag:h3|text_align:left|color:%232b1910&#8243; use_theme_fonts=&#8221;yes&#8221;][vc_column_text]<strong>Hundens matsm\u00e4ltningssystem kan hantera kolhydrater och fibrer fr\u00e5n gr\u00f6nsaker bra. Det kr\u00e4ver dock att kolhydraterna v\u00e4rmebehandlas, s\u00e4ger Charlotte Bj\u00f8rnvad.<\/strong><\/p>\n<p>Hundar \u00e4r som m\u00e4nniskor. Vi \u00e4r inte s\u00e5 bra p\u00e5 att sm\u00e4lta fibrer eller obehandlade kolhydrater. S\u00e5 r\u00e5 potatis eller r\u00e5ris f\u00e5r vi inte riktigt ut n\u00e5got av, och det g\u00f6r inte hundarna heller. S\u00e5 l\u00e4nge du v\u00e4rmebehandlar det \u00e4r potatis, pasta och ris riktigt fina energik\u00e4llor f\u00f6r hundarna.[\/vc_column_text][vc_custom_heading text=&#8221;Hundmat med mycket k\u00f6tt?&#8221; font_container=&#8221;tag:h3|text_align:left|color:%232b1910&#8243; use_theme_fonts=&#8221;yes&#8221;][vc_column_text]Vissa tycker att hundar ska \u00e4ta mycket k\u00f6tt eftersom de h\u00e4rstammar fr\u00e5n vargar och det \u00e4r d\u00e4rf\u00f6r de \u00e4r designade f\u00f6r att \u00e4ta k\u00f6tt.<\/p>\n<p>Och det st\u00e4mmer nog att hunden h\u00e4rstammar fr\u00e5n vargen, som \u00e4mnesm\u00e4ssigt \u00e4r designad f\u00f6r att \u00e4ta k\u00f6tt, f\u00f6r det var det den levde p\u00e5. Vargen kunde inte \u00e4ta v\u00e4rmebehandlade kolhydrater. Men n\u00e5got genetiskt har h\u00e4nt i uppf\u00f6dningen av hunden. N\u00e4r allt kommer omkring ser en chihuahua inte s\u00e4rskilt mycket ut som en varg. Och inuti har det ocks\u00e5 funnits en del saker d\u00e4r den har blivit mer anpassad till att \u00e4ta m\u00e4nniskomat eftersom den har gjort det i m\u00e5nga \u00e5rtusenden.[\/vc_column_text][\/vc_column][vc_column width=&#8221;1\/6&#8243;][\/vc_column][\/vc_row][vc_row full_width=&#8221;stretch_row&#8221; css=&#8221;.vc_custom_1611485958140{padding-top: 60px !important;padding-bottom: 80px !important;background-color: #0b2945 !important;}&#8221; el_id=&#8221;Bli Medlem&#8221;][vc_column width=&#8221;1\/6&#8243;][\/vc_column][vc_column width=&#8221;4\/6&#8243;][vc_custom_heading text=&#8221;Hj\u00e4lp klimatet \ud83c\udf0d&#8221; font_container=&#8221;tag:h2|text_align:left|color:%23d54966&#8243; use_theme_fonts=&#8221;yes&#8221;][vc_column_text]<span style=\"color: #fff9f7;\">Hj\u00e4lp till att utveckla eller bli f\u00f6rst med att prova klimatv\u00e4nligt och vegetariskt hundfoder. Anm\u00e4l dig h\u00e4r och f\u00e5 mer information<\/span>[\/vc_column_text]<div class=\"konte-subscribe-box konte-subscribe-box--style2   \">\n\t\t\t\t\n\t\t\t\t\n\t\t\t\t[mc4wp_form id=\"229756\"]\n\t\t\t<\/div>[\/vc_column][vc_column width=&#8221;1\/6&#8243;][\/vc_column][\/vc_row][vc_row css=&#8221;.vc_custom_1611485972566{padding-top: 60px !important;}&#8221; el_id=&#8221;Produkter&#8221;][vc_column width=&#8221;1\/6&#8243;][\/vc_column][vc_column width=&#8221;4\/6&#8243;][vc_custom_heading text=&#8221;Byt till mer klimatv\u00e4nlig och vegetarisk hundmat idag&#8221; font_container=&#8221;tag:h2|text_align:left|color:%23d54966&#8243; use_theme_fonts=&#8221;yes&#8221; css=&#8221;.vc_custom_1611320018227{padding-bottom: 30px !important;}&#8221;][vc_column_text]<strong><span style=\"color: #2b1910;\">Samtidigt som vi utvecklar mer vegetariskt hundfoder kan du prova v\u00e5ra risottorecept. Genom att komplettera det l\u00e4ckra k\u00f6ttet med ris och gr\u00f6nsaker kan vi s\u00e4kerst\u00e4lla h\u00e4lsosam mat med ett mindre klimatavtryck.<\/span><\/strong><\/p>\n<p><span style=\"color: #2b1910;\">Vi har recept med antingen kyckling och fl\u00e4sk samt nyttiga gr\u00f6nsaker fyllda med vitaminer och mineraler. Alla r\u00e5varor kommer fr\u00e5n nordiska g\u00e5rdar, s\u00e5 det f\u00f6rblir lokalt och vi st\u00f6djer d\u00e4rmed klimatet. Med M\u00c6T :s hundm\u00e5ltider kan du vara s\u00e4ker p\u00e5 att din hunds mat inte har varit p\u00e5 l\u00e4ngre interkontinentala flygningar eller sj\u00f6v\u00e4gar till\/fr\u00e5n Kina, som producerar enorma m\u00e4ngder CO2.<\/span>[\/vc_column_text][vc_custom_heading text=&#8221;Vitaminer, fibrer och v\u00e4xtprotein fr\u00e5n friska nordiska gr\u00f6nsaker&#8221; font_container=&#8221;tag:h3|text_align:left|color:%23d54966&#8243; use_theme_fonts=&#8221;yes&#8221; css=&#8221;.vc_custom_1611489152267{padding-bottom: 30px !important;}&#8221;][\/vc_column][vc_column width=&#8221;1\/6&#8243;][\/vc_column][vc_column]<div class=\"konte-product-grid konte-products  \"><div class=\"woocommerce columns-3 \"><ul class=\"products hover-slider columns-3\"><li class=\"product type-product post-231332 status-publish first outofstock product_cat-hundemad product_tag-hundemad-laks product_tag-risotto has-post-thumbnail taxable shipping-taxable purchasable product-type-simple\">\n\t<div class=\"product-inner\"><span class=\"woocommerce-badges woocommerce-badges--round\"><span class=\"sold-out woocommerce-badge\"><span>Udsolgt<\/span><\/span><\/span><div class=\"product-thumbnail\"><a href=\"https:\/\/maetpets.com\/produkt\/hundefoder-med-laks-salmon-risotto\/\" class=\"woocommerce-LoopProduct-link woocommerce-loop-product__link\"><img loading=\"lazy\" decoding=\"async\" width=\"555\" height=\"555\" src=\"https:\/\/maetpets.com\/wp-content\/uploads\/hundefoder-med-laks-sassy-salmon-risotto-maet-pets.jpg\" class=\"attachment-woocommerce_thumbnail size-woocommerce_thumbnail\" alt=\"M\u00c6T Hundefoder med laks\" srcset=\"https:\/\/maetpets.com\/wp-content\/uploads\/hundefoder-med-laks-sassy-salmon-risotto-maet-pets.jpg 555w, https:\/\/maetpets.com\/wp-content\/uploads\/hundefoder-med-laks-sassy-salmon-risotto-maet-pets-300x300.jpg 300w, https:\/\/maetpets.com\/wp-content\/uploads\/hundefoder-med-laks-sassy-salmon-risotto-maet-pets-150x150.jpg 150w\" sizes=\"auto, (max-width: 555px) 100vw, 555px\" \/><\/a><\/div><div class=\"product-summary\"><h2 class=\"woocommerce-loop-product__title\"><a href=\"https:\/\/maetpets.com\/produkt\/hundefoder-med-laks-salmon-risotto\/\" class=\"woocommerce-LoopProduct-link woocommerce-loop-product__link\">Salmon Risotto &#8211; Hundefoder med laks<\/a><\/h2>\n\t<span class=\"price\"><span class=\"woocommerce-Price-amount amount\"><bdi>45,00&nbsp;<span class=\"woocommerce-Price-currencySymbol\">kr.<\/span><\/bdi><\/span><\/span>\n<div class=\"buttons clearfix\"><a href=\"https:\/\/maetpets.com\/produkt\/hundefoder-med-laks-salmon-risotto\/\" aria-describedby=\"woocommerce_loop_add_to_cart_link_describedby_231332\" data-quantity=\"1\" class=\"button product_type_simple woocommerce-loop-product__button\" data-product_id=\"231332\" data-product_sku=\"MAET103\" aria-label=\"L\u00e4s mer om \u201dSalmon Risotto - Hundefoder med laks\u201d\" rel=\"nofollow\" data-success_message=\"\">L\u00e4s mer<\/a>\t<span id=\"woocommerce_loop_add_to_cart_link_describedby_231332\" class=\"screen-reader-text\">\n\t\t\t<\/span>\n<\/div><\/div><\/div><\/li>\n<li class=\"product type-product post-61 status-publish outofstock product_cat-hundemad product_tag-hundefoder-med-aeg product_tag-hundemad-kylling product_tag-risotto has-post-thumbnail taxable shipping-taxable purchasable product-type-simple\">\n\t<div class=\"product-inner\"><span class=\"woocommerce-badges woocommerce-badges--round\"><span class=\"sold-out woocommerce-badge\"><span>Udsolgt<\/span><\/span><\/span><div class=\"product-thumbnail product-thumbnails--slider\"><a href=\"https:\/\/maetpets.com\/produkt\/chicken-feast-risotto-frisk-hundemad\/\" class=\"woocommerce-LoopProduct-link woocommerce-loop-product__link\"><img loading=\"lazy\" decoding=\"async\" width=\"680\" height=\"680\" src=\"https:\/\/maetpets.com\/wp-content\/uploads\/chicken_feast_ingredients_maet_tall-680x680.jpg\" class=\"attachment-woocommerce_thumbnail size-woocommerce_thumbnail\" alt=\"Chicken Risotto\" srcset=\"https:\/\/maetpets.com\/wp-content\/uploads\/chicken_feast_ingredients_maet_tall-680x680.jpg 680w, https:\/\/maetpets.com\/wp-content\/uploads\/chicken_feast_ingredients_maet_tall-150x150.jpg 150w\" sizes=\"auto, (max-width: 680px) 100vw, 680px\" \/><\/a><a href=\"https:\/\/maetpets.com\/produkt\/chicken-feast-risotto-frisk-hundemad\/\" class=\"woocommerce-LoopProduct-link woocommerce-loop-product__link\"><img data-lazy=\"https:\/\/maetpets.com\/wp-content\/uploads\/chicken-risotto.jpg\" width=\"680\" height=\"539\" alt=\"Chicken Risotto\" class=\"slick-loading\"><\/a><\/div><div class=\"product-summary\"><h2 class=\"woocommerce-loop-product__title\"><a href=\"https:\/\/maetpets.com\/produkt\/chicken-feast-risotto-frisk-hundemad\/\" class=\"woocommerce-LoopProduct-link woocommerce-loop-product__link\">Chicken Risotto<\/a><\/h2>\n\t<span class=\"price\"><span class=\"woocommerce-Price-amount amount\"><bdi>45,00&nbsp;<span class=\"woocommerce-Price-currencySymbol\">kr.<\/span><\/bdi><\/span><\/span>\n<div class=\"buttons clearfix\"><a href=\"https:\/\/maetpets.com\/produkt\/chicken-feast-risotto-frisk-hundemad\/\" aria-describedby=\"woocommerce_loop_add_to_cart_link_describedby_61\" data-quantity=\"1\" class=\"button product_type_simple woocommerce-loop-product__button\" data-product_id=\"61\" data-product_sku=\"MAET101\" aria-label=\"L\u00e4s mer om \u201dChicken Risotto\u201d\" rel=\"nofollow\" data-success_message=\"\">L\u00e4s mer<\/a>\t<span id=\"woocommerce_loop_add_to_cart_link_describedby_61\" class=\"screen-reader-text\">\n\t\t\t<\/span>\n<\/div><\/div><\/div><\/li>\n<li class=\"product type-product post-229534 status-publish last outofstock product_cat-hundemad product_tag-hundemad-gris product_tag-risotto has-post-thumbnail taxable shipping-taxable purchasable product-type-simple\">\n\t<div class=\"product-inner\"><span class=\"woocommerce-badges woocommerce-badges--round\"><span class=\"sold-out woocommerce-badge\"><span>Udsolgt<\/span><\/span><\/span><div class=\"product-thumbnail product-thumbnails--slider\"><a href=\"https:\/\/maetpets.com\/produkt\/pork-party-risotto-frisk-hundemad\/\" class=\"woocommerce-LoopProduct-link woocommerce-loop-product__link\"><img loading=\"lazy\" decoding=\"async\" width=\"680\" height=\"680\" src=\"https:\/\/maetpets.com\/wp-content\/uploads\/pork_party_tall_maet-1-680x680.jpg\" class=\"attachment-woocommerce_thumbnail size-woocommerce_thumbnail\" alt=\"Pork Risotto\" srcset=\"https:\/\/maetpets.com\/wp-content\/uploads\/pork_party_tall_maet-1-680x680.jpg 680w, https:\/\/maetpets.com\/wp-content\/uploads\/pork_party_tall_maet-1-150x150.jpg 150w\" sizes=\"auto, (max-width: 680px) 100vw, 680px\" \/><\/a><a href=\"https:\/\/maetpets.com\/produkt\/pork-party-risotto-frisk-hundemad\/\" class=\"woocommerce-LoopProduct-link woocommerce-loop-product__link\"><img data-lazy=\"https:\/\/maetpets.com\/wp-content\/uploads\/pork-risotto-maet-pets.jpg\" width=\"680\" height=\"544\" alt=\"Pork Risotto\" class=\"slick-loading\"><\/a><\/div><div class=\"product-summary\"><h2 class=\"woocommerce-loop-product__title\"><a href=\"https:\/\/maetpets.com\/produkt\/pork-party-risotto-frisk-hundemad\/\" class=\"woocommerce-LoopProduct-link woocommerce-loop-product__link\">Pork Risotto<\/a><\/h2>\n\t<span class=\"price\"><span class=\"woocommerce-Price-amount amount\"><bdi>45,00&nbsp;<span class=\"woocommerce-Price-currencySymbol\">kr.<\/span><\/bdi><\/span><\/span>\n<div class=\"buttons clearfix\"><a href=\"https:\/\/maetpets.com\/produkt\/pork-party-risotto-frisk-hundemad\/\" aria-describedby=\"woocommerce_loop_add_to_cart_link_describedby_229534\" data-quantity=\"1\" class=\"button product_type_simple woocommerce-loop-product__button\" data-product_id=\"229534\" data-product_sku=\"MAET102\" aria-label=\"L\u00e4s mer om \u201dPork Risotto\u201d\" rel=\"nofollow\" data-success_message=\"\">L\u00e4s mer<\/a>\t<span id=\"woocommerce_loop_add_to_cart_link_describedby_229534\" class=\"screen-reader-text\">\n\t\t\t<\/span>\n<\/div><\/div><\/div><\/li>\n<\/ul><\/div><\/div>[\/vc_column][\/vc_row]<\/p>\n<\/div>","protected":false},"excerpt":{"rendered":"<p>[vc_row full_width=&#8221;stretch_row&#8221; css=&#8221;.vc_custom_1611487500242{padding-top: 60px !important;background-color: #fff9f7 !important;}&#8221;][vc_column width=&#8221;1\/6&#8243;][\/vc_column][vc_column width=&#8221;4\/6&#8243;][vc_column_text]Hunden \u00e4r m\u00e4nniskans b\u00e4sta v\u00e4n, men precis som vi m\u00e4nniskor har \u00e4ven v\u00e5ra hundar ett stort klimatavtryck. S\u00e5 \u00e4r vegetarisk hundmat v\u00e4gen&hellip;<\/p>\n","protected":false},"author":1,"featured_media":235095,"parent":0,"menu_order":0,"comment_status":"closed","ping_status":"closed","template":"","meta":{"inline_featured_image":false,"footnotes":""},"class_list":["post-242036","page","type-page","status-publish","has-post-thumbnail","hentry"],"_links":{"self":[{"href":"https:\/\/maetpets.com\/sv\/wp-json\/wp\/v2\/pages\/242036","targetHints":{"allow":["GET"]}}],"collection":[{"href":"https:\/\/maetpets.com\/sv\/wp-json\/wp\/v2\/pages"}],"about":[{"href":"https:\/\/maetpets.com\/sv\/wp-json\/wp\/v2\/types\/page"}],"author":[{"embeddable":true,"href":"https:\/\/maetpets.com\/sv\/wp-json\/wp\/v2\/users\/1"}],"replies":[{"embeddable":true,"href":"https:\/\/maetpets.com\/sv\/wp-json\/wp\/v2\/comments?post=242036"}],"version-history":[{"count":0,"href":"https:\/\/maetpets.com\/sv\/wp-json\/wp\/v2\/pages\/242036\/revisions"}],"wp:featuredmedia":[{"embeddable":true,"href":"https:\/\/maetpets.com\/sv\/wp-json\/wp\/v2\/media\/235095"}],"wp:attachment":[{"href":"https:\/\/maetpets.com\/sv\/wp-json\/wp\/v2\/media?parent=242036"}],"curies":[{"name":"wp","href":"https:\/\/api.w.org\/{rel}","templated":true}]}}