{"id":241402,"date":"2022-05-19T21:03:30","date_gmt":"2022-05-19T19:03:30","guid":{"rendered":"https:\/\/maetpets.com\/?page_id=241402"},"modified":"2023-09-04T20:35:52","modified_gmt":"2023-09-04T18:35:52","slug":"hundsaker-och-hundtillbehor","status":"publish","type":"page","link":"https:\/\/maetpets.com\/sv\/hundsaker-och-hundtillbehor\/","title":{"rendered":"Hundsaker och hundtillbeh\u00f6r"},"content":{"rendered":"<div class=\"wpb-content-wrapper\"><p>[vc_row css=&#8221;.vc_custom_1649594625903{padding-top: 60px !important;padding-bottom: 30px !important;}&#8221;][vc_column]<div class=\"konte-product-tabs konte-product-tabs__category konte-tabs  \">\n\t\t\t\t<ul class=\"konte-product-tabs__tabs konte-tabs__nav\"><li data-target=\"1\" data-atts=\"{&quot;type&quot;:&quot;&quot;,&quot;limit&quot;:&quot;&quot;,&quot;columns&quot;:&quot;4&quot;,&quot;category&quot;:&quot;hundutrustning&quot;,&quot;tag&quot;:&quot;&quot;}\" class=\"active\">Hundutrustning<\/li>\n\t<li data-target=\"2\" data-atts=\"{&quot;type&quot;:&quot;&quot;,&quot;limit&quot;:&quot;&quot;,&quot;columns&quot;:&quot;4&quot;,&quot;category&quot;:&quot;hundbaeddar&quot;,&quot;tag&quot;:&quot;&quot;}\" class=\"\">Hundb\u00e4ddar<\/li>\n\t<li data-target=\"3\" data-atts=\"{&quot;type&quot;:&quot;&quot;,&quot;limit&quot;:&quot;&quot;,&quot;columns&quot;:&quot;4&quot;,&quot;category&quot;:&quot;hundpaasar&quot;,&quot;tag&quot;:&quot;&quot;}\" class=\"\">Hundp\u00e5sar<\/li>\n\t<li data-target=\"4\" data-atts=\"{&quot;type&quot;:&quot;&quot;,&quot;limit&quot;:&quot;&quot;,&quot;columns&quot;:&quot;4&quot;,&quot;category&quot;:&quot;skaalar-foer-hundar&quot;,&quot;tag&quot;:&quot;&quot;}\" class=\"\">Sk\u00e5lar f\u00f6r hundar<\/li><\/ul>\n\t\t\t\t<div class=\"konte-product-tabs__panels konte-tabs__panels\"><div class=\"konte-products konte-product-grid konte-product-tabs__panel konte-tabs__panel active\" data-panel=\"1\" ><div class=\"woocommerce columns-4 \"><ul class=\"products hover-slider columns-4\"><li class=\"product type-product post-242004 status-publish first instock product_cat-hundpaasar product_cat-hundutrustning product_tag-utvalda has-post-thumbnail sale taxable shipping-taxable purchasable product-type-simple\">\n\t<div class=\"product-inner\"><span class=\"woocommerce-badges woocommerce-badges--round\">\n\t<span class=\"onsale woocommerce-badge\"><span>10%<\/span><\/span>\n\t<\/span><div class=\"product-thumbnail product-thumbnails--slider\"><a href=\"https:\/\/maetpets.com\/sv\/produkt\/biologiskt-nedbrytbara-hundpaasar\/\" class=\"woocommerce-LoopProduct-link woocommerce-loop-product__link\"><img loading=\"lazy\" decoding=\"async\" width=\"680\" height=\"680\" src=\"https:\/\/maetpets.com\/wp-content\/uploads\/bionedbrydelige-hundeposer-sustainable-maet-pets-1-680x680.jpg\" class=\"attachment-woocommerce_thumbnail size-woocommerce_thumbnail\" alt=\"Biologiskt nedbrytbara hundp\u00e5sar\" srcset=\"https:\/\/maetpets.com\/wp-content\/uploads\/bionedbrydelige-hundeposer-sustainable-maet-pets-1-680x680.jpg 680w, https:\/\/maetpets.com\/wp-content\/uploads\/bionedbrydelige-hundeposer-sustainable-maet-pets-1-150x150.jpg 150w, https:\/\/maetpets.com\/wp-content\/uploads\/bionedbrydelige-hundeposer-sustainable-maet-pets-1-660x660.jpg 660w, https:\/\/maetpets.com\/wp-content\/uploads\/bionedbrydelige-hundeposer-sustainable-maet-pets-1-100x100.jpg 100w\" sizes=\"auto, (max-width: 680px) 100vw, 680px\" \/><\/a><a href=\"https:\/\/maetpets.com\/sv\/produkt\/biologiskt-nedbrytbara-hundpaasar\/\" class=\"woocommerce-LoopProduct-link woocommerce-loop-product__link\"><img data-lazy=\"https:\/\/maetpets.com\/wp-content\/uploads\/the-sustainable-people-bionedbrydelige-hundeposer-680x680.webp\" width=\"680\" height=\"680\" alt=\"Biologiskt nedbrytbara hundp\u00e5sar - 112 st\" class=\"slick-loading\"><\/a><\/div><div class=\"product-summary\"><h2 class=\"woocommerce-loop-product__title\"><a href=\"https:\/\/maetpets.com\/sv\/produkt\/biologiskt-nedbrytbara-hundpaasar\/\" class=\"woocommerce-LoopProduct-link woocommerce-loop-product__link\">Biologiskt nedbrytbara hundp\u00e5sar &#8211; 112 st<\/a><\/h2>\n\t<span class=\"price\"><ins><span class=\"woocommerce-Price-amount amount\"><bdi>89,00&nbsp;<span class=\"woocommerce-Price-currencySymbol\">kr.<\/span><\/bdi><\/span><\/ins> <del><span class=\"woocommerce-Price-amount amount\"><bdi>99,00&nbsp;<span class=\"woocommerce-Price-currencySymbol\">kr.<\/span><\/bdi><\/span><\/del><\/span>\n<div class=\"buttons clearfix\"><a href=\"\/sv\/wp-json\/wp\/v2\/pages\/241402?add-to-cart=242004\" aria-describedby=\"woocommerce_loop_add_to_cart_link_describedby_242004\" data-quantity=\"1\" class=\"button product_type_simple add_to_cart_button ajax_add_to_cart woocommerce-loop-product__button\" data-product_id=\"242004\" data-product_sku=\"TSP2061\" aria-label=\"L\u00e4gg till i varukorgen: \u201dBiologiskt nedbrytbara hundp\u00e5sar - 112 st\u201d\" rel=\"nofollow\" data-success_message=\"&quot;Biologiskt nedbrytbara hundp\u00e5sar - 112 st&quot; har lagts till i din varukorg\" role=\"button\">L\u00e4gg till i varukorg<\/a>\t<span id=\"woocommerce_loop_add_to_cart_link_describedby_242004\" class=\"screen-reader-text\">\n\t\t\t<\/span>\n<\/div><\/div><\/div><\/li>\n<li class=\"product type-product post-247269 status-publish outofstock product_cat-hundbaeddar product_cat-hundutrustning has-post-thumbnail taxable shipping-taxable purchasable product-type-simple\">\n\t<div class=\"product-inner\"><span class=\"woocommerce-badges woocommerce-badges--round\"><span class=\"sold-out woocommerce-badge\"><span>Udsolgt<\/span><\/span><\/span><div class=\"product-thumbnail\"><a href=\"https:\/\/maetpets.com\/sv\/produkt\/hundbaedd\/\" class=\"woocommerce-LoopProduct-link woocommerce-loop-product__link\"><img loading=\"lazy\" decoding=\"async\" width=\"600\" height=\"500\" src=\"https:\/\/maetpets.com\/wp-content\/uploads\/hundeseng-maet-pets.jpeg\" class=\"attachment-woocommerce_thumbnail size-woocommerce_thumbnail\" alt=\"Hundb\u00e4dd\" srcset=\"https:\/\/maetpets.com\/wp-content\/uploads\/hundeseng-maet-pets.jpeg 600w, https:\/\/maetpets.com\/wp-content\/uploads\/hundeseng-maet-pets-300x250.jpeg 300w\" sizes=\"auto, (max-width: 600px) 100vw, 600px\" \/><\/a><\/div><div class=\"product-summary\"><h2 class=\"woocommerce-loop-product__title\"><a href=\"https:\/\/maetpets.com\/sv\/produkt\/hundbaedd\/\" class=\"woocommerce-LoopProduct-link woocommerce-loop-product__link\">Hundb\u00e4dd<\/a><\/h2>\n\t<span class=\"price\"><span class=\"woocommerce-Price-amount amount\"><bdi>899,00&nbsp;<span class=\"woocommerce-Price-currencySymbol\">kr.<\/span><\/bdi><\/span><\/span>\n<div class=\"buttons clearfix\"><a href=\"https:\/\/maetpets.com\/sv\/produkt\/hundbaedd\/\" aria-describedby=\"woocommerce_loop_add_to_cart_link_describedby_247269\" data-quantity=\"1\" class=\"button product_type_simple woocommerce-loop-product__button\" data-product_id=\"247269\" data-product_sku=\"MAET902\" aria-label=\"L\u00e4s mer om \u201dHundb\u00e4dd\u201d\" rel=\"nofollow\" data-success_message=\"\">L\u00e4s mer<\/a>\t<span id=\"woocommerce_loop_add_to_cart_link_describedby_247269\" class=\"screen-reader-text\">\n\t\t\t<\/span>\n<\/div><\/div><\/div><\/li>\n<li class=\"product type-product post-247272 status-publish outofstock product_cat-hundbaeddar product_cat-hundutrustning has-post-thumbnail taxable shipping-taxable purchasable product-type-simple\">\n\t<div class=\"product-inner\"><span class=\"woocommerce-badges woocommerce-badges--round\"><span class=\"sold-out woocommerce-badge\"><span>Udsolgt<\/span><\/span><\/span><div class=\"product-thumbnail\"><a href=\"https:\/\/maetpets.com\/sv\/produkt\/hundmadrass-memory-foam\/\" class=\"woocommerce-LoopProduct-link woocommerce-loop-product__link\"><img loading=\"lazy\" decoding=\"async\" width=\"600\" height=\"500\" src=\"https:\/\/maetpets.com\/wp-content\/uploads\/hundemadras-memory-foam-maet-pets.jpg\" class=\"attachment-woocommerce_thumbnail size-woocommerce_thumbnail\" alt=\"Hundemadras M\u00c6T Pets\" srcset=\"https:\/\/maetpets.com\/wp-content\/uploads\/hundemadras-memory-foam-maet-pets.jpg 600w, https:\/\/maetpets.com\/wp-content\/uploads\/hundemadras-memory-foam-maet-pets-300x250.jpg 300w\" sizes=\"auto, (max-width: 600px) 100vw, 600px\" \/><\/a><\/div><div class=\"product-summary\"><h2 class=\"woocommerce-loop-product__title\"><a href=\"https:\/\/maetpets.com\/sv\/produkt\/hundmadrass-memory-foam\/\" class=\"woocommerce-LoopProduct-link woocommerce-loop-product__link\">Hundmadrass med Memory Foam<\/a><\/h2>\n\t<span class=\"price\"><span class=\"woocommerce-Price-amount amount\"><bdi>1.299,00&nbsp;<span class=\"woocommerce-Price-currencySymbol\">kr.<\/span><\/bdi><\/span><\/span>\n<div class=\"buttons clearfix\"><a href=\"https:\/\/maetpets.com\/sv\/produkt\/hundmadrass-memory-foam\/\" aria-describedby=\"woocommerce_loop_add_to_cart_link_describedby_247272\" data-quantity=\"1\" class=\"button product_type_simple woocommerce-loop-product__button\" data-product_id=\"247272\" data-product_sku=\"MAET901\" aria-label=\"L\u00e4s mer om \u201dHundmadrass med Memory Foam\u201d\" rel=\"nofollow\" data-success_message=\"\">L\u00e4s mer<\/a>\t<span id=\"woocommerce_loop_add_to_cart_link_describedby_247272\" class=\"screen-reader-text\">\n\t\t\t<\/span>\n<\/div><\/div><\/div><\/li>\n<li class=\"product type-product post-255149 status-publish last instock product_cat-hundutrustning has-post-thumbnail taxable shipping-taxable purchasable product-type-simple\">\n\t<div class=\"product-inner\"><div class=\"product-thumbnail\"><a href=\"https:\/\/maetpets.com\/sv\/produkt\/tandhala-i-horntand\/\" class=\"woocommerce-LoopProduct-link woocommerce-loop-product__link\"><img loading=\"lazy\" decoding=\"async\" width=\"680\" height=\"680\" src=\"https:\/\/maetpets.com\/wp-content\/uploads\/hundetandboerste-trae-MAET-Pets-680x680.jpg\" class=\"attachment-woocommerce_thumbnail size-woocommerce_thumbnail\" alt=\"Hundetandb\u00f8rste fra M\u00c6T i tr\u00e6\" srcset=\"https:\/\/maetpets.com\/wp-content\/uploads\/hundetandboerste-trae-MAET-Pets-680x680.jpg 680w, https:\/\/maetpets.com\/wp-content\/uploads\/hundetandboerste-trae-MAET-Pets-300x300.jpg 300w, https:\/\/maetpets.com\/wp-content\/uploads\/hundetandboerste-trae-MAET-Pets-640x640.jpg 640w, https:\/\/maetpets.com\/wp-content\/uploads\/hundetandboerste-trae-MAET-Pets-150x150.jpg 150w, https:\/\/maetpets.com\/wp-content\/uploads\/hundetandboerste-trae-MAET-Pets-660x660.jpg 660w, https:\/\/maetpets.com\/wp-content\/uploads\/hundetandboerste-trae-MAET-Pets.jpg 700w\" sizes=\"auto, (max-width: 680px) 100vw, 680px\" \/><\/a><\/div><div class=\"product-summary\"><h2 class=\"woocommerce-loop-product__title\"><a href=\"https:\/\/maetpets.com\/sv\/produkt\/tandhala-i-horntand\/\" class=\"woocommerce-LoopProduct-link woocommerce-loop-product__link\">Tandborste f\u00f6r hund<\/a><\/h2>\n\t<span class=\"price\"><span class=\"woocommerce-Price-amount amount\"><bdi>49,00&nbsp;<span class=\"woocommerce-Price-currencySymbol\">kr.<\/span><\/bdi><\/span><\/span>\n<div class=\"buttons clearfix\"><a href=\"\/sv\/wp-json\/wp\/v2\/pages\/241402?add-to-cart=255149\" aria-describedby=\"woocommerce_loop_add_to_cart_link_describedby_255149\" data-quantity=\"1\" class=\"button product_type_simple add_to_cart_button ajax_add_to_cart woocommerce-loop-product__button\" data-product_id=\"255149\" data-product_sku=\"MAET906\" aria-label=\"L\u00e4gg till i varukorgen: \u201dTandborste f\u00f6r hund\u201d\" rel=\"nofollow\" data-success_message=\"&quot;Tandborste f\u00f6r hund&quot; har lagts till i din varukorg\" role=\"button\">L\u00e4gg till i varukorg<\/a>\t<span id=\"woocommerce_loop_add_to_cart_link_describedby_255149\" class=\"screen-reader-text\">\n\t\t\t<\/span>\n<\/div><\/div><\/div><\/li>\n<\/ul><\/div><\/div><\/div>\n\t\t\t<\/div>[\/vc_column][\/vc_row][vc_row full_width=&#8221;stretch_row&#8221; css=&#8221;.vc_custom_1652986591106{padding-top: 30px !important;padding-bottom: 30px !important;background-color: #193119 !important;}&#8221;][vc_column width=&#8221;1\/6&#8243;][\/vc_column][vc_column width=&#8221;4\/6&#8243;][vc_custom_heading text=&#8221;De b\u00e4sta hundtillbeh\u00f6ren&#8221; font_container=&#8221;tag:h2|font_size:50|text_align:center|color:%23ec5f43&#8243; use_theme_fonts=&#8221;yes&#8221;][vc_column_text]<\/p>\n<p><span style=\"color: #fff9f7;\">Vi har noga valt ut de b\u00e4sta hundtillbeh\u00f6ren och utrustningarna som vi och v\u00e5ra medlemmar tycker \u00e4r b\u00e4st. Du hittar hundutrustning av otroligt bra kvalitet, till otroligt rimliga priser, d\u00e4r alla kan delta.<\/span><\/p>\n<p><span style=\"color: #fff9f7;\">Vi har allt fr\u00e5n hundhalsband, hundselar, tr\u00e4ningsutrustning, valputrustning, hundsk\u00e5lar, hundkorgar, hundb\u00e4ddar, hundkl\u00e4der och mycket mer.<br \/><\/span><\/p>\n<p>[\/vc_column_text][\/vc_column][vc_column width=&#8221;1\/6&#8243;][\/vc_column][\/vc_row][vc_row full_width=&#8221;stretch_row_content_no_spaces&#8221; disable_element=&#8221;yes&#8221; css=&#8221;.vc_custom_1649590516254{padding-top: 60px !important;background-color: #fff9f7 !important;}&#8221;][vc_column offset=&#8221;vc_col-lg-offset-1 vc_col-lg-10&#8243;][vc_custom_heading text=&#8221;En hit bland hundarna&#8221; font_container=&#8221;tag:h2|text_align:center&#8221; use_theme_fonts=&#8221;yes&#8221;]<div class=\"konte-carousel konte-carousel--gap-40  konte-carousel--dots-center konte-carousel--arrows-center\" data-slick=\"{&quot;dots&quot;:true,&quot;arrows&quot;:true,&quot;infinite&quot;:true,&quot;slidesToShow&quot;:2,&quot;slidesToScroll&quot;:1}\" ><div class=\"konte-testimonial  \">\n\t\t\t\t<div class=\"konte-testimonial__photo\"><img decoding=\"async\" class=\"\" src=\"https:\/\/maetpets.com\/wp-content\/uploads\/alix-200x200.jpg\" width=\"200\" height=\"200\" alt=\"naturliga hundsnacks\" title=\"Alix\" loading=\"lazy\" \/><\/div>\n\t\t\t\t<div class=\"konte-testimonial__entry\">\n\t\t\t\t\t<div class=\"konte-testimonial__content\">&#8220;Jag tar med mig Chicken Bites p\u00e5 alla mina resor som en standard hundgodis. Varje enskild hund &#8211; liten, allergisk, stor, kr\u00e4sen &#8211; \u00e4lskar dem s\u00e5 mycket!&#8221;<\/div>\n\t\t\t\t\t<div class=\"konte-testimonial__author\"><span class=\"konte-testimonial__name\">Alexandra<\/span><span class=\"konte-testimonial__author-separator\">-<\/span><span class=\"konte-testimonial__company\">hundtr\u00e4nare i Alix &amp; the Pack<\/span><\/div>\n\t\t\t\t<\/div>\n\t\t\t<\/div><\/div>[\/vc_column][\/vc_row][vc_row full_width=&#8221;stretch_row&#8221; css=&#8221;.vc_custom_1649593276512{padding-top: 60px !important;padding-bottom: 30px !important;background-color: #fff9f7 !important;}&#8221;][vc_column width=&#8221;6\/12&#8243;][vc_single_image image=&#8221;241418&#8243; img_size=&#8221;full&#8221;][\/vc_column][vc_column width=&#8221;6\/12&#8243;][vc_column_text]<\/p>\n<h2>Hundp\u00e5sar<\/h2>\n<div class=\"category-details category-info page-content-row clearfix \">\n<p>Biologiskt nedbrytbara hundp\u00e5sar \u00e4r det milj\u00f6v\u00e4nliga valet. P\u00e5sarna s\u00f6nderdelas p\u00e5 m\u00e5nader inte \u00e5r<\/p>\n<p>&nbsp;<\/p>\n<\/div>\n<p>[\/vc_column_text][\/vc_column][vc_column]<div class=\"konte-product-grid konte-products  \"><div class=\"woocommerce columns-4 \"><ul class=\"products hover-slider columns-4\"><li class=\"product type-product post-241364 status-publish first instock product_cat-hundeposer product_cat-hundeudstyr product_tag-featured has-post-thumbnail sale taxable shipping-taxable purchasable product-type-simple\">\n\t<div class=\"product-inner\"><span class=\"woocommerce-badges woocommerce-badges--round\">\n\t<span class=\"onsale woocommerce-badge\"><span>10%<\/span><\/span>\n\t<\/span><div class=\"product-thumbnail product-thumbnails--slider\"><a href=\"https:\/\/maetpets.com\/produkt\/bionedbrydelige-hundeposer\/\" class=\"woocommerce-LoopProduct-link woocommerce-loop-product__link\"><img loading=\"lazy\" decoding=\"async\" width=\"680\" height=\"680\" src=\"https:\/\/maetpets.com\/wp-content\/uploads\/bionedbrydelige-hundeposer-sustainable-maet-pets-1-680x680.jpg\" class=\"attachment-woocommerce_thumbnail size-woocommerce_thumbnail\" alt=\"Bionedbrydelige Hundeposer\" srcset=\"https:\/\/maetpets.com\/wp-content\/uploads\/bionedbrydelige-hundeposer-sustainable-maet-pets-1-680x680.jpg 680w, https:\/\/maetpets.com\/wp-content\/uploads\/bionedbrydelige-hundeposer-sustainable-maet-pets-1-150x150.jpg 150w, https:\/\/maetpets.com\/wp-content\/uploads\/bionedbrydelige-hundeposer-sustainable-maet-pets-1-660x660.jpg 660w, https:\/\/maetpets.com\/wp-content\/uploads\/bionedbrydelige-hundeposer-sustainable-maet-pets-1-100x100.jpg 100w\" sizes=\"auto, (max-width: 680px) 100vw, 680px\" \/><\/a><a href=\"https:\/\/maetpets.com\/produkt\/bionedbrydelige-hundeposer\/\" class=\"woocommerce-LoopProduct-link woocommerce-loop-product__link\"><img data-lazy=\"https:\/\/maetpets.com\/wp-content\/uploads\/the-sustainable-people-bionedbrydelige-hundeposer-680x680.webp\" width=\"680\" height=\"680\" alt=\"Bionedbrydelige Hundeposer - 120 stk\" class=\"slick-loading\"><\/a><\/div><div class=\"product-summary\"><h2 class=\"woocommerce-loop-product__title\"><a href=\"https:\/\/maetpets.com\/produkt\/bionedbrydelige-hundeposer\/\" class=\"woocommerce-LoopProduct-link woocommerce-loop-product__link\">Bionedbrydelige Hundeposer &#8211; 120 stk<\/a><\/h2>\n\t<span class=\"price\"><ins><span class=\"woocommerce-Price-amount amount\"><bdi>89,00&nbsp;<span class=\"woocommerce-Price-currencySymbol\">kr.<\/span><\/bdi><\/span><\/ins> <del><span class=\"woocommerce-Price-amount amount\"><bdi>99,00&nbsp;<span class=\"woocommerce-Price-currencySymbol\">kr.<\/span><\/bdi><\/span><\/del><\/span>\n<div class=\"buttons clearfix\"><a href=\"\/sv\/wp-json\/wp\/v2\/pages\/241402?add-to-cart=241364\" aria-describedby=\"woocommerce_loop_add_to_cart_link_describedby_241364\" data-quantity=\"1\" class=\"button product_type_simple add_to_cart_button ajax_add_to_cart woocommerce-loop-product__button\" data-product_id=\"241364\" data-product_sku=\"TSP2061\" aria-label=\"L\u00e4gg till i varukorgen: \u201dBionedbrydelige Hundeposer - 120 stk\u201d\" rel=\"nofollow\" data-success_message=\"&quot;Bionedbrydelige Hundeposer - 120 stk&quot; har lagts till i din varukorg\" role=\"button\">L\u00e4gg till i varukorg<\/a>\t<span id=\"woocommerce_loop_add_to_cart_link_describedby_241364\" class=\"screen-reader-text\">\n\t\t\t<\/span>\n<\/div><\/div><\/div><\/li>\n<\/ul><\/div><\/div>[\/vc_column][\/vc_row][vc_row full_width=&#8221;stretch_row&#8221; css=&#8221;.vc_custom_1649593276512{padding-top: 60px !important;padding-bottom: 30px !important;background-color: #fff9f7 !important;}&#8221;][vc_column width=&#8221;6\/12&#8243;][vc_column_text]<\/p>\n<h2>Hundsk\u00e5lar (fler kommer snart)<\/h2>\n<div class=\"category-details category-info page-content-row clearfix \">\n<p>Vi h\u00e5ller p\u00e5 att testa en hel del hundsk\u00e5lar. Under tiden, \u00f6verv\u00e4g en <a href=\"https:\/\/maetpets.com\/sv\/produkt\/lickimat-tuff-kompis-lollipop-hund\/\"><span style=\"text-decoration: underline;\">slikkem\u00e5tte .<\/span><\/a><\/p>\n<p>&nbsp;<\/p>\n<\/div>\n<p>[\/vc_column_text][\/vc_column][vc_column width=&#8221;6\/12&#8243;][\/vc_column][vc_column]<div class=\"konte-product-grid konte-products  \"><div class=\"woocommerce columns-4 \"><ul class=\"products hover-slider columns-4\"><li class=\"product type-product post-236369 status-publish first instock product_cat-hundelegetoej product_cat-aktiv-fodring product_cat-hundeskaale product_cat-kattelegetoej product_cat-slikkemaatte product_tag-featured product_tag-lickimat product_tag-smaa-hunde product_tag-store-hunde has-post-thumbnail sale taxable shipping-taxable purchasable product-type-simple\">\n\t<div class=\"product-inner\"><span class=\"woocommerce-badges woocommerce-badges--round\">\n\t<span class=\"onsale woocommerce-badge\"><span>8%<\/span><\/span>\n\t<\/span><div class=\"product-thumbnail product-thumbnails--slider\"><a href=\"https:\/\/maetpets.com\/produkt\/lickimat-tuff-buddy-slikkemaatte-hund\/\" class=\"woocommerce-LoopProduct-link woocommerce-loop-product__link\"><img loading=\"lazy\" decoding=\"async\" width=\"570\" height=\"570\" src=\"https:\/\/maetpets.com\/wp-content\/uploads\/9349785000623LM9023GN-DRLickiMatTUFFBuddyDogGreen2021_570x570_crop_top.jpg.webp\" class=\"attachment-woocommerce_thumbnail size-woocommerce_thumbnail\" alt=\"Lickimat M\u00c6T Pets\" srcset=\"https:\/\/maetpets.com\/wp-content\/uploads\/9349785000623LM9023GN-DRLickiMatTUFFBuddyDogGreen2021_570x570_crop_top.jpg.webp 570w, https:\/\/maetpets.com\/wp-content\/uploads\/9349785000623LM9023GN-DRLickiMatTUFFBuddyDogGreen2021_570x570_crop_top.jpg-300x300.webp 300w, https:\/\/maetpets.com\/wp-content\/uploads\/9349785000623LM9023GN-DRLickiMatTUFFBuddyDogGreen2021_570x570_crop_top.jpg-150x150.webp 150w, https:\/\/maetpets.com\/wp-content\/uploads\/9349785000623LM9023GN-DRLickiMatTUFFBuddyDogGreen2021_570x570_crop_top.jpg-324x324.webp 324w\" sizes=\"auto, (max-width: 570px) 100vw, 570px\" \/><\/a><a href=\"https:\/\/maetpets.com\/produkt\/lickimat-tuff-buddy-slikkemaatte-hund\/\" class=\"woocommerce-LoopProduct-link woocommerce-loop-product__link\"><img data-lazy=\"https:\/\/maetpets.com\/wp-content\/uploads\/LickiMat-tuff-buddy-aktivitetsmaatte-hund-maetpets-2.webp\" width=\"570\" height=\"570\" alt=\"LickiMat Tuff Buddy Slikkem\u00e5tte\" class=\"slick-loading\"><\/a><a href=\"https:\/\/maetpets.com\/produkt\/lickimat-tuff-buddy-slikkemaatte-hund\/\" class=\"woocommerce-LoopProduct-link woocommerce-loop-product__link\"><img data-lazy=\"https:\/\/maetpets.com\/wp-content\/uploads\/LickiMat-tuff-buddy-aktivitetsmaatte-hund-maetpets-1.webp\" width=\"570\" height=\"570\" alt=\"LickiMat Tuff Buddy Slikkem\u00e5tte\" class=\"slick-loading\"><\/a><a href=\"https:\/\/maetpets.com\/produkt\/lickimat-tuff-buddy-slikkemaatte-hund\/\" class=\"woocommerce-LoopProduct-link woocommerce-loop-product__link\"><img data-lazy=\"https:\/\/maetpets.com\/wp-content\/uploads\/lickimat-tuff-buddy-slikkemaatte-hund.jpg\" width=\"600\" height=\"600\" alt=\"LickiMat Tuff Buddy Slikkem\u00e5tte\" class=\"slick-loading\"><\/a><\/div><div class=\"product-summary\"><h2 class=\"woocommerce-loop-product__title\"><a href=\"https:\/\/maetpets.com\/produkt\/lickimat-tuff-buddy-slikkemaatte-hund\/\" class=\"woocommerce-LoopProduct-link woocommerce-loop-product__link\">LickiMat Tuff Buddy Slikkem\u00e5tte<\/a><\/h2>\n\t<span class=\"price\"><ins><span class=\"woocommerce-Price-amount amount\"><bdi>119,95&nbsp;<span class=\"woocommerce-Price-currencySymbol\">kr.<\/span><\/bdi><\/span><\/ins> <del><span class=\"woocommerce-Price-amount amount\"><bdi>129,95&nbsp;<span class=\"woocommerce-Price-currencySymbol\">kr.<\/span><\/bdi><\/span><\/del><\/span>\n<div class=\"buttons clearfix\"><a href=\"\/sv\/wp-json\/wp\/v2\/pages\/241402?add-to-cart=236369\" aria-describedby=\"woocommerce_loop_add_to_cart_link_describedby_236369\" data-quantity=\"1\" class=\"button product_type_simple add_to_cart_button ajax_add_to_cart woocommerce-loop-product__button\" data-product_id=\"236369\" data-product_sku=\"KW12057\" aria-label=\"L\u00e4gg till i varukorgen: \u201dLickiMat Tuff Buddy Slikkem\u00e5tte\u201d\" rel=\"nofollow\" data-success_message=\"&quot;LickiMat Tuff Buddy Slikkem\u00e5tte&quot; har lagts till i din varukorg\" role=\"button\">L\u00e4gg till i varukorg<\/a>\t<span id=\"woocommerce_loop_add_to_cart_link_describedby_236369\" class=\"screen-reader-text\">\n\t\t\t<\/span>\n<\/div><\/div><\/div><\/li>\n<\/ul><\/div><\/div>[\/vc_column][\/vc_row][vc_row full_width=&#8221;stretch_row&#8221; css=&#8221;.vc_custom_1649593276512{padding-top: 60px !important;padding-bottom: 30px !important;background-color: #fff9f7 !important;}&#8221;][vc_column width=&#8221;6\/12&#8243;][vc_column_text]<\/p>\n<h2>Hundb\u00e4ddar (kommer snart)<\/h2>\n<div class=\"category-details category-info page-content-row clearfix \">\n<p>Vi testar f\u00f6r n\u00e4rvarande material f\u00f6r hundb\u00e4ddar<\/p>\n<p>&nbsp;<\/p>\n<\/div>\n<p>[\/vc_column_text][\/vc_column][vc_column width=&#8221;6\/12&#8243;][\/vc_column][vc_column]<div class=\"konte-product-grid konte-products  \"><div class=\"woocommerce columns-4 \"><\/div><\/div>[\/vc_column][\/vc_row][vc_row][vc_column width=&#8221;2\/12&#8243;][\/vc_column][vc_column width=&#8221;8\/12&#8243;][vc_column_text]<\/p>\n<\/p>\r\n&#13;\n<h2 class=\"wp-block-heading\">Hundtillbeh\u00f6r f\u00f6r alla typer av hundar<\/h2>&#13;\n<p><\/p>\r\n\r\nHos os finder du hundeudstyr til alle hunderacer, st\u00f8rrelser og aldre. Lige meget om du har en hvalp, en gammel senior, ung krudt ugle, stor, mellem eller lille hund. Vi har altid et bredt udvalg af hundeudstyr, der passer lige netop din hund. Faktisk har vi noget til hele din hunds liv. Vi har lige udstyr og tilbeh\u00f8r til hvalpe, til unghunde, til voksne hunde og til senior hunde.&#13;\n<p><\/p>\u00a0<\/p>\r\n&#13;\n<h2 class=\"wp-block-heading\">F\u00e5 din hundutrustning och hundtillbeh\u00f6r levererade direkt till din d\u00f6rr<\/h2>&#13;\n<p><\/p>\r\n\r\nS\u00e5 bliver det ikke nemmere. Er du ikke hjemme ved leveringen, s\u00e5 kan du v\u00e6lge blot at f\u00e5 pakken stillet p\u00e5 din adresse. Foretr\u00e6kker du selv at hente det i din n\u00e6rmeste postbutik, s\u00e5 er dette ogs\u00e5 en mulighed da den leveres der, hvis du ikke er hjemme p\u00e5 leveringstidspunktet.&#13;\n<p><\/p>[\/vc_column_text][\/vc_column][vc_column width=&#8221;2\/12&#8243;][\/vc_column][\/vc_row]<\/p><\/div>","protected":false},"excerpt":{"rendered":"<p>[vc_row css=&#8221;.vc_custom_1649594625903{padding-top: 60px !important;padding-bottom: 30px !important;}&#8221;][vc_column][\/vc_column][\/vc_row][vc_row full_width=&#8221;stretch_row&#8221; css=&#8221;.vc_custom_1652986591106{padding-top: 30px !important;padding-bottom: 30px !important;background-color: #193119 !important;}&#8221;][vc_column width=&#8221;1\/6&#8243;][\/vc_column][vc_column width=&#8221;4\/6&#8243;][vc_custom_heading text=&#8221;De b\u00e4sta hundtillbeh\u00f6ren&#8221; font_container=&#8221;tag:h2|font_size:50|text_align:center|color:%23ec5f43&#8243; use_theme_fonts=&#8221;yes&#8221;][vc_column_text] Vi har noga valt ut de b\u00e4sta hundtillbeh\u00f6ren och&hellip;<\/p>\n","protected":false},"author":1,"featured_media":239504,"parent":0,"menu_order":0,"comment_status":"closed","ping_status":"closed","template":"","meta":{"inline_featured_image":false,"footnotes":""},"class_list":["post-241402","page","type-page","status-publish","has-post-thumbnail","hentry"],"_links":{"self":[{"href":"https:\/\/maetpets.com\/sv\/wp-json\/wp\/v2\/pages\/241402","targetHints":{"allow":["GET"]}}],"collection":[{"href":"https:\/\/maetpets.com\/sv\/wp-json\/wp\/v2\/pages"}],"about":[{"href":"https:\/\/maetpets.com\/sv\/wp-json\/wp\/v2\/types\/page"}],"author":[{"embeddable":true,"href":"https:\/\/maetpets.com\/sv\/wp-json\/wp\/v2\/users\/1"}],"replies":[{"embeddable":true,"href":"https:\/\/maetpets.com\/sv\/wp-json\/wp\/v2\/comments?post=241402"}],"version-history":[{"count":0,"href":"https:\/\/maetpets.com\/sv\/wp-json\/wp\/v2\/pages\/241402\/revisions"}],"wp:featuredmedia":[{"embeddable":true,"href":"https:\/\/maetpets.com\/sv\/wp-json\/wp\/v2\/media\/239504"}],"wp:attachment":[{"href":"https:\/\/maetpets.com\/sv\/wp-json\/wp\/v2\/media?parent=241402"}],"curies":[{"name":"wp","href":"https:\/\/api.w.org\/{rel}","templated":true}]}}