{"id":240102,"date":"2022-04-27T20:57:25","date_gmt":"2022-04-27T18:57:25","guid":{"rendered":"https:\/\/maetpets.com\/handels-och-leveransvillkor\/"},"modified":"2023-08-30T19:15:04","modified_gmt":"2023-08-30T17:15:04","slug":"villkor","status":"publish","type":"page","link":"https:\/\/maetpets.com\/sv\/villkor\/","title":{"rendered":"Handels- och leveransvillkor"},"content":{"rendered":"\n<h2 class=\"wp-block-heading\">Betalning<\/h2>\n\n<p>M\u00c6T Pets ApS tar emot betalning med Dankort \/ VISA-Dankort, VISA, VISA Electron, Mastercard och JCB. Betalning dras omedelbart men kan \u00e5terbetalas vid felbest\u00e4llning.<\/p>\n\n<p>Alla belopp \u00e4r i danska kronor och \u00e4r inkl. MOMS.<\/p>\n\n<p>M\u00c6T Pets anv\u00e4nder en godk\u00e4nd betalningsserver som krypterar all din kortinformation med SSL (Secure Socket Layer) protokoll. Det betyder att du inte kan l\u00e4sa din information.<\/p>\n\n<h3 class=\"wp-block-heading\">Allm\u00e4n information<\/h3>\n\n<p><strong>MEET Pets ApS<\/strong><br\/>CVR-NR. 41314575<br\/><br\/>Vesterbrogade 26<br\/>1620 K\u00f6penhamn<br\/><a href=\"tel:+4589805155\">+45 8980 5155<\/a><br\/><a href=\"mailto:wuf@maetpets.com\">wuf@maetpets.com<\/a><br\/><\/p>\n\n<h3 class=\"wp-block-heading\">Priser<\/h3>\n\n<p>Alla priser som anges p\u00e5 M\u00c6T Pets inkluderar moms och skatter. Alla priser \u00e4r dagspriser. <\/p>\n\n<h2 class=\"wp-block-heading\">Fraktpriser<\/h2>\n\n<p>Fraktkostnaden \u00e4r 75 kr, vilket inkluderar s\u00e4ker transport av livsmedel med sp\u00e5rning och en l\u00e5da med kylelement.<\/p>\n\n<p>Gratis leverans \u00e4r tillg\u00e4nglig f\u00f6r k\u00f6p \u00f6ver 917 kr . <\/p>\n\n<h2 class=\"wp-block-heading\">Leverans<\/h2>\n\n<p>Vi levererar \u00f6verallt i Danmark, f\u00f6rutom \u00f6ar som inte \u00e4r \u00f6verbryggade.<\/p>\n\n<p>Vi levererar p\u00e5 onsdagar mellan kl 15:00 &#8211; 22:00. <\/p>\n\n<p>Alla inkommande best\u00e4llningar f\u00f6re onsdag kl 17.00, levereras p\u00e5 m\u00e5ndag. Best\u00e4llningar efter onsdag kl 17.00 levereras f\u00f6ljande m\u00e5ndag.<\/p>\n\n<p>Har du speciella \u00f6nskem\u00e5l ang\u00e5ende din best\u00e4llning \u00e4r det bara att notera det i kommentarsf\u00e4ltet.<\/p>\n\n<p>Varuleverans fr\u00e5n M\u00c6T Pets anses avslutad n\u00e4r du som kund tagit emot varan. Vi placerar dina varor p\u00e5 \u00f6nskad plats s\u00e5 l\u00e5ngt det \u00e4r m\u00f6jligt.<\/p>\n\n<p><\/p>\n\n<h2 class=\"wp-block-heading\">Mottagande<\/h2>\n\n<p>Du beh\u00f6ver inte vara hemma, notera bara var du vill att paketet ska placeras i f\u00e4ltet &#8220;anteckningar&#8221;, t.ex. carport, terrass, cykelf\u00f6rr\u00e5d. Kom ih\u00e5g att f\u00f6raren m\u00e5ste ha tillg\u00e5ng till den valda platsen!  <\/p>\n\n<p>F\u00f6raren tar inte tillbaka paket.  <\/p>\n\n<p>Ansvaret f\u00f6r paketet och dess inneh\u00e5ll \u00f6verg\u00e5r till dig n\u00e4r f\u00f6raren har levererat paketet till din adress. Du f\u00e5r ett textmeddelande om paketet har levererats till din adress.<\/p>\n\n<p>Om du har best\u00e4llt v\u00e5r f\u00e4rska hundmat ska du komma ih\u00e5g att kyla den s\u00e5 snart som m\u00f6jligt.<\/p>\n\n<h2 class=\"wp-block-heading\">Klagor\u00e4tt<\/h2>\n\n<p>Vi vill alltid h\u00f6ra av dig om det \u00e4r n\u00e5got du \u00e4r missn\u00f6jd med eller som du tror att vi kan g\u00f6ra b\u00e4ttre. Om du har n\u00e5gra klagom\u00e5l p\u00e5 din leverans, v\u00e4nligen kontakta oss p\u00e5 +45 8980 5155 eller <a href=\"mailto:wuf@maetpets.com\">\n  <span style=\"text-decoration: underline;\">wuf@maetpets.com<\/span>\n<\/a>. Reklamation ska g\u00f6ras s\u00e5 snart som m\u00f6jligt efter mottagande\/\u00f6ppning av f\u00f6rpackningen med bilddokumentation av inneh\u00e5llet. Detta g\u00e4ller b\u00e5de i f\u00f6rh\u00e5llande till paketets leverans och paketets inneh\u00e5ll. P\u00e5 s\u00e5 s\u00e4tt kan vi svara direkt och ge dig en b\u00e4ttre service.<\/p>\n\n<p>Reklamationen g\u00e4ller inte fel eller skador som beg\u00e5tts av felaktig anv\u00e4ndning av produkten\/tj\u00e4nsten.<\/p>\n\n<p>M\u00c6T Pets kommer att t\u00e4cka returkostnaderna i rimlig omfattning.<\/p>\n\n<p>Vid \u00e5terkomst<br\/>Kontakta My Pets via e-post. Paket som skickas mot postf\u00f6rskott accepteras inte.<\/p>\n\n<p><strong>\u00c5terbetalning<\/strong><br\/>Om en \u00e5terbetalning har avtalats, v\u00e4nligen skicka dina bankuppgifter s\u00e5 att vi kan \u00f6verf\u00f6ra det \u00f6verenskomna beloppet.<\/p>\n\n<p><strong>\u00c5ngerr\u00e4tt<\/strong><br\/>D\u00e5 M\u00c6T Pets levererar mat finns ingen \u00e5ngerr\u00e4tt enligt konsumentavtalslagen 17 \u00a7 mom. 2, nr 1.<\/p>\n\n<p><\/p>\n\n<p><strong>Klagom\u00e5l &#8211; \u00f6versikt och l\u00e4nkar:<\/strong><br\/>Om du har ett klagom\u00e5l p\u00e5 en produkt k\u00f6pt i v\u00e5r Webshop kan ett klagom\u00e5l skickas till:<\/p>\n\n<p>Centrum f\u00f6r klagom\u00e5lsl\u00f6sning<br\/>Styrelsens hus, Toldboden 2<br\/>8800 Viborg<\/p>\n\n<p>Du kan klaga till Center for Complaint Resolution via Klagom\u00e5lsportalen f\u00f6r n\u00e4mndernas hus: <a href=\"https:\/\/kpo.naevneneshus.dk\/\" target=\"_blank\" rel=\"noreferrer noopener\">https:\/\/kpo.naevneneshus.dk\/<\/a><\/p>\n\n<p>Om du \u00e4r en konsument som bor i ett annat EU-land kan du ange ditt klagom\u00e5l i EU-kommissionens onlineklagom\u00e5lsplattform.<\/p>\n\n<p>Plattformen finns h\u00e4r: <a class=\"rank-math-link\" rel=\"noreferrer noopener\" href=\"http:\/\/ec.europa.eu\/odr\" target=\"_blank\">http:\/\/ec.europa.eu\/odr<\/a><br\/>Om du l\u00e4mnar in ett klagom\u00e5l h\u00e4r, v\u00e4nligen ange v\u00e5r e-postadress: <a class=\"rank-math-link\" href=\"mailto:wuf@maetpets.com\">wuf@maetpets.com<\/a><\/p>\n\n<h2 class=\"wp-block-heading\">Prenumerationsavtal<\/h2>\n\n<p>Vid ing\u00e5ende av abonnemangsavtal \u2013 t.ex. medlemskap och andra l\u00f6pande tj\u00e4nster &#8211; kunden godk\u00e4nner att M\u00c6T Pets har r\u00e4tt att l\u00f6pande utf\u00f6ra transaktioner p\u00e5 kundens betalkort i enlighet med de produkter som kunden best\u00e4llt.<\/p>\n\n<p>Kunden ger M\u00c6T Pets till\u00e5telse att genomf\u00f6ra en betalningstransaktion f\u00f6r varje betalningsperiod (varje vecka, varannan eller var fj\u00e4rde vecka) s\u00e5 l\u00e4nge som abonnemanget l\u00f6per. Beloppet kommer att dras av p\u00e5 avs\u00e4ndningsdagen antingen varje vecka, varannan eller var fj\u00e4rde vecka, beroende p\u00e5 om kunden \u00f6nskar leverans varje vecka, varannan eller var fj\u00e4rde vecka. Vid abonnemangsavtal har M\u00c6T Pets endast r\u00e4tt att genomf\u00f6ra betalningstransaktioner p\u00e5 abonnemangsbeloppet f\u00f6r kommande abonnemangsperiod. <\/p>\n\n<p>Det \u00e4r m\u00f6jligt f\u00f6r kunden att \u00e4ndra abonnemangssammans\u00e4ttningen och beloppet kommer d\u00e4rmed att f\u00f6r\u00e4ndras i f\u00f6rh\u00e5llande till vad som \u00f6nskas. M\u00c6T Pets har r\u00e4tt att genomf\u00f6ra betalningstransaktioner i f\u00f6rh\u00e5llande till ev byte av abonnemang. Efter varje genomf\u00f6rd betalningstransaktion skickas ett kvitto till den e-postadress som anges vid start\/k\u00f6p av prenumeration. <\/p>\n\n<p>N\u00e4r kunden skapar sitt abonnemang f\u00f6rsta g\u00e5ngen kan den f\u00f6rsta best\u00e4llningen se ut att vara 0 pund. Detta \u00e4r dock en tillf\u00e4llig &#8220;platsh\u00e5llarbest\u00e4llning&#8221; eftersom M\u00c6T Pets system automatiskt skapar alla prenumerationsbest\u00e4llningar p\u00e5 s\u00f6ndagar. Det korrekta beloppet f\u00f6r prenumerationen kommer d\u00e4rf\u00f6r att reserveras p\u00e5 s\u00f6ndag.<\/p>\n\n<p>Ing\u00e5ngna abonnemangsavtal g\u00e4ller tills de s\u00e4gs upp av M\u00c6T Pets eller kunden. Upps\u00e4gning kan ske n\u00e4r som helst.<\/p>\n\n<p>Upps\u00e4gning av abonnemang, f\u00f6rnyelse och radering av kortuppgifter kan g\u00f6ras genom att skicka ett e-postmeddelande till M\u00c6T Pets p\u00e5 f\u00f6ljande adress <span style=\"text-decoration: underline;\">\n  <a href=\"mailto:wuf@maetpets.com\">wuf@maetpets.com<\/a>\n<\/span>. N\u00e4r kortet l\u00f6per ut skickas automatiskt ett e-postmeddelande till kunden med en p\u00e5minnelse om att kortet m\u00e5ste f\u00f6rnyas.  <\/p>\n\n<p>F\u00f6rskottsbetalning \u00e4r ej \u00e5terbetalningsbar av M\u00c6T Pets.<\/p>\n","protected":false},"excerpt":{"rendered":"<p>Betalning M\u00c6T Pets ApS tar emot betalning med Dankort \/ VISA-Dankort, VISA, VISA Electron, Mastercard och JCB. Betalning dras omedelbart men kan \u00e5terbetalas vid felbest\u00e4llning. Alla belopp \u00e4r i danska&hellip;<\/p>\n","protected":false},"author":1,"featured_media":0,"parent":0,"menu_order":0,"comment_status":"closed","ping_status":"closed","template":"","meta":{"inline_featured_image":false,"footnotes":""},"class_list":["post-240102","page","type-page","status-publish","hentry"],"_links":{"self":[{"href":"https:\/\/maetpets.com\/sv\/wp-json\/wp\/v2\/pages\/240102","targetHints":{"allow":["GET"]}}],"collection":[{"href":"https:\/\/maetpets.com\/sv\/wp-json\/wp\/v2\/pages"}],"about":[{"href":"https:\/\/maetpets.com\/sv\/wp-json\/wp\/v2\/types\/page"}],"author":[{"embeddable":true,"href":"https:\/\/maetpets.com\/sv\/wp-json\/wp\/v2\/users\/1"}],"replies":[{"embeddable":true,"href":"https:\/\/maetpets.com\/sv\/wp-json\/wp\/v2\/comments?post=240102"}],"version-history":[{"count":0,"href":"https:\/\/maetpets.com\/sv\/wp-json\/wp\/v2\/pages\/240102\/revisions"}],"wp:attachment":[{"href":"https:\/\/maetpets.com\/sv\/wp-json\/wp\/v2\/media?parent=240102"}],"curies":[{"name":"wp","href":"https:\/\/api.w.org\/{rel}","templated":true}]}}