{"id":239944,"date":"2021-01-15T14:33:10","date_gmt":"2021-01-15T13:33:10","guid":{"rendered":"https:\/\/maetpets.com\/hur-man-kommer-igaang-med-faersk-hundmat\/"},"modified":"2023-08-30T19:15:07","modified_gmt":"2023-08-30T17:15:07","slug":"sv-hur-man-kommer-igaang-med-faersk-hundmat","status":"publish","type":"page","link":"https:\/\/maetpets.com\/sv\/sv-hur-man-kommer-igaang-med-faersk-hundmat\/","title":{"rendered":"Hur man kommer ig\u00e5ng med f\u00e4rsk hundmat"},"content":{"rendered":"<div class=\"wpb-content-wrapper\"><p>[vc_row full_width=&#8221;stretch_row&#8221; css=&#8221;.vc_custom_1610713193456{padding-top: 60px !important;padding-bottom: 60px !important;background-color: #fff9f7 !important;}&#8221;][vc_column width=&#8221;1\/6&#8243;][\/vc_column][vc_column width=&#8221;4\/6&#8243;][vc_column_text]<\/p>\n<p><span style=\"font-weight: 400; color: #2b1910;\">Man kan servera f\u00e4rsk hundmat till sin hund p\u00e5 m\u00e5nga s\u00e4tt; som helfoder eller som h\u00e4lsosamt tillskott. Vid full utfodring, ge din hund den dagliga rekommenderade dosen, och om du anv\u00e4nder M\u00c6T som tillskott kan det f\u00e4rska fodret ges som ett h\u00e4lsosamt mellanm\u00e5l, en l\u00e4cker goding eller till och med en goding p\u00e5 promenaden.<\/span><\/p>\n<p>[\/vc_column_text][vc_column_text]<\/p>\n<h2><span style=\"font-weight: 400;\">Recept av en hunddietist<\/span><\/h2>\n<p><span style=\"font-weight: 400;\">V\u00e5r f\u00e4rska hundmat kan avnjutas av alla hundar. Den \u00e4r gjord av en duktig hundnutritionist som har tagit fram recepten utifr\u00e5n vad en hunds dagliga n\u00e4ringsbehov \u00e4r. Det ska vara enkelt att mata din hund med f\u00e4rsk och h\u00e4lsosam hundmat. <\/span><\/p>\n<p>[\/vc_column_text][vc_column_text]<\/p>\n<p>\n<p>[\/vc_column_text][\/vc_column][vc_column width=&#8221;1\/6&#8243;][\/vc_column][\/vc_row][vc_row full_width=&#8221;stretch_row&#8221; css=&#8221;.vc_custom_1610713877855{padding-top: 60px !important;padding-bottom: 60px !important;background-color: #0b2945 !important;}&#8221;][vc_column width=&#8221;1\/6&#8243;][\/vc_column][vc_column width=&#8221;4\/6&#8243;][vc_custom_heading text=&#8221;F\u00e4rskfoder \u00e4r b\u00e4st \u2013 \u00e4ven f\u00f6r hundar&#8221; font_container=&#8221;tag:h2|text_align:left|color:%23d54966&#8243; use_theme_fonts=&#8221;yes&#8221; css=&#8221;.vc_custom_1610714042289{padding-bottom: 30px !important;}&#8221;][vc_column_text]<\/p>\n<ul>\n<li><span style=\"font-weight: 400; color: #fff9f7;\">Alla recept inneh\u00e5ller f\u00e4rskt k\u00f6tt och nyttiga gr\u00f6nsaker fyllda med vitaminer, mineraler och fibrer.<\/span><\/li>\n<li><span style=\"font-weight: 400; color: #fff9f7;\">Det finns inga konserveringsmedel eller tillsatser i v\u00e5rt f\u00e4rska hundfoder.<\/span><\/li>\n<li><span style=\"font-weight: 400; color: #fff9f7;\">Upptaget av M\u00c6T kompletta m\u00e5ltider \u00e4r s\u00e5 h\u00f6gt som 86 %<\/span><\/li>\n<li><span style=\"font-weight: 400; color: #fff9f7;\">Vattenhalten \u00e4r 56% och har d\u00e4rf\u00f6r en naturlig v\u00e4tskebalans.<\/span><\/li>\n<li><span style=\"font-weight: 400; color: #fff9f7;\">De f\u00e4rska m\u00e5ltiderna b\u00f6r f\u00f6rvaras i kyl eftersom maten \u00e4r f\u00e4rsk.<\/span><\/li>\n<li><span style=\"font-weight: 400; color: #fff9f7;\">H\u00e5llbarheten f\u00f6r f\u00e4rsk hundmat \u00e4r 3 m\u00e5nader o\u00f6ppnad och 3-4 dagar \u00f6ppnad i kyl<\/span><\/li>\n<li><span style=\"font-weight: 400; color: #fff9f7;\">M\u00c6T :s Risottorecept inneh\u00e5ller ris, vilket \u00e4r s\u00e4rskilt bra f\u00f6r magen<\/span><\/li>\n<li><span style=\"font-weight: 400; color: #fff9f7;\">M\u00c6T Deli-recept inneh\u00e5ller 80% k\u00f6tt och \u00e4r speciellt bra f\u00f6r de hundar som beh\u00f6ver mycket protein och som beh\u00f6ver ta hand om sin vikt.<\/span><\/li>\n<\/ul>\n<p>[\/vc_column_text][\/vc_column][vc_column width=&#8221;1\/6&#8243;][\/vc_column][\/vc_row][vc_row full_width=&#8221;stretch_row&#8221; css=&#8221;.vc_custom_1610716895378{padding-top: 30px !important;background-color: #fff9f7 !important;}&#8221; el_id=&#8221;Start&#8221;][vc_column width=&#8221;1\/6&#8243;][\/vc_column][vc_column width=&#8221;4\/6&#8243;][vc_column_text]<\/p>\n<h2><span style=\"font-weight: 400; color: #2b1910;\">Hur b\u00f6rjar jag med M\u00c6T ?<\/span><\/h2>\n<p><span style=\"font-weight: 400; color: #2b1910;\">Det finns ingen anledning att oroa sig eller f\u00f6rvirra. M\u00c6T kompletta m\u00e5ltider tar du direkt fr\u00e5n kylen och serverar till din hund. Det \u00e4r l\u00e4tt! V\u00e5ra recept inneh\u00e5ller f\u00e4rskt k\u00f6tt, gr\u00f6nsaker &#8211; och v\u00e5rt Risottorecept har ris tillsatt f\u00f6r de hundar som beh\u00f6ver hj\u00e4lp med att h\u00e5lla koll p\u00e5 magen eller f\u00f6r den aktiva valpen som beh\u00f6ver extra energi.<\/span><\/p>\n<h3><span style=\"font-weight: 400; color: #2b1910;\">Startinstruktioner f\u00f6r helmatning<\/span><\/h3>\n<p><span style=\"font-weight: 400; color: #2b1910;\">N\u00e4r du beh\u00f6ver s\u00e4tta ig\u00e5ng din hund med helmatning av M\u00c6T f\u00e4rska och kompletta m\u00e5ltider rekommenderar vi ofta att du b\u00f6rjar lugnt med bytet. Vissa hundar kan reagera v\u00e5ldsamt med d\u00e5lig mage om man b\u00f6rjar abrupt, medan andra hundar inte m\u00e4rker n\u00e5gon skillnad. Om du vill b\u00f6rja lugnt kan du bara ge din hund 10 % av den rekommenderade dagliga dosen och kombinera den med 90 % av sin normala mat.<\/span><\/p>\n<p><span style=\"font-weight: 400; color: #2b1910;\">Vissa hundar beh\u00f6ver en vecka eller tv\u00e5 f\u00f6r att gradvis \u00f6verg\u00e5 till komplett utfodring med M\u00c6T , medan andra kan g\u00f6ra det p\u00e5 n\u00e5gra dagar.<\/span><\/p>\n<p>[\/vc_column_text][\/vc_column][vc_column width=&#8221;1\/6&#8243;][\/vc_column][\/vc_row][vc_row full_width=&#8221;stretch_row&#8221; css=&#8221;.vc_custom_1610717354011{padding-top: 30px !important;background-color: #fff9f7 !important;}&#8221; el_id=&#8221;hur mycket&#8221;][vc_column width=&#8221;1\/6&#8243;][\/vc_column][vc_column width=&#8221;4\/6&#8243;][vc_column_text]<\/p>\n<h2>Hur mycket mat ska en hund ha?<\/h2>\n<p>En vuxen hund som \u00e4r fullmatad med M\u00c6T ska ha ca. 2,5-3% av sin kroppsvikt i f\u00e4rsk hundmat dagligen. Om du ger din hund v\u00e5rt Risotto-recept \u00e4r den rekommenderade dagliga dosen cirka 2,5 % och med v\u00e5rt Deli-recept 3 % av hundens kroppsvikt.<\/p>\n<p>Alla hundar \u00e4r dock olika och kan ha olika behov beroende p\u00e5 \u00e5lder, aktivitetsniv\u00e5 och \u00e4mnesoms\u00e4ttning, s\u00e5 som hund\u00e4gare m\u00e5ste du vara medveten om din hunds h\u00e4lsa.<\/p>\n<p>[\/vc_column_text][vc_column_text]<\/p>\n<h3><span style=\"font-weight: 400;\">Hundras<\/span><\/h3>\n<p><span style=\"font-weight: 400;\">Hundar kan vara v\u00e4ldigt olika och har d\u00e4rf\u00f6r ocks\u00e5 olika behov n\u00e4r det kommer till mat. En liten hundras beh\u00f6ver till exempel inte lika mycket mat som en stor hundras. Man m\u00e5ste ocks\u00e5 t\u00e4nka p\u00e5 att sm\u00e5 hundar har h\u00f6gre \u00e4mnesoms\u00e4ttning \u00e4n stora hundar, s\u00e5 de beh\u00f6ver fler kalorier per portion. kg \u00e4n st\u00f6rre hundar.<\/span><\/p>\n<h3><span style=\"font-weight: 400;\">Din hunds energiniv\u00e5<\/span><\/h3>\n<p><span style=\"font-weight: 400;\">Man kan ta tv\u00e5 olika hundraser som v\u00e4ger lika och de kan ha v\u00e4ldigt olika matbehov p\u00e5 grund av sin energiniv\u00e5. Aktiva hundar beh\u00f6ver allts\u00e5 en diet som inneh\u00e5ller mer fett \u00e4n andra hundar. D\u00e4rf\u00f6r m\u00e5ste du som hund\u00e4gare vara medveten om vilken hundras du har, dess energiniv\u00e5 och dess livsstil.<\/span><\/p>\n<h3><span style=\"font-weight: 400;\">Utfodring av valpar och \u00e4ldre hundar<\/span><\/h3>\n<p><span style=\"font-weight: 400;\">Valpar \u00e4r v\u00e4ldigt aktiva och f\u00f6rbr\u00e4nner d\u00e4rf\u00f6r ocks\u00e5 snabbt de kalorier de f\u00e5r i sig under en dag. Dessutom v\u00e4xer valpar snabbt och beh\u00f6ver en balanserad kost rik p\u00e5 allt det n\u00f6dv\u00e4ndigaste, som t.ex. proteiner, fetter och vissa vitaminer och mineraler. <\/span><span style=\"font-weight: 400;\">Valpar beh\u00f6ver extra kalcium och fosfor f\u00f6r sina v\u00e4xande ben. Det g\u00e5r d\u00e4rf\u00f6r bra att komplettera med A38 eller ymer. Du kan ocks\u00e5 k\u00f6pa best\u00e4mt valpmat som tillskott.<\/span><\/p>\n<p><span style=\"text-decoration: underline;\"><strong><a href=\"https:\/\/maetpets.com\/sv\/hur-mycket-mat-ska-en-valp-ha\/\">Du kan l\u00e4sa mer om valpmatning h\u00e4r.<\/a><\/strong><\/span><\/p>\n<p><span style=\"font-weight: 400;\">En vuxen hund beh\u00f6ver f\u00f6rst\u00e5s ocks\u00e5 en varierad och balanserad kost f\u00f6r att uppn\u00e5 ett h\u00e4lsosamt och aktivt liv, medan en \u00e4ldre hund som inte \u00e4r lika aktiv beh\u00f6ver mindre mat och ett l\u00e4gre fettintag f\u00f6r att h\u00e5lla vikten. <\/span><\/p>\n<p><span style=\"font-weight: 400;\">N\u00e4r hundar blir \u00e4ldre \u00e4r de mer ben\u00e4gna att drabbas av vissa sjukdomar, precis som vi m\u00e4nniskor. Dessa sjukdomar kan t.ex. vara njursjukdomar eller urinv\u00e4gsinfektioner och som hund\u00e4gare m\u00e5ste du vara medveten om f\u00f6r\u00e4ndringar i din hunds beteende och f\u00f6rm\u00e5ga. <\/span><span style=\"font-weight: 400;\">Se till att ge ett extra tillskott av oljor, som omega3 vid eventuella leder och p\u00e4lsproblem.<\/span><\/p>\n<h2><span style=\"font-weight: 400;\">Ska jag l\u00e4gga till n\u00e5got till M\u00c6T ?<\/span><\/h2>\n<p><span style=\"font-weight: 400;\">M\u00c6T \u00e4r ett helfoder f\u00f6r alla hundar oavsett ras, k\u00f6n, \u00e5lder eller aktivitetsniv\u00e5, men om du har en v\u00e4xande valp, kom ih\u00e5g att tills\u00e4tta lite extra kalcium och fosfor i form av A38 eller ymer. Har du d\u00e4remot en seniorhund, kom ih\u00e5g att vara uppm\u00e4rksam p\u00e5 att ge ett extra tillskott av oljor vid eventuella leder och p\u00e4lsproblem.<\/span><\/p>\n<p>[\/vc_column_text][\/vc_column][vc_column width=&#8221;1\/6&#8243;][\/vc_column][\/vc_row][vc_row full_width=&#8221;stretch_row&#8221; css=&#8221;.vc_custom_1610718252190{padding-top: 60px !important;background-color: #0b2945 !important;}&#8221; el_id=&#8221;petig&#8221;][vc_column width=&#8221;7\/12&#8243;][vc_single_image image=&#8221;234949&#8243; img_size=&#8221;full&#8221; style=&#8221;vc_box_circle&#8221;][\/vc_column][vc_column width=&#8221;5\/12&#8243;][vc_custom_heading text=&#8221;Hur \u00e4r det med min superkr\u00e4sna hund?&#8221; font_container=&#8221;tag:h2|text_align:left|color:%23d54966&#8243; use_theme_fonts=&#8221;yes&#8221; css=&#8221;.vc_custom_1644482606285{padding-bottom: 30px !important;}&#8221;][vc_column_text]<\/p>\n<p><span style=\"font-weight: 400; color: #fff9f7;\">Vi p\u00e5 M\u00c6T l\u00e5ng erfarenhet av kr\u00e4sna hundar. De \u00e4r kr\u00e4sna, \u00e4nda tills de provar v\u00e5r f\u00e4rska hundmat. Anledningen till detta m\u00e5ste vara att vi anv\u00e4nder f\u00e4rska r\u00e5varor och h\u00e4lsosamma r\u00e5varor som doftar otroligt gott i hundarnas nos och smakar fantastiskt och matsk\u00e5len t\u00f6ms d\u00e4rf\u00f6r p\u00e5 rekordtid. <\/span><\/p>\n<p><span style=\"font-weight: 400; color: #fff9f7;\">Du kan ev skjut upp m\u00e5ltiden innan du l\u00e4gger till M\u00c6T f\u00f6r att s\u00e4kerst\u00e4lla att din hund \u00e4r extra hungrig och har god aptit n\u00e4r den testar f\u00e4rsk hundmat f\u00f6r f\u00f6rsta g\u00e5ngen.<\/span><\/p>\n<p>[\/vc_column_text][\/vc_column][\/vc_row][vc_row full_width=&#8221;stretch_row&#8221; full_height=&#8221;yes&#8221; css=&#8221;.vc_custom_1610717360784{background-color: #fff9f7 !important;}&#8221;][vc_column width=&#8221;5\/12&#8243;][vc_column_text]<\/p>\n<div id=\"rank-math-faq\" class=\"rank-math-block\">\n<div class=\"rank-math-list \">\n<div id=\"faq-question-1610918215418\" class=\"rank-math-list-item\">\n<h2 class=\"rank-math-question \">Hur m\u00e5nga g\u00e5nger ska en hund ha mat?<\/h2>\n<div class=\"rank-math-answer \">\n\n<p>Det rekommenderas att du matar din vuxna hund tv\u00e5 g\u00e5nger dagligen, morgon och kv\u00e4ll. Anledningen till detta \u00e4r att n\u00e4ringen f\u00f6rdelas j\u00e4mnare och det \u00e4r b\u00e4st f\u00f6r hundens matsm\u00e4ltning att matas tv\u00e5 g\u00e5nger om dagen \u00e4n en g\u00e5ng om dagen. <\/p>\n\n<\/div>\n<\/div>\n<\/div>\n<\/div>\n<p>[\/vc_column_text][vc_column_text]<\/p>\n<div id=\"rank-math-faq\" class=\"rank-math-block\">\n<div class=\"rank-math-list \">\n<div id=\"faq-question-1610918406223\" class=\"rank-math-list-item\">\n<h3 class=\"rank-math-question \">hur m\u00e5nga m\u00e5ltider ska en hund \u00e4ta?<\/h3>\n<div class=\"rank-math-answer \">\n\n<p>Se dessutom till att din hund f\u00e5r mat vid ungef\u00e4r samma tidpunkt varje dag eftersom detta hj\u00e4lper till att ge din hund en h\u00e4lsosam matsm\u00e4ltning. <\/p>\n\n<\/div>\n<\/div>\n<\/div>\n<\/div><p>[\/vc_column_text][\/vc_column][vc_column width=&#8221;7\/12&#8243;][vc_single_image image=&#8221;234610&#8243; img_size=&#8221;full&#8221;][\/vc_column][\/vc_row][vc_row full_width=&#8221;stretch_row&#8221; css=&#8221;.vc_custom_1610717175698{padding-top: 60px !important;background-color: #0b2945 !important;}&#8221;][vc_column width=&#8221;5\/12&#8243;][vc_custom_heading text=&#8221;Prova f\u00e4rsk hundmat&#8221; font_container=&#8221;tag:h2|text_align:left|color:%23d54966&#8243; use_theme_fonts=&#8221;yes&#8221; css=&#8221;.vc_custom_1610717163492{padding-bottom: 30px !important;}&#8221;][vc_column_text]<span style=\"font-weight: 400; color: #fff9f7;\">M\u00c6T :s f\u00e4rska hundfoder kan ges till alla hundar oavsett ras, k\u00f6n, \u00e5lder, aktivitetsniv\u00e5, \u00e4ven om den ursprungligen \u00e4r gjord f\u00f6r den vanliga vuxna hunden. M\u00c6T beskrivs som en komplett helfoderm\u00e5ltid, men vi p\u00e5pekar att vissa hundar \u2013 beroende p\u00e5 \u00e5lder och kondition \u2013 kan beh\u00f6va extra tillskott i form av vitaminer, mineraler eller oljor. <\/span><\/p>\n<p><span style=\"font-weight: 400; color: #fff9f7;\">Att servera en komplett, fr\u00e4sch m\u00e5ltid f\u00f6r din hund har aldrig varit enklare!<\/span>[\/vc_column_text]<a href=\"https:\/\/maetpets.com\/sv\/faersk-hundmat\/\" title=\"H\u00e4lsosam hundmat\" class=\"konte-button button-normal text-default align-inline normal   button rounded\">Prova v\u00e5r f\u00e4rska hundmat<\/a><div class=\"konte-empty-space \" aria-hidden=\"true\"><div class=\"konte-empty-space__xs visible-xs\" style=\"height:0px\"><\/div><div class=\"konte-empty-space__sm visible-sm\" style=\"height:60px\"><\/div><div class=\"konte-empty-space__md visible-md\" style=\"height:60px\"><\/div><div class=\"konte-empty-space__lg visible-lg\" style=\"height:60px\"><\/div><\/div>[\/vc_column][vc_column width=&#8221;7\/12&#8243;][vc_single_image image=&#8221;234805&#8243; img_size=&#8221;full&#8221; alignment=&#8221;right&#8221;][\/vc_column][\/vc_row]<\/p>\n<\/div>","protected":false},"excerpt":{"rendered":"<p>[vc_row full_width=&#8221;stretch_row&#8221; css=&#8221;.vc_custom_1610713193456{padding-top: 60px !important;padding-bottom: 60px !important;background-color: #fff9f7 !important;}&#8221;][vc_column width=&#8221;1\/6&#8243;][\/vc_column][vc_column width=&#8221;4\/6&#8243;][vc_column_text] Man kan servera f\u00e4rsk hundmat till sin hund p\u00e5 m\u00e5nga s\u00e4tt; som helfoder eller som h\u00e4lsosamt tillskott. Vid full&hellip;<\/p>\n","protected":false},"author":1,"featured_media":251956,"parent":0,"menu_order":0,"comment_status":"closed","ping_status":"closed","template":"","meta":{"inline_featured_image":false,"footnotes":""},"class_list":["post-239944","page","type-page","status-publish","has-post-thumbnail","hentry"],"_links":{"self":[{"href":"https:\/\/maetpets.com\/sv\/wp-json\/wp\/v2\/pages\/239944","targetHints":{"allow":["GET"]}}],"collection":[{"href":"https:\/\/maetpets.com\/sv\/wp-json\/wp\/v2\/pages"}],"about":[{"href":"https:\/\/maetpets.com\/sv\/wp-json\/wp\/v2\/types\/page"}],"author":[{"embeddable":true,"href":"https:\/\/maetpets.com\/sv\/wp-json\/wp\/v2\/users\/1"}],"replies":[{"embeddable":true,"href":"https:\/\/maetpets.com\/sv\/wp-json\/wp\/v2\/comments?post=239944"}],"version-history":[{"count":0,"href":"https:\/\/maetpets.com\/sv\/wp-json\/wp\/v2\/pages\/239944\/revisions"}],"wp:featuredmedia":[{"embeddable":true,"href":"https:\/\/maetpets.com\/sv\/wp-json\/wp\/v2\/media\/251956"}],"wp:attachment":[{"href":"https:\/\/maetpets.com\/sv\/wp-json\/wp\/v2\/media?parent=239944"}],"curies":[{"name":"wp","href":"https:\/\/api.w.org\/{rel}","templated":true}]}}