{"id":236408,"date":"2022-01-11T08:51:04","date_gmt":"2022-01-11T07:51:04","guid":{"rendered":"https:\/\/maetpets.com\/partnerskap\/"},"modified":"2023-08-30T19:15:04","modified_gmt":"2023-08-30T17:15:04","slug":"partners","status":"publish","type":"page","link":"https:\/\/maetpets.com\/sv\/partners\/","title":{"rendered":"Partnerskap"},"content":{"rendered":"\n<p>Vi samarbetar med <a class=\"rank-math-link\" href=\"#ambassador\"><span style=\"text-decoration: underline\">ambassad\u00f6rer<\/span><\/a> , <a class=\"rank-math-link\" href=\"#shops\"><span style=\"text-decoration: underline\">butiker<\/span><\/a> , <a class=\"rank-math-link\" href=\"#kennels\"><span style=\"text-decoration: underline\">uppf\u00f6dare<\/span><\/a> och <a class=\"rank-math-link\" href=\"#vets\"><span style=\"text-decoration: underline\">veterin\u00e4rer<\/span><\/a>. Gemensamt f\u00f6r v\u00e5ra partners \u00e4r att deras viktigaste v\u00e4rderingar \u00e4r k\u00e4rlek, kvalitet och professionalism. Kontakta oss om du vill samarbeta.<\/p>\n\n<h2 class=\"wp-block-heading\" id=\"ambassador\">Ambassad\u00f6rer<\/h2>\n\n<p>P\u00e5 M\u00c6T har vi turen att ha n\u00e5gra fantastiska ambassad\u00f6rer som testar v\u00e5ra produkter och hj\u00e4lper till att sprida det goda ordet om M\u00c6T.  <\/p>\n\n<h3 class=\"wp-block-heading\" id=\"krav-for-at-vaere-ambassador-hos-os\">Krav f\u00f6r att vara ambassad\u00f6r hos oss:<\/h3>\n\n<ul class=\"wp-block-list\"><li>Du \u00e4r en hundf\u00f6r\u00e4lder, inte en hund\u00e4gare. Du spenderar all din lediga tid med din hund och tar s\u00e5 m\u00e5nga bilder p\u00e5 din hund att den har en egen Instagram. Du tycker om att st\u00f6tta sm\u00e5 f\u00f6retag med nordisk produktion. Och du \u00e4lskar M\u00c6T f\u00e4rska hundmat.<\/li><li>Som M\u00c6T ambassad\u00f6r \u00e4r du ingen &#8220;reklamhund&#8221; p\u00e5 andra hundmatsf\u00f6retag.<\/li><li>Du tar kanon bra bilder och video som vi kan komma att anv\u00e4nda i v\u00e5r marknadsf\u00f6ring.<\/li><li>Du har ett stort antal f\u00f6ljare som du kan sprida ordet om M\u00c6T till.<\/li><\/ul>\n\n<h3 class=\"wp-block-heading\" id=\"hvad-far-du-fra-os\">Vad f\u00e5r du av oss: <\/h3>\n\n<ul class=\"wp-block-list\"><li>Du f\u00e5r ett exklusivt rabattsystem p\u00e5 v\u00e5rt l\u00e4ckra f\u00e4rska hundfoder<\/li><li>Du f\u00e5r regelbundet uppdrag och hj\u00e4lper oss att sprida budskapet om h\u00e4lsosam hundmat<\/li><li>Du kommer att synas p\u00e5 alla v\u00e5ra sociala medier och bli en lite st\u00f6rre k\u00e4ndis.<\/li><\/ul>\n\n<p>Vi har ingen bindning, och du\/vi kan n\u00e4r som helst avsluta v\u00e5rt samarbete om det inte fungerar optimalt.<\/p>\n\n<h2 class=\"wp-block-heading\" id=\"shops\">Butiker<\/h2>\n\n<p>Hitta alla <a href=\"https:\/\/maetpets.com\/forhandlere\/\" data-type=\"page\" data-id=\"233411\"><span style=\"text-decoration: underline\">M\u00c6T \u00e5terf\u00f6rs\u00e4ljare h\u00e4r<\/span><\/a> . Vi s\u00f6ker fler butiker som vill s\u00e4lja v\u00e5r f\u00e4rska hundmat \u2013 skriv till oss p\u00e5 <a class=\"rank-math-link\" href=\"mailto:wuf@maetpets.com\" target=\"_blank\" rel=\"noreferrer noopener\"><span style=\"text-decoration: underline\">wuf@maetpets.com<\/span><\/a> f\u00f6r att h\u00f6ra mer.<\/p>\n\n<h2 class=\"wp-block-heading\" id=\"kennels\">Uppf\u00f6dare<\/h2>\n\n<p>M\u00c6T \u00e4r till f\u00f6r den kvalitetsmedvetne uppf\u00f6daren som vill skapa den b\u00e4sta starten f\u00f6r sina hundar. Med M\u00c6T \u00e4r du s\u00e4ker p\u00e5 att dina hundar f\u00e5r den optimala kosten.<\/p>\n\n<p>Du kommer att uppleva resultat redan under de f\u00f6rsta 3 &#8211; 4 veckorna. S\u00e4rskilt i f\u00f6rh\u00e5llande till dina valpars v\u00e4lbefinnande och allm\u00e4nna h\u00e4lsa. Specialpriserna g\u00f6r det m\u00f6jligt f\u00f6r alla uppf\u00f6dare att v\u00e4lja M\u00c6T.<\/p>\n\n<p>V\u00e4lj v\u00e5ra l\u00e4ckra valppaket som \u00e4r sj\u00e4lvklara om du vill s\u00e4kerst\u00e4lla att dina valpar f\u00e5r b\u00e4sta m\u00f6jliga start i livet. Starten som g\u00f6r att de kan utvecklas till friska, v\u00e4ltr\u00e4nade och aktiva hundar. Och vi finns alltid tillg\u00e4ngliga om du har fr\u00e5gor eller beh\u00f6ver v\u00e4gledning.<\/p>\n\n<p>Skicka ett mail till <a class=\"rank-math-link\" href=\"mailto:wuf@maetpets.com\">wuf@maetpets.com<\/a> eller ring <a class=\"rank-math-link\" href=\"tel:+4589805155\">8980 5155<\/a> . D\u00e5 lovar vi att vi hj\u00e4lper till att svara p\u00e5 dina fr\u00e5gor samt fatta r\u00e4tt beslut. En M\u00c6T hund \u00e4r en glad hund.<\/p>\n\n<p>Vi arbetar just nu. tillsammans med:<\/p>\n\n<ul class=\"wp-block-list\"><li><a aria-label=\"Kennel Equilibrate (opens in a new tab)\" class=\"rank-math-link\" href=\"https:\/\/www.instagram.com\/kennel_equilibrate\/\" target=\"_blank\" rel=\"noreferrer noopener\"><span style=\"text-decoration: underline;\">Kennel Equilibrate<\/span><\/a><\/li><li><a href=\"https:\/\/www.instagram.com\/enchanting_lumi\/\" target=\"_blank\" rel=\"noreferrer noopener\"><span style=\"text-decoration: underline;\">Primal Hound&#8217;s Kennel<\/span><\/a><\/li><li><a href=\"https:\/\/www.aymilu.com\/\" target=\"_blank\" rel=\"noreferrer noopener\"><span style=\"text-decoration: underline;\">Kennel Aymilu<\/span><\/a> &#8211; <a href=\"https:\/\/www.instagram.com\/kennel_aymilu\/\" target=\"_blank\" rel=\"noreferrer noopener\"><span style=\"text-decoration: underline;\">@kennel_aymilu<\/span><\/a><\/li><\/ul>\n\n<p>Vi ser fram emot att h\u00f6ra fr\u00e5n dig!<\/p>\n\n<p><\/p>\n\n<h2 class=\"wp-block-heading\" id=\"vets\">Veterin\u00e4rer<\/h2>\n\n<ul class=\"wp-block-list\"><li><a href=\"https:\/\/osterbrodyreklinik.dk\/\" class=\"rank-math-link\" target=\"_blank\" rel=\"noopener\"><span style=\"text-decoration: underline\">\u00d8sterbro Djurklinik<\/span><\/a><\/li><\/ul>\n\n<p>V\u00e5rt f\u00e4rska hundfoder \u00e4r utvecklat av en hundnutritionist. Vi vill samarbeta med progressiva veterin\u00e4rer med intresse f\u00f6r hundfoder. Skriv till oss p\u00e5 <a rel=\"noreferrer noopener\" href=\"mailto:wuf@maetpets.com\" target=\"_blank\">wuf@maetpets.com<\/a> f\u00f6r att h\u00f6ra mer.<\/p>\n","protected":false},"excerpt":{"rendered":"<p>Vi samarbetar med ambassad\u00f6rer , butiker , uppf\u00f6dare och veterin\u00e4rer. Gemensamt f\u00f6r v\u00e5ra partners \u00e4r att deras viktigaste v\u00e4rderingar \u00e4r k\u00e4rlek, kvalitet och professionalism. Kontakta oss om du vill samarbeta.&hellip;<\/p>\n","protected":false},"author":1,"featured_media":0,"parent":0,"menu_order":0,"comment_status":"closed","ping_status":"closed","template":"","meta":{"inline_featured_image":false,"footnotes":""},"class_list":["post-236408","page","type-page","status-publish","hentry"],"_links":{"self":[{"href":"https:\/\/maetpets.com\/sv\/wp-json\/wp\/v2\/pages\/236408","targetHints":{"allow":["GET"]}}],"collection":[{"href":"https:\/\/maetpets.com\/sv\/wp-json\/wp\/v2\/pages"}],"about":[{"href":"https:\/\/maetpets.com\/sv\/wp-json\/wp\/v2\/types\/page"}],"author":[{"embeddable":true,"href":"https:\/\/maetpets.com\/sv\/wp-json\/wp\/v2\/users\/1"}],"replies":[{"embeddable":true,"href":"https:\/\/maetpets.com\/sv\/wp-json\/wp\/v2\/comments?post=236408"}],"version-history":[{"count":0,"href":"https:\/\/maetpets.com\/sv\/wp-json\/wp\/v2\/pages\/236408\/revisions"}],"wp:attachment":[{"href":"https:\/\/maetpets.com\/sv\/wp-json\/wp\/v2\/media?parent=236408"}],"curies":[{"name":"wp","href":"https:\/\/api.w.org\/{rel}","templated":true}]}}