{"id":235972,"date":"2021-12-21T12:45:11","date_gmt":"2021-12-21T11:45:11","guid":{"rendered":"https:\/\/maetpets.com\/cookie-och-integritetspolicy\/"},"modified":"2022-05-20T20:32:39","modified_gmt":"2022-05-20T18:32:39","slug":"cookie-och-integritetspolicy","status":"publish","type":"page","link":"https:\/\/maetpets.com\/sv\/cookie-och-integritetspolicy\/","title":{"rendered":"Cookie och integritetspolicy"},"content":{"rendered":"<h2>Introduktion<\/h2>\n<p class=\"lead\">N\u00e4r du bes\u00f6ker v\u00e5r webbplats samlas information om dig in, som anv\u00e4nds f\u00f6r att anpassa och f\u00f6rb\u00e4ttra v\u00e5rt inneh\u00e5ll och f\u00f6r att \u00f6ka v\u00e4rdet p\u00e5 annonserna som visas p\u00e5 sidan. Om du inte vill att information ska samlas in b\u00f6r du radera dina cookies ( <a href=\"http:\/\/minecookies.org\/cookiehandtering\" target=\"_blank\" rel=\"noopener\">se instruktioner<\/a> ) och avst\u00e5 fr\u00e5n vidare anv\u00e4ndning av webbplatsen. Nedan har vi utvecklat vilken information som samlas in, deras syfte och vilka tredje parter som har tillg\u00e5ng till den.<\/p>\n<h2>Sm\u00e5kakor<\/h2>\n<p class=\"lead\">Webbplatsen anv\u00e4nder &#8220;cookies&#8221;, vilket \u00e4r en textfil som lagras p\u00e5 din dator, mobil eller liknande. p\u00e5 liknande s\u00e4tt i syfte att k\u00e4nna igen det, komma ih\u00e5g inst\u00e4llningar, utf\u00f6ra statistik och rikta in annonser. Cookies kan inte inneh\u00e5lla skadlig kod som t.ex virus.<\/p>\n<p>Det \u00e4r m\u00f6jligt att radera eller blockera cookies. Se instruktioner: <a href=\"http:\/\/minecookies.org\/cookiehandtering\" target=\"_blank\" rel=\"noopener\">se instruktioner<\/a> .<\/p>\n<p>Om du tar bort eller blockerar cookies kan annonser bli mindre relevanta f\u00f6r dig och visas oftare. Du kan ocks\u00e5 riskera att webbplatsen inte fungerar optimalt och att det finns inneh\u00e5ll som du inte kommer \u00e5t.<\/p>\n<p>Webbplatsen inneh\u00e5ller cookies fr\u00e5n tredje part, som i varierande grad kan inneh\u00e5lla:<\/p>\n<table id=\"CookieTable\" class=\"table table-striped table-bordered mb-5\">\n<thead>\n<tr>\n<th scope=\"col\">Kaka<\/th>\n<th scope=\"col\">Beskrivning<\/th>\n<th scope=\"col\">Varaktighet<\/th>\n<th scope=\"col\">Typ<\/th>\n<\/tr>\n<\/thead>\n<tbody>\n<tr>\n<td>__cfduid<\/td>\n<td>Cookien st\u00e4lls in av CloudFare. Cookien anv\u00e4nds f\u00f6r att identifiera enskilda klienter bakom en delad IP-adress och till\u00e4mpa s\u00e4kerhetsinst\u00e4llningar per kund. Den motsvarar inte n\u00e5got anv\u00e4ndar-ID i webbapplikationen och lagrar ingen personligt identifierbar information.<\/td>\n<td>4 veckor<\/td>\n<td>N\u00f6dv\u00e4ndig<\/td>\n<\/tr>\n<tr>\n<td>_g\u00e5<\/td>\n<td>Denna cookie installeras av Google Analytics. Cookien anv\u00e4nds f\u00f6r att ber\u00e4kna bes\u00f6kare, session, kampanjdata och h\u00e5lla reda p\u00e5 webbplatsanv\u00e4ndning f\u00f6r webbplatsens analysrapport. Kakorna lagrar information anonymt och tilldelar ett slumpm\u00e4ssigt genererat nummer f\u00f6r att identifiera unika bes\u00f6kare.<\/td>\n<td>2 \u00e5r<\/td>\n<td>Analytics<\/td>\n<\/tr>\n<tr>\n<td>_Maj<\/td>\n<td>Denna cookie installeras av Google Analytics. Cookien anv\u00e4nds f\u00f6r att lagra information om hur bes\u00f6kare anv\u00e4nder en webbplats och hj\u00e4lper till att skapa en analysrapport om hur webbplatsen m\u00e5r. De insamlade uppgifterna inkluderar antalet bes\u00f6kare, k\u00e4llan varifr\u00e5n de kommer och vilka sidor som har bes\u00f6kts i anonym form.<\/td>\n<td>1 dag<\/td>\n<td>Analytics<\/td>\n<\/tr>\n<tr>\n<td>_gat_gtag_UA_168707817_2<\/td>\n<td>Google anv\u00e4nder denna cookie f\u00f6r att s\u00e4rskilja anv\u00e4ndare.<\/td>\n<td>1 minut<\/td>\n<td>Analytics<\/td>\n<\/tr>\n<tr>\n<td>_fbp<\/td>\n<td>Denna cookie \u00e4r inst\u00e4lld av Facebook f\u00f6r att leverera reklam n\u00e4r de \u00e4r p\u00e5 Facebook eller en digital plattform som drivs av Facebook-reklam efter att ha bes\u00f6kt denna webbplats.<\/td>\n<td>2 m\u00e5nader<\/td>\n<td>Annons<\/td>\n<\/tr>\n<tr>\n<td>fr<\/td>\n<td>Cookien s\u00e4tts av Facebook f\u00f6r att visa relevanta annonser f\u00f6r anv\u00e4ndarna och m\u00e4ta och f\u00f6rb\u00e4ttra annonserna. Cookien sp\u00e5rar ocks\u00e5 anv\u00e4ndarens beteende p\u00e5 webben p\u00e5 webbplatser som har Facebook pixel eller Facebook social plugin.<\/td>\n<td>2 m\u00e5nader<\/td>\n<td>Annons<\/td>\n<\/tr>\n<tr>\n<td>__hstc<\/td>\n<td>Denna cookie s\u00e4tts av Hubspot och anv\u00e4nds f\u00f6r att sp\u00e5ra bes\u00f6kare. Den inneh\u00e5ller dom\u00e4nen, utk, initial tidsst\u00e4mpel (f\u00f6rsta bes\u00f6k), senaste tidsst\u00e4mpel (senaste bes\u00f6k), aktuell tidsst\u00e4mpel (detta bes\u00f6k) och sessionsnummer (\u00f6kningar f\u00f6r varje efterf\u00f6ljande session).<\/td>\n<td>1 \u00e5r<\/td>\n<td>Analytics<\/td>\n<\/tr>\n<tr>\n<td>hubspotutk<\/td>\n<td>Denna cookie anv\u00e4nds av HubSpot f\u00f6r att h\u00e5lla reda p\u00e5 bes\u00f6karna p\u00e5 webbplatsen. Denna cookie skickas till Hubspot n\u00e4r formul\u00e4ret skickas in och anv\u00e4nds vid deduplicering av kontakter.<\/td>\n<td>1 \u00e5r<\/td>\n<td>Analytics<\/td>\n<\/tr>\n<tr>\n<td>__hssrc<\/td>\n<td>Denna cookie \u00e4r satt av Hubspot. Enligt deras dokumentation, n\u00e4rhelst HubSpot \u00e4ndrar sessionscookien, st\u00e4lls denna cookie ocks\u00e5 in f\u00f6r att avg\u00f6ra om bes\u00f6karen har startat om sin webbl\u00e4sare. Om denna cookie inte finns n\u00e4r HubSpot hanterar cookies, betraktas den som en ny session.<\/td>\n<td><\/td>\n<td>N\u00f6dv\u00e4ndig<\/td>\n<\/tr>\n<tr>\n<td>__hssc<\/td>\n<td>Denna cookie st\u00e4lls in p\u00e5 HubSpot. Syftet med cookien \u00e4r att h\u00e5lla reda p\u00e5 sessioner. Detta anv\u00e4nds f\u00f6r att avg\u00f6ra om HubSpot ska \u00f6ka sessionsnumret och tidsst\u00e4mplarna i __hstc-cookien. Den inneh\u00e5ller dom\u00e4nen, viewCount (\u00f6kar varje sidvisning i en session) och tidsst\u00e4mpel f\u00f6r sessionens start.<\/td>\n<td>30 minuter<\/td>\n<td>Funktionell<\/td>\n<\/tr>\n<\/tbody>\n<\/table>\n<h2>Personlig information<\/h2>\n<h2>I allm\u00e4nhet<\/h2>\n<p class=\"lead\">Personuppgifter \u00e4r all slags information som till viss del kan h\u00e4nf\u00f6ras till dig. N\u00e4r du anv\u00e4nder v\u00e5r webbplats samlar vi in och behandlar ett antal s\u00e5dan information. Det h\u00e4nder t.ex. av alm. tillg\u00e5ng till inneh\u00e5ll om du registrerar dig f\u00f6r v\u00e5rt nyhetsbrev, deltar i t\u00e4vlingar eller unders\u00f6kningar, registrerar dig som anv\u00e4ndare eller prenumerant, p\u00e5 annat s\u00e4tt anv\u00e4nder Tj\u00e4nsterna eller g\u00f6r k\u00f6p via Webbplatsen.<\/p>\n<p>Vi samlar in och behandlar vanligtvis f\u00f6ljande typer av information: Ett unikt ID och teknisk information om din dator, surfplatta eller mobiltelefon, ditt IP-nummer, geografisk plats och vilka sidor du klickar p\u00e5 (intressen). I den m\u00e5n du sj\u00e4lv ger uttryckligt samtycke till detta och sj\u00e4lv anger uppgifterna behandlas \u00e4ven f\u00f6ljande: Namn, telefonnummer, e-post, adress och betalningsuppgifter. Detta kommer vanligtvis att vara i samband med att du skapar en inloggning eller k\u00f6per.<\/p>\n<h2>s\u00e4kerhet<\/h2>\n<p class=\"lead\">Vi har vidtagit tekniska och organisatoriska \u00e5tg\u00e4rder mot att dina uppgifter oavsiktligt eller olagligt raderas, publiceras, f\u00f6rsvinner, f\u00f6rs\u00e4mras eller kommer till obeh\u00f6riga personers k\u00e4nnedom, missbrukas eller p\u00e5 annat s\u00e4tt behandlas i strid med lagen.<\/p>\n<h2>Syfte<\/h2>\n<p class=\"lead\">Uppgifterna anv\u00e4nds f\u00f6r att identifiera dig som anv\u00e4ndare och visa dig de annonser som med st\u00f6rsta sannolikhet kommer att vara relevanta f\u00f6r dig, f\u00f6r att registrera dina k\u00f6p och betalningar, samt f\u00f6r att kunna tillhandah\u00e5lla de tj\u00e4nster du efterfr\u00e5gat, som t.ex. att skicka ett nyhetsbrev. Dessutom anv\u00e4nder vi informationen f\u00f6r att optimera v\u00e5ra tj\u00e4nster och inneh\u00e5ll.<\/p>\n<h2>Lagringsperiod<\/h2>\n<p class=\"lead\">Uppgifterna lagras under den tid som lagen till\u00e5ter och vi raderar dem n\u00e4r de inte l\u00e4ngre beh\u00f6vs. Perioden beror p\u00e5 informationens karakt\u00e4r och bakgrunden till lagringen. Det \u00e4r d\u00e4rf\u00f6r inte m\u00f6jligt att ange en generell tidsram f\u00f6r n\u00e4r information raderas.<\/p>\n<h2>Offentligg\u00f6rande av information<\/h2>\n<p class=\"lead\">Data om din anv\u00e4ndning av webbplatsen, vilka annonser du f\u00e5r och ev klick p\u00e5, geografisk plats, k\u00f6n och \u00e5lderssegment etc. vidarebefordras till tredje part i den m\u00e5n denna information \u00e4r k\u00e4nd. Vilka tredje parter som \u00e4r inblandade kan du se i avsnittet om &#8220;Cookies&#8221; ovan. Informationen anv\u00e4nds f\u00f6r att rikta annonsering.<\/p>\n<p>Dessutom anv\u00e4nder vi ett antal tredje parter f\u00f6r lagring och behandling av data. Dessa behandlar information enbart f\u00f6r v\u00e5r r\u00e4kning och f\u00e5r inte anv\u00e4nda den f\u00f6r sina egna syften.<\/p>\n<p>Utl\u00e4mnande av personuppgifter s\u00e5som namn och e-post etc. kommer endast att ske om du ger ditt samtycke. Vi anv\u00e4nder endast databehandlare i EU eller i l\u00e4nder som kan tillhandah\u00e5lla din information med adekvat skydd.<\/p>\n<h2>Insikter och klagom\u00e5l<\/h2>\n<p class=\"lead\">Du har r\u00e4tt att f\u00e5 information om vilka personuppgifter vi behandlar om dig. Du kan ocks\u00e5 n\u00e4r som helst inv\u00e4nda mot anv\u00e4ndningen av information. Du kan ocks\u00e5 \u00e5terkalla ditt samtycke f\u00f6r att uppgifter om dig ska behandlas. Om uppgifterna som behandlas om dig \u00e4r felaktiga har du r\u00e4tt att f\u00e5 dem r\u00e4ttade eller raderade. F\u00f6rfr\u00e5gningar om detta kan g\u00f6ras till: <a href=\"mailto:wuf@maetpets.com\">wuf@maetpets.com<\/a> . Om du vill klaga p\u00e5 v\u00e5r behandling av dina personuppgifter har du \u00e4ven m\u00f6jlighet att kontakta <a href=\"http:\/\/www.datatilsynet.dk\/\" target=\"_blank\" rel=\"noopener\">Datatilsynet<\/a> .<\/p>\n<p class=\"lead\">Vi \u00e4r en s\u00e4ker sida, d\u00e4rf\u00f6r \u00e4r vi en del av <a href=\"https:\/\/online-tryghed.dk\/sikre-sider\/\" target=\"_blank\" rel=\"noopener\">Online-tryghed.dk:s s\u00e4kra sajter<\/a> <a href=\"https:\/\/online-tryghed.dk\/sikre-sider\/\" target=\"_blank\" rel=\"noopener\"><img loading=\"lazy\" decoding=\"async\" src=\"https:\/\/online-tryghed.dk\/wp-content\/uploads\/2019\/07\/Online-tryghed-logo-1.png\" alt=\"S\u00e4kerhet online \" width=\"35\" height=\"35\" border=\"0\"><\/a><\/p>\n<h2>Utgivare<\/h2>\n<p class=\"lead\">Webbplatsen \u00e4gs och publiceras av:<\/p>\n<p>MEET Pets ApS<br \/>\n\u00c5rhusgade 60<br \/>\n2100 K\u00f6penhamn \u00d6stra<br \/>\nDanmark<br \/>\nE: <a href=\"mailto:wuf@maetpets.com\">wuf@maetpets.com<\/a><br \/>\nT: <a href=\"tel:+4589805155\">+45 8980 5155<\/a><br \/>\nW: <a href=\"https:\/\/maetpets.com\/sv\/\">maetpets.com<\/a><\/p>\n<p>CVR-nr: 41314575<\/p>\n","protected":false},"excerpt":{"rendered":"<p>Introduktion N\u00e4r du bes\u00f6ker v\u00e5r webbplats samlas information om dig in, som anv\u00e4nds f\u00f6r att anpassa och f\u00f6rb\u00e4ttra v\u00e5rt inneh\u00e5ll och f\u00f6r att \u00f6ka v\u00e4rdet p\u00e5 annonserna som visas p\u00e5&hellip;<\/p>\n","protected":false},"author":1,"featured_media":0,"parent":0,"menu_order":0,"comment_status":"closed","ping_status":"open","template":"","meta":{"inline_featured_image":false,"footnotes":""},"class_list":["post-235972","page","type-page","status-publish","hentry"],"_links":{"self":[{"href":"https:\/\/maetpets.com\/sv\/wp-json\/wp\/v2\/pages\/235972","targetHints":{"allow":["GET"]}}],"collection":[{"href":"https:\/\/maetpets.com\/sv\/wp-json\/wp\/v2\/pages"}],"about":[{"href":"https:\/\/maetpets.com\/sv\/wp-json\/wp\/v2\/types\/page"}],"author":[{"embeddable":true,"href":"https:\/\/maetpets.com\/sv\/wp-json\/wp\/v2\/users\/1"}],"replies":[{"embeddable":true,"href":"https:\/\/maetpets.com\/sv\/wp-json\/wp\/v2\/comments?post=235972"}],"version-history":[{"count":0,"href":"https:\/\/maetpets.com\/sv\/wp-json\/wp\/v2\/pages\/235972\/revisions"}],"wp:attachment":[{"href":"https:\/\/maetpets.com\/sv\/wp-json\/wp\/v2\/media?parent=235972"}],"curies":[{"name":"wp","href":"https:\/\/api.w.org\/{rel}","templated":true}]}}