{"id":235805,"date":"2018-08-28T09:25:27","date_gmt":"2018-08-28T07:25:27","guid":{"rendered":"https:\/\/maetpets.com\/om-maet\/"},"modified":"2022-05-20T20:32:47","modified_gmt":"2022-05-20T18:32:47","slug":"om-maet","status":"publish","type":"page","link":"https:\/\/maetpets.com\/sv\/om-maet\/","title":{"rendered":"Om M\u00c6T"},"content":{"rendered":"<div class=\"wpb-content-wrapper\"><p>[vc_row full_width=&#8221;stretch_row&#8221; css=&#8221;.vc_custom_1607532800986{padding-top: 80px !important;padding-bottom: 80px !important;background-color: #0b2945 !important;}&#8221;][vc_column width=&#8221;1\/6&#8243; offset=&#8221;vc_hidden-sm vc_hidden-xs&#8221;]<span class=\"konte-dash text-default  Lavender vc_custom_1607531055183\"><span class=\"konte-dash__line\"><\/span><\/span>[\/vc_column][vc_column offset=&#8221;vc_col-lg-8 vc_col-md-8&#8243;][vc_custom_heading text=&#8221;Historien bakom M\u00c6T&#8221; font_container=&#8221;tag:h2|text_align:left|color:%23d54966&#8243; use_theme_fonts=&#8221;yes&#8221; css=&#8221;.vc_custom_1607532815090{margin-bottom: 35px !important;}&#8221;][vc_column_text]<\/p>\n<p style=\"text-align: center;\"><span style=\"font-weight: 400; color: #fff9f7;\">V\u00e5ren 2020 planterades id\u00e9n om M\u00c6T och under sommaren spirade id\u00e9n och v\u00e4xte till en riktig verksamhet. Id\u00e9n uppstod n\u00e4r vi hade \u00e5terv\u00e4nt till Danmark efter ett antal \u00e5r i Finland. H\u00e4r fick v\u00e5r egen hund, Lenni, f\u00e4rsk hundmat eftersom vi kunde se och k\u00e4nde att det var den b\u00e4sta hundmaten f\u00f6r honom. N\u00e4r vi var tvungna att k\u00f6pa hundmat i Danmark kunde vi bara hitta torrfoder eller v\u00e5tfoder p\u00e5 burk, d\u00e4r kvaliteten inte var tillr\u00e4ckligt h\u00f6g. D\u00e4rf\u00f6r best\u00e4mde vi oss f\u00f6r att ta saken i egna h\u00e4nder och f\u00f6rverkliga v\u00e5r id\u00e9 om f\u00e4rsk hundmat i Danmark. <\/span><\/p>\n<p style=\"text-align: center;\"><span style=\"color: #fff9f7;\"><i><span style=\"font-weight: 400;\">Lenni, Petra &amp; Sebastian<\/span><\/i><\/span><\/p>\n<p>[\/vc_column_text][\/vc_column][vc_column width=&#8221;1\/6&#8243; offset=&#8221;vc_hidden-sm vc_hidden-xs&#8221;][\/vc_column][\/vc_row][vc_row css=&#8221;.vc_custom_1607531821502{padding-top: 60px !important;}&#8221;][vc_column width=&#8221;1\/6&#8243; offset=&#8221;vc_hidden-sm vc_hidden-xs&#8221;]<span class=\"konte-dash text-default   vc_custom_1535361883015\"><span class=\"konte-dash__line\"><\/span><\/span>[\/vc_column][vc_column offset=&#8221;vc_col-lg-8 vc_col-md-8&#8243;][vc_custom_heading text=&#8221;V\u00e5ra v\u00e4rderingar&#8221; use_theme_fonts=&#8221;yes&#8221; css=&#8221;.vc_custom_1607529299102{margin-bottom: 35px !important;}&#8221;][\/vc_column][vc_column width=&#8221;1\/6&#8243; offset=&#8221;vc_hidden-sm vc_hidden-xs&#8221;][\/vc_column][\/vc_row][vc_row][vc_column width=&#8221;1\/6&#8243; offset=&#8221;vc_hidden-sm vc_hidden-xs&#8221;][\/vc_column][vc_column width=&#8221;1\/3&#8243; offset=&#8221;vc_col-lg-3 vc_col-md-3&#8243;][vc_custom_heading text=&#8221;F\u00c4RSK&#8221; font_container=&#8221;tag:h4|text_align:left&#8221; use_theme_fonts=&#8221;yes&#8221;][vc_empty_space height=&#8221;30px&#8221;][\/vc_column][vc_column width=&#8221;2\/3&#8243; offset=&#8221;vc_col-lg-5 vc_col-md-5&#8243;][vc_column_text]<span style=\"font-weight: 400;\">V\u00e5rt f\u00e4rska hundmat best\u00e5r av k\u00f6tt, gr\u00f6nsaker, vitaminer, mineraler och fibrer, som enkelt framst\u00e4llts f\u00f6r att optimera hundens matsm\u00e4ltning av maten. Det f\u00e4rska hundmaten f\u00f6rvaras p\u00e5 kyl f\u00f6r att h\u00e5lla det fr\u00e4scht, eftersom M\u00c6T f\u00e4rsk hundmat inte inneh\u00e5ller tillsatser eller f\u00e4rg\u00e4mnen.<\/span>[\/vc_column_text][\/vc_column][vc_column width=&#8221;1\/6&#8243; offset=&#8221;vc_hidden-sm vc_hidden-xs&#8221;][\/vc_column][\/vc_row][vc_row][vc_column][vc_empty_space height=&#8221;30px&#8221;][\/vc_column][\/vc_row][vc_row][vc_column width=&#8221;1\/6&#8243; offset=&#8221;vc_hidden-sm vc_hidden-xs&#8221;][\/vc_column][vc_column width=&#8221;1\/3&#8243; offset=&#8221;vc_col-lg-3 vc_col-md-3&#8243;][vc_custom_heading text=&#8221;FORSKNINGSBASERAT&#8221; font_container=&#8221;tag:h4|text_align:left&#8221; use_theme_fonts=&#8221;yes&#8221;][vc_empty_space height=&#8221;30px&#8221;][\/vc_column][vc_column width=&#8221;2\/3&#8243; offset=&#8221;vc_col-lg-5 vc_col-md-5&#8243;][vc_column_text]<span style=\"font-weight: 400;\">V\u00e5r duktiga hundn\u00e4ringsexpert har tagit fram recepten f\u00f6r f\u00e4rsk hundmat. Hon har tagit h\u00e4nsyn till hundens prim\u00e4ra n\u00e4ringsbehov, de b\u00e4sta ingredienserna och f\u00f6rdelningen av proteiner, vitaminer, mineraler och fibrer, s\u00e5 att din hund f\u00e5r den b\u00e4sta kombinationen av ingredienser. <\/span>[\/vc_column_text][\/vc_column][vc_column width=&#8221;1\/6&#8243; offset=&#8221;vc_hidden-sm vc_hidden-xs&#8221;][\/vc_column][\/vc_row][vc_row][vc_column][vc_empty_space height=&#8221;30px&#8221;][\/vc_column][\/vc_row][vc_row][vc_column width=&#8221;1\/6&#8243; offset=&#8221;vc_hidden-sm vc_hidden-xs&#8221;][\/vc_column][vc_column width=&#8221;1\/3&#8243; offset=&#8221;vc_col-lg-3 vc_col-md-3&#8243;][vc_custom_heading text=&#8221;H\u00c4LSOSAM&#8221; font_container=&#8221;tag:h4|text_align:left&#8221; use_theme_fonts=&#8221;yes&#8221;][vc_empty_space height=&#8221;30px&#8221;][\/vc_column][vc_column width=&#8221;2\/3&#8243; offset=&#8221;vc_col-lg-5 vc_col-md-5&#8243;][vc_column_text]<span style=\"font-weight: 400;\">V\u00e5r f\u00e4rska hundmat g\u00f6rs p\u00e5 f\u00e4rska r\u00e5varor fr\u00e5n nordiska g\u00e5rdar. Recepten har f\u00e5tt massor med k\u00e4rlek, s\u00e5 de inneh\u00e5ller alla proteiner, vitaminer, mineraler och fibrer v\u00e5ra hundar beh\u00f6ver f\u00f6r att kunna leva ett energiskt liv med kvalitet, friska tarmar och vacker p\u00e4ls.<\/span>[\/vc_column_text][\/vc_column][vc_column width=&#8221;1\/6&#8243; offset=&#8221;vc_hidden-sm vc_hidden-xs&#8221;][\/vc_column][\/vc_row][vc_row][vc_column][vc_empty_space height=&#8221;30px&#8221;][\/vc_column][\/vc_row][vc_row][vc_column width=&#8221;1\/6&#8243; offset=&#8221;vc_hidden-sm vc_hidden-xs&#8221;][\/vc_column][vc_column width=&#8221;1\/3&#8243; offset=&#8221;vc_col-lg-3 vc_col-md-3&#8243;][vc_custom_heading text=&#8221;NORDISK KVALITET&#8221; font_container=&#8221;tag:h4|text_align:left&#8221; use_theme_fonts=&#8221;yes&#8221;][vc_empty_space height=&#8221;30px&#8221;][\/vc_column][vc_column width=&#8221;2\/3&#8243; offset=&#8221;vc_col-lg-5 vc_col-md-5&#8243;][vc_column_text]<span style=\"font-weight: 400;\">Vi vill g\u00e4rna veta var v\u00e5r egen mat kommer ifr\u00e5n, s\u00e5 varf\u00f6r inte ocks\u00e5 v\u00e5ra hundars mat? F\u00f6r oss \u00e4r kvalitet en prioritet. M\u00c6Ts hundm\u00e5ltider g\u00f6rs med f\u00e4rska r\u00e5varor fr\u00e5n nordiska g\u00e5rdar, s\u00e5 du \u00e4r garanterad hundmat som h\u00e5ller europeisk \u2013 och m\u00e4nsklig \u2013 standard. Dessutom \u00e4r n\u00e4rproducerad mat ocks\u00e5 b\u00e4ttre f\u00f6r klimatet.<\/span>[\/vc_column_text][\/vc_column][vc_column width=&#8221;1\/6&#8243; offset=&#8221;vc_hidden-sm vc_hidden-xs&#8221;][\/vc_column][\/vc_row][vc_row][vc_column][vc_empty_space height=&#8221;30px&#8221;][\/vc_column][\/vc_row][vc_section full_width=&#8221;stretch_row&#8221; css=&#8221;.vc_custom_1607532911385{padding-top: 260px !important;background-image: url(https:\/\/maetpets.com\/wp-content\/uploads\/MAET_Founders-scaled.jpg?id=230805) !important;background-position: center !important;background-repeat: no-repeat !important;background-size: cover !important;}&#8221;][vc_row][vc_column width=&#8221;3\/4&#8243; offset=&#8221;vc_col-lg-5&#8243;][\/vc_column][vc_column width=&#8221;1\/4&#8243; css=&#8221;.vc_custom_1607532896818{margin-right: -15px !important;padding-top: 80px !important;padding-right: 100px !important;padding-bottom: 100px !important;padding-left: 100px !important;background-color: #193119 !important;}&#8221; el_class=&#8221;the-founder&#8221; offset=&#8221;vc_col-lg-7&#8243;]<span class=\"konte-dash text-default   \"><span class=\"konte-dash__line\"><\/span><\/span>[vc_custom_heading text=&#8221;M\u00c6T Familjen&#8221; font_container=&#8221;tag:h4|text_align:left|color:%232063a5&#8243; use_theme_fonts=&#8221;yes&#8221; css=&#8221;.vc_custom_1607533032482{margin-bottom: 25px !important;}&#8221;][vc_column_text]<span style=\"color: #fff9f7;\">Vi heter Sebastian, Petra och Lenni. Vi \u00e4r en liten familj som bor och arbetar p\u00e5 \u00d8sterbro.<\/span>[\/vc_column_text][vc_custom_heading text=&#8221;PETRA, SEBASTIAN &amp; LENNI&#8221; font_container=&#8221;tag:h6|font_size:12px|text_align:left|color:%23fff9f7&#8243; use_theme_fonts=&#8221;yes&#8221; css=&#8221;.vc_custom_1607532997305{margin-top: 10px !important;}&#8221;][\/vc_column][\/vc_row][\/vc_section][vc_row][vc_column][vc_empty_space height=&#8221;65px&#8221;][\/vc_column][\/vc_row][vc_row css=&#8221;.vc_custom_1610051151097{padding-top: 30px !important;padding-bottom: 30px !important;}&#8221;][vc_column width=&#8221;8\/12&#8243;][vc_custom_heading text=&#8221;Team M\u00c6T&#8221; use_theme_fonts=&#8221;yes&#8221; css=&#8221;.vc_custom_1610051200921{padding-bottom: 30px !important;}&#8221;][vc_column_text]<span style=\"font-weight: 400;\">V\u00e5r familj har vuxit till ett team (och vi letar efter fler!). \u00c4ven om vi har vuxit har det som driver oss inte f\u00f6r\u00e4ndrats: Vi vill g\u00f6ra det l\u00e4ttare att ha h\u00e4lsosamma hundar. Vi \u00e4r inte s\u00e4kra p\u00e5 om Lenni inser hur m\u00e5nga hundar han har p\u00e5verkat, men vi tror att han skulle bli glad. <\/span>[\/vc_column_text][\/vc_column][vc_column width=&#8221;4\/12&#8243;][\/vc_column][vc_column]<div class=\"konte-carousel konte-carousel--gap-20 \" data-slick=\"{&quot;dots&quot;:false,&quot;arrows&quot;:false,&quot;infinite&quot;:false,&quot;slidesToShow&quot;:4,&quot;slidesToScroll&quot;:4}\" ><div class=\"konte-team-member  \">\n\t\t\t\t<img loading=\"lazy\" decoding=\"async\" width=\"1440\" height=\"1920\" src=\"https:\/\/maetpets.com\/wp-content\/uploads\/michelle_gjerding_maet.jpg\" class=\"attachment-full\" alt=\"\" title=\"michelle_gjerding_maet\" srcset=\"https:\/\/maetpets.com\/wp-content\/uploads\/michelle_gjerding_maet.jpg 1440w, https:\/\/maetpets.com\/wp-content\/uploads\/michelle_gjerding_maet-840x1120.jpg 840w, https:\/\/maetpets.com\/wp-content\/uploads\/michelle_gjerding_maet-225x300.jpg 225w, https:\/\/maetpets.com\/wp-content\/uploads\/michelle_gjerding_maet-768x1024.jpg 768w, https:\/\/maetpets.com\/wp-content\/uploads\/michelle_gjerding_maet-1152x1536.jpg 1152w\" sizes=\"auto, (max-width: 1440px) 100vw, 1440px\">\n\t\t\t\t<div class=\"konte-team-member__info\">\n\t\t\t\t\t<h5 class=\"konte-team-member__name\">Michelle Gjerding<\/h5>\n\t\t\t\t\t<span class=\"konte-team-member__job\">Kundens framg\u00e5ng<\/span>\n\t\t\t\t\t<span class=\"konte-team-member__socials\"><a href=\"https:\/\/linkedin.com\/in\/michellehesselgjerding\" target=\"_blank\" rel=\"noopener\"><i class=\"fa fa-linkedin\"><\/i><\/a><\/span>\n\t\t\t\t<\/div>\n\t\t\t<\/div><div class=\"konte-team-member  \">\n\t\t\t\t<img loading=\"lazy\" decoding=\"async\" width=\"1440\" height=\"1920\" src=\"https:\/\/maetpets.com\/wp-content\/uploads\/albert_reet_maet.jpg\" class=\"attachment-full\" alt=\"\" title=\"albert_reet_maet\" srcset=\"https:\/\/maetpets.com\/wp-content\/uploads\/albert_reet_maet.jpg 1440w, https:\/\/maetpets.com\/wp-content\/uploads\/albert_reet_maet-840x1120.jpg 840w, https:\/\/maetpets.com\/wp-content\/uploads\/albert_reet_maet-225x300.jpg 225w, https:\/\/maetpets.com\/wp-content\/uploads\/albert_reet_maet-768x1024.jpg 768w, https:\/\/maetpets.com\/wp-content\/uploads\/albert_reet_maet-1152x1536.jpg 1152w\" sizes=\"auto, (max-width: 1440px) 100vw, 1440px\">\n\t\t\t\t<div class=\"konte-team-member__info\">\n\t\t\t\t\t<h5 class=\"konte-team-member__name\">Albert Reet<\/h5>\n\t\t\t\t\t<span class=\"konte-team-member__job\">V\u00e4rdef\u00f6ra<\/span>\n\t\t\t\t\t<span class=\"konte-team-member__socials\"><\/span>\n\t\t\t\t<\/div>\n\t\t\t<\/div><div class=\"konte-team-member  \">\n\t\t\t\t<img loading=\"lazy\" decoding=\"async\" width=\"1440\" height=\"1919\" src=\"https:\/\/maetpets.com\/wp-content\/uploads\/daniel_de_jesus_maet.jpg\" class=\"attachment-full\" alt=\"\" title=\"daniel_de_jesus_maet\" srcset=\"https:\/\/maetpets.com\/wp-content\/uploads\/daniel_de_jesus_maet.jpg 1440w, https:\/\/maetpets.com\/wp-content\/uploads\/daniel_de_jesus_maet-840x1119.jpg 840w, https:\/\/maetpets.com\/wp-content\/uploads\/daniel_de_jesus_maet-225x300.jpg 225w, https:\/\/maetpets.com\/wp-content\/uploads\/daniel_de_jesus_maet-768x1023.jpg 768w, https:\/\/maetpets.com\/wp-content\/uploads\/daniel_de_jesus_maet-1153x1536.jpg 1153w\" sizes=\"auto, (max-width: 1440px) 100vw, 1440px\">\n\t\t\t\t<div class=\"konte-team-member__info\">\n\t\t\t\t\t<h5 class=\"konte-team-member__name\">Daniel av Jesus<\/h5>\n\t\t\t\t\t<span class=\"konte-team-member__job\">Varum\u00e4rkesdesigner<\/span>\n\t\t\t\t\t<span class=\"konte-team-member__socials\"><a href=\"https:\/\/linkedin.com\/in\/dajesus\/\" target=\"_blank\" rel=\"noopener\"><i class=\"fa fa-linkedin\"><\/i><\/a><\/span>\n\t\t\t\t<\/div>\n\t\t\t<\/div><div class=\"konte-team-member  \">\n\t\t\t\t<img loading=\"lazy\" decoding=\"async\" width=\"1440\" height=\"1008\" src=\"https:\/\/maetpets.com\/wp-content\/uploads\/sebastian_krumhausen_maet-e1660765711153.jpg\" class=\"attachment-full\" alt=\"\" title=\"sebastian_krumhausen_maet\" srcset=\"https:\/\/maetpets.com\/wp-content\/uploads\/sebastian_krumhausen_maet-e1660765711153.jpg 1440w, https:\/\/maetpets.com\/wp-content\/uploads\/sebastian_krumhausen_maet-e1660765711153-840x588.jpg 840w\" sizes=\"auto, (max-width: 1440px) 100vw, 1440px\">\n\t\t\t\t<div class=\"konte-team-member__info\">\n\t\t\t\t\t<h5 class=\"konte-team-member__name\">Sebastian Krumhausen<\/h5>\n\t\t\t\t\t<span class=\"konte-team-member__job\">Chef<\/span>\n\t\t\t\t\t<span class=\"konte-team-member__socials\"><a href=\"https:\/\/linkedin.com\/in\/krumhausen\/\" target=\"_blank\" rel=\"noopener\"><i class=\"fa fa-linkedin\"><\/i><\/a><\/span>\n\t\t\t\t<\/div>\n\t\t\t<\/div><\/div>[\/vc_column][\/vc_row][vc_row][vc_column][vc_column_text]<\/p>\n<p style=\"text-align: center;\"><span style=\"font-weight: 400;\">Om du vill vara med och f\u00f6r\u00e4ndra framtiden f\u00f6r hundmat kan du skicka ett mejl till oss p\u00e5<\/span><\/p>\n<p style=\"text-align: center;\"><span style=\"text-decoration: underline;\"><a href=\"mailto:wuf@maetpets.com\"><span style=\"font-weight: 400;\">wuf@maetpets.com<\/span><\/a><\/span><\/p>\n<p style=\"text-align: center;\"><span style=\"font-weight: 400;\">Vi letar alltid efter nya lagkamrater och partners. <\/span><\/p>\n<p>[\/vc_column_text][\/vc_column][\/vc_row]<\/p>\n<\/div>","protected":false},"excerpt":{"rendered":"<p>[vc_row full_width=&#8221;stretch_row&#8221; css=&#8221;.vc_custom_1607532800986{padding-top: 80px !important;padding-bottom: 80px !important;background-color: #0b2945 !important;}&#8221;][vc_column width=&#8221;1\/6&#8243; offset=&#8221;vc_hidden-sm vc_hidden-xs&#8221;][\/vc_column][vc_column offset=&#8221;vc_col-lg-8 vc_col-md-8&#8243;][vc_custom_heading text=&#8221;Historien bakom M\u00c6T&#8221; font_container=&#8221;tag:h2|text_align:left|color:%23d54966&#8243; use_theme_fonts=&#8221;yes&#8221; css=&#8221;.vc_custom_1607532815090{margin-bottom: 35px !important;}&#8221;][vc_column_text] V\u00e5ren 2020 planterades id\u00e9n om M\u00c6T och under&hellip;<\/p>\n","protected":false},"author":1,"featured_media":267407,"parent":0,"menu_order":0,"comment_status":"closed","ping_status":"closed","template":"","meta":{"inline_featured_image":false,"footnotes":""},"class_list":["post-235805","page","type-page","status-publish","has-post-thumbnail","hentry"],"_links":{"self":[{"href":"https:\/\/maetpets.com\/sv\/wp-json\/wp\/v2\/pages\/235805","targetHints":{"allow":["GET"]}}],"collection":[{"href":"https:\/\/maetpets.com\/sv\/wp-json\/wp\/v2\/pages"}],"about":[{"href":"https:\/\/maetpets.com\/sv\/wp-json\/wp\/v2\/types\/page"}],"author":[{"embeddable":true,"href":"https:\/\/maetpets.com\/sv\/wp-json\/wp\/v2\/users\/1"}],"replies":[{"embeddable":true,"href":"https:\/\/maetpets.com\/sv\/wp-json\/wp\/v2\/comments?post=235805"}],"version-history":[{"count":0,"href":"https:\/\/maetpets.com\/sv\/wp-json\/wp\/v2\/pages\/235805\/revisions"}],"wp:featuredmedia":[{"embeddable":true,"href":"https:\/\/maetpets.com\/sv\/wp-json\/wp\/v2\/media\/267407"}],"wp:attachment":[{"href":"https:\/\/maetpets.com\/sv\/wp-json\/wp\/v2\/media?parent=235805"}],"curies":[{"name":"wp","href":"https:\/\/api.w.org\/{rel}","templated":true}]}}