{"id":235800,"date":"2018-08-30T09:43:44","date_gmt":"2018-08-30T07:43:44","guid":{"rendered":"https:\/\/maetpets.com\/vanliga-fraagor\/"},"modified":"2023-08-30T19:15:04","modified_gmt":"2023-08-30T17:15:04","slug":"ofta-stallda-fragor-om-farsk-hundmat","status":"publish","type":"page","link":"https:\/\/maetpets.com\/sv\/ofta-stallda-fragor-om-farsk-hundmat\/","title":{"rendered":"Ofta st\u00e4llda fr\u00e5gor"},"content":{"rendered":"\n<h2 class=\"wp-block-heading\">Leverans<\/h2>\n\n<p><strong>N\u00e4r levererar du?<\/strong><br\/><br\/>Vi levererar p\u00e5 onsdagar mellan 15-22. Om du best\u00e4ller f\u00f6re s\u00f6ndag 18:00 f\u00e5r du din leverans p\u00e5 onsdag. I annat fall f\u00e5r du din leverans p\u00e5 f\u00f6ljande onsdag. <br\/><br\/>Du f\u00e5r ett e-postmeddelande n\u00e4r din leverans \u00e4r bekr\u00e4ftad, och senare f\u00e5r du ett textmeddelande med en mer exakt leveranstid och track &amp; trace.<\/p>\n\n<p><strong>Hur mycket kostar leveransen?  <\/strong><\/p>\n\n<p>Leveranskostnaden \u00e4r 49 DKK eftersom vi skickar med livsmedelsgodk\u00e4nd transport. Gratis leverans g\u00e4ller vid best\u00e4llningar \u00f6ver 600 kr.  <\/p>\n\n<h2 class=\"wp-block-heading\">Prenumeration (matl\u00e5da f\u00f6r hundar)  <\/h2>\n\n<p><strong>N\u00e4r kommer min betalning att debiteras?<\/strong><br\/><strong> <\/strong><br\/>Beloppet reserveras p\u00e5 s\u00f6ndagen f\u00f6re leverans och dras av p\u00e5 leveransdagen (onsdag).  <\/p>\n\n<p><strong>Varf\u00f6r \u00e4r min f\u00f6rsta order 0 GBP?<\/strong><br\/><br\/>F\u00f6rsta g\u00e5ngen du skapar din prenumeration kan den f\u00f6rsta ordern visas som 0 kr. Detta \u00e4r en tillf\u00e4llig platsh\u00e5llarorder eftersom v\u00e5rt system automatiskt skapar alla prenumerationsorder p\u00e5 s\u00f6ndagar. Det korrekta teckningsbeloppet kommer d\u00e4rf\u00f6r att reserveras f\u00f6rst kommande s\u00f6ndag.<br\/><\/p>\n\n<h2 class=\"wp-block-heading\">M\u00c6T F\u00e4rskt hundfoder<\/h2>\n\n<div class=\"wp-block-group\"><div class=\"wp-block-group__inner-container is-layout-flow wp-block-group-is-layout-flow\"><div id=\"rank-math-faq\" class=\"rank-math-block\">\n<div class=\"rank-math-list \">\n<div id=\"faq-question-1608823278989\" class=\"rank-math-list-item\">\n<h3 class=\"rank-math-question \">Vad \u00e4r f\u00e4rsk hundmat?<\/h3>\n<div class=\"rank-math-answer \">\n\n<p>M\u00c6T lagar f\u00e4rsk, l\u00e4ttlagad hundmat till din hund eftersom det \u00e4r den b\u00e4sta sortens n\u00e4ring du kan ge din hund. V\u00e5rt f\u00e4rska hundfoder \u00e4r en komplett m\u00e5ltid best\u00e5ende av k\u00f6tt, gr\u00f6nsaker, ris (i risottom\u00e5ltider), vitaminer och mineraler, som har tillagats l\u00e4tt f\u00f6r att optimera din hunds matsm\u00e4ltning.<\/p>\n<p>V\u00e5rt f\u00e4rska hundfoder ska f\u00f6rvaras i kylsk\u00e5p f\u00f6r att h\u00e5lla det fr\u00e4sch, men det kan \u00e4ven frysas in om det beh\u00f6vs. Eftersom M\u00c6Ts f\u00e4rska hundfoder inte inneh\u00e5ller konserveringsmedel, smak\u00e4mnen eller f\u00e4rger f\u00e5r din hund en helt ren m\u00e5ltidsprodukt som \u00e4r nyttig och l\u00e4tt att ta upp. <\/p>\n<p>Till skillnad fr\u00e5n vanligt torrfoder, som har ett upptag p\u00e5 bara 50 %, har f\u00e4rskt hundfoder ett upptag p\u00e5 hela 86 %, eftersom det \u00e4r just h\u00e4lsosamma r\u00e5varor som \u00e4r l\u00e4tt tillberedde.<\/p>\n<p><a style=\"text-decoration: underline\" class=\"rank-math-link\" href=\"https:\/\/maetpets.com\/sv\/vad-aer-faerskt-hundmat\/\">L\u00e4s mer om f\u00e4rsk hundmat<\/a><br \/><a class=\"rank-math-link\" href=\"https:\/\/maetpets.com\/sv\/faersk-hundmat\/\"><span style=\"text-decoration: underline\">Prova v\u00e5r f\u00e4rska hundmat<\/span><\/a><\/p>\n\n<\/div>\n<\/div>\n<div id=\"faq-question-1608823286277\" class=\"rank-math-list-item\">\n<h3 class=\"rank-math-question \">vad finns det i m\u00e6ts f\u00e4rska hundmat?<\/h3>\n<div class=\"rank-math-answer \">\n\n<p>En hundnutritionist har tagit fram alla recept f\u00f6r v\u00e5r f\u00e4rska hundmat. Hon har noga tagit h\u00e4nsyn till hundens prim\u00e4ra n\u00e4ringsbehov, de b\u00e4sta ingredienserna och f\u00f6rdelningen av proteiner, vitaminer, mineraler och fibrer, s\u00e5 att din hund f\u00e5r den b\u00e4sta kombinationen av ingredienser.<\/p>\n<p>Alla v\u00e5ra r\u00e5varor kommer fr\u00e5n nordiska g\u00e5rdar, och h\u00e5ller h\u00f6g kvalitet. Det finns inga konserveringsmedel, smak\u00e4mnen eller f\u00e4rg\u00e4mnen i M\u00c6T produkter. Vi tills\u00e4tter bara extra vitaminer och mineraler s\u00e5 att din hund f\u00e5r i sig r\u00e4tt m\u00e4ngd n\u00e4rings\u00e4mnen i sina m\u00e5ltider.<\/p>\n<p><span style=\"text-decoration: underline\"><a class=\"rank-math-link\" href=\"https:\/\/maetpets.com\/sv\/vilka-ingredienser-ska-hundmat-innehaalla\/\">L\u00e4s mer om vilka ingredienser som \u00e4r viktiga i hundmat<\/a><\/span><\/p>\n\n<\/div>\n<\/div>\n<div id=\"faq-question-1608823480354\" class=\"rank-math-list-item\">\n<h3 class=\"rank-math-question \">Hur g\u00f6r vi f\u00e4rsk hundmat?<\/h3>\n<div class=\"rank-math-answer \">\n\n<p>V\u00e5r h\u00e4lsosamma hundmat \u00e4r gjord p\u00e5 f\u00e4rska r\u00e5varor fr\u00e5n nordiska g\u00e5rdar. V\u00e5ra recept \u00e4r framtagna av en hundn\u00e4ringsexpert f\u00f6r att ge alla de proteiner, vitaminer, mineraler och fibrer som v\u00e5ra hundar beh\u00f6ver.<\/p>\n<p>N\u00e4r alla f\u00e4rska r\u00e5varor kommer till v\u00e5rt k\u00f6k fr\u00e5n de nordiska g\u00e5rdarna f\u00f6rbereds de, packas i sin f\u00f6rpackning och \u00e5ngas (sous vide) tills de n\u00e5r en temperatur p\u00e5 85\u00b0 grader. Den l\u00e4tta tillagningen av ingredienserna inneb\u00e4r att upptaget av alla n\u00e4rings\u00e4mnen \u00e4r s\u00e5 h\u00f6gt som 86%.<\/p>\n<p>M\u00c6Ts f\u00e4rska hundmat inneh\u00e5ller inga konserveringsmedel. Vi tills\u00e4tter bara extra vitaminer och mineraler. <\/p>\n<p>M\u00e5ltiderna har en maximal h\u00e5llbarhet p\u00e5 3 m\u00e5nader i kylsk\u00e5p (+5 grader). Efter \u00f6ppnandet h\u00e5ller sig m\u00e5ltiden i 2-3 dagar i kylen.<\/p>\n\n<\/div>\n<\/div>\n<div id=\"faq-question-1608823507991\" class=\"rank-math-list-item\">\n<h3 class=\"rank-math-question \">varf\u00f6r g\u00f6r M\u00c6T f\u00e4rsk hundmat?<\/h3>\n<div class=\"rank-math-answer \">\n\n<p>Vi b\u00f6rjade tillverka f\u00e4rsk hundmat eftersom vi uppt\u00e4ckte att konceptet &#8220;f\u00e4rskt hundmat&#8221; inte fanns i Sverige. Vi saknade till och med h\u00e4lsosam och n\u00e4ringsrik hundmat till v\u00e5r egen hund, Lenni. <\/p>\n<p>Som m\u00e5nga andra hundar t\u00e5l Lenni inte bearbetat torrfoder som dr\u00e4neras p\u00e5 vatten och fylls med konserveringsmedel. N\u00e4r vi bodde utomlands var det inga problem att hitta f\u00e4rskt hundfoder med h\u00e4lsosamma ingredienser, men n\u00e4r vi kom tillbaka till Danmark kunde vi inte hitta det n\u00e5gonstans.<\/p>\n<p>D\u00e4rf\u00f6r har vi valt att ta med f\u00e4rsk hundmat till Danmark, s\u00e5 att fler hundar som Lenni f\u00e5r m\u00f6jlighet att f\u00e5 en h\u00e4lsosam och n\u00e4ringsrik m\u00e5ltid varje dag med alla de n\u00e4rings\u00e4mnen de beh\u00f6ver.<\/p>\n<p><span style=\"text-decoration: underline\"><a class=\"rank-math-link\" href=\"https:\/\/maetpets.com\/sv\/om-maet\/\">L\u00e4s mer om varf\u00f6r vi startade M\u00c6T<\/a><\/span> .<\/p>\n\n<\/div>\n<\/div>\n<div id=\"faq-question-1608823530106\" class=\"rank-math-list-item\">\n<h3 class=\"rank-math-question \">Hur mycket f\u00e4rsk hundmat ska min hund ha?<\/h3>\n<div class=\"rank-math-answer \">\n\n<p>Din hund b\u00f6r f\u00e5 motsvarande 2,5 % eller 3 % av sin kroppsvikt f\u00f6rdelat p\u00e5 det antal m\u00e5ltider den \u00e4ter per dag. Den exakta procentsatsen beror p\u00e5 vilken typ av f\u00e4rskt hundfoder din hund \u00e4ter. Till exempel b\u00f6r en hund ha 2,5 % av kycklingrisotto och 3 % av fl\u00e4skdeli. Du kan se procentsatsen p\u00e5 baksidan av varje produkt.  <\/p>\n<p>Det finns en tabell p\u00e5 varje produktsida d\u00e4r du kan se hur mycket f\u00e4rsk hundmat din hund ska ha dagligen beroende p\u00e5 vikt.<\/p>\n<p>Om du vill kombinera f\u00e4rsk hundmat med annan typ av hundmat b\u00f6r du bara mata din hund med ca. 50-65 % av den rekommenderade dagliga dosen beroende p\u00e5 din hunds aktivitet, tr\u00e4ning och mellanm\u00e5l.<\/p>\n<p><span style=\"text-decoration: underline\"><a class=\"rank-math-link\" href=\"https:\/\/maetpets.com\/sv\/sv-hur-man-kommer-igaang-med-faersk-hundmat\/\">L\u00e4s hur du kommer ig\u00e5ng med att mata med f\u00e4rsk hundmat<\/a><\/span><\/p>\n\n<\/div>\n<\/div>\n<div id=\"faq-question-1612881691881\" class=\"rank-math-list-item\">\n<h3 class=\"rank-math-question \">Kan min valp \u00e4ta tillr\u00e4ckligt?<\/h3>\n<div class=\"rank-math-answer \">\n\n<p>Ja, det kan den utan problem Valpar kan \u00e4ta v\u00e5ra Delim\u00e5ltider fr\u00e5n 4 veckors \u00e5lder och v\u00e5ra Risottom\u00e5ltider fr\u00e5n 8 veckors \u00e5lder. Beroende p\u00e5 ras b\u00f6r en valp ha 5-8% av sin kroppsvikt. Kom ocks\u00e5 ih\u00e5g att komplettera med valptillskott. Du kan l\u00e4sa mer om <a class=\"rank-math-link\" href=\"https:\/\/maetpets.com\/sv\/hur-mycket-mat-ska-en-valp-ha\/\"><span style=\"text-decoration: underline\">valpmatning h\u00e4r<\/span><\/a> .<\/p>\n\n<\/div>\n<\/div>\n<div id=\"faq-question-1612881719597\" class=\"rank-math-list-item\">\n<h3 class=\"rank-math-question \">Kan min \u00e4ldre hund \u00e4ta M\u00c6T?<\/h3>\n<div class=\"rank-math-answer \">\n\n<p>Ja, M\u00c6T \u00e4r en komplett m\u00e5ltid, men sj\u00e4lvklart m\u00e5ste du komma ih\u00e5g att l\u00e4gga till de tillskott den \u00e5ldrande hunden beh\u00f6ver.<\/p>\n\n<\/div>\n<\/div>\n<div id=\"faq-question-1612881732506\" class=\"rank-math-list-item\">\n<h3 class=\"rank-math-question \">\u00c4r M\u00c6T r\u00e5\/BARF?<\/h3>\n<div class=\"rank-math-answer \">\n\n<p>Nej, M\u00c6T \u00e4r l\u00e4tt att tillaga, eftersom v\u00e5ra hundar kan absorbera upp till 86% av maten och alla bakterier elimineras under tillagningen. BARF av h\u00f6g kvalitet med k\u00f6tt och gr\u00f6nsaker \u00e4r ocks\u00e5 bra &#8211; och mycket b\u00e4ttre \u00e4n torrfoder &#8211; men M\u00c6T \u00e4r en komplett f\u00e4rdig m\u00e5ltid med alla n\u00e4rings\u00e4mnen som din hund beh\u00f6ver. Du tar bara ut korvarna ur kylsk\u00e5pet och matar din hund.<\/p>\n<p><a class=\"rank-math-link\" href=\"https:\/\/maetpets.com\/sv\/vad-aer-faerskt-hundmat\/\"><span style=\"text-decoration: underline\">L\u00e4s mer om v\u00e5rt f\u00e4rska hundfoder<\/span><\/a><\/p>\n\n<\/div>\n<\/div>\n<div id=\"faq-question-1612887303273\" class=\"rank-math-list-item\">\n<h3 class=\"rank-math-question \">var k\u00f6per man M\u00c6T?<\/h3>\n<div class=\"rank-math-answer \">\n\n<p>Du kan k\u00f6pa M\u00c6T i utvalda butiker, <a href=\"https:\/\/maetpets.com\/forhandlere\/\" data-type=\"page\" data-id=\"233411\"><span style=\"text-decoration: underline\">se hela \u00e5terf\u00f6rs\u00e4ljarlistan h\u00e4r<\/span><\/a> . Du kan \u00e4ven best\u00e4lla v\u00e5ra hundmatsl\u00e5dor h\u00e4r p\u00e5 sajten med hemleverans till din d\u00f6rr.<\/p>\n\n<\/div>\n<\/div>\n<div id=\"faq-question-1612887463553\" class=\"rank-math-list-item\">\n<h3 class=\"rank-math-question \">Hur byter man till M\u00c6T F\u00e4rsk hundmat?<\/h3>\n<div class=\"rank-math-answer \">\n\n<p>Det \u00e4r inga problem att byta fr\u00e5n annat hundfoder till M\u00c6T. Vi rekommenderar att du gradvis \u00f6kar m\u00e4ngden M\u00c6T varje dag samtidigt som du gradvis minskar det aktuella fl\u00f6det.<\/p>\n<p><span style=\"text-decoration: underline\"><a class=\"rank-math-link\" href=\"https:\/\/maetpets.com\/sv\/sv-hur-man-kommer-igaang-med-faersk-hundmat\/\">L\u00e4s hur du enkelt byter till f\u00e4rsk hundmat h\u00e4r<\/a><\/span><\/p>\n\n<\/div>\n<\/div>\n<div id=\"faq-question-1614594892684\" class=\"rank-math-list-item\">\n<h3 class=\"rank-math-question \">Vilken typ av M\u00c6T hundmat \u00e4r r\u00e4tt f\u00f6r min hund?<\/h3>\n<div class=\"rank-math-answer \">\n\n<p>M\u00c6T anser att f\u00e4rsk hundmat kan g\u00f6ra en enorm skillnad f\u00f6r din hunds h\u00e4lsa. Valet mellan v\u00e5ra olika k\u00f6ttrecept beror p\u00e5 dina och ditt husdjurs individuella behov och preferenser. Alla v\u00e5ra produkter \u00e4r l\u00e4mpliga f\u00f6r alla hundraser, det beror bara p\u00e5 dina personliga preferenser.<\/p>\n<p><a class=\"rank-math-link\" href=\"https:\/\/maetpets.com\/sv\/faersk-hundmat\/\"><span style=\"text-decoration: underline\">L\u00e4s mer om v\u00e5ra produkter<\/span><\/a><\/p>\n\n<\/div>\n<\/div>\n<div id=\"faq-question-1614594967127\" class=\"rank-math-list-item\">\n<h3 class=\"rank-math-question \">Hur ofta ska jag mata min hund?<\/h3>\n<div class=\"rank-math-answer \">\n\n<p>En matning\/m\u00e5ltid om dagen kan mycket v\u00e4l r\u00e4cka f\u00f6r en vuxen hund. Om din hund har en tendens att f\u00e5 halsbr\u00e4nna eller &#8220;kr\u00e4kas p\u00e5 fastande mage&#8221; \u00e4r det en bra id\u00e9 att dela upp maten i flera portioner och bjuda p\u00e5 den st\u00f6rsta av dem \u00f6ver natten. S\u00e5 l\u00e4nge den totala m\u00e4ngden mat inte blir f\u00f6r stor, vilket kan resultera i fetma, kan det l\u00e4tt bli fler matningstider under dagen.<\/p>\n<p>Ofta k\u00e4nner hund\u00e4gare intuitivt att det borde finnas fler matningstider, och hundar \u00e4lskar tanken p\u00e5 mer mat, vilket ofta resulterar i att de sitter och tigger vid bordet. <\/p>\n<p>Om du \u00e4r tveksam om r\u00e4tt m\u00e4ngd foder, s\u00e5 kan hundens livsstil och v\u00e4lm\u00e5ende ber\u00e4tta mer om detta. Du m\u00e5ste kunna k\u00e4nna revbenen under huden genom en mjuk ber\u00f6ring, och det f\u00e5r inte finnas ett tjockt lager fett ovanp\u00e5 rygg och rumpa.<\/p>\n<p>N\u00e5gra tumregler om anv\u00e4ndning av hundmat:<\/p>\n<p>\u2013 N\u00e4r det \u00e4r kallt ute f\u00f6rbrukar hundar mer energi \u00e4n n\u00e4r det \u00e4r varmt, vilket g\u00f6r att hundar \u00e4ter mer p\u00e5 vintern.<br \/>\u2013 Hormonaktivitet och graviditet p\u00e5verkar ocks\u00e5 konsumtion och aptit. <br \/>\u2013 Hundens aktivitetsniv\u00e5 tar naturligtvis ocks\u00e5 p\u00e5 energibehovet. En avslappnad soffhund beh\u00f6ver mindre mat \u00e4n en aktiv och energisk hund.<\/p>\n\n<\/div>\n<\/div>\n<div id=\"faq-question-1619594656360\" class=\"rank-math-list-item\">\n<h3 class=\"rank-math-question \">Hur l\u00e4nge h\u00e5ller korvarna n\u00e4r de \u00e4r o\u00f6ppnade?<\/h3>\n<div class=\"rank-math-answer \">\n\n<p>Vi v\u00e4rmer det f\u00e4rska hundfodret s\u00e5 att det kan st\u00e5 o\u00f6ppnat i max 3 m\u00e5nader fr\u00e5n produktionsdatum. N\u00e4r du har f\u00e5tt produkterna har de vanligtvis en livsl\u00e4ngd p\u00e5 mellan n\u00e5gra veckor och 1,5 m\u00e5nader.<\/p>\n<p>Produkterna h\u00e5ller sig f\u00e4rska i 2-3 dagar efter \u00f6ppnande och kylning. De ska alltid f\u00f6rvaras i kylsk\u00e5p, eftersom det inte tills\u00e4tts konstgjorda konserveringsmedel, f\u00e4rger eller smak\u00e4mnen. Du kan d\u00e4rf\u00f6r servera den f\u00e4rska hundmaten med gott samvete.<\/p>\n\n<\/div>\n<\/div>\n<div id=\"faq-question-1632474414127\" class=\"rank-math-list-item\">\n<h3 class=\"rank-math-question \">Kan man frysa M\u00c6T ?<\/h3>\n<div class=\"rank-math-answer \">\n\n<p>  Ja, du kan frysa f\u00e4rsk hundmat. S\u00e4rskilt delikatessbutiker \u00e4r bra f\u00f6r infrysning. Observera dock att mat inte f\u00e5r tinas mer \u00e4n en g\u00e5ng. D\u00e4rf\u00f6r rekommenderar vi att du delar upp maten i portioner innan du fryser in den &#8211; p\u00e5 s\u00e5 s\u00e4tt beh\u00f6ver du bara tina det du beh\u00f6ver.<\/p>\n<p>Konsumentr\u00e5det T\u00c6NK skriver att f\u00e4rdigr\u00e4tter kan ligga 1-3 m\u00e5nader i frysen, d\u00e4rf\u00f6r rekommenderar vi samma period f\u00f6r v\u00e5r hundmat.<\/p>\n\n<\/div>\n<\/div>\n<div id=\"faq-question-1631512159307\" class=\"rank-math-list-item\">\n<h3 class=\"rank-math-question \">Varf\u00f6r har era produkter kort h\u00e5llbarhet?<\/h3>\n<div class=\"rank-math-answer \">\n\n<p>Kort h\u00e5llbarhet \u00e4r bara ett exempel p\u00e5 att v\u00e5r mat \u00e4r f\u00e4rsk och av h\u00f6g kvalitet utan konserveringsmedel och d\u00e4rf\u00f6r m\u00e5ste \u00e4tas omedelbart. Precis som den l\u00e4ckra maten du k\u00f6per sj\u00e4lv s\u00e5 ska \u00e4ven v\u00e5r hundmat finnas i hundens mage direkt.<\/p>\n\n<\/div>\n<\/div>\n<div id=\"faq-question-1632063757768\" class=\"rank-math-list-item\">\n<h3 class=\"rank-math-question \">Vem har lagat\/komponerat era m\u00e5ltider?<\/h3>\n<div class=\"rank-math-answer \">\n\n<p>Vi har samarbetat med hundn\u00e4ringsexperter fr\u00e5n Helsingfors universitet som \u00e4r specialiserade p\u00e5 hundn\u00e4ring (MSc. Animal Science). <a href=\"https:\/\/maetpets.com\/sv\/vad-aer-faerskt-hundmat\/\"><span style=\"text-decoration: underline\">L\u00e4s mer om hur vi tillverkar f\u00e4rskt hundfoder h\u00e4r.<\/span><\/a><\/p>\n\n<\/div>\n<\/div>\n<\/div>\n<\/div><\/div><\/div>\n\n<p><\/p>\n\n<p><br\/>Om du fortfarande har fr\u00e5gor, v\u00e4nligen skicka ett e-postmeddelande till <a href=\"mailto:wuf@maetpets.com\">\n  <span style=\"text-decoration: underline;\">wuf@maetpets.com<\/span>\n<\/a> eller anv\u00e4nd v\u00e5r chatt p\u00e5 webbplatsen.<\/p>\n","protected":false},"excerpt":{"rendered":"<p>Leverans N\u00e4r levererar du? Vi levererar p\u00e5 onsdagar mellan 15-22. Om du best\u00e4ller f\u00f6re s\u00f6ndag 18:00 f\u00e5r du din leverans p\u00e5 onsdag. I annat fall f\u00e5r du din leverans p\u00e5&hellip;<\/p>\n","protected":false},"author":1,"featured_media":234718,"parent":0,"menu_order":0,"comment_status":"closed","ping_status":"closed","template":"","meta":{"inline_featured_image":false,"footnotes":""},"class_list":["post-235800","page","type-page","status-publish","has-post-thumbnail","hentry"],"_links":{"self":[{"href":"https:\/\/maetpets.com\/sv\/wp-json\/wp\/v2\/pages\/235800","targetHints":{"allow":["GET"]}}],"collection":[{"href":"https:\/\/maetpets.com\/sv\/wp-json\/wp\/v2\/pages"}],"about":[{"href":"https:\/\/maetpets.com\/sv\/wp-json\/wp\/v2\/types\/page"}],"author":[{"embeddable":true,"href":"https:\/\/maetpets.com\/sv\/wp-json\/wp\/v2\/users\/1"}],"replies":[{"embeddable":true,"href":"https:\/\/maetpets.com\/sv\/wp-json\/wp\/v2\/comments?post=235800"}],"version-history":[{"count":0,"href":"https:\/\/maetpets.com\/sv\/wp-json\/wp\/v2\/pages\/235800\/revisions"}],"wp:featuredmedia":[{"embeddable":true,"href":"https:\/\/maetpets.com\/sv\/wp-json\/wp\/v2\/media\/234718"}],"wp:attachment":[{"href":"https:\/\/maetpets.com\/sv\/wp-json\/wp\/v2\/media?parent=235800"}],"curies":[{"name":"wp","href":"https:\/\/api.w.org\/{rel}","templated":true}]}}