{"id":235250,"date":"2018-08-27T08:20:50","date_gmt":"2018-08-27T06:20:50","guid":{"rendered":"https:\/\/maetpets.com\/frisk-hundemad-lavet-af-laekre-raavarer-fra-nordiske-gaarde\/"},"modified":"2023-07-20T12:13:01","modified_gmt":"2023-07-20T10:13:01","slug":"faersk-hundmat-tillverkat-av-laeckra-raavaror-fraan-nordiska-gaardar","status":"publish","type":"page","link":"https:\/\/maetpets.com\/sv\/","title":{"rendered":"Hem"},"content":{"rendered":"<div class=\"wpb-content-wrapper\"><p>[vc_row full_width=&#8221;stretch_row&#8221; el_id=&#8221;home-slider-rad-div-1&#8243; el_class=&#8221;home-slider-row-div&#8221; css=&#8221;.vc_custom_1661684186733{background-color: rgba(255,255,255,0.01) !important;*background-color: rgb(255,255,255) !important;}&#8221;][vc_column]\n\t\t\t<!-- START Homepage 11 REVOLUTION SLIDER 6.7.40 --><p class=\"rs-p-wp-fix\"><\/p>\n\t\t\t<rs-module-wrap id=\"rev_slider_13_1_wrapper\" data-source=\"gallery\" style=\"visibility:hidden;background:transparent;padding:0;margin:0px auto;margin-top:0;margin-bottom:0;\">\n\t\t\t\t<rs-module id=\"rev_slider_13_1\" style=\"\" data-version=\"6.7.40\">\n\t\t\t\t\t<rs-slides style=\"overflow: hidden; position: absolute;\">\n\t\t\t\t\t\t<rs-slide style=\"position: absolute;\" data-key=\"rs-47\" data-title=\"Freja SV\" data-anim=\"adpr:false;ms:0ms;\" data-in=\"o:0;\" data-out=\"a:false;\">\n\t\t\t\t\t\t\t<img decoding=\"async\" src=\"\/\/maetpets.com\/wp-content\/plugins\/revslider\/sr6\/assets\/assets\/dummy.png\" alt=\"M\u00c6T Frisk hundemad abonnement med levering til d\u00f8ren\" title=\"M\u00c6T Hundemad online Freja\" width=\"1920\" height=\"1608\" class=\"rev-slidebg tp-rs-img rs-lazyload\" data-lazyload=\"\/\/maetpets.com\/wp-content\/uploads\/hundefroder-online-freja-maet.jpg\" data-bg=\"p:40% 55%;\" data-no-retina>\n<!--\n\t\t\t\t\t\t\t--><rs-layer\n\t\t\t\t\t\t\t\tid=\"slider-13-slide-47-layer-1\" \n\t\t\t\t\t\t\t\tdata-type=\"text\"\n\t\t\t\t\t\t\t\tdata-xy=\"xo:20px,56px,36px,20px;y:m;yo:-28px,-28px,-28px,-81px;\"\n\t\t\t\t\t\t\t\tdata-text=\"w:normal;s:60,60,60,46;l:70,70,70,50;a:inherit;\"\n\t\t\t\t\t\t\t\tdata-dim=\"w:657px,600px,577px,346px;\"\n\t\t\t\t\t\t\t\tdata-rsp_o=\"off\"\n\t\t\t\t\t\t\t\tdata-rsp_bd=\"off\"\n\t\t\t\t\t\t\t\tdata-frame_0=\"y:50px;\"\n\t\t\t\t\t\t\t\tdata-frame_1=\"e:power4.inOut;sp:2000;\"\n\t\t\t\t\t\t\t\tdata-frame_999=\"o:0;st:w;sR:7000;\"\n\t\t\t\t\t\t\t\tstyle=\"z-index:9;font-family:'Bebas Neue';\"\n\t\t\t\t\t\t\t>F\u00e4rsk hundmat av de b\u00e4sta r\u00e5varorna  \n\t\t\t\t\t\t\t<\/rs-layer><!--\n\n\t\t\t\t\t\t\t--><a\n\t\t\t\t\t\t\t\tid=\"slider-13-slide-47-layer-3\" \n\t\t\t\t\t\t\t\tclass=\"rs-layer rev-btn\"\n\t\t\t\t\t\t\t\thref=\"\/produkt\/hundemaaltidskasse-frisk-hundefoder-abonnement\/\" target=\"_self\"\n\t\t\t\t\t\t\t\tdata-type=\"button\"\n\t\t\t\t\t\t\t\tdata-color=\"#fff9f7\"\n\t\t\t\t\t\t\t\tdata-xy=\"xo:20px,56px,39px,22px;y:m;yo:82px,69px,62px,28px;\"\n\t\t\t\t\t\t\t\tdata-text=\"s:14,12,9,14;l:50,44,33,50;fw:600;a:center;\"\n\t\t\t\t\t\t\t\tdata-dim=\"w:231px,207px,157px,200px;h:50px,44px,33px,50px;\"\n\t\t\t\t\t\t\t\tdata-rsp_o=\"off\"\n\t\t\t\t\t\t\t\tdata-rsp_bd=\"off\"\n\t\t\t\t\t\t\t\tdata-padding=\"l:10,9,7,4;\"\n\t\t\t\t\t\t\t\tdata-border=\"bos:solid;boc:#ec5f43;bow:1,1,1,1;\"\n\t\t\t\t\t\t\t\tdata-frame_0=\"y:50px,44px,33px,20px;\"\n\t\t\t\t\t\t\t\tdata-frame_1=\"e:power2.inOut;sp:2000;\"\n\t\t\t\t\t\t\t\tdata-frame_999=\"o:0;st:w;sR:7010;\"\n\t\t\t\t\t\t\t\tdata-frame_hover=\"c:#ec5f43;bgc:#fff9f7;boc:#fff9f7;bor:16px,16px,16px,16px;bos:solid;bow:1,1,1,1;oX:50;oY:50;sp:400;e:none;\"\n\t\t\t\t\t\t\t\tstyle=\"z-index:10;background-color:#ec5f43;font-family:'Nunito';cursor:pointer;outline:none;box-shadow:none;box-sizing:border-box;-moz-box-sizing:border-box;-webkit-box-sizing:border-box;\"\n\t\t\t\t\t\t\t>PROVA M\u00c6T \n\t\t\t\t\t\t\t<\/a><!--\n-->\t\t\t\t\t<\/rs-slide>\n\t\t\t\t\t<\/rs-slides>\n\t\t\t\t\t<rs-static-layers><!--\n\t\t\t\t\t--><\/rs-static-layers>\n\t\t\t\t<\/rs-module>\n\t\t\t\t<script>\n\t\t\t\t\tsetREVStartSize({c: 'rev_slider_13_1',rl:[1240,1024,778,480],el:[620,620,620,720],gw:[1140,1024,778,480],gh:[620,620,620,720],type:'standard',justify:'',layout:'fullwidth',mh:\"0\"});if (window.RS_MODULES!==undefined && window.RS_MODULES.modules!==undefined && window.RS_MODULES.modules[\"revslider131\"]!==undefined) {window.RS_MODULES.modules[\"revslider131\"].once = false;window.revapi13 = undefined;if (window.RS_MODULES.checkMinimal!==undefined) window.RS_MODULES.checkMinimal()}\n\t\t\t\t<\/script>\n\t\t\t<\/rs-module-wrap>\n\t\t\t<!-- END REVOLUTION SLIDER -->\n[\/vc_column][\/vc_row][vc_row css=&#8221;.vc_custom_1668094588497{padding-top: 40px !important;padding-bottom: 30px !important;}&#8221;][vc_column width=&#8221;1\/3&#8243; css=&#8221;.vc_custom_1614628726626{padding-bottom: 20px !important;}&#8221; offset=&#8221;vc_col-xs-4&#8243;]<div class=\"konte-icon-box icon-type-image box-align-center   \">\n\t\t\t\t<div class=\"konte-icon-box__icon\"><img decoding=\"async\" alt=\"L\u00e4cker smak och doft\" src=\"https:\/\/maetpets.com\/wp-content\/uploads\/icon_1.png\"><\/div>\n\t\t\t\t<h4 class=\"konte-icon-box__title\" >L\u00e4cker smak och doft<\/h4>\n\t\t\t\t<div class=\"konte-icon-box__content\"><p>En fantastisk smak- och luktupplevelse f\u00f6r din hund<\/p>\n<\/div>\n\t\t\t<\/div>[\/vc_column][vc_column width=&#8221;1\/3&#8243; offset=&#8221;vc_col-xs-4&#8243;]<div class=\"konte-icon-box icon-type-image box-align-center   vc_custom_1668094818482\">\n\t\t\t\t<div class=\"konte-icon-box__icon\"><img decoding=\"async\" alt=\"Nordiska ingredienser\" src=\"https:\/\/maetpets.com\/wp-content\/uploads\/icon_2.png\"><\/div>\n\t\t\t\t<h4 class=\"konte-icon-box__title\" >Nordiska ingredienser<\/h4>\n\t\t\t\t<div class=\"konte-icon-box__content\"><p>F\u00e4rska r\u00e5varor utan konserveringsmedel<\/p>\n<\/div>\n\t\t\t<\/div>[\/vc_column][vc_column width=&#8221;1\/3&#8243; css=&#8221;.vc_custom_1614628713057{padding-bottom: 20px !important;}&#8221; offset=&#8221;vc_col-xs-4&#8243;]<div class=\"konte-icon-box icon-type-image box-align-center   \">\n\t\t\t\t<div class=\"konte-icon-box__icon\"><img decoding=\"async\" alt=\"Forskningsbaserad\" src=\"https:\/\/maetpets.com\/wp-content\/uploads\/icon_3.png\"><\/div>\n\t\t\t\t<h4 class=\"konte-icon-box__title\" >Forskningsbaserad<\/h4>\n\t\t\t\t<div class=\"konte-icon-box__content\"><p>F\u00f6rberedd av en hundn\u00e4ringsexpert<\/p>\n<\/div>\n\t\t\t<\/div>[\/vc_column][\/vc_row][vc_row full_width=&#8221;stretch_row&#8221; full_height=&#8221;yes&#8221; css=&#8221;.vc_custom_1678901328358{padding-top: 45px !important;padding-bottom: 30px !important;background-color: #173b30 !important;background-position: center !important;background-repeat: no-repeat !important;background-size: cover !important;}&#8221;][vc_column width=&#8221;5\/12&#8243;][vc_column_text]<\/p>\n<h2><span style=\"font-size: 50px; line-height: 1; color: #ffffff;\">F\u00e4rskt hundfoder med nordiska ingredienser<br \/>\n<\/span><\/h2>\n<p><span style=\"color: #ffffff;\">M\u00c6T fresh hundmat \u00e4r gjord av \u00e4kta k\u00f6tt och h\u00e4lsosamma gr\u00f6nsaker som l\u00e4tt tillagas med sous vide. V\u00e5ra l\u00e4ckra m\u00e5ltider inneh\u00e5ller allt din hund beh\u00f6ver &#8211; utan konserveringsmedel.<\/span><\/p>\n<p><span style=\"color: #ffffff;\">Vi tills\u00e4tter bara extra vitaminer och mineraler f\u00f6r att ge din hund en komplett m\u00e5ltid. F\u00e4rsk hundmat kan \u00e4tas av hundar i alla \u00e5ldrar och raser.<\/span>[\/vc_column_text]<a href=\"https:\/\/maetpets.com\/sv\/vad-aer-faerskt-hundmat\/\" title=\"Vad \u00e4r f\u00e4rsk hundmat\" class=\"konte-button button-normal text-default align-inline medium  keppel button square\">S\u00e5 h\u00e4r g\u00f6r vi f\u00e4rsk hundmat<\/a><div class=\"konte-empty-space \" style=\"height: 50px\"><\/div>[\/vc_column][vc_column width=&#8221;7\/12&#8243;][vc_single_image image=&#8221;234739&#8243; img_size=&#8221;full&#8221; alignment=&#8221;center&#8221;][\/vc_column][\/vc_row][vc_row full_width=&#8221;stretch_row_content_no_spaces&#8221; css=&#8221;.vc_custom_1605794777584{padding-top: 60px !important;background-color: #fff9f7 !important;}&#8221;][vc_column offset=&#8221;vc_col-lg-offset-1 vc_col-lg-10&#8243;][vc_custom_heading text=&#8221;En M\u00c6T hund \u00e4r en n\u00f6jd hund&#8221; font_container=&#8221;tag:h2|font_size:40|text_align:center|color:%232b1910&#8243; use_theme_fonts=&#8221;yes&#8221; css=&#8221;.vc_custom_1648471157092{padding-bottom: 30px !important;}&#8221;]<div class=\"konte-carousel konte-carousel--gap-40  konte-carousel--dots-center konte-carousel--arrows-center\" data-slick=\"{&quot;dots&quot;:true,&quot;arrows&quot;:true,&quot;infinite&quot;:true,&quot;slidesToShow&quot;:2,&quot;slidesToScroll&quot;:1}\" ><div class=\"konte-testimonial  \">\n\t\t\t\t<div class=\"konte-testimonial__photo\"><img decoding=\"async\" class=\"\" src=\"https:\/\/maetpets.com\/wp-content\/uploads\/odji-200x200.jpg\" width=\"200\" height=\"200\" alt=\"M\u00c6T Provpaket\" title=\"Odji\" loading=\"lazy\" \/><\/div>\n\t\t\t\t<div class=\"konte-testimonial__entry\">\n\t\t\t\t\t<div class=\"konte-testimonial__content\">\u2b50\ufe0f\u2b50\ufe0f\u2b50\ufe0f\u2b50\ufe0f\u2b50\ufe0f<\/p>\n<p>&#8220;Leveransupplevelsen var bara utm\u00e4rkt, b\u00e5de fr\u00e4schhet och arom i korvarna fick min hund att n\u00e4stan sv\u00e4lja maten och l\u00e4mnade sitt kompletta foder kvar i sk\u00e5len. Doseringsschema p\u00e5 hemsidan och korvarna dividerat med gram, det kunde inte bli enklare. Inget kr\u00e5ngel med att sk\u00e4ra ut ist\u00e4llet f\u00f6r att h\u00e4lla helt foder i en sk\u00e5l. Samt pris motsvarar vad jag kommer att f\u00e5 ge f\u00f6r all annan hundmat.<\/p>\n<p>Min hund ser fram emot varje enskild m\u00e5ltid och det \u00e4r fantastiskt att se. P\u00e4lsen, energin och m\u00e4ttnaden syns tydligt. Jag kan utan att ljuga s\u00e4ga att jag aldrig har sett min hund mer bekv\u00e4m.&#8221;<\/div>\n\t\t\t\t\t<div class=\"konte-testimonial__author\"><span class=\"konte-testimonial__name\">Stina<\/span><span class=\"konte-testimonial__author-separator\">-<\/span><span class=\"konte-testimonial__company\">Odji&#039;s \u00e4gare<\/span><\/div>\n\t\t\t\t<\/div>\n\t\t\t<\/div><div class=\"konte-testimonial  \">\n\t\t\t\t<div class=\"konte-testimonial__photo\"><img decoding=\"async\" class=\"\" src=\"https:\/\/maetpets.com\/wp-content\/uploads\/sep-200x200.jpg\" width=\"200\" height=\"200\" alt=\"sep\" title=\"sep\" loading=\"lazy\" \/><\/div>\n\t\t\t\t<div class=\"konte-testimonial__entry\">\n\t\t\t\t\t<div class=\"konte-testimonial__content\">\u2b50\ufe0f\u2b50\ufe0f\u2b50\ufe0f\u2b50\ufe0f\u2b50\ufe0f<\/p>\n<p>&#8220;Jag blev medveten om M\u00c6T via Instagram, och d\u00e5 hade jag aldrig h\u00f6rt talas om f\u00e4rsk hundmat f\u00f6rut. Men efter att noga ha l\u00e4st igenom ingredienserna noggrant (och kommit fram till att det bara var en bra r\u00e5vara!) gav jag M\u00c6T ett f\u00f6rs\u00f6k. Och det blev en stor succ\u00e9!<\/p>\n<p>Min sch\u00e4fer kan vara skeptisk n\u00e4r det kommer till nya livsmedel, men M\u00c6T halkade ner utan problem. Dessutom har deras Chicken Feast Risotto visat sig vara bra om magen pirrar lite ibland.&#8221;<\/div>\n\t\t\t\t\t<div class=\"konte-testimonial__author\"><span class=\"konte-testimonial__name\">Natascha<\/span><span class=\"konte-testimonial__author-separator\">-<\/span><span class=\"konte-testimonial__company\">\u00c4gare av Seps<\/span><\/div>\n\t\t\t\t<\/div>\n\t\t\t<\/div><div class=\"konte-testimonial  \">\n\t\t\t\t<div class=\"konte-testimonial__photo\"><img decoding=\"async\" class=\"\" src=\"https:\/\/maetpets.com\/wp-content\/uploads\/milo-melis-sandy-200x200.jpg\" width=\"200\" height=\"200\" alt=\"Milo &amp; Sandy\" title=\"Milo &amp; Sandy\" loading=\"lazy\" \/><\/div>\n\t\t\t\t<div class=\"konte-testimonial__entry\">\n\t\t\t\t\t<div class=\"konte-testimonial__content\">\u2b50\ufe0f\u2b50\ufe0f\u2b50\ufe0f\u2b50\ufe0f\u2b50\ufe0f<\/p>\n<p>\u201dN\u00e4r vi fick hem v\u00e5r gatuhund nummer 2 Milo fr\u00e5n Rum\u00e4nien k\u00e4mpade vi l\u00e4nge med hans otroligt d\u00e5liga och \u00f6mt\u00e5liga mage. Jag har l\u00e4nge letat efter en h\u00e4lsosam och n\u00e4ringsrik m\u00e5ltid som kan tillgodose alla n\u00f6dv\u00e4ndiga n\u00e4ringsbehov, och till min f\u00f6rv\u00e5ning blev den f\u00e4rska hundmaten en succ\u00e9. Idag anv\u00e4nder vi M\u00c6T till allt fr\u00e5n godis, fyllningar till kong och v\u00e5ra hundars dagliga m\u00e5ltider.<\/p>\n<p>Jag skriver v\u00e4ldigt s\u00e4llan rekommendationer om jag inte verkligen k\u00e4nner att det kan g\u00f6ra stor skillnad f\u00f6r andra frustrerade hund\u00e4gare som vi sj\u00e4lva en g\u00e5ng var. Det finns inga \u00e5taganden eller hokus pokus, det \u00e4r ren n\u00e4ringskunskap och rekommendationer fr\u00e5n oss.&#8221;<\/div>\n\t\t\t\t\t<div class=\"konte-testimonial__author\"><span class=\"konte-testimonial__name\">Melis<\/span><span class=\"konte-testimonial__author-separator\">-<\/span><span class=\"konte-testimonial__company\">Milo och Sandys \u00e4gare<\/span><\/div>\n\t\t\t\t<\/div>\n\t\t\t<\/div><\/div>[\/vc_column][\/vc_row][vc_row full_width=&#8221;stretch_row_content_no_spaces&#8221; gap=&#8221;10&#8243; css=&#8221;.vc_custom_1651342278803{padding-top: 60px !important;padding-bottom: 60px !important;background-color: #fff9f7 !important;}&#8221;][vc_column width=&#8221;6\/12&#8243;]\n\t\t\t<!-- START video Lenni REVOLUTION SLIDER 6.7.40 --><p class=\"rs-p-wp-fix\"><\/p>\n\t\t\t<rs-module-wrap id=\"rev_slider_3_2_wrapper\" data-source=\"gallery\" style=\"visibility:hidden;background:transparent;padding:0;margin:0px auto;margin-top:0;margin-bottom:0;\">\n\t\t\t\t<rs-module id=\"rev_slider_3_2\" style=\"\" data-version=\"6.7.40\">\n\t\t\t\t\t<rs-slides style=\"overflow: hidden; position: absolute;\">\n\t\t\t\t\t\t<rs-slide style=\"position: absolute;\" data-key=\"rs-8\" data-title=\"Slide\" data-anim=\"ms:0ms;r:0;\" data-in=\"o:0;\" data-out=\"a:false;\">\n\t\t\t\t\t\t\t<img decoding=\"async\" src=\"\/\/maetpets.com\/wp-content\/plugins\/revslider\/sr6\/assets\/assets\/dummy.png\" alt=\"\" title=\"Home\" class=\"rev-slidebg tp-rs-img rs-lazyload\" data-lazyload=\"\/\/maetpets.com\/wp-content\/plugins\/revslider\/sr6\/assets\/assets\/transparent.png\" data-no-retina>\n\t\t\t\t\t\t\t<rs-bgvideo \n\t\t\t\t\t\t\t\tdata-video=\"vc:none;w:100%;h:100%;nse:false;l:true;ptimer:false;\"\n\t\t\t\t\t\t\t\tdata-ytid=\"1IAgX4Q7BhQ\"\n\t\t\t\t\t\t\t\tdata-vatr=\"version=3&amp;enablejsapi=1&amp;html5=1&amp;hd=1&amp;wmode=opaque&amp;showinfo=0&amp;rel=0&amp;origin=https:\/\/maetpets.com;\"\n\t\t\t\t\t\t\t><\/rs-bgvideo>\n<!---->\t\t\t\t\t<\/rs-slide>\n\t\t\t\t\t<\/rs-slides>\n\t\t\t\t<\/rs-module>\n\t\t\t\t<script>\n\t\t\t\t\tsetREVStartSize({c: 'rev_slider_3_2',rl:[1240,1024,778,480],el:[740,768,960,720],gw:[1140,1024,778,480],gh:[740,768,960,720],type:'standard',justify:'',layout:'fullwidth',mh:\"0\"});if (window.RS_MODULES!==undefined && window.RS_MODULES.modules!==undefined && window.RS_MODULES.modules[\"revslider32\"]!==undefined) {window.RS_MODULES.modules[\"revslider32\"].once = false;window.revapi3 = undefined;if (window.RS_MODULES.checkMinimal!==undefined) window.RS_MODULES.checkMinimal()}\n\t\t\t\t<\/script>\n\t\t\t\t<script src=\"https:\/\/www.youtube.com\/iframe_api\"><\/script>\n\t\t\t<\/rs-module-wrap>\n\t\t\t<!-- END REVOLUTION SLIDER -->\n<div class=\"konte-empty-space \" style=\"height: 40px\"><\/div>[\/vc_column][vc_column width=&#8221;6\/12&#8243; css=&#8221;.vc_custom_1651342297089{padding-right: 10px !important;padding-left: 10px !important;}&#8221;][vc_custom_heading text=&#8221;Hundmatsl\u00e5da&#8221; font_container=&#8221;tag:h2|font_size:50|text_align:left|color:%232b1910&#8243; use_theme_fonts=&#8221;yes&#8221; css=&#8221;.vc_custom_1651316443730{margin-bottom: 30px !important;}&#8221;][vc_column_text]<\/p>\n<p class=\"lead\">F\u00e5 f\u00e4rsk hundmat levererad direkt till din d\u00f6rr.<\/p>\n<p>1\ufe0f\u20e3 <strong>Best\u00e4ll hundmat online<\/strong><br \/>\nProva M\u00c6Ts f\u00e4rska hundmat gjord p\u00e5 underbara, v\u00e4lsmakande och nordiska r\u00e5varor. B\u00f6rja din hunds resa mot ett h\u00e4lsosamt liv med h\u00f6g livskvalitet.<\/p>\n<p>2\ufe0f\u20e3 <strong>Ta emot regelbundna leveranser<\/strong><br \/>\nF\u00e5 regelbundna leveranser och undvik att \u00e5ka till aff\u00e4ren i sista minuten.<\/p>\n<p>3\ufe0f\u20e3 <strong>Koppla av och mys med din hund<\/strong><br \/>\nVi tar hand om resten. Du kan \u00e4ndra, skjuta upp eller pausa dina leveranser. Det kan inte bli enklare.[\/vc_column_text]<a href=\"https:\/\/maetpets.com\/sv\/matlaador\/\" class=\"konte-button button-normal text-default align-inline large  cabaret button square\">Prova M\u00c6T<\/a><div class=\"konte-empty-space \" style=\"height: 20px\"><\/div>[\/vc_column][\/vc_row][vc_row full_width=&#8221;stretch_row&#8221; css=&#8221;.vc_custom_1616831547784{padding-top: 60px !important;padding-bottom: 40px !important;}&#8221;][vc_column width=&#8221;5\/12&#8243;][vc_custom_heading text=&#8221;Fr\u00e5n hundf\u00f6r\u00e4ldrar till hundf\u00f6r\u00e4ldrar&#8221; font_container=&#8221;tag:h2|font_size:50|text_align:left|color:%232b1910&#8243; use_theme_fonts=&#8221;yes&#8221; css=&#8221;.vc_custom_1616831855564{margin-bottom: 30px !important;}&#8221;][vc_column_text]Vi \u00e4r hundf\u00f6r\u00e4ldrar som vill ge hundar de b\u00e4sta m\u00e5ltiderna baserat p\u00e5 f\u00e4rska r\u00e5varor och p\u00e5litlig information om hundarnas dagliga n\u00e4ringsbehov.<\/p>\n<p>V\u00e5r vision \u00e4r att sprida budskapet om f\u00e4rsk hundmat till hela Sverige.[\/vc_column_text]<a href=\"https:\/\/maetpets.com\/sv\/om-maet\/\" title=\"Om M\u00c6T\" class=\"konte-button button-normal text-default align-inline medium  cabaret button square\">Om M\u00c6T<\/a><div class=\"konte-empty-space \" style=\"height: 32px\"><\/div>[\/vc_column][vc_column width=&#8221;7\/12&#8243;][vc_single_image image=&#8221;234826&#8243; img_size=&#8221;full&#8221; alignment=&#8221;center&#8221;][\/vc_column][\/vc_row][vc_row full_width=&#8221;stretch_row&#8221; equal_height=&#8221;yes&#8221; content_placement=&#8221;middle&#8221; css=&#8221;.vc_custom_1651316605308{padding-top: 50px !important;padding-bottom: 20px !important;background-color: #f9f2ef !important;}&#8221; el_class=&#8221;partner-logos&#8221;][vc_column][vc_custom_heading text=&#8221;K\u00f6p online eller i utvalda butiker&#8221; font_container=&#8221;tag:h2|font_size:50|text_align:center|color:%232b1910&#8243; use_theme_fonts=&#8221;yes&#8221;][vc_custom_heading text=&#8221;Hitta n\u00e4rmaste \u00e5terf\u00f6rs\u00e4ljare av f\u00e4rsk hundmat&#8221; font_container=&#8221;tag:p|text_align:center&#8221; use_theme_fonts=&#8221;yes&#8221; css=&#8221;.vc_custom_1651316560716{padding-right: 50px !important;padding-bottom: 20px !important;padding-left: 50px !important;}&#8221; link=&#8221;url:https%3A%2F%2Fmaetpets.com%2Fsv%2Faaterfoersaeljare%2F|title:M%C3%86T%20%C3%85TERF%C3%96RS%C3%84LJARE|&#8221;]<p class=\"konte-button-wrapper text-center\"><a href=\"https:\/\/maetpets.com\/sv\/aaterfoersaeljare\/\" title=\"M\u00c6T \u00c5TERF\u00d6RS\u00c4LJARE\" class=\"konte-button button-normal text-default align-center large   button square\">Se \u00e5terf\u00f6rs\u00e4ljare<\/a><\/p>[\/vc_column][\/vc_row][vc_row full_width=&#8221;stretch_row&#8221; css=&#8221;.vc_custom_1606295919975{padding-top: 30px !important;background-color: #fff9f7 !important;}&#8221;][vc_column width=&#8221;1\/12&#8243; css=&#8221;.vc_custom_1605784949857{background-color: #fff9f7 !important;}&#8221;][\/vc_column][vc_column width=&#8221;10\/12&#8243;][vc_custom_heading text=&#8221;3 snabba om M\u00c6T&#8221; font_container=&#8221;tag:h2|text_align:center&#8221; use_theme_fonts=&#8221;yes&#8221;][vc_toggle title=&#8221;Vad \u00e4r M\u00c6T f\u00e4rsk hundmat?&#8221;]M\u00c6T f\u00e4rsk hundmat best\u00e5r av f\u00e4rskt k\u00f6tt och gr\u00f6nsaker av h\u00f6g kvalit\u00e9 som kommer fr\u00e5n nordiska g\u00e5rdar. Maten inneh\u00e5ller inga konstgjorda konserveringsmedel, f\u00e4rg- eller smak\u00e4mnen.<\/p>\n<p>Vi har tillagat hundmaten milt (sous vide) s\u00e5 att det \u00e4r l\u00e4ttare f\u00f6r hunden att uppta i kroppen. Den f\u00e4rska maten f\u00f6rvaras i kylen tills det \u00e4r dags att \u00e4ta.[\/vc_toggle][vc_toggle title=&#8221;Vad kostar M\u00c6T f\u00e4rsk hundmat?&#8221;]<span style=\"font-weight: 400;\">Om du vill komma ig\u00e5ng med f\u00e4rsk hundmat rekommenderar vi att du best\u00e4ller v\u00e5r vanliga <a href=\"https:\/\/maetpets.com\/sv\/produkt\/hundmatslaada-hundmat-prenumeration\/\"><br \/>\n  <span style=\"text-decoration: underline;\">hundmatl\u00e5da<\/span><br \/>\n<\/a>. Den kostar fr\u00e5n 361 kr plus frakt.<br \/>\n<\/span><\/p>\n<p>Du kan ocks\u00e5 v\u00e4lja att <span style=\"text-decoration: underline;\"><br \/>\n  <a href=\"https:\/\/maetpets.com\/sv\/faersk-hundmat\/\">k\u00f6pa produkterna individuellt<\/a><br \/>\n<\/span> f\u00f6r 39 kr plus frakt, eller som ett <a href=\"https:\/\/maetpets.com\/sv\/produkt\/startpaket-hundmat-online\/\"><br \/>\n  <span style=\"text-decoration: underline;\">testpaket<\/span><br \/>\n<\/a> f\u00f6r 99 kr.[\/vc_toggle][vc_toggle title=&#8221;Var kan jag k\u00f6pa M\u00c6T?&#8221;]Du kan k\u00f6pa M\u00c6T f\u00e4rsk hundmat <span style=\"text-decoration: underline;\"><a href=\"https:\/\/maetpets.com\/sv\/faersk-hundmat\/\">online h\u00e4r p\u00e5 webbplatsen<\/a><\/span>. Best\u00e4ll en <span style=\"text-decoration: underline;\"><br \/>\n  <a href=\"https:\/\/maetpets.com\/sv\/produkt\/hundmatslaada-hundmat-prenumeration\/\">box med fast hundmat f\u00f6r hundar<\/a><br \/>\n<\/span>, a <span style=\"text-decoration: underline;\"><br \/>\n  <a href=\"https:\/\/maetpets.com\/sv\/produkt\/startpaket-hundmat-online\/\">provf\u00f6rpackning<\/a><br \/>\n<\/span> eller k\u00f6p fr\u00e5n v\u00e5r <span style=\"text-decoration: underline;\"><br \/>\n  <a href=\"https:\/\/maetpets.com\/sv\/aaterfoersaeljare\/\">\u00e5terf\u00f6rs\u00e4ljare.<\/a><br \/>\n<\/span>[\/vc_toggle][\/vc_column][vc_column width=&#8221;1\/12&#8243;][\/vc_column][\/vc_row]<\/p>\n<\/div>","protected":false},"excerpt":{"rendered":"<p>[vc_row full_width=&#8221;stretch_row&#8221; el_id=&#8221;home-slider-rad-div-1&#8243; el_class=&#8221;home-slider-row-div&#8221; css=&#8221;.vc_custom_1661684186733{background-color: rgba(255,255,255,0.01) !important;*background-color: rgb(255,255,255) !important;}&#8221;][vc_column][\/vc_column][\/vc_row][vc_row css=&#8221;.vc_custom_1668094588497{padding-top: 40px !important;padding-bottom: 30px !important;}&#8221;][vc_column width=&#8221;1\/3&#8243; css=&#8221;.vc_custom_1614628726626{padding-bottom: 20px !important;}&#8221; offset=&#8221;vc_col-xs-4&#8243;][\/vc_column][vc_column width=&#8221;1\/3&#8243; offset=&#8221;vc_col-xs-4&#8243;][\/vc_column][vc_column width=&#8221;1\/3&#8243; css=&#8221;.vc_custom_1614628713057{padding-bottom: 20px !important;}&#8221; offset=&#8221;vc_col-xs-4&#8243;][\/vc_column][\/vc_row][vc_row full_width=&#8221;stretch_row&#8221; full_height=&#8221;yes&#8221; css=&#8221;.vc_custom_1678901328358{padding-top: 45px&hellip;<\/p>\n","protected":false},"author":1,"featured_media":267523,"parent":0,"menu_order":0,"comment_status":"closed","ping_status":"closed","template":"","meta":{"inline_featured_image":false,"footnotes":""},"class_list":["post-235250","page","type-page","status-publish","has-post-thumbnail","hentry"],"_links":{"self":[{"href":"https:\/\/maetpets.com\/sv\/wp-json\/wp\/v2\/pages\/235250","targetHints":{"allow":["GET"]}}],"collection":[{"href":"https:\/\/maetpets.com\/sv\/wp-json\/wp\/v2\/pages"}],"about":[{"href":"https:\/\/maetpets.com\/sv\/wp-json\/wp\/v2\/types\/page"}],"author":[{"embeddable":true,"href":"https:\/\/maetpets.com\/sv\/wp-json\/wp\/v2\/users\/1"}],"replies":[{"embeddable":true,"href":"https:\/\/maetpets.com\/sv\/wp-json\/wp\/v2\/comments?post=235250"}],"version-history":[{"count":0,"href":"https:\/\/maetpets.com\/sv\/wp-json\/wp\/v2\/pages\/235250\/revisions"}],"wp:featuredmedia":[{"embeddable":true,"href":"https:\/\/maetpets.com\/sv\/wp-json\/wp\/v2\/media\/267523"}],"wp:attachment":[{"href":"https:\/\/maetpets.com\/sv\/wp-json\/wp\/v2\/media?parent=235250"}],"curies":[{"name":"wp","href":"https:\/\/api.w.org\/{rel}","templated":true}]}}