{"id":255700,"date":"2022-09-10T12:57:51","date_gmt":"2022-09-10T10:57:51","guid":{"rendered":"https:\/\/maetpets.com\/product\/vita-petz-kosttilskudd-til-valper\/"},"modified":"2023-09-14T15:42:36","modified_gmt":"2023-09-14T13:42:36","slug":"vita-petz-kosttilskudd-til-valper","status":"publish","type":"product","link":"https:\/\/maetpets.com\/no\/produkt\/vita-petz-kosttilskudd-til-valper\/","title":{"rendered":"Vita Petz &#8211; Kosttilskudd til valper"},"content":{"rendered":"<div class=\"wpb-content-wrapper\"><p>[vc_row][vc_column][vc_column_text]<\/p>\n<h2>Anbefalt daglig dosering<\/h2>\n<p>I l\u00f8pet av de f\u00f8rste 2 ukene, tilsett 5 % BARF BALANCE &#8211; VALP til alle m\u00e5ltider av mengden av m\u00e5ltidet. Eks. Tilsett 1 m\u00e5leskje til 100 g ferskt hundemat. Du kan deretter halvere dosen. Medf\u00f8lgende m\u00e5leskje inneholder 5 gram (glattet) Anbefales i hundens valpestadium, spesielt de f\u00f8rste 3 m\u00e5nedene.<\/p>\n<p>For \u00e5 st\u00f8tte valpens mage-tarmsystem i overgangsfasen til BARF kan du legge til symbiotisk<strong> <\/strong>i en periode p\u00e5 2-4 uker, eller i 2 uker etter 1. vaksinasjon.[\/vc_column_text][vc_column_text]<\/p>\n<h2><strong>N\u00e6ringsinnhold<\/strong><\/h2>\n<p><strong>Innhold<\/strong>: Fr\u00f8blanding (linfr\u00f8, nigella, psyllium, melketistel, fennikel, bukkehornkl\u00f8ver, anis), bladgr\u00f8nnsaker (spinat, persille, hvetegress, moringa, basilikum) algeblanding (tare, spirulina, chlorella), koralllime, urteblanding (alfalfa) , hvitl\u00f8k, gylden ris, blandet johannesurt, brennesle, l\u00f8vetann, olivenblad, ryllik, Ager kjerringrokk, hindeastragel, plantain, kamille, oregano, timian, rosmarin, ginseng, paprika) Rotfrukter (gulrot, gurkemeie, burdock rot, Sikorirot, ingef\u00e6r), kokosn\u00f8tt, fermentert n\u00e6ringsgj\u00e6r, b\u00e6rblanding (nype, schisandra, tindved, chokeberry), solsikkelecitin, gr\u00f8nnleppet bl\u00e5skjell, Bio MSM, r\u00e5melk (kumelk), silika, montmorillonitt, beta-glukan, FOS\/MOS og naturlige ford\u00f8yelsesenzymer.<\/p>\n<p>Alle ingrediensene er av human food grade. <strong>Utviklet og produsert i Danmark<\/strong> \ud83c\udde9\ud83c\uddf0 med fokus p\u00e5 \u00f8kologi og gode r\u00e5varer.<\/p>\n<p><strong>Analyse<\/strong> : Kostfiber 18 %, mineraler 25,5 %, protein 13 %, fett 6,5 %, kalsium 8,5 %. Fosfor 0,45 %. Ca\/P 19:1<\/p>\n<p><strong>N\u00e6ringsstoffer<\/strong> : Vitamin A, B, C, D, E, K, mineraler, spormineraler, aminosyrer, Omega-3, Omega-6, Omega-9, EPA\/DHA\/GLA, klorofyll, astaxanthin, lutein, beta-glukan , FOS , MOS og naturlige ford\u00f8yelsesenzymer.<\/p>\n<p><strong>Tilsetningsstoffer<\/strong> : Ingen kunstige vitaminer eller mineraler.<\/p>\n<p><strong>Fysisk form<\/strong> : Pulver<\/p>\n<p><strong>Emballasje<\/strong> : 400g i matgodkjent emballasje.<\/p>\n<p><strong>Oppbevaring<\/strong> : T\u00f8rr og ved romtemperatur eller lavere i lukket emballasje.<\/p>\n<p><strong>Indikasjoner<\/strong> : Ingen kjente<\/p>\n<p>Produktet er et f\u00f4rtilskudd for hunder \u2013 ikke et legemiddel. Kontakt din veterin\u00e6r eller f\u00f8rer hvis du er i tvil om hundens helse.[\/vc_column_text][\/vc_column][\/vc_row]<\/p>\n<\/div>","protected":false},"excerpt":{"rendered":"<p>Vita Petz har utviklet BARF BALANCE &#8211; PUPPY, som et skreddersydd kosttilskudd som supplerer v\u00e5r ferske hundemat med kostfiber, vitaminer, mineraler og sporstoffer.<\/p>\n<p>I hundens f\u00f8rste og kritiske liv er det viktig \u00e5 tilf\u00f8re n\u00e6ringsstoffer som styrker utviklingen av organer, bein, sanser, nerver og ikke minst immunforsvaret.<\/p>\n<p>BARF BALANCE-PUPPY inneholder n\u00e6ringsstoffer som valpen trenger. Gjenspeiler hundens naturlige kosthold av urter, b\u00e6r, fr\u00f8 og gr\u00f8nt, som den ogs\u00e5 ville f\u00e5tt fra naturen.<\/p>\n<ul>\n<li>Naturlige urter, fr\u00f8, alger, rotgr\u00f8nnsaker og bladgr\u00f8nt.<\/li>\n<li>100 % naturlig og med vilth\u00f8stede og \u00f8kologiske r\u00e5varer.<\/li>\n<\/ul>\n","protected":false},"featured_media":246581,"comment_status":"open","ping_status":"closed","template":"","meta":{"inline_featured_image":false},"product_brand":[],"product_cat":[1085],"product_tag":[],"class_list":{"0":"post-255700","1":"product","2":"type-product","3":"status-publish","4":"has-post-thumbnail","6":"product_cat-kosttilskudd-for-hunder","7":"product_shipping_class-post-no","9":"first","10":"instock","11":"taxable","12":"shipping-taxable","13":"purchasable","14":"product-type-simple"},"composite_virtual":false,"composite_layout":"","composite_add_to_cart_form_location":"","composite_editable_in_cart":false,"composite_sold_individually_context":"","composite_shop_price_calc":"","composite_components":[],"composite_scenarios":[],"bundled_by":["254833"],"bundle_stock_status":"instock","bundle_stock_quantity":6,"bundle_virtual":false,"bundle_layout":"","bundle_add_to_cart_form_location":"","bundle_editable_in_cart":false,"bundle_sold_individually_context":"","bundle_item_grouping":"","bundle_min_size":"","bundle_max_size":"","bundle_price":[],"bundled_items":[],"bundle_sell_ids":[],"_links":{"self":[{"href":"https:\/\/maetpets.com\/no\/wp-json\/wp\/v2\/product\/255700","targetHints":{"allow":["GET"]}}],"collection":[{"href":"https:\/\/maetpets.com\/no\/wp-json\/wp\/v2\/product"}],"about":[{"href":"https:\/\/maetpets.com\/no\/wp-json\/wp\/v2\/types\/product"}],"replies":[{"embeddable":true,"href":"https:\/\/maetpets.com\/no\/wp-json\/wp\/v2\/comments?post=255700"}],"wp:featuredmedia":[{"embeddable":true,"href":"https:\/\/maetpets.com\/no\/wp-json\/wp\/v2\/media\/246581"}],"wp:attachment":[{"href":"https:\/\/maetpets.com\/no\/wp-json\/wp\/v2\/media?parent=255700"}],"wp:term":[{"taxonomy":"product_brand","embeddable":true,"href":"https:\/\/maetpets.com\/no\/wp-json\/wp\/v2\/product_brand?post=255700"},{"taxonomy":"product_cat","embeddable":true,"href":"https:\/\/maetpets.com\/no\/wp-json\/wp\/v2\/product_cat?post=255700"},{"taxonomy":"product_tag","embeddable":true,"href":"https:\/\/maetpets.com\/no\/wp-json\/wp\/v2\/product_tag?post=255700"}],"curies":[{"name":"wp","href":"https:\/\/api.w.org\/{rel}","templated":true}]}}