{"id":254845,"date":"2022-09-25T21:37:14","date_gmt":"2022-09-25T19:37:14","guid":{"rendered":"https:\/\/maetpets.com\/product\/relegatei-for-hunder-bomull-hantel\/"},"modified":"2023-09-18T14:10:08","modified_gmt":"2023-09-18T12:10:08","slug":"relegatei-for-hunder-bomull-hantel","status":"publish","type":"product","link":"https:\/\/maetpets.com\/no\/produkt\/relegatei-for-hunder-bomull-hantel\/","title":{"rendered":"Dumbbell &#8211; Rope Toy"},"content":{"rendered":"<div class=\"wpb-content-wrapper\"><p>[vc_row][vc_column][vc_column_text]<\/p>\n<h2>Tauleker for hunder<\/h2>\n<p>Hvis du leter etter en tyggeleke som vil gi hunden din b\u00e5de trening og underholdning, b\u00f8r du vurdere \u00e5 kj\u00f8pe et tautyggleke. Tauleker er enkle \u00e5 rydde opp etter at hunden din er ferdig med \u00e5 tygge p\u00e5 dem, og de har ogs\u00e5 en tendens til \u00e5 vare lenger enn andre typer tygger.<\/p>\n<h2>Tautrekking med hunden din<\/h2>\n<p class=\"editor-paragraph\" dir=\"ltr\">Leter du etter en m\u00e5te \u00e5 holde din pelskledde venn underholdt og glad? Da er tauleker for hunder akkurat tingen! Disse pote-lignende lekekameratene er ikke bare en godbit for hunden din, men gir ogs\u00e5 mange fordeler for dens generelle velv\u00e6re. Fra \u00e5 styrke tennene og tannkj\u00f8ttet til \u00e5 stimulere sinnet \u2013 taulker gir uendelige timer med moro og spenning.<\/p>\n<p>[\/vc_column_text][\/vc_column][\/vc_row]<\/p>\n<\/div>","protected":false},"excerpt":{"rendered":"<p>Et morsomt tauleket\u00f8y for hunder formet som manualer. Slitesterk bomulls- og juteblandet tau med flettede kuler i begge ender. Perfekt motivasjonsleke for mellomstore og store hunder. Lengde 60 cm.<\/p>\n","protected":false},"featured_media":256426,"comment_status":"open","ping_status":"closed","template":"","meta":{"inline_featured_image":false},"product_brand":[],"product_cat":[965,659],"product_tag":[],"class_list":{"0":"post-254845","1":"product","2":"type-product","3":"status-publish","4":"has-post-thumbnail","6":"product_cat-tau-leker","7":"product_cat-aktivitetslek-no","8":"product_shipping_class-post-no","10":"first","11":"instock","12":"taxable","13":"shipping-taxable","14":"purchasable","15":"product-type-simple"},"composite_virtual":false,"composite_layout":"","composite_add_to_cart_form_location":"","composite_editable_in_cart":false,"composite_sold_individually_context":"","composite_shop_price_calc":"","composite_components":[],"composite_scenarios":[],"bundled_by":["254863"],"bundle_stock_status":"instock","bundle_stock_quantity":62,"bundle_virtual":false,"bundle_layout":"","bundle_add_to_cart_form_location":"","bundle_editable_in_cart":false,"bundle_sold_individually_context":"","bundle_item_grouping":"","bundle_min_size":"","bundle_max_size":"","bundle_price":[],"bundled_items":[],"bundle_sell_ids":[],"_links":{"self":[{"href":"https:\/\/maetpets.com\/no\/wp-json\/wp\/v2\/product\/254845","targetHints":{"allow":["GET"]}}],"collection":[{"href":"https:\/\/maetpets.com\/no\/wp-json\/wp\/v2\/product"}],"about":[{"href":"https:\/\/maetpets.com\/no\/wp-json\/wp\/v2\/types\/product"}],"replies":[{"embeddable":true,"href":"https:\/\/maetpets.com\/no\/wp-json\/wp\/v2\/comments?post=254845"}],"wp:featuredmedia":[{"embeddable":true,"href":"https:\/\/maetpets.com\/no\/wp-json\/wp\/v2\/media\/256426"}],"wp:attachment":[{"href":"https:\/\/maetpets.com\/no\/wp-json\/wp\/v2\/media?parent=254845"}],"wp:term":[{"taxonomy":"product_brand","embeddable":true,"href":"https:\/\/maetpets.com\/no\/wp-json\/wp\/v2\/product_brand?post=254845"},{"taxonomy":"product_cat","embeddable":true,"href":"https:\/\/maetpets.com\/no\/wp-json\/wp\/v2\/product_cat?post=254845"},{"taxonomy":"product_tag","embeddable":true,"href":"https:\/\/maetpets.com\/no\/wp-json\/wp\/v2\/product_tag?post=254845"}],"curies":[{"name":"wp","href":"https:\/\/api.w.org\/{rel}","templated":true}]}}