{"id":254834,"date":"2022-09-10T00:01:03","date_gmt":"2022-09-09T22:01:03","guid":{"rendered":"https:\/\/maetpets.com\/product\/griseoerer-for-hunder\/"},"modified":"2023-09-14T15:32:30","modified_gmt":"2023-09-14T13:32:30","slug":"griseoerer-for-hunder","status":"publish","type":"product","link":"https:\/\/maetpets.com\/no\/produkt\/griseoerer-for-hunder\/","title":{"rendered":"Svine\u00f8rer (5 stk)"},"content":{"rendered":"<div class=\"wpb-content-wrapper\"><p>[vc_row][vc_column][vc_column_text]<\/p>\n<h2>M\u00c6T Grise\u00f8rer for hunder<\/h2>\n<ul>\n<li><strong>00% Naturlig:<\/strong> Grise\u00f8rene v\u00e5re er laget uten tilsetningsstoffer eller konserveringsmidler, noe som gir hunden din en ren og naturlig tyggeopplevelse.<\/li>\n<li><strong>Delikat og velsmakende:<\/strong> Grisens \u00f8rer tilbyr en delikat smaksopplevelse som vil glede selv den mest kresne hunden.<\/li>\n<li><strong>Tennrengj\u00f8ring:<\/strong> Tyggeprosessen bidrar til \u00e5 redusere plakk og tannstein, noe som fremmer god munnhygiene og frisk pust.<\/li>\n<li><strong>Kvalitetssikret:<\/strong> V\u00e5re produkter g\u00e5r gjennom strenge kvalitetskontroller for \u00e5 sikre at du kun gir det beste til hunden din.<\/li>\n<\/ul>\n<p>Grise\u00f8rer kan v\u00e6re et godt alternativ for hundeeiere som leter etter en sunn, langvarig tyggemat til sine beste venner. Grise\u00f8rer er imidlertid ikke riktig for alle hunder, s\u00e5 det er viktig \u00e5 vurdere alle faktorer f\u00f8r du gir hunden din et grise\u00f8re \u00e5 tygge p\u00e5.<\/p>\n<h2>Fordelene med \u00e5 mate grise\u00f8rer<\/h2>\n<p>Grise\u00f8rer er en godbit med \u00e9n ingrediens, noe som betyr at de er ideelle for hunder med diettbegrensninger eller matf\u00f8lsomhet. Det er lett \u00e5 vite n\u00f8yaktig hva du mater din elskede f\u00f8lgesvenn n\u00e5r det bare er \u00e9n ingrediens \u00e5 bekymre seg for.<\/p>\n<p>S\u00e5 lenge du kj\u00f8per svine\u00f8rer av h\u00f8y kvalitet fra en anerkjent kilde, kan du v\u00e6re sikker p\u00e5 at de er fri for kjemikalier og tilsetningsstoffer som kan for\u00e5rsake ford\u00f8yelsesbesv\u00e6r.<\/p>\n<p>&nbsp;<\/p>\n<h3>Ern\u00e6ringsmessige fordeler<\/h3>\n<p>Grise\u00f8rer er laget av brusk, noe som betyr at de er en mykere tyggebit som er ideell for de fleste hunder. Enten du har en valp, en senior eller en hund med tannproblemer, er grise\u00f8rer langvarige, men enkle \u00e5 tygge.<\/p>\n<p>Grise\u00f8rer er ogs\u00e5 en utmerket kilde til glukosamin og kondroitin, som kan bidra til \u00e5 lindre smertefulle leddtilstander som slitasjegikt. Disse ingrediensene bidrar ogs\u00e5 til sunne tenner, tannkj\u00f8tt og hud.<\/p>\n<p>Det h\u00f8ye proteininnholdet i grise\u00f8rer, rundt 69 %, vil bidra til at hunden din utvikler sterke muskler og en sunn pels og hud. De er ogs\u00e5 en god kilde til essensielle aminosyrer.<\/p>\n<p>&nbsp;<\/p>\n<h3>Atferdsmessige fordeler<\/h3>\n<p>Tygge p\u00e5 et produkt som f.eks Grise\u00f8rer gir hunden din mange fordeler. Avhengig av hundens st\u00f8rrelse og tyggeevne, kan et grise\u00f8re vare alt fra noen f\u00e5 minutter til flere timer.<\/p>\n<p>Noen selskaper selger ogs\u00e5 grise\u00f8rer som er trimmet i mindre biter eller skiver for \u00e5 im\u00f8tekomme spesielt sm\u00e5 hunder, eldre, valper eller en hvilken som helst hund med begrenset tyggeevne.<\/p>\n<p>Ikke bare er tygging en fin m\u00e5te \u00e5 holde hunden din unna problemer, men det er ogs\u00e5 mentalt stimulerende. Mental stimulering er n\u00f8kkelen til \u00e5 forhindre utvikling av d\u00e5rlige vaner skapt av kjedsomhet, spesielt n\u00e5r det kombineres med passende fysisk trening.<\/p>\n<p>Mental stimulering er spesielt viktig for hunder med begrenset bevegelighet, som unge valper, eldre hunder og de med fysiske begrensninger. Kroppene deres er kanskje ikke i stand til \u00e5 h\u00e5ndtere anstrengende fysiske aktiviteter, men tygging vil bidra til \u00e5 holde sinn og kropp okkupert uten ubehag.<\/p>\n<p>&nbsp;<\/p>\n<h3>Helsefordeler<\/h3>\n<p>Foruten tilfredsstillelsen av \u00e5 tygge, kan grise\u00f8rer hjelpe til med \u00e5 skrape bort plakk og tannstein. Sammen med vanlig veterin\u00e6rtannpleie kan grise\u00f8rer bidra til \u00e5 holde hundens tenner rene og forhindre tannsykdommer.<\/p>\n<p>Til slutt, grise\u00f8rer er ogs\u00e5 relativt rimelige sammenlignet med andre h\u00f8ykvalitets tygger som b\u00f8llepinner eller ku\u00f8rer, spesielt hvis du er i stand til \u00e5 kj\u00f8pe dem i bulk.<\/p>\n<p>&nbsp;<\/p>\n<h2>Ulemper med \u00e5 f\u00f4re grise\u00f8rer til hunder<\/h2>\n<h3>H\u00f8yere fettinnhold enn for eksempel kyllingsnacks<\/h3>\n<p>En av de st\u00f8rste ulempene med \u00e5 mate hunden din med grise\u00f8rer er kaloriinnholdet. Grise\u00f8rer er ganske store godbiter med et ganske h\u00f8yt fettinnhold. Moderasjon er n\u00f8kkelen n\u00e5r det gjelder denne typen godbiter.<\/p>\n<p>Gjennomsnittlig grise\u00f8re inneholder omtrent 70 kalorier. Selv om det kanskje ikke virker s\u00e5 mye, kan det v\u00e6re en stor del av en liten hunds daglige kaloritildeling. For \u00e5 forhindre vekt\u00f8kning anbefales det \u00e5 mate grise\u00f8rer bare en eller to ganger i uken, avhengig av hundens st\u00f8rrelse.<\/p>\n<p>Det h\u00f8yere fettinnholdet kan ogs\u00e5 v\u00e6re et problem for hunder som trenger en diett med lavt fettinnhold. Svinekj\u00f8tt regnes vanligvis ikke som et fettfattig f\u00f4r, s\u00e5 hvis hunden din trenger minimalt med fett i kosten av en eller annen grunn, kan det v\u00e6re best \u00e5 velge en tyggekost laget av en annen type protein.<\/p>\n<h2>Kj\u00f8p naturlige grise\u00f8rer for hunder i dag<\/h2>\n<p>Unn hunden din ren og naturlig tyggemoro. Kj\u00f8p M\u00c6T Natural Pig Ears for Dogs i dag og gi din beste venn en smakfull og sunn tyggeopplevelse.[\/vc_column_text][\/vc_column][\/vc_row]<\/p>\n<\/div>","protected":false},"excerpt":{"rendered":"<p>Natural Pig Ears For Dogs &#8211; en uimotst\u00e5elig, naturlig tygge som tilfredsstiller hundens tyggebehov p\u00e5 en sunn og delikat m\u00e5te. Grise\u00f8rene v\u00e5re er n\u00f8ye utvalgt og t\u00f8rket for \u00e5 beholde den saftige smaken og den n\u00f8dvendige teksturen som hunden din vil elske.<\/p>\n<ul>\n<li>De renser hundens tenner og styrker tannkj\u00f8ttet, tannkj\u00f8ttet og kjevene.<\/li>\n<li><span style=\"font-weight: 400;\">Grise\u00f8rer av h\u00f8y kvalitet inneholder mye energi.<\/span><\/li>\n<li>Gi dem n\u00e5r du vil holde hunden opptatt med noe fint i lang tid.<\/li>\n<li>M\u00c6T grise\u00f8rer for hunder er rene naturprodukter. Selvf\u00f8lgelig helt uten tilsetningsstoffer og Ingen konserveringsmidler.<\/li>\n<li>Alle produktene er selvf\u00f8lgelig renset, t\u00f8rket og varmebehandlet.<\/li>\n<\/ul>\n<div class=\"short-description\">\n<div class=\"std\">\n<p>Grise\u00f8rer gir stor glede for mange hunder og er ofte en hunds favoritt. La hunden din smake p\u00e5 grise\u00f8rene v\u00e5re &#8211; han vil elske dem alle. Med garanti.<\/p>\n<p><b>Innhold:<\/b> 5 stk. t\u00f8rkede grise\u00f8rer fra Polen<\/p>\n<\/div>\n<\/div>\n","protected":false},"featured_media":258094,"comment_status":"open","ping_status":"closed","template":"","meta":{"inline_featured_image":false},"product_brand":[],"product_cat":[983,672],"product_tag":[985],"class_list":{"0":"post-254834","1":"product","2":"type-product","3":"status-publish","4":"has-post-thumbnail","6":"product_cat-naturlig-hundesnacks","7":"product_cat-hundesnacks-og-godbiter","8":"product_tag-hundesnacks-med-gris","9":"product_shipping_class-post-no","11":"first","12":"outofstock","13":"taxable","14":"shipping-taxable","15":"purchasable","16":"product-type-simple"},"composite_virtual":false,"composite_layout":"","composite_add_to_cart_form_location":"","composite_editable_in_cart":false,"composite_sold_individually_context":"","composite_shop_price_calc":"","composite_components":[],"composite_scenarios":[],"bundled_by":["254854"],"bundle_stock_status":"outofstock","bundle_stock_quantity":-4,"bundle_virtual":false,"bundle_layout":"","bundle_add_to_cart_form_location":"","bundle_editable_in_cart":false,"bundle_sold_individually_context":"","bundle_item_grouping":"","bundle_min_size":"","bundle_max_size":"","bundle_price":[],"bundled_items":[],"bundle_sell_ids":[],"_links":{"self":[{"href":"https:\/\/maetpets.com\/no\/wp-json\/wp\/v2\/product\/254834","targetHints":{"allow":["GET"]}}],"collection":[{"href":"https:\/\/maetpets.com\/no\/wp-json\/wp\/v2\/product"}],"about":[{"href":"https:\/\/maetpets.com\/no\/wp-json\/wp\/v2\/types\/product"}],"replies":[{"embeddable":true,"href":"https:\/\/maetpets.com\/no\/wp-json\/wp\/v2\/comments?post=254834"}],"wp:featuredmedia":[{"embeddable":true,"href":"https:\/\/maetpets.com\/no\/wp-json\/wp\/v2\/media\/258094"}],"wp:attachment":[{"href":"https:\/\/maetpets.com\/no\/wp-json\/wp\/v2\/media?parent=254834"}],"wp:term":[{"taxonomy":"product_brand","embeddable":true,"href":"https:\/\/maetpets.com\/no\/wp-json\/wp\/v2\/product_brand?post=254834"},{"taxonomy":"product_cat","embeddable":true,"href":"https:\/\/maetpets.com\/no\/wp-json\/wp\/v2\/product_cat?post=254834"},{"taxonomy":"product_tag","embeddable":true,"href":"https:\/\/maetpets.com\/no\/wp-json\/wp\/v2\/product_tag?post=254834"}],"curies":[{"name":"wp","href":"https:\/\/api.w.org\/{rel}","templated":true}]}}