{"id":254821,"date":"2023-08-15T17:08:03","date_gmt":"2023-08-15T15:08:03","guid":{"rendered":"https:\/\/maetpets.com\/product\/and-kuber-hunde-godbit-med-and\/"},"modified":"2023-08-30T19:32:51","modified_gmt":"2023-08-30T17:32:51","slug":"and-kuber-hunde-godbit-med-and","status":"publish","type":"product","link":"https:\/\/maetpets.com\/no\/produkt\/and-kuber-hunde-godbit-med-and\/","title":{"rendered":"Andeterninger (200 g)"},"content":{"rendered":"","protected":false},"excerpt":{"rendered":"<p>Hundegodbit med and er en uimotst\u00e5elig, naturlig hundegodbit som tilfredsstiller hundens smaksl\u00f8ker og gir en n\u00e6ringsrik bel\u00f8nning. Andeterningene v\u00e5re er n\u00f8ye utvalgt og t\u00f8rket for \u00e5 bevare den saftige smaken og viktige ern\u00e6ringen.<\/p>\n<p><strong>Innhold<\/strong> : 200g Kj\u00f8tt og bein av and &#8211; ingen tilsetningsstoffer, fra Polen.<\/p>\n","protected":false},"featured_media":258084,"comment_status":"open","ping_status":"closed","template":"","meta":{"inline_featured_image":false},"product_brand":[],"product_cat":[942,672],"product_tag":[975,680],"class_list":{"0":"post-254821","1":"product","2":"type-product","3":"status-publish","4":"has-post-thumbnail","6":"product_cat-behandler","7":"product_cat-hundesnacks-og-godbiter","8":"product_tag-hundesnacks-med-and","9":"product_tag-trene","10":"product_shipping_class-post-no","12":"first","13":"instock","14":"taxable","15":"shipping-taxable","16":"purchasable","17":"product-type-simple"},"composite_virtual":false,"composite_layout":"","composite_add_to_cart_form_location":"","composite_editable_in_cart":false,"composite_sold_individually_context":"","composite_shop_price_calc":"","composite_components":[],"composite_scenarios":[],"bundled_by":["254854","263765"],"bundle_stock_status":"instock","bundle_stock_quantity":28,"bundle_virtual":false,"bundle_layout":"","bundle_add_to_cart_form_location":"","bundle_editable_in_cart":false,"bundle_sold_individually_context":"","bundle_item_grouping":"","bundle_min_size":"","bundle_max_size":"","bundle_price":[],"bundled_items":[],"bundle_sell_ids":[],"_links":{"self":[{"href":"https:\/\/maetpets.com\/no\/wp-json\/wp\/v2\/product\/254821","targetHints":{"allow":["GET"]}}],"collection":[{"href":"https:\/\/maetpets.com\/no\/wp-json\/wp\/v2\/product"}],"about":[{"href":"https:\/\/maetpets.com\/no\/wp-json\/wp\/v2\/types\/product"}],"replies":[{"embeddable":true,"href":"https:\/\/maetpets.com\/no\/wp-json\/wp\/v2\/comments?post=254821"}],"wp:featuredmedia":[{"embeddable":true,"href":"https:\/\/maetpets.com\/no\/wp-json\/wp\/v2\/media\/258084"}],"wp:attachment":[{"href":"https:\/\/maetpets.com\/no\/wp-json\/wp\/v2\/media?parent=254821"}],"wp:term":[{"taxonomy":"product_brand","embeddable":true,"href":"https:\/\/maetpets.com\/no\/wp-json\/wp\/v2\/product_brand?post=254821"},{"taxonomy":"product_cat","embeddable":true,"href":"https:\/\/maetpets.com\/no\/wp-json\/wp\/v2\/product_cat?post=254821"},{"taxonomy":"product_tag","embeddable":true,"href":"https:\/\/maetpets.com\/no\/wp-json\/wp\/v2\/product_tag?post=254821"}],"curies":[{"name":"wp","href":"https:\/\/api.w.org\/{rel}","templated":true}]}}