{"id":254814,"date":"2023-08-21T12:12:41","date_gmt":"2023-08-21T10:12:41","guid":{"rendered":"https:\/\/maetpets.com\/product\/naturlig-biteleke-med-bein\/"},"modified":"2023-09-18T16:35:36","modified_gmt":"2023-09-18T14:35:36","slug":"naturlig-biteleke-med-bein","status":"publish","type":"product","link":"https:\/\/maetpets.com\/no\/produkt\/naturlig-biteleke-med-bein\/","title":{"rendered":"Naturlig tenner leke med ben"},"content":{"rendered":"<div class=\"wpb-content-wrapper\"><p>[vc_row][vc_column][vc_column_text]<\/p>\n<h2>Biteleker for hunder<\/h2>\n<p>Biting er et naturlig instinkt hos hunder som hjelper dem \u00e5 opprettholde sterke tenner og tannkj\u00f8tt. Det holder dem ogs\u00e5 mentalt stimulert og fysisk i form.<br \/>\nDenne leken er flott for hunder som liker \u00e5 leke apport eller tautrekking. De bidrar ogs\u00e5 til \u00e5 holde tennene sunne ved \u00e5 tygge p\u00e5 dem.<\/p>\n<h2>Hundeleker som varer lenge<\/h2>\n<p>Barneleken er laget av slitesterke materialer som ikke g\u00e5r i stykker s\u00e5 lett.<\/p>\n<h3>Det beste tyggeleket\u00f8yet for sm\u00e5 raser.<\/h3>\n<p>Hvis du har en liten hunderase, finn et tyggeleket\u00f8y som er riktig st\u00f8rrelse for ham. Mindre hunder har en tendens til \u00e5 foretrekke leker med mindre hull, mens st\u00f8rre hunder vil like leker med st\u00f8rre hull. Du b\u00f8r ogs\u00e5 vurdere hvor mye hunden din leker med lekene sine. En leken hund har kanskje ikke noe imot \u00e5 leke med en leke i bare 5 minutter f\u00f8r han g\u00e5r videre til noe annet, mens en inaktiv hund kan like \u00e5 tilbringe mer tid med en leke.<\/p>\n<h3>Det beste tyggeleket\u00f8yet for mellomstore raser<\/h3>\n<p>Det finnes flere forskjellige typer hundetygger tilgjengelig, s\u00e5 det er viktig \u00e5 velge en som passer dine behov. Her er noen ting du b\u00f8r vurdere n\u00e5r du velger et tyggeleket\u00f8y til hunden din:<\/p>\n<ul>\n<li><strong>St\u00f8rrelse<\/strong> \u2013 Velg en st\u00f8rrelse som passer til hundens munn. Leker som er for store kan for\u00e5rsake kvelningsfare, mens leker som er for sm\u00e5 ikke holder godt mot hundens tenner.<\/li>\n<li><strong>Holdbarhet<\/strong> \u2013 Se etter leker laget av slitesterke materialer som plast, gummi eller nylon. Unng\u00e5 leker laget av tre fordi de er utsatt for splintring.<\/li>\n<li><strong>Form<\/strong> &#8211; Vurder formen p\u00e5 leken. Runde leker er lettere for hunder \u00e5 ta tak i enn firkantede leker.<\/li>\n<\/ul>\n<p>[\/vc_column_text][\/vc_column][\/vc_row][vc_row][vc_column width=&#8221;7\/12&#8243;][vc_single_image image=&#8221;254507&#8243; img_size=&#8221;&#8221;][\/vc_column][vc_column width=&#8221;5\/12&#8243;][vc_column_text]<\/p>\n<h2><span style=\"font-family: 'Bebas Neue'; font-size: 40px;\">De beste hundetyggene er laget av naturlige materialer<\/span><\/h2>\n<p>Naturlig hundetygger er vanligvis trygt for kj\u00e6ledyret ditt \u00e5 spise. Det er imidlertid visse ingredienser som b\u00f8r unng\u00e5s. For eksempel inneholder godbiter av r\u00e5skinn kjemikalier som kan irritere hundens hud. Unng\u00e5 ogs\u00e5 \u00e5 bruke noen form for matfarge i hundens tyggeleker. Dette kan f\u00f8re til gastrointestinale forstyrrelser.[\/vc_column_text][\/vc_column][\/vc_row]<\/p>\n<\/div>","protected":false},"excerpt":{"rendered":"<p>En naturlig biteleke hunder kan ikke f\u00e5 nok av. I semsket skinn for mellomstore og store hunder. 100% naturlig og vaskbar.<\/p>\n<p><strong>Materialer:<\/strong> Tau: Jute og bomull, Ben: Ekte semsket skinn, kraftig jutestoff.<\/p>\n","protected":false},"featured_media":256431,"comment_status":"open","ping_status":"closed","template":"","meta":{"inline_featured_image":false},"product_brand":[],"product_cat":[965,659],"product_tag":[1118],"class_list":{"0":"post-254814","1":"product","2":"type-product","3":"status-publish","4":"has-post-thumbnail","6":"product_cat-tau-leker","7":"product_cat-aktivitetslek-no","8":"product_tag-utvalgte","9":"product_shipping_class-post-no","11":"first","12":"instock","13":"taxable","14":"shipping-taxable","15":"purchasable","16":"product-type-simple"},"composite_virtual":false,"composite_layout":"","composite_add_to_cart_form_location":"","composite_editable_in_cart":false,"composite_sold_individually_context":"","composite_shop_price_calc":"","composite_components":[],"composite_scenarios":[],"bundled_by":["254863"],"bundle_stock_status":"instock","bundle_stock_quantity":48,"bundle_virtual":false,"bundle_layout":"","bundle_add_to_cart_form_location":"","bundle_editable_in_cart":false,"bundle_sold_individually_context":"","bundle_item_grouping":"","bundle_min_size":"","bundle_max_size":"","bundle_price":[],"bundled_items":[],"bundle_sell_ids":[],"_links":{"self":[{"href":"https:\/\/maetpets.com\/no\/wp-json\/wp\/v2\/product\/254814","targetHints":{"allow":["GET"]}}],"collection":[{"href":"https:\/\/maetpets.com\/no\/wp-json\/wp\/v2\/product"}],"about":[{"href":"https:\/\/maetpets.com\/no\/wp-json\/wp\/v2\/types\/product"}],"replies":[{"embeddable":true,"href":"https:\/\/maetpets.com\/no\/wp-json\/wp\/v2\/comments?post=254814"}],"wp:featuredmedia":[{"embeddable":true,"href":"https:\/\/maetpets.com\/no\/wp-json\/wp\/v2\/media\/256431"}],"wp:attachment":[{"href":"https:\/\/maetpets.com\/no\/wp-json\/wp\/v2\/media?parent=254814"}],"wp:term":[{"taxonomy":"product_brand","embeddable":true,"href":"https:\/\/maetpets.com\/no\/wp-json\/wp\/v2\/product_brand?post=254814"},{"taxonomy":"product_cat","embeddable":true,"href":"https:\/\/maetpets.com\/no\/wp-json\/wp\/v2\/product_cat?post=254814"},{"taxonomy":"product_tag","embeddable":true,"href":"https:\/\/maetpets.com\/no\/wp-json\/wp\/v2\/product_tag?post=254814"}],"curies":[{"name":"wp","href":"https:\/\/api.w.org\/{rel}","templated":true}]}}