{"id":249381,"date":"2022-12-28T12:15:32","date_gmt":"2022-12-28T11:15:32","guid":{"rendered":"https:\/\/maetpets.com\/?post_type=product&#038;p=249381"},"modified":"2022-12-28T13:22:55","modified_gmt":"2022-12-28T12:22:55","slug":"hundetandboerste","status":"publish","type":"product","link":"https:\/\/maetpets.com\/no\/produkt\/hundetandboerste\/","title":{"rendered":"Hundetandb\u00f8rste"},"content":{"rendered":"<div class=\"wpb-content-wrapper\"><p>[vc_row][vc_column][vc_column_text]<\/p>\n<h2>Hundetandb\u00f8rste<\/h2>\n<p>Denne tandb\u00f8rste er designet til at g\u00f8re tandhygiejnen lettere for b\u00e5de hunde og deres ejere. Denne tandb\u00f8rste er lavet med bl\u00f8de, holdbare b\u00f8rster og er perfekt til at rense din hvalps t\u00e6nder og tandk\u00f8d. Dens ergonomiske design ligger behageligt i din h\u00e5nd, mens den giver et sikkert greb. Den har endda en indbygget fingerb\u00f8rste p\u00e5 siden for at hj\u00e6lpe dig med at komme ind i de sv\u00e6rt tilg\u00e6ngelige omr\u00e5der.<\/p>\n<p>Derudover er hundetandb\u00f8rsten nem at reng\u00f8re og leveres med en praktisk opbevaringstaske. Hold din firbenede vens t\u00e6nder rene og sunde med en hundetandb\u00f8rste i dag![\/vc_column_text][vc_column_text]<\/p>\n<h2>Skal jeg k\u00f8be en tandb\u00f8rste til min hund?<\/h2>\n<p>Det anbefales generelt at k\u00f8be en tandb\u00f8rste til din hund. Korrekt tandhygiejne er vigtig for din hunds generelle sundhed og kan hj\u00e6lpe med at forhindre problemer som tandk\u00f8dssygdomme og huller i t\u00e6nderne. Der er tandb\u00f8rster specielt designet til hunde, der har mindre b\u00f8rster og et bl\u00f8dere hoved for at v\u00e6re mere sk\u00e5nsomme mod deres t\u00e6nder og tandk\u00f8d. Det er vigtigt at r\u00e5df\u00f8re sig med din dyrl\u00e6ge for at f\u00e5 specifikke anbefalinger og vejledning om, hvordan du korrekt b\u00f8rster din hunds t\u00e6nder.[\/vc_column_text][\/vc_column][\/vc_row]<\/p>\n<\/div>","protected":false},"excerpt":{"rendered":"<p>Hundetandb\u00f8rste: Denne alt-i-\u00e9n hundetandb\u00f8rste er den perfekte l\u00f8sning til at holde din hvalps t\u00e6nder rene og sunde! Med sine bl\u00f8de, vinklede b\u00f8rster kan den nemt n\u00e5 sv\u00e6rt tilg\u00e6ngelige t\u00e6nder og tandk\u00f8d. Det ergonomiske h\u00e5ndtag giver dig mulighed for nemt at b\u00f8rste dit k\u00e6ledyrs t\u00e6nder, mens fingerb\u00f8rsten i den anden ende hj\u00e6lper dig med at komme til de sv\u00e6rt tilg\u00e6ngelige steder. Hold din hvalps t\u00e6nder i topform med denne letanvendelige hundetandb\u00f8rste!<\/p>\n","protected":false},"featured_media":249382,"comment_status":"open","ping_status":"closed","template":"","meta":{"inline_featured_image":false},"product_brand":[],"product_cat":[781],"product_tag":[],"class_list":{"0":"post-249381","1":"product","2":"type-product","3":"status-publish","4":"has-post-thumbnail","6":"product_cat-hundeudstyr","7":"product_shipping_class-dry-goods","9":"first","10":"instock","11":"taxable","12":"shipping-taxable","13":"purchasable","14":"product-type-simple"},"composite_virtual":false,"composite_layout":"","composite_add_to_cart_form_location":"","composite_editable_in_cart":false,"composite_sold_individually_context":"","composite_shop_price_calc":"","composite_components":[],"composite_scenarios":[],"bundled_by":[],"bundle_stock_status":"instock","bundle_stock_quantity":null,"bundle_virtual":false,"bundle_layout":"","bundle_add_to_cart_form_location":"","bundle_editable_in_cart":false,"bundle_sold_individually_context":"","bundle_item_grouping":"","bundle_min_size":"","bundle_max_size":"","bundle_price":[],"bundled_items":[],"bundle_sell_ids":[],"_links":{"self":[{"href":"https:\/\/maetpets.com\/no\/wp-json\/wp\/v2\/product\/249381","targetHints":{"allow":["GET"]}}],"collection":[{"href":"https:\/\/maetpets.com\/no\/wp-json\/wp\/v2\/product"}],"about":[{"href":"https:\/\/maetpets.com\/no\/wp-json\/wp\/v2\/types\/product"}],"replies":[{"embeddable":true,"href":"https:\/\/maetpets.com\/no\/wp-json\/wp\/v2\/comments?post=249381"}],"wp:featuredmedia":[{"embeddable":true,"href":"https:\/\/maetpets.com\/no\/wp-json\/wp\/v2\/media\/249382"}],"wp:attachment":[{"href":"https:\/\/maetpets.com\/no\/wp-json\/wp\/v2\/media?parent=249381"}],"wp:term":[{"taxonomy":"product_brand","embeddable":true,"href":"https:\/\/maetpets.com\/no\/wp-json\/wp\/v2\/product_brand?post=249381"},{"taxonomy":"product_cat","embeddable":true,"href":"https:\/\/maetpets.com\/no\/wp-json\/wp\/v2\/product_cat?post=249381"},{"taxonomy":"product_tag","embeddable":true,"href":"https:\/\/maetpets.com\/no\/wp-json\/wp\/v2\/product_tag?post=249381"}],"curies":[{"name":"wp","href":"https:\/\/api.w.org\/{rel}","templated":true}]}}