{"id":246531,"date":"2022-09-10T09:39:49","date_gmt":"2022-09-10T07:39:49","guid":{"rendered":"https:\/\/maetpets.com\/?post_type=product&#038;p=246531"},"modified":"2024-11-17T20:37:59","modified_gmt":"2024-11-17T19:37:59","slug":"keramik-hundeskaal-paa-stativ","status":"publish","type":"product","link":"https:\/\/maetpets.com\/no\/produkt\/keramik-hundeskaal-paa-stativ\/","title":{"rendered":"Keramik Hundesk\u00e5l p\u00e5 stativ el. m\u00e5tte"},"content":{"rendered":"<div class=\"wpb-content-wrapper\"><p>[vc_row][vc_column][vc_custom_heading text=&#8221;Hundesk\u00e5l&#8221; font_container=&#8221;tag:h2|font_size:50|text_align:center&#8221; use_theme_fonts=&#8221;yes&#8221;][\/vc_column][\/vc_row][vc_row][vc_column][vc_single_image image=&#8221;246548&#8243; img_size=&#8221;full&#8221;][vc_single_image image=&#8221;246538&#8243; img_size=&#8221;full&#8221;][vc_single_image image=&#8221;246543&#8243; img_size=&#8221;full&#8221;][\/vc_column][\/vc_row]<\/p>\n<\/div>","protected":false},"excerpt":{"rendered":"<p>En flot keramik hundesk\u00e5le p\u00e5 et stativ af tr\u00e6 og skridsikker bund imponerer med sit enkle design og h\u00f8je kvalitet. God for hunden og en fryd for \u00f8jet.<\/p>\n<p>Hundesk\u00e5len har en l\u00e6kker mat overflade,. Ved k\u00f8b af to stk. har du det perfekte kit til b\u00e5de (frisk) hundemad og vand.<\/p>\n<ul>\n<li>Let at reng\u00f8re<\/li>\n<li>H\u00f8j kvalitet<\/li>\n<li>Flot moderne design<\/li>\n<\/ul>\n<p><strong>St\u00f8rrelse: <\/strong>Diameter: 15 cm,\u00a0700 ml<\/p>\n","protected":false},"featured_media":246533,"comment_status":"open","ping_status":"closed","template":"","meta":{"inline_featured_image":false},"product_brand":[],"product_cat":[782],"product_tag":[],"class_list":{"0":"post-246531","1":"product","2":"type-product","3":"status-publish","4":"has-post-thumbnail","6":"product_cat-hundeskaale","7":"product_shipping_class-dry-goods","9":"first","10":"outofstock","11":"taxable","12":"shipping-taxable","13":"purchasable","14":"product-type-simple"},"composite_virtual":false,"composite_layout":"","composite_add_to_cart_form_location":"","composite_editable_in_cart":false,"composite_sold_individually_context":"","composite_shop_price_calc":"","composite_components":[],"composite_scenarios":[],"bundled_by":[],"bundle_stock_status":"outofstock","bundle_stock_quantity":null,"bundle_virtual":false,"bundle_layout":"","bundle_add_to_cart_form_location":"","bundle_editable_in_cart":false,"bundle_sold_individually_context":"","bundle_item_grouping":"","bundle_min_size":"","bundle_max_size":"","bundle_price":[],"bundled_items":[],"bundle_sell_ids":[231332,244549],"_links":{"self":[{"href":"https:\/\/maetpets.com\/no\/wp-json\/wp\/v2\/product\/246531","targetHints":{"allow":["GET"]}}],"collection":[{"href":"https:\/\/maetpets.com\/no\/wp-json\/wp\/v2\/product"}],"about":[{"href":"https:\/\/maetpets.com\/no\/wp-json\/wp\/v2\/types\/product"}],"replies":[{"embeddable":true,"href":"https:\/\/maetpets.com\/no\/wp-json\/wp\/v2\/comments?post=246531"}],"wp:featuredmedia":[{"embeddable":true,"href":"https:\/\/maetpets.com\/no\/wp-json\/wp\/v2\/media\/246533"}],"wp:attachment":[{"href":"https:\/\/maetpets.com\/no\/wp-json\/wp\/v2\/media?parent=246531"}],"wp:term":[{"taxonomy":"product_brand","embeddable":true,"href":"https:\/\/maetpets.com\/no\/wp-json\/wp\/v2\/product_brand?post=246531"},{"taxonomy":"product_cat","embeddable":true,"href":"https:\/\/maetpets.com\/no\/wp-json\/wp\/v2\/product_cat?post=246531"},{"taxonomy":"product_tag","embeddable":true,"href":"https:\/\/maetpets.com\/no\/wp-json\/wp\/v2\/product_tag?post=246531"}],"curies":[{"name":"wp","href":"https:\/\/api.w.org\/{rel}","templated":true}]}}