{"id":246452,"date":"2022-09-05T22:25:37","date_gmt":"2022-09-05T20:25:37","guid":{"rendered":"https:\/\/maetpets.com\/?post_type=product&#038;p=246452"},"modified":"2024-11-17T20:38:10","modified_gmt":"2024-11-17T19:38:10","slug":"hundemadras-memory-foam","status":"publish","type":"product","link":"https:\/\/maetpets.com\/no\/produkt\/hundemadras-memory-foam\/","title":{"rendered":"Hundemadras med Memory Foam"},"content":{"rendered":"","protected":false},"excerpt":{"rendered":"<p>Hundemadras af meget behageligt memory foam<\/p>\n<p>Mit Hundemadres er klinisk bevist at modvirke patogener, allergener, mikrober og skimmelsvamp. Hermetisk forseglet st\u00f8dabsorberende enhed er en klinisk bevist barriere mod patogenindtr\u00e6ngning, men er alligevel godt ventileret, \u00e5ndbar og behagelig.<\/p>\n<p>St\u00f8rrelser: S 38\u00d758 cm M 47\u00d767 cm L 66\u00d793 cm XL 80\u00d7120 cm<\/p>\n","protected":false},"featured_media":246453,"comment_status":"open","ping_status":"closed","template":"","meta":{"inline_featured_image":false},"product_brand":[],"product_cat":[835,781],"product_tag":[],"class_list":{"0":"post-246452","1":"product","2":"type-product","3":"status-publish","4":"has-post-thumbnail","6":"product_cat-hundesenge","7":"product_cat-hundeudstyr","8":"product_shipping_class-dry-goods","10":"first","11":"outofstock","12":"taxable","13":"shipping-taxable","14":"purchasable","15":"product-type-simple"},"composite_virtual":false,"composite_layout":"","composite_add_to_cart_form_location":"","composite_editable_in_cart":false,"composite_sold_individually_context":"","composite_shop_price_calc":"","composite_components":[],"composite_scenarios":[],"bundled_by":[],"bundle_stock_status":"outofstock","bundle_stock_quantity":null,"bundle_virtual":false,"bundle_layout":"","bundle_add_to_cart_form_location":"","bundle_editable_in_cart":false,"bundle_sold_individually_context":"","bundle_item_grouping":"","bundle_min_size":"","bundle_max_size":"","bundle_price":[],"bundled_items":[],"bundle_sell_ids":[],"_links":{"self":[{"href":"https:\/\/maetpets.com\/no\/wp-json\/wp\/v2\/product\/246452","targetHints":{"allow":["GET"]}}],"collection":[{"href":"https:\/\/maetpets.com\/no\/wp-json\/wp\/v2\/product"}],"about":[{"href":"https:\/\/maetpets.com\/no\/wp-json\/wp\/v2\/types\/product"}],"replies":[{"embeddable":true,"href":"https:\/\/maetpets.com\/no\/wp-json\/wp\/v2\/comments?post=246452"}],"wp:featuredmedia":[{"embeddable":true,"href":"https:\/\/maetpets.com\/no\/wp-json\/wp\/v2\/media\/246453"}],"wp:attachment":[{"href":"https:\/\/maetpets.com\/no\/wp-json\/wp\/v2\/media?parent=246452"}],"wp:term":[{"taxonomy":"product_brand","embeddable":true,"href":"https:\/\/maetpets.com\/no\/wp-json\/wp\/v2\/product_brand?post=246452"},{"taxonomy":"product_cat","embeddable":true,"href":"https:\/\/maetpets.com\/no\/wp-json\/wp\/v2\/product_cat?post=246452"},{"taxonomy":"product_tag","embeddable":true,"href":"https:\/\/maetpets.com\/no\/wp-json\/wp\/v2\/product_tag?post=246452"}],"curies":[{"name":"wp","href":"https:\/\/api.w.org\/{rel}","templated":true}]}}