{"id":246448,"date":"2021-01-21T16:46:48","date_gmt":"2021-01-21T15:46:48","guid":{"rendered":"https:\/\/maetpets.com\/product\/hundemat-med-lakserisotto\/"},"modified":"2023-11-09T16:28:04","modified_gmt":"2023-11-09T15:28:04","slug":"hundemat-med-laks-salmon-risotto","status":"publish","type":"product","link":"https:\/\/maetpets.com\/no\/produkt\/hundemat-med-laks-salmon-risotto\/","title":{"rendered":"Lakserisotto &#8211; Hundemat med laks"},"content":{"rendered":"<div class=\"wpb-content-wrapper\"><p>[vc_row full_width=&#8221;stretch_row&#8221; css=&#8221;.vc_custom_1640684961874{padding-top: 60px !important;padding-bottom: 30px !important;background-color: #fff9f7 !important;}&#8221;][vc_column width=&#8221;6\/12&#8243;][vc_single_image image=&#8221;246998&#8243; img_size=&#8221;full&#8221;][\/vc_column][vc_column width=&#8221;6\/12&#8243;][vc_column_text]<\/p>\n<h2>M\u00c6T Fersk hundemat med laks<\/h2>\n<p>Fersk hundemat med laks er en enkel m\u00e5te \u00e5 gi hunden din et n\u00e6ringsrikt m\u00e5ltid som vil holde den glad og sunn. Maten inneholder ingen mais, hvete, soya eller kunstige smaker, fargestoffer eller konserveringsmidler.[\/vc_column_text][\/vc_column][\/vc_row][vc_row full_width=&#8221;stretch_row&#8221; content_placement=&#8221;middle&#8221; css=&#8221;.vc_custom_1661444386762{padding-top: 100px !important;padding-bottom: 140px !important;background-color: #2a2412 !important;background-position: center !important;background-repeat: no-repeat !important;background-size: cover !important;}&#8221;][vc_column][vc_custom_heading text=&#8221;FRISKE NORDISKE INGREDIENSER&#8221; font_container=&#8221;tag:h3|text_align:center|color:%23fff9f7&#8243; use_theme_fonts=&#8221;yes&#8221; css=&#8221;.vc_custom_1606317911272{padding-top: 50px !important;}&#8221;][vc_custom_heading text=&#8221;LAKS (46%), ris (13%), erter, b\u00f8nner, tang, dill&#8221; font_container=&#8221;tag:h3|font_size:56|text_align:center|color:%2342a98a&#8221; use_theme_fonts=&#8221;yes&#8221;][\/vc_column][\/vc_row][vc_row full_width=&#8221;stretch_row&#8221; css=&#8221;.vc_custom_1658507900364{padding-top: 60px !important;padding-bottom: 60px !important;background-color: #fff9f7 !important;}&#8221;][vc_column width=&#8221;5\/12&#8243;][vc_single_image image=&#8221;237976&#8243; img_size=&#8221;360&#215;360&#8243; alignment=&#8221;center&#8221;][\/vc_column][vc_column width=&#8221;7\/12&#8243;][vc_custom_heading text=&#8221;Daglig dosering&#8221; use_theme_fonts=&#8221;yes&#8221; css=&#8221;.vc_custom_1605879989446{padding-bottom: 30px !important;}&#8221;][vc_column_text]Ved dosering, ta hensyn til hundens aktivitet, trening, annen ern\u00e6ring og snacks.<\/p>\n<p><b>Anbefalt daglig dosering:<\/b> 2,5 % av hundens kroppsvekt.<\/p>\n<p><b>Vekt \/ anbefalt daglig rasjon (ca.)<\/b><br \/>\n5 kg: 125-150g<br \/>\n10 kg: 250-300g<br \/>\n20 kg: 500 (tilsvarer ca. 1 p\u00f8lse)<br \/>\n30 kg: 750g<br \/>\n35 kg: 875g<br \/>\n40 kg: 1000g (tilsvarer ca. 2 p\u00f8lser)[\/vc_column_text][\/vc_column][\/vc_row][vc_row full_width=&#8221;stretch_row&#8221; css=&#8221;.vc_custom_1640684961874{padding-top: 60px !important;padding-bottom: 30px !important;background-color: #fff9f7 !important;}&#8221;][vc_column width=&#8221;6\/12&#8243;][vc_single_image image=&#8221;250781&#8243; img_size=&#8221;full&#8221;][\/vc_column][vc_column width=&#8221;6\/12&#8243;][vc_column_text]<\/p>\n<h2>Hundemat med laks fylt med omega 3<\/h2>\n<p>V\u00e5r ferske laksehundemat er laget med ingredienser av topp kvalitet for \u00e5 gi komplett og balansert ern\u00e6ring. Laks er hovedingrediensen med hele 46 %.<\/p>\n<p>Laks er en naturlig kilde til vitaminrik fiskeolje som inneholder omega-3 fettsyrer for en skinnende pels og sunn hud.<\/p>\n<ul>\n<li>Uten kunstige tilsetningsstoffer, smakstilsetninger, fargestoffer eller fyllstoffer.<\/li>\n<li>Laget med en unik antioksidantblanding som inneholder vitamin E for \u00e5 hjelpe hunden din til \u00e5 leve lenger.<\/li>\n<li>Inneholder naturlige kilder til vitaminer, mineraler og proteiner.<\/li>\n<li>Et komplett kj\u00e6ledyrf\u00f4r for voksne hunder av alle raser med en naturlig kilde til vitaminer, mineraler og proteiner.<\/li>\n<\/ul>\n<p>[\/vc_column_text][\/vc_column][\/vc_row][vc_row full_width=&#8221;stretch_row&#8221; css=&#8221;.vc_custom_1666187232652{padding-top: 60px !important;padding-bottom: 60px !important;background-position: center !important;background-repeat: no-repeat !important;background-size: contain !important;}&#8221; el_id=&#8221;ern\u00e6ring&#8221;][vc_column][vc_custom_heading text=&#8221;N\u00e6ringsinnhold&#8221; use_theme_fonts=&#8221;yes&#8221; css=&#8221;.vc_custom_1606297081281{padding-bottom: 15px !important;}&#8221;][\/vc_column][vc_column width=&#8221;1\/2&#8243;][vc_column_text]<\/p>\n<p class=\"p2\"><strong>N\u00c6RINGSINNHOLD <\/strong><\/p>\n<p class=\"p2\">Energi 7,7 MJ\/kg 1839 kcal\/kg<br \/>\nProtein &#8230;&#8230;&#8230;&#8230;&#8230;&#8230;&#8230;&#8230;&#8230;&#8230;..9,3 %<br \/>\nFett\/fett &#8230;&#8230;&#8230;&#8230;&#8230;&#8230;&#8230;&#8230;&#8230;&#8230;..11,9 %<br \/>\nFiber &#8230;&#8230;&#8230;&#8230;&#8230;&#8230;&#8230;&#8230;&#8230;&#8230;.. 0,7 %<br \/>\nAske &#8230;&#8230;&#8230;&#8230;&#8230;&#8230;&#8230;&#8230; 1,6 %<br \/>\nKalsium &#8230;&#8230;&#8230;&#8230;&#8230;&#8230;&#8230;&#8230;&#8230;0,4 %<br \/>\nFosfor\/fosfor &#8230;&#8230;&#8230;.0,3 %<\/p>\n<p class=\"p2\">V\u00e6skeinnhold: 64,5 %<br \/>\nKj\u00f8ttinnhold: 46 %<\/p>\n<p>[\/vc_column_text][\/vc_column][vc_column width=&#8221;1\/2&#8243;][vc_column_text]<b>Naturlig inneholdte n\u00e6ringsstoffer:<\/b><\/p>\n<p>Vitamin A 1103 IE \/ kg, Vitamin D 1376 IE \/ kg, Vitamin E 45 IE \/ kg, Vitamin C 31 mg \/ kg, Vitamin B1 1,8 mg \/ kg, Vitamin B2 0,7 mg \/ kg, vitamin B6 3,1 mg\/kg, vitamin B12 12,5 \u03bcg\/kg, biotin 5,4 \u03bcg\/kg, niacin 39 mg\/kg, pantotensyre 7,1 mg\/kg, folsyre 0,06 mg\/kg, sink 70 mg\/kg, magnesium 520 mg\/kg, natrium 2300 mg\/kg, jern 28 mg \/ kg, kobber 5 mg \/ kg, mangan 4 mg \/ kg, kalium 1,6 g \/ kg, jod 430 \u03bcg \/ kg.[\/vc_column_text][vc_column_text]<b>Herav tilsatte ern\u00e6ringsmessige tilsetningsstoffer:<\/b><\/p>\n<p>Vitamin D 450 IE \/ kg, Vitamin E 40 IE \/ kg, sink 60 mg \/ kg, magnesium 320 mg \/ kg, kobber 5 mg \/ kg, mangan 1,8 mg \/ kg, jod 430 \u03bcg \/ kg.[\/vc_column_text][\/vc_column][\/vc_row][vc_row full_width=&#8221;stretch_row_content_no_spaces&#8221; css=&#8221;.vc_custom_1658507887513{padding-top: 60px !important;padding-right: 20px !important;padding-bottom: 60px !important;padding-left: 20px !important;background-color: #2a2412 !important;background-position: center !important;background-repeat: no-repeat !important;background-size: cover !important;}&#8221;][vc_column width=&#8221;1\/3&#8243; css=&#8221;.vc_custom_1605610677798{padding-right: 30px !important;padding-left: 30px !important;}&#8221;][\/vc_column][vc_column width=&#8221;1\/3&#8243;][vc_custom_heading text=&#8221;\u00abMin lille shih tzu har en ganske delikat mage og t\u00e5ler ikke all hundemat. Men med M\u00c6T Pets sitt hundef\u00f4r er magen til hunden min helt fin.&#8221; font_container=&#8221;tag:p|font_size:30|text_align:center|color:%23fff9f7&#8243; use_theme_fonts=&#8221;yes&#8221; css=&#8221;.vc_custom_1607504642445{padding-bottom: 20px !important;}&#8221;][vc_custom_heading text=&#8221;Det er dagens h\u00f8ydepunkt for Kenzo n\u00e5r vi finner M\u00c6T ferske hundemat med Chicken Deli. \u201d&#8221; font_container=&#8221;tag:p|font_size:30|text_align:center|color:%23fff9f7&#8243; use_theme_fonts=&#8221;yes&#8221; css=&#8221;.vc_custom_1663323963478{padding-bottom: 20px !important;}&#8221;][vc_single_image image=&#8221;238016&#8243; alignment=&#8221;center&#8221;][vc_custom_heading text=&#8221;Heidi, og hennes 3 \u00e5r gamle shih tzu Kenzo&#8221; font_container=&#8221;tag:h4|text_align:center|color:%23fdda39&#8243; use_theme_fonts=&#8221;yes&#8221; css=&#8221;.vc_custom_1607534625912{padding-bottom: 50px !important;}&#8221; link=&#8221;url:https%3A%2F%2Fwww.instagram.com%2Fkenzo_shih_tzu%2F|target:_blank|&#8221;][\/vc_column][vc_column width=&#8221;1\/3&#8243;][\/vc_column][\/vc_row][vc_row][vc_column css=&#8221;.vc_custom_1658507060885{padding-top: 60px !important;padding-bottom: 30px !important;}&#8221;][vc_column_text]<\/p>\n<h2>Hva er lakserisotto laget av?<\/h2>\n<p>Maten er laget av fersk laks sammen med andre naturlige ingredienser. Den er ikke tilsatt sukker, salt eller fett. Vi bruker kj\u00f8ttet fra hele laksen og ikke bare fiskemel, kanskje basert mer p\u00e5 bein, slik mange billige merker pleier \u00e5 gj\u00f8re.<\/p>\n<h2>Har laks noen helsemessige fordeler?<\/h2>\n<p>Fersk hundemat laks er en utmerket kilde til protein, vitaminer, mineraler, omega fettsyrer og antioksidanter. Den inneholder ogs\u00e5 h\u00f8ye niv\u00e5er av vitamin D3, som bidrar til \u00e5 st\u00f8tte beinvekst og utvikling.<\/p>\n<h2>Hvorfor b\u00f8r jeg mate hunden min med fersk laks?<\/h2>\n<p>Hvis du leter etter et sunnere alternativ enn t\u00f8rrf\u00f4r, b\u00f8r du vurdere \u00e5 mate hunden din med fersk laks i stedet. Denne n\u00e6ringsrike godbiten er fullpakket med n\u00e6ringsstoffer og har ingen tilsatte konserveringsmidler, fyllstoffer eller kunstige ingredienser.[\/vc_column_text][\/vc_column][\/vc_row]<\/p>\n<\/div>","protected":false},"excerpt":{"rendered":"<p>Lakserisotto med deilig laks, sunne gr\u00f8nnsaker og ris. Et glutenfritt m\u00e5ltid for hunden din.<\/p>\n<p>Hundef\u00f4r med laks er en naturlig kilde til vitaminer, og de gode omega-3 fettsyrene st\u00f8tter velv\u00e6re i pelsen og leddene. Lakserisotto inneholder mye energi og egner seg derfor godt til \u00e5 f\u00f4re aktive hunder eller hunder som trenger mer energi.<\/p>\n<p><strong>NETTOVEKT: 500 g<\/strong><\/p>\n<p><strong>INNHOLD:<\/strong> Laks (46%), ris (13%), vann, erter, b\u00f8nner, emulgatorer (E464, lecitin E322), salt, tang, dill, vitaminer og mineraler<\/p>\n<p><span style=\"text-decoration: underline;\"><a href=\"#nutrition\"><strong>Se n\u00e6ringsinnhold<\/strong><\/a><\/span><\/p>\n","protected":false},"featured_media":244542,"comment_status":"open","ping_status":"closed","template":"","meta":{"inline_featured_image":false},"product_brand":[],"product_cat":[638],"product_tag":[834,641],"class_list":{"0":"post-246448","1":"product","2":"type-product","3":"status-publish","4":"has-post-thumbnail","6":"product_cat-hundemat","7":"product_tag-hundemat-med-laks","8":"product_tag-risotto-no","9":"product_shipping_class-fersk-mat","11":"first","12":"outofstock","13":"taxable","14":"shipping-taxable","15":"purchasable","16":"product-type-simple"},"composite_virtual":false,"composite_layout":"","composite_add_to_cart_form_location":"","composite_editable_in_cart":false,"composite_sold_individually_context":"","composite_shop_price_calc":"","composite_components":[],"composite_scenarios":[],"bundled_by":["254843","263765"],"bundle_stock_status":"outofstock","bundle_stock_quantity":null,"bundle_virtual":false,"bundle_layout":"","bundle_add_to_cart_form_location":"","bundle_editable_in_cart":false,"bundle_sold_individually_context":"","bundle_item_grouping":"","bundle_min_size":"","bundle_max_size":"","bundle_price":[],"bundled_items":[],"bundle_sell_ids":[],"_links":{"self":[{"href":"https:\/\/maetpets.com\/no\/wp-json\/wp\/v2\/product\/246448","targetHints":{"allow":["GET"]}}],"collection":[{"href":"https:\/\/maetpets.com\/no\/wp-json\/wp\/v2\/product"}],"about":[{"href":"https:\/\/maetpets.com\/no\/wp-json\/wp\/v2\/types\/product"}],"replies":[{"embeddable":true,"href":"https:\/\/maetpets.com\/no\/wp-json\/wp\/v2\/comments?post=246448"}],"wp:featuredmedia":[{"embeddable":true,"href":"https:\/\/maetpets.com\/no\/wp-json\/wp\/v2\/media\/244542"}],"wp:attachment":[{"href":"https:\/\/maetpets.com\/no\/wp-json\/wp\/v2\/media?parent=246448"}],"wp:term":[{"taxonomy":"product_brand","embeddable":true,"href":"https:\/\/maetpets.com\/no\/wp-json\/wp\/v2\/product_brand?post=246448"},{"taxonomy":"product_cat","embeddable":true,"href":"https:\/\/maetpets.com\/no\/wp-json\/wp\/v2\/product_cat?post=246448"},{"taxonomy":"product_tag","embeddable":true,"href":"https:\/\/maetpets.com\/no\/wp-json\/wp\/v2\/product_tag?post=246448"}],"curies":[{"name":"wp","href":"https:\/\/api.w.org\/{rel}","templated":true}]}}