{"id":242000,"date":"2022-05-13T17:54:44","date_gmt":"2022-05-13T15:54:44","guid":{"rendered":"https:\/\/maetpets.com\/product\/una-den-urbane-enhjoerningen\/"},"modified":"2023-09-18T14:06:27","modified_gmt":"2023-09-18T12:06:27","slug":"enhjoerning-hundeleke-una","status":"publish","type":"product","link":"https:\/\/maetpets.com\/no\/produkt\/enhjoerning-hundeleke-una\/","title":{"rendered":"Una den urbane enhj\u00f8rningen"},"content":{"rendered":"","protected":false},"excerpt":{"rendered":"<p>M\u00c6T Unicorn hundeleker er laget av slitesterkt materiale og dekket med ekte mykt semsket skinn som er ufarlig for kj\u00e6ledyrs tannkj\u00f8tt og ford\u00f8yelse. Innholdet er laget av kokosfiber.<\/p>\n<p>Plysjsanden passer for mellomstore og store hunder. Leker er hypoallergene.<\/p>\n","protected":false},"featured_media":256099,"comment_status":"open","ping_status":"closed","template":"","meta":{"inline_featured_image":false},"product_brand":[],"product_cat":[703],"product_tag":[],"class_list":{"0":"post-242000","1":"product","2":"type-product","3":"status-publish","4":"has-post-thumbnail","6":"product_cat-plysj","7":"product_shipping_class-post-no","9":"first","10":"instock","11":"taxable","12":"shipping-taxable","13":"purchasable","14":"product-type-simple"},"composite_virtual":false,"composite_layout":"","composite_add_to_cart_form_location":"","composite_editable_in_cart":false,"composite_sold_individually_context":"","composite_shop_price_calc":"","composite_components":[],"composite_scenarios":[],"bundled_by":["254863"],"bundle_stock_status":"instock","bundle_stock_quantity":35,"bundle_virtual":false,"bundle_layout":"","bundle_add_to_cart_form_location":"","bundle_editable_in_cart":false,"bundle_sold_individually_context":"","bundle_item_grouping":"","bundle_min_size":"","bundle_max_size":"","bundle_price":[],"bundled_items":[],"bundle_sell_ids":[],"_links":{"self":[{"href":"https:\/\/maetpets.com\/no\/wp-json\/wp\/v2\/product\/242000","targetHints":{"allow":["GET"]}}],"collection":[{"href":"https:\/\/maetpets.com\/no\/wp-json\/wp\/v2\/product"}],"about":[{"href":"https:\/\/maetpets.com\/no\/wp-json\/wp\/v2\/types\/product"}],"replies":[{"embeddable":true,"href":"https:\/\/maetpets.com\/no\/wp-json\/wp\/v2\/comments?post=242000"}],"wp:featuredmedia":[{"embeddable":true,"href":"https:\/\/maetpets.com\/no\/wp-json\/wp\/v2\/media\/256099"}],"wp:attachment":[{"href":"https:\/\/maetpets.com\/no\/wp-json\/wp\/v2\/media?parent=242000"}],"wp:term":[{"taxonomy":"product_brand","embeddable":true,"href":"https:\/\/maetpets.com\/no\/wp-json\/wp\/v2\/product_brand?post=242000"},{"taxonomy":"product_cat","embeddable":true,"href":"https:\/\/maetpets.com\/no\/wp-json\/wp\/v2\/product_cat?post=242000"},{"taxonomy":"product_tag","embeddable":true,"href":"https:\/\/maetpets.com\/no\/wp-json\/wp\/v2\/product_tag?post=242000"}],"curies":[{"name":"wp","href":"https:\/\/api.w.org\/{rel}","templated":true}]}}