{"id":241998,"date":"2022-05-13T17:41:07","date_gmt":"2022-05-13T15:41:07","guid":{"rendered":"https:\/\/maetpets.com\/product\/darth-duck\/"},"modified":"2023-09-18T15:13:39","modified_gmt":"2023-09-18T13:13:39","slug":"hundeleker-og-darth-and","status":"publish","type":"product","link":"https:\/\/maetpets.com\/no\/produkt\/hundeleker-og-darth-and\/","title":{"rendered":"Darth Duck"},"content":{"rendered":"","protected":false},"excerpt":{"rendered":"<p>I et parallelt univers hvor Star Wars foreg\u00e5r med ender, er den onde Darth Duck i ferd med \u00e5 ta over det kjente universet. Bare din hunni kan ta opp kampen!<\/p>\n<p>Den andre er laget av slitesterkt materiale og dekket med ekte mykt semsket skinn som er ufarlig for kj\u00e6ledyrs tannkj\u00f8tt og ford\u00f8yelse. Innholdet er laget av kokosfiber.<\/p>\n<p>Plysjsanden passer for mellomstore og store hunder. Leker er hypoallergene.<\/p>\n","protected":false},"featured_media":256441,"comment_status":"open","ping_status":"closed","template":"","meta":{"inline_featured_image":false},"product_brand":[],"product_cat":[703,651],"product_tag":[],"class_list":{"0":"post-241998","1":"product","2":"type-product","3":"status-publish","4":"has-post-thumbnail","6":"product_cat-plysj","7":"product_cat-hundeleker","8":"product_shipping_class-post-no","10":"first","11":"instock","12":"taxable","13":"shipping-taxable","14":"purchasable","15":"product-type-simple"},"composite_virtual":false,"composite_layout":"","composite_add_to_cart_form_location":"","composite_editable_in_cart":false,"composite_sold_individually_context":"","composite_shop_price_calc":"","composite_components":[],"composite_scenarios":[],"bundled_by":["254863"],"bundle_stock_status":"instock","bundle_stock_quantity":13,"bundle_virtual":false,"bundle_layout":"","bundle_add_to_cart_form_location":"","bundle_editable_in_cart":false,"bundle_sold_individually_context":"","bundle_item_grouping":"","bundle_min_size":"","bundle_max_size":"","bundle_price":[],"bundled_items":[],"bundle_sell_ids":[],"_links":{"self":[{"href":"https:\/\/maetpets.com\/no\/wp-json\/wp\/v2\/product\/241998","targetHints":{"allow":["GET"]}}],"collection":[{"href":"https:\/\/maetpets.com\/no\/wp-json\/wp\/v2\/product"}],"about":[{"href":"https:\/\/maetpets.com\/no\/wp-json\/wp\/v2\/types\/product"}],"replies":[{"embeddable":true,"href":"https:\/\/maetpets.com\/no\/wp-json\/wp\/v2\/comments?post=241998"}],"wp:featuredmedia":[{"embeddable":true,"href":"https:\/\/maetpets.com\/no\/wp-json\/wp\/v2\/media\/256441"}],"wp:attachment":[{"href":"https:\/\/maetpets.com\/no\/wp-json\/wp\/v2\/media?parent=241998"}],"wp:term":[{"taxonomy":"product_brand","embeddable":true,"href":"https:\/\/maetpets.com\/no\/wp-json\/wp\/v2\/product_brand?post=241998"},{"taxonomy":"product_cat","embeddable":true,"href":"https:\/\/maetpets.com\/no\/wp-json\/wp\/v2\/product_cat?post=241998"},{"taxonomy":"product_tag","embeddable":true,"href":"https:\/\/maetpets.com\/no\/wp-json\/wp\/v2\/product_tag?post=241998"}],"curies":[{"name":"wp","href":"https:\/\/api.w.org\/{rel}","templated":true}]}}