{"id":241993,"date":"2022-05-19T20:30:31","date_gmt":"2022-05-19T18:30:31","guid":{"rendered":"https:\/\/maetpets.com\/product\/biologisk-nedbrytbare-hundeposer\/"},"modified":"2023-08-30T20:33:11","modified_gmt":"2023-08-30T18:33:11","slug":"biologisk-nedbrytbare-hundeposer","status":"publish","type":"product","link":"https:\/\/maetpets.com\/no\/produkt\/biologisk-nedbrytbare-hundeposer\/","title":{"rendered":"Biologisk nedbrytbare hundeposer &#8211; 112 stk"},"content":{"rendered":"<div class=\"wpb-content-wrapper\"><p>[vc_row full_width=&#8221;stretch_row&#8221; css=&#8221;.vc_custom_1652985314434{padding-top: 30px !important;padding-bottom: 60px !important;background-color: #193119 !important;}&#8221;][vc_column width=&#8221;1\/6&#8243;][\/vc_column][vc_column width=&#8221;4\/6&#8243;][vc_custom_heading text=&#8221;100 % biologisk nedbrytbare hundeposer&#8221; font_container=&#8221;tag:h2|font_size:50|text_align:center|color:%23ec5f43&#8243; use_theme_fonts=&#8221;yes&#8221; css=&#8221;.vc_custom_1652985584429{padding-bottom: 20px !important;}&#8221;][vc_column_text]<span style=\"color: #fff9f7;\">100 % biologisk nedbrytbare hundeposer<\/span><br \/>\n<span style=\"color: #fff9f7;\">Vi kjenner alle synet av en hundepose kastet i naturen. En vanlig plastpose brytes ned i naturen etter 10-20 \u00e5r, men med biologisk nedbrytbare hundeposer brytes posen ned i nesten samme hastighet som innholdet. Det betyr ogs\u00e5 at du enkelt kan kaste hundeposen i det gr\u00f8nne s\u00f8ppelet ditt. Har du kompost, s\u00e5 finnes det selvf\u00f8lgelig ogs\u00e5 komposterbare hundeposer.<\/span><\/p>\n<p><span style=\"color: #fff9f7;\">V\u00e5re hundeposer er 100 % gratis<\/span><br \/>\n<span style=\"color: #fff9f7;\">\u2705 GMO<\/span><br \/>\n<span style=\"color: #fff9f7;\">\u2705 Plast<\/span><br \/>\n<span style=\"color: #fff9f7;\">\u2705 Polyetylen<\/span><\/p>\n<p><span style=\"color: #fff9f7;\">Og hundeposene er kompostsertifisert<\/span>[\/vc_column_text][\/vc_column][vc_column width=&#8221;1\/6&#8243;][\/vc_column][\/vc_row][vc_row full_width=&#8221;stretch_row&#8221; css=&#8221;.vc_custom_1640684961874{padding-top: 60px !important;padding-bottom: 30px !important;background-color: #fff9f7 !important;}&#8221;][vc_column width=&#8221;6\/12&#8243;][vc_single_image image=&#8221;241385&#8243; img_size=&#8221;full&#8221;][\/vc_column][vc_column width=&#8221;6\/12&#8243;][vc_column_text]<\/p>\n<h2>En milj\u00f8vennlig hundepose<\/h2>\n<p>&#8211; Rivesikker, ugjennomsiktig og fuktsikker<br \/>\n&#8211; Komfortabel f\u00f8lelse, utmerket avrivningsperforering, lett \u00e5 \u00e5pne<br \/>\n&#8211; Ekstra stor versjon<br \/>\n&#8211; State-of-the-art plastmaterialer<br \/>\n&#8211; Enkel og sikker deponering av hundeavfall<br \/>\n\u2013 Mange \u00e5rs erfaring og utviklingsarbeid<br \/>\nBokser laget av FSC-sertifisert materiale[\/vc_column_text]<a href=\"#topp\" class=\"konte-button button-normal text-default align-inline large   button square\">Kj\u00f8p<\/a>[\/vc_column][\/vc_row][vc_row full_width=&#8221;stretch_row&#8221; css=&#8221;.vc_custom_1640175618733{padding-top: 30px !important;padding-bottom: 30px !important;}&#8221;][vc_column width=&#8221;6\/12&#8243;][vc_column_text]<\/p>\n<h2>hem hem bags med god samvittighet<\/h2>\n<p>Som vi vet gjennom v\u00e5re faste ryddeaksjoner, men ogs\u00e5 gjennom utveksling med mange byer og kommuner, havner fortsatt et stort antall hundeavfallsposer i milj\u00f8et. Siden disse, i motsetning til hj\u00f8rnetenner, ikke i seg selv er biologisk nedbrytbare, kan de representere et stort plastavfallsproblem i flere ti\u00e5r eller til og med \u00e5rhundrer.<\/p>\n<p>Det er derfor avgj\u00f8rende for oss at s\u00e5 mange hundeavfallsposer som mulig erstattes med nedbrytbart materiale. Med v\u00e5re biologisk nedbrytbare hundeavfallsposer tilbyr vi deg den ideelle l\u00f8sningen:<\/p>\n<p>&#8211; Laget av den mest moderne generasjonen bioplast<br \/>\n&#8211; OK kompost HOME sertifisert (testet ved 20 &#8211; 30 \u00b0 C) av T\u00dcV \u00d8sterrike<br \/>\nNedbrytes til minst 90 % under hjemmekompostforhold senest innen 12 m\u00e5neder<br \/>\n&#8211; Under gode nedbrytningsforhold er nesten fullstendig nedbrytning mulig etter bare 3 m\u00e5neder<br \/>\n&#8211; Stivelsesblanding laget av 30 % fornybare r\u00e5varer (maisstivelse, avfall) og biologisk nedbrytbar kopolymer<br \/>\n&#8211; Fri for myknere, polyetylen og genmodifiserte stoffer<br \/>\n&#8211; Rullekjernene laget av papp[\/vc_column_text][\/vc_column][vc_column width=&#8221;6\/12&#8243;][vc_single_image image=&#8221;241375&#8243; img_size=&#8221;full&#8221;][\/vc_column][\/vc_row][vc_row full_width=&#8221;stretch_row&#8221; css=&#8221;.vc_custom_1640175610054{padding-top: 30px !important;padding-bottom: 30px !important;}&#8221;][vc_column width=&#8221;5\/12&#8243;][vc_single_image image=&#8221;241380&#8243; img_size=&#8221;full&#8221;][\/vc_column][vc_column width=&#8221;7\/12&#8243;][vc_column_text]<\/p>\n<h2>Hva betyr &#8220;biologisk nedbrytbar&#8221; plast?<\/h2>\n<p>Begrepet \u00abbio\u00bb brukes i plast dersom materialer som enten er biobaserte (inneholder en andel fornybare r\u00e5varer, uavhengig av andelen), er biologisk nedbrytbare eller oppfyller begge kriteriene.<\/p>\n<p>En biologisk nedbrytbar plast som er 100 % petroleumsbasert omtales derfor ogs\u00e5 som en bioplast eller bioplast, akkurat som en plast som er laget av 100 % vegetabilske komponenter, men som ikke er nedbrytbar. Den kjemiske strukturen til plasten er avgj\u00f8rende. I motsetning til mat, betyr ikke begrepet &#8220;bio&#8221; i plast organisk produksjon av de fornybare r\u00e5varene som brukes.[\/vc_column_text]<a href=\"#topp\" class=\"konte-button button-normal text-default align-inline large   button square\">Kj\u00f8p<\/a>[\/vc_column][\/vc_row][vc_row full_width=&#8221;stretch_row_content_no_spaces&#8221;][vc_column][vc_single_image image=&#8221;241370&#8243; img_size=&#8221;full&#8221;][\/vc_column][\/vc_row][vc_row][vc_column width=&#8221;2\/12&#8243;][\/vc_column][vc_column width=&#8221;8\/12&#8243;][vc_column_text]Vi hundeeiere elsker \u00e5 g\u00e5 i gr\u00f8ntomr\u00e5der eller ved vannet \u2013 med andre ord hvor det er spesielt vondt n\u00e5r plast st\u00e5r igjen i naturen. Ofte blir imidlertid hundeposer liggende i naturen. I tillegg blir mange s\u00f8ppelkasser til og med bevisst kastet for \u00e5 spare penger.<\/p>\n<h3>Den enkle l\u00f8sningen<\/h3>\n<p>Det er derfor avgj\u00f8rende for oss at s\u00e5 mange hundeposer som mulig erstattes med biologisk nedbrytbart materiale. For \u00e5 sikre at biologisk nedbrytning ogs\u00e5 er grunnleggende mulig ved omgivelsestemperaturer, er hjemmekomposterbarhet (OK compost HOME-sertifisering) den beste indikatoren fra v\u00e5rt st\u00e5sted, da testing her utf\u00f8res ved 20 &#8211; 30 \u00b0C, dog under definerte forhold. Sammenlignet med industriell komposterbarhet, ved temperaturer noen ganger over 60 \u00b0 C samt oxo poop-poser (ca. 98 % PE + 2 % tilsetningsstoffer som EPI eller d2w), er hjemmekomposterbarhet derfor en viktig merverdi for oss.<\/p>\n<p>Biologisk nedbrytbare hundeavfallsposer fra The Sustainable People er laget av siste generasjon bioplast og er OK compost HOME sertifisert, dvs. minst 90 % nedbrutt under hjemmekompostforhold senest innen 12 m\u00e5neder. Under gode nedbrytningsforhold i Hamburgs natur (tilstrekkelig tilstedev\u00e6relse av mikroorganismer, solstr\u00e5ling, fuktighet) var bare en del av knuten igjen etter tre m\u00e5neder i en av testene deres p\u00e5 v\u00e5ren.[\/vc_column_text]<p class=\"konte-button-wrapper text-center\"><a href=\"#topp\" class=\"konte-button button-normal text-default align-center large   button square\">Kj\u00f8p<\/a><\/p>[\/vc_column][vc_column width=&#8221;2\/12&#8243;][\/vc_column][\/vc_row][vc_row][vc_column width=&#8221;2\/12&#8243;][\/vc_column][vc_column width=&#8221;8\/12&#8243;][vc_custom_heading text=&#8221;Sp\u00f8rsm\u00e5l og svar&#8221; font_container=&#8221;tag:h2|text_align:center&#8221; use_theme_fonts=&#8221;yes&#8221;][vc_toggle title=&#8221;Hva betyr bio i bioplast?&#8221;]Begrepet \u00abbio\u00bb brukes i plast dersom materialer som enten er biobaserte (inneholder en andel fornybare r\u00e5varer, uavhengig av andelen), er biologisk nedbrytbare eller oppfyller begge kriteriene.<\/p>\n<p>En plast som er 100 % laget av petroleum omtales derfor ogs\u00e5 som en bioplast eller bioplast, akkurat som en plast som er laget av 100 % vegetabilske komponenter, men som ikke er nedbrytbar. I motsetning til mat, betyr ikke begrepet &#8220;bio&#8221; i plast organisk produksjon av de fornybare r\u00e5varene som brukes.[\/vc_toggle][\/vc_column][vc_column width=&#8221;2\/12&#8243;][\/vc_column][\/vc_row]<\/p>\n<\/div>","protected":false},"excerpt":{"rendered":"<p>Biologisk nedbrytbare hundeposer er det b\u00e6rekraftige valget. Hundeposene er laget av en tykk og slitesterk kvalitet og er enkle \u00e5 skille fra hverandre. Sustainable Peoples prisbel\u00f8nte biologisk nedbrytbare hundeposer er laget av 90 % fornybare ressurser og er dermed en naturlig del av en milj\u00f8bevisst hverdag med hund.<\/p>\n<p><strong>Innhold<\/strong> : 8 ruller \u00e1 23 x 35 cm &#8211; 112 stk<\/p>\n","protected":false},"featured_media":241398,"comment_status":"open","ping_status":"closed","template":"","meta":{"inline_featured_image":false},"product_brand":[],"product_cat":[1009,711],"product_tag":[1118],"class_list":{"0":"post-241993","1":"product","2":"type-product","3":"status-publish","4":"has-post-thumbnail","6":"product_cat-hundeutstyr","7":"product_cat-hundeposer-no","8":"product_tag-utvalgte","9":"product_shipping_class-post-no","11":"first","12":"instock","13":"sale","14":"taxable","15":"shipping-taxable","16":"purchasable","17":"product-type-simple"},"composite_virtual":false,"composite_layout":"","composite_add_to_cart_form_location":"","composite_editable_in_cart":false,"composite_sold_individually_context":"","composite_shop_price_calc":"","composite_components":[],"composite_scenarios":[],"bundled_by":["254833"],"bundle_stock_status":"instock","bundle_stock_quantity":37,"bundle_virtual":false,"bundle_layout":"","bundle_add_to_cart_form_location":"","bundle_editable_in_cart":false,"bundle_sold_individually_context":"","bundle_item_grouping":"","bundle_min_size":"","bundle_max_size":"","bundle_price":[],"bundled_items":[],"bundle_sell_ids":[],"_links":{"self":[{"href":"https:\/\/maetpets.com\/no\/wp-json\/wp\/v2\/product\/241993","targetHints":{"allow":["GET"]}}],"collection":[{"href":"https:\/\/maetpets.com\/no\/wp-json\/wp\/v2\/product"}],"about":[{"href":"https:\/\/maetpets.com\/no\/wp-json\/wp\/v2\/types\/product"}],"replies":[{"embeddable":true,"href":"https:\/\/maetpets.com\/no\/wp-json\/wp\/v2\/comments?post=241993"}],"wp:featuredmedia":[{"embeddable":true,"href":"https:\/\/maetpets.com\/no\/wp-json\/wp\/v2\/media\/241398"}],"wp:attachment":[{"href":"https:\/\/maetpets.com\/no\/wp-json\/wp\/v2\/media?parent=241993"}],"wp:term":[{"taxonomy":"product_brand","embeddable":true,"href":"https:\/\/maetpets.com\/no\/wp-json\/wp\/v2\/product_brand?post=241993"},{"taxonomy":"product_cat","embeddable":true,"href":"https:\/\/maetpets.com\/no\/wp-json\/wp\/v2\/product_cat?post=241993"},{"taxonomy":"product_tag","embeddable":true,"href":"https:\/\/maetpets.com\/no\/wp-json\/wp\/v2\/product_tag?post=241993"}],"curies":[{"name":"wp","href":"https:\/\/api.w.org\/{rel}","templated":true}]}}