{"id":241991,"date":"2022-05-13T16:58:02","date_gmt":"2022-05-13T14:58:02","guid":{"rendered":"https:\/\/maetpets.com\/product\/bonden-foxy\/"},"modified":"2022-05-20T20:49:35","modified_gmt":"2022-05-20T18:49:35","slug":"bonden-foxy","status":"publish","type":"product","link":"https:\/\/maetpets.com\/no\/produkt\/bonden-foxy\/","title":{"rendered":"Bonden Foxy"},"content":{"rendered":"<div class=\"wpb-content-wrapper\"><p>[vc_row][vc_column][vc_single_image image=&#8221;241220&#8243; img_size=&#8221;full&#8221;][vc_single_image image=&#8221;241225&#8243; img_size=&#8221;full&#8221;][vc_single_image image=&#8221;241230&#8243; img_size=&#8221;full&#8221;][\/vc_column][\/vc_row]<\/p>\n<\/div>","protected":false},"excerpt":{"rendered":"<p>Foxy er en ekte \u00f8korev. Han er laget av organiske materialer og har et lavt klimaavtrykk.<\/p>\n<p>Reven er et av de mest kjente pattedyrene i Danmark. Reven er utbredt over hele landet, der den lever b\u00e5de i byene, p\u00e5 landsbygda og i naturen. Han er derfor en opplagt lekekamerat for din hunni.<\/p>\n<p>Bra for valper da det ikke er harde elementer i og fyllet er mykt. Anbefales til innend\u00f8rs bruk og kan brukes til trening n\u00e5r hunden skal l\u00e6re \u00e5 slippe taket.<\/p>\n","protected":false},"featured_media":241215,"comment_status":"open","ping_status":"closed","template":"","meta":{"inline_featured_image":false},"product_brand":[],"product_cat":[703],"product_tag":[],"class_list":{"0":"post-241991","1":"product","2":"type-product","3":"status-publish","4":"has-post-thumbnail","6":"product_cat-plysj","7":"product_shipping_class-post-no","9":"first","10":"outofstock","11":"taxable","12":"shipping-taxable","13":"purchasable","14":"product-type-simple"},"composite_virtual":false,"composite_layout":"","composite_add_to_cart_form_location":"","composite_editable_in_cart":false,"composite_sold_individually_context":"","composite_shop_price_calc":"","composite_components":[],"composite_scenarios":[],"bundled_by":[],"bundle_stock_status":"outofstock","bundle_stock_quantity":0,"bundle_virtual":false,"bundle_layout":"","bundle_add_to_cart_form_location":"","bundle_editable_in_cart":false,"bundle_sold_individually_context":"","bundle_item_grouping":"","bundle_min_size":"","bundle_max_size":"","bundle_price":[],"bundled_items":[],"bundle_sell_ids":[],"_links":{"self":[{"href":"https:\/\/maetpets.com\/no\/wp-json\/wp\/v2\/product\/241991","targetHints":{"allow":["GET"]}}],"collection":[{"href":"https:\/\/maetpets.com\/no\/wp-json\/wp\/v2\/product"}],"about":[{"href":"https:\/\/maetpets.com\/no\/wp-json\/wp\/v2\/types\/product"}],"replies":[{"embeddable":true,"href":"https:\/\/maetpets.com\/no\/wp-json\/wp\/v2\/comments?post=241991"}],"wp:featuredmedia":[{"embeddable":true,"href":"https:\/\/maetpets.com\/no\/wp-json\/wp\/v2\/media\/241215"}],"wp:attachment":[{"href":"https:\/\/maetpets.com\/no\/wp-json\/wp\/v2\/media?parent=241991"}],"wp:term":[{"taxonomy":"product_brand","embeddable":true,"href":"https:\/\/maetpets.com\/no\/wp-json\/wp\/v2\/product_brand?post=241991"},{"taxonomy":"product_cat","embeddable":true,"href":"https:\/\/maetpets.com\/no\/wp-json\/wp\/v2\/product_cat?post=241991"},{"taxonomy":"product_tag","embeddable":true,"href":"https:\/\/maetpets.com\/no\/wp-json\/wp\/v2\/product_tag?post=241991"}],"curies":[{"name":"wp","href":"https:\/\/api.w.org\/{rel}","templated":true}]}}