{"id":241981,"date":"2022-02-22T12:46:46","date_gmt":"2022-02-22T11:46:46","guid":{"rendered":"https:\/\/maetpets.com\/product\/ponnien-tony\/"},"modified":"2022-05-20T20:49:19","modified_gmt":"2022-05-20T18:49:19","slug":"ponni-leker-tony-ponnien","status":"publish","type":"product","link":"https:\/\/maetpets.com\/no\/produkt\/ponni-leker-tony-ponnien\/","title":{"rendered":"Ponnien Tony"},"content":{"rendered":"","protected":false},"excerpt":{"rendered":"<p>S\u00f8t Ponni bamse p\u00e5 ca 24cm fra serien Buster &amp; Beau.<\/p>\n<p>Ponnikosedyret er det perfekte hundeleket\u00f8yet spesielt for valper og unghunder. Det myke kosedyret gir hunden forskjellige teksturer \u00e5 leke med. Ben og \u00f8rer er i deilig tweedstoff som er veldig mykt. Kosedyret har et hvesing inni seg.<\/p>\n","protected":false},"featured_media":254241,"comment_status":"open","ping_status":"closed","template":"","meta":{"inline_featured_image":false},"product_brand":[],"product_cat":[703,651],"product_tag":[],"class_list":{"0":"post-241981","1":"product","2":"type-product","3":"status-publish","4":"has-post-thumbnail","6":"product_cat-plysj","7":"product_cat-hundeleker","8":"product_shipping_class-post-no","10":"first","11":"outofstock","12":"taxable","13":"shipping-taxable","14":"purchasable","15":"product-type-simple"},"composite_virtual":false,"composite_layout":"","composite_add_to_cart_form_location":"","composite_editable_in_cart":false,"composite_sold_individually_context":"","composite_shop_price_calc":"","composite_components":[],"composite_scenarios":[],"bundled_by":[],"bundle_stock_status":"outofstock","bundle_stock_quantity":0,"bundle_virtual":false,"bundle_layout":"","bundle_add_to_cart_form_location":"","bundle_editable_in_cart":false,"bundle_sold_individually_context":"","bundle_item_grouping":"","bundle_min_size":"","bundle_max_size":"","bundle_price":[],"bundled_items":[],"bundle_sell_ids":[],"_links":{"self":[{"href":"https:\/\/maetpets.com\/no\/wp-json\/wp\/v2\/product\/241981","targetHints":{"allow":["GET"]}}],"collection":[{"href":"https:\/\/maetpets.com\/no\/wp-json\/wp\/v2\/product"}],"about":[{"href":"https:\/\/maetpets.com\/no\/wp-json\/wp\/v2\/types\/product"}],"replies":[{"embeddable":true,"href":"https:\/\/maetpets.com\/no\/wp-json\/wp\/v2\/comments?post=241981"}],"wp:featuredmedia":[{"embeddable":true,"href":"https:\/\/maetpets.com\/no\/wp-json\/wp\/v2\/media\/254241"}],"wp:attachment":[{"href":"https:\/\/maetpets.com\/no\/wp-json\/wp\/v2\/media?parent=241981"}],"wp:term":[{"taxonomy":"product_brand","embeddable":true,"href":"https:\/\/maetpets.com\/no\/wp-json\/wp\/v2\/product_brand?post=241981"},{"taxonomy":"product_cat","embeddable":true,"href":"https:\/\/maetpets.com\/no\/wp-json\/wp\/v2\/product_cat?post=241981"},{"taxonomy":"product_tag","embeddable":true,"href":"https:\/\/maetpets.com\/no\/wp-json\/wp\/v2\/product_tag?post=241981"}],"curies":[{"name":"wp","href":"https:\/\/api.w.org\/{rel}","templated":true}]}}